{"id":105266,"date":"2021-08-13T09:29:47","date_gmt":"2021-08-13T09:29:47","guid":{"rendered":"https:\/\/veridas.com\/contact\/"},"modified":"2026-03-03T09:17:52","modified_gmt":"2026-03-03T09:17:52","slug":"contato","status":"publish","type":"page","link":"https:\/\/veridas.com\/br\/contato\/","title":{"rendered":"Contato"},"content":{"rendered":"\t\t<div data-elementor-type=\"wp-page\" data-elementor-id=\"105266\" class=\"elementor elementor-105266 elementor-920\" data-elementor-settings=\"{&quot;ha_cmc_init_switcher&quot;:&quot;no&quot;}\" data-elementor-post-type=\"page\">\n\t\t\t\t<div class=\"elementor-element elementor-element-d9482d3 e-flex e-con-boxed e-con e-parent\" data-id=\"d9482d3\" data-element_type=\"container\" data-e-type=\"container\" data-settings=\"{&quot;background_background&quot;:&quot;classic&quot;}\">\n\t\t\t\t\t<div class=\"e-con-inner\">\n\t\t<div class=\"elementor-element elementor-element-1a6008b e-con-full e-flex e-con e-child\" data-id=\"1a6008b\" data-element_type=\"container\" data-e-type=\"container\">\n\t\t<div class=\"elementor-element elementor-element-3aa373f e-con-full e-flex e-con e-child\" data-id=\"3aa373f\" data-element_type=\"container\" data-e-type=\"container\">\n\t\t\t\t<div class=\"elementor-element elementor-element-865120d elementor-hidden-mobile elementor-widget elementor-widget-heading\" data-id=\"865120d\" data-element_type=\"widget\" data-e-type=\"widget\" data-widget_type=\"heading.default\">\n\t\t\t\t\t<h1 class=\"elementor-heading-title elementor-size-default\"><span style=\"color: #FF7777\">\/<\/span>Voc\u00ea tem alguma d\u00favida? Entre em contato conosco\n<\/h1>\t\t\t\t<\/div>\n\t\t\t\t<div class=\"elementor-element elementor-element-6b016ce elementor-widget elementor-widget-text-editor\" data-id=\"6b016ce\" data-element_type=\"widget\" data-e-type=\"widget\" data-widget_type=\"text-editor.default\">\n\t\t\t\t\t\t\t\t\t<p>Expanda seus neg\u00f3cios com identidade: aumente a receita, conquiste mais clientes, combata fraudes e melhore a fidelidade com a solu\u00e7\u00e3o de identidade l\u00edder de mercado.<\/p>\t\t\t\t\t\t\t\t<\/div>\n\t\t<div class=\"elementor-element elementor-element-0b799e8 e-con-full e-flex e-con e-child\" data-id=\"0b799e8\" data-element_type=\"container\" data-e-type=\"container\" data-settings=\"{&quot;background_background&quot;:&quot;classic&quot;}\">\n\t\t<div class=\"elementor-element elementor-element-3ededeb e-con-full e-flex e-con e-child\" data-id=\"3ededeb\" data-element_type=\"container\" data-e-type=\"container\">\n\t\t<div class=\"elementor-element elementor-element-3497840 e-con-full e-flex e-con e-child\" data-id=\"3497840\" data-element_type=\"container\" data-e-type=\"container\">\n\t\t<div class=\"elementor-element elementor-element-549e08b e-con-full e-flex e-con e-child\" data-id=\"549e08b\" data-element_type=\"container\" data-e-type=\"container\">\n\t\t\t\t<div class=\"elementor-element elementor-element-9cf65ff elementor-widget elementor-widget-image\" data-id=\"9cf65ff\" data-element_type=\"widget\" data-e-type=\"widget\" data-widget_type=\"image.default\">\n\t\t\t\t\t\t\t\t\t\t\t\t\t\t\t<img fetchpriority=\"high\" decoding=\"async\" width=\"400\" height=\"400\" src=\"https:\/\/veridas.com\/wp-content\/uploads\/2025\/02\/Natalia-ortega-1.jpg\" class=\"attachment-large size-large wp-image-87792\" alt=\"\" srcset=\"https:\/\/veridas.com\/wp-content\/uploads\/2025\/02\/Natalia-ortega-1.jpg 400w, https:\/\/veridas.com\/wp-content\/uploads\/2025\/02\/Natalia-ortega-1-300x300.jpg 300w, https:\/\/veridas.com\/wp-content\/uploads\/2025\/02\/Natalia-ortega-1-150x150.jpg 150w\" sizes=\"(max-width: 400px) 100vw, 400px\" \/>\t\t\t\t\t\t\t\t\t\t\t\t\t\t\t<\/div>\n\t\t\t\t<\/div>\n\t\t<div class=\"elementor-element elementor-element-4c87d90 e-flex e-con-boxed e-con e-child\" data-id=\"4c87d90\" data-element_type=\"container\" data-e-type=\"container\">\n\t\t\t\t\t<div class=\"e-con-inner\">\n\t\t\t\t<div class=\"elementor-element elementor-element-d777aa0 elementor-widget__width-initial elementor-widget-mobile__width-inherit elementor-widget elementor-widget-text-editor\" data-id=\"d777aa0\" data-element_type=\"widget\" data-e-type=\"widget\" data-widget_type=\"text-editor.default\">\n\t\t\t\t\t\t\t\t\t<p><strong>Natalia Ortega<\/strong><br \/>Global Head of Financial Crime Prevention at BBVA<\/p>\t\t\t\t\t\t\t\t<\/div>\n\t\t\t\t\t<\/div>\n\t\t\t\t<\/div>\n\t\t\t\t<\/div>\n\t\t\t\t<div class=\"elementor-element elementor-element-598a178 elementor-widget__width-initial elementor-widget-mobile__width-inherit elementor-widget elementor-widget-text-editor\" data-id=\"598a178\" data-element_type=\"widget\" data-e-type=\"widget\" data-widget_type=\"text-editor.default\">\n\t\t\t\t\t\t\t\t\t<p>\u201cSolu\u00e7\u00f5es como a identifica\u00e7\u00e3o biom\u00e9trica da Veridas e a evolu\u00e7\u00e3o que fazemos dela s\u00e3o o pilar estrat\u00e9gico que nos permitir\u00e1 continuar a crescer, aproveitando a digitaliza\u00e7\u00e3o.\u201d<\/p>\t\t\t\t\t\t\t\t<\/div>\n\t\t\t\t<\/div>\n\t\t\t\t<\/div>\n\t\t\t\t<\/div>\n\t\t<div class=\"elementor-element elementor-element-06eb2d1 e-con-full e-flex e-con e-child\" data-id=\"06eb2d1\" data-element_type=\"container\" data-e-type=\"container\" data-settings=\"{&quot;background_background&quot;:&quot;classic&quot;}\">\n\t\t\t\t<div class=\"elementor-element elementor-element-afc704e elementor-position-inline-start elementor-view-default elementor-mobile-position-block-start elementor-widget elementor-widget-icon-box\" data-id=\"afc704e\" data-element_type=\"widget\" data-e-type=\"widget\" data-widget_type=\"icon-box.default\">\n\t\t\t\t\t\t\t<div class=\"elementor-icon-box-wrapper\">\n\n\t\t\t\t\t\t<div class=\"elementor-icon-box-icon\">\n\t\t\t\t<span  class=\"elementor-icon\">\n\t\t\t\t<i aria-hidden=\"true\" class=\"huge huge-calendar-03\"><\/i>\t\t\t\t<\/span>\n\t\t\t<\/div>\n\t\t\t\n\t\t\t\t\t\t<div class=\"elementor-icon-box-content\">\n\n\t\t\t\t\t\t\t\t\t<h2 class=\"elementor-icon-box-title\">\n\t\t\t\t\t\t<span  >\n\t\t\t\t\t\t\tAgende uma reuni\u00e3o com nossa equipe\t\t\t\t\t\t<\/span>\n\t\t\t\t\t<\/h2>\n\t\t\t\t\n\t\t\t\t\n\t\t\t<\/div>\n\t\t\t\n\t\t<\/div>\n\t\t\t\t\t\t<\/div>\n\t\t<div class=\"elementor-element elementor-element-00b1b8a e-con-full e-flex e-con e-child\" data-id=\"00b1b8a\" data-element_type=\"container\" data-e-type=\"container\">\n\t\t\t\t<div class=\"elementor-element elementor-element-8e64c63 elementor-widget elementor-widget-html\" data-id=\"8e64c63\" data-element_type=\"widget\" data-e-type=\"widget\" data-widget_type=\"html.default\">\n\t\t\t\t\t<!-- Start of Meetings Embed Script -->\n    <div class=\"meetings-iframe-container\" data-src=\"https:\/\/meetings-eu1.hubspot.com\/eduardo-artolazabal?embed=true\"><\/div>\n    <script type=\"text\/javascript\" src=\"https:\/\/static.hsappstatic.net\/MeetingsEmbed\/ex\/MeetingsEmbedCode.js\"><\/script>\n  <!-- End of Meetings Embed Script -->\t\t\t\t<\/div>\n\t\t\t\t<\/div>\n\t\t\t\t<\/div>\n\t\t\t\t<\/div>\n\t\t\t\t\t<\/div>\n\t\t\t\t<\/div>\n\t\t\t\t<\/div>\n\t\t","protected":false},"excerpt":{"rendered":"<p>\/Voc\u00ea tem alguma d\u00favida? Entre em contato conosco Expanda seus neg\u00f3cios com identidade: aumente a receita, conquiste mais clientes, combata fraudes e melhore a fidelidade com a solu\u00e7\u00e3o de identidade l\u00edder de mercado. Natalia OrtegaGlobal Head of Financial Crime Prevention at BBVA \u201cSolu\u00e7\u00f5es como a identifica\u00e7\u00e3o biom\u00e9trica da Veridas e a evolu\u00e7\u00e3o que fazemos dela [&hellip;]<\/p>\n","protected":false},"author":47,"featured_media":0,"parent":0,"menu_order":0,"comment_status":"closed","ping_status":"closed","template":"elementor_header_footer","format":[],"meta":{"_acf_changed":false,"inline_featured_image":false,"footnotes":""},"country":[],"resource":[],"topic":[],"industry":[],"solution":[],"class_list":["post-105266","page","type-page","status-publish","hentry"],"acf":[],"yoast_head":"<!-- This site is optimized with the Yoast SEO plugin v27.0 - https:\/\/yoast.com\/product\/yoast-seo-wordpress\/ -->\n<title>Contato &#8226; Veridas<\/title>\n<meta name=\"robots\" content=\"index, follow, max-snippet:-1, max-image-preview:large, max-video-preview:-1\" \/>\n<link rel=\"canonical\" href=\"https:\/\/veridas.com\/br\/contato\/\" \/>\n<meta property=\"og:locale\" content=\"pt_BR\" \/>\n<meta property=\"og:type\" content=\"article\" \/>\n<meta property=\"og:title\" content=\"Contato &#8226; Veridas\" \/>\n<meta property=\"og:description\" content=\"\/Voc\u00ea tem alguma d\u00favida? Entre em contato conosco Expanda seus neg\u00f3cios com identidade: aumente a receita, conquiste mais clientes, combata fraudes e melhore a fidelidade com a solu\u00e7\u00e3o de identidade l\u00edder de mercado. Natalia OrtegaGlobal Head of Financial Crime Prevention at BBVA \u201cSolu\u00e7\u00f5es como a identifica\u00e7\u00e3o biom\u00e9trica da Veridas e a evolu\u00e7\u00e3o que fazemos dela [&hellip;]\" \/>\n<meta property=\"og:url\" content=\"https:\/\/veridas.com\/br\/contato\/\" \/>\n<meta property=\"og:site_name\" content=\"Veridas\" \/>\n<meta property=\"article:modified_time\" content=\"2026-03-03T09:17:52+00:00\" \/>\n<meta property=\"og:image\" content=\"https:\/\/veridas.com\/wp-content\/uploads\/2025\/02\/Natalia-ortega-1.jpg\" \/>\n\t<meta property=\"og:image:width\" content=\"400\" \/>\n\t<meta property=\"og:image:height\" content=\"400\" \/>\n\t<meta property=\"og:image:type\" content=\"image\/jpeg\" \/>\n<meta name=\"twitter:card\" content=\"summary_large_image\" \/>\n<meta name=\"twitter:site\" content=\"@VeridasOfficial\" \/>\n<meta name=\"twitter:label1\" content=\"Est. tempo de leitura\" \/>\n\t<meta name=\"twitter:data1\" content=\"1 minuto\" \/>\n<script type=\"application\/ld+json\" class=\"yoast-schema-graph\">{\"@context\":\"https:\/\/schema.org\",\"@graph\":[{\"@type\":\"WebPage\",\"@id\":\"https:\/\/veridas.com\/br\/contato\/\",\"url\":\"https:\/\/veridas.com\/br\/contato\/\",\"name\":\"Contato &#8226; Veridas\",\"isPartOf\":{\"@id\":\"https:\/\/veridas.com\/br\/pt\/#website\"},\"primaryImageOfPage\":{\"@id\":\"https:\/\/veridas.com\/br\/contato\/#primaryimage\"},\"image\":{\"@id\":\"https:\/\/veridas.com\/br\/contato\/#primaryimage\"},\"thumbnailUrl\":\"https:\/\/veridas.com\/wp-content\/uploads\/2025\/02\/Natalia-ortega-1.jpg\",\"datePublished\":\"2021-08-13T09:29:47+00:00\",\"dateModified\":\"2026-03-03T09:17:52+00:00\",\"breadcrumb\":{\"@id\":\"https:\/\/veridas.com\/br\/contato\/#breadcrumb\"},\"inLanguage\":\"pt-BR\",\"potentialAction\":[{\"@type\":\"ReadAction\",\"target\":[\"https:\/\/veridas.com\/br\/contato\/\"]}]},{\"@type\":\"ImageObject\",\"inLanguage\":\"pt-BR\",\"@id\":\"https:\/\/veridas.com\/br\/contato\/#primaryimage\",\"url\":\"https:\/\/veridas.com\/wp-content\/uploads\/2025\/02\/Natalia-ortega-1.jpg\",\"contentUrl\":\"https:\/\/veridas.com\/wp-content\/uploads\/2025\/02\/Natalia-ortega-1.jpg\"},{\"@type\":\"BreadcrumbList\",\"@id\":\"https:\/\/veridas.com\/br\/contato\/#breadcrumb\",\"itemListElement\":[{\"@type\":\"ListItem\",\"position\":1,\"name\":\"Home\",\"item\":\"https:\/\/veridas.com\/br\/\"},{\"@type\":\"ListItem\",\"position\":2,\"name\":\"Contato\"}]},{\"@type\":\"WebSite\",\"@id\":\"https:\/\/veridas.com\/br\/pt\/#website\",\"url\":\"https:\/\/veridas.com\/br\/pt\/\",\"name\":\"Veridas\",\"description\":\"Just be you\",\"publisher\":{\"@id\":\"https:\/\/veridas.com\/br\/pt\/#organization\"},\"potentialAction\":[{\"@type\":\"SearchAction\",\"target\":{\"@type\":\"EntryPoint\",\"urlTemplate\":\"https:\/\/veridas.com\/br\/pt\/?s={search_term_string}\"},\"query-input\":{\"@type\":\"PropertyValueSpecification\",\"valueRequired\":true,\"valueName\":\"search_term_string\"}}],\"inLanguage\":\"pt-BR\"},{\"@type\":\"Organization\",\"@id\":\"https:\/\/veridas.com\/br\/pt\/#organization\",\"name\":\"Veridas\",\"url\":\"https:\/\/veridas.com\/br\/pt\/\",\"logo\":{\"@type\":\"ImageObject\",\"inLanguage\":\"pt-BR\",\"@id\":\"https:\/\/veridas.com\/br\/pt\/#\/schema\/logo\/image\/\",\"url\":\"https:\/\/veridas.com\/wp-content\/uploads\/2021\/09\/logo-veridas-calidad.png\",\"contentUrl\":\"https:\/\/veridas.com\/wp-content\/uploads\/2021\/09\/logo-veridas-calidad.png\",\"width\":2048,\"height\":1076,\"caption\":\"Veridas\"},\"image\":{\"@id\":\"https:\/\/veridas.com\/br\/pt\/#\/schema\/logo\/image\/\"},\"sameAs\":[\"https:\/\/x.com\/VeridasOfficial\",\"https:\/\/es.linkedin.com\/company\/veridas\",\"https:\/\/www.instagram.com\/veridas.life\/\",\"https:\/\/www.youtube.com\/@VeridasOfficial\"]}]}<\/script>\n<!-- \/ Yoast SEO plugin. -->","yoast_head_json":{"title":"Contato &#8226; Veridas","robots":{"index":"index","follow":"follow","max-snippet":"max-snippet:-1","max-image-preview":"max-image-preview:large","max-video-preview":"max-video-preview:-1"},"canonical":"https:\/\/veridas.com\/br\/contato\/","og_locale":"pt_BR","og_type":"article","og_title":"Contato &#8226; Veridas","og_description":"\/Voc\u00ea tem alguma d\u00favida? Entre em contato conosco Expanda seus neg\u00f3cios com identidade: aumente a receita, conquiste mais clientes, combata fraudes e melhore a fidelidade com a solu\u00e7\u00e3o de identidade l\u00edder de mercado. Natalia OrtegaGlobal Head of Financial Crime Prevention at BBVA \u201cSolu\u00e7\u00f5es como a identifica\u00e7\u00e3o biom\u00e9trica da Veridas e a evolu\u00e7\u00e3o que fazemos dela [&hellip;]","og_url":"https:\/\/veridas.com\/br\/contato\/","og_site_name":"Veridas","article_modified_time":"2026-03-03T09:17:52+00:00","og_image":[{"width":400,"height":400,"url":"https:\/\/veridas.com\/wp-content\/uploads\/2025\/02\/Natalia-ortega-1.jpg","type":"image\/jpeg"}],"twitter_card":"summary_large_image","twitter_site":"@VeridasOfficial","twitter_misc":{"Est. tempo de leitura":"1 minuto"},"schema":{"@context":"https:\/\/schema.org","@graph":[{"@type":"WebPage","@id":"https:\/\/veridas.com\/br\/contato\/","url":"https:\/\/veridas.com\/br\/contato\/","name":"Contato &#8226; Veridas","isPartOf":{"@id":"https:\/\/veridas.com\/br\/pt\/#website"},"primaryImageOfPage":{"@id":"https:\/\/veridas.com\/br\/contato\/#primaryimage"},"image":{"@id":"https:\/\/veridas.com\/br\/contato\/#primaryimage"},"thumbnailUrl":"https:\/\/veridas.com\/wp-content\/uploads\/2025\/02\/Natalia-ortega-1.jpg","datePublished":"2021-08-13T09:29:47+00:00","dateModified":"2026-03-03T09:17:52+00:00","breadcrumb":{"@id":"https:\/\/veridas.com\/br\/contato\/#breadcrumb"},"inLanguage":"pt-BR","potentialAction":[{"@type":"ReadAction","target":["https:\/\/veridas.com\/br\/contato\/"]}]},{"@type":"ImageObject","inLanguage":"pt-BR","@id":"https:\/\/veridas.com\/br\/contato\/#primaryimage","url":"https:\/\/veridas.com\/wp-content\/uploads\/2025\/02\/Natalia-ortega-1.jpg","contentUrl":"https:\/\/veridas.com\/wp-content\/uploads\/2025\/02\/Natalia-ortega-1.jpg"},{"@type":"BreadcrumbList","@id":"https:\/\/veridas.com\/br\/contato\/#breadcrumb","itemListElement":[{"@type":"ListItem","position":1,"name":"Home","item":"https:\/\/veridas.com\/br\/"},{"@type":"ListItem","position":2,"name":"Contato"}]},{"@type":"WebSite","@id":"https:\/\/veridas.com\/br\/pt\/#website","url":"https:\/\/veridas.com\/br\/pt\/","name":"Veridas","description":"Just be you","publisher":{"@id":"https:\/\/veridas.com\/br\/pt\/#organization"},"potentialAction":[{"@type":"SearchAction","target":{"@type":"EntryPoint","urlTemplate":"https:\/\/veridas.com\/br\/pt\/?s={search_term_string}"},"query-input":{"@type":"PropertyValueSpecification","valueRequired":true,"valueName":"search_term_string"}}],"inLanguage":"pt-BR"},{"@type":"Organization","@id":"https:\/\/veridas.com\/br\/pt\/#organization","name":"Veridas","url":"https:\/\/veridas.com\/br\/pt\/","logo":{"@type":"ImageObject","inLanguage":"pt-BR","@id":"https:\/\/veridas.com\/br\/pt\/#\/schema\/logo\/image\/","url":"https:\/\/veridas.com\/wp-content\/uploads\/2021\/09\/logo-veridas-calidad.png","contentUrl":"https:\/\/veridas.com\/wp-content\/uploads\/2021\/09\/logo-veridas-calidad.png","width":2048,"height":1076,"caption":"Veridas"},"image":{"@id":"https:\/\/veridas.com\/br\/pt\/#\/schema\/logo\/image\/"},"sameAs":["https:\/\/x.com\/VeridasOfficial","https:\/\/es.linkedin.com\/company\/veridas","https:\/\/www.instagram.com\/veridas.life\/","https:\/\/www.youtube.com\/@VeridasOfficial"]}]}},"_links":{"self":[{"href":"https:\/\/veridas.com\/br\/wp-json\/wp\/v2\/pages\/105266","targetHints":{"allow":["GET"]}}],"collection":[{"href":"https:\/\/veridas.com\/br\/wp-json\/wp\/v2\/pages"}],"about":[{"href":"https:\/\/veridas.com\/br\/wp-json\/wp\/v2\/types\/page"}],"author":[{"embeddable":true,"href":"https:\/\/veridas.com\/br\/wp-json\/wp\/v2\/users\/47"}],"replies":[{"embeddable":true,"href":"https:\/\/veridas.com\/br\/wp-json\/wp\/v2\/comments?post=105266"}],"version-history":[{"count":10,"href":"https:\/\/veridas.com\/br\/wp-json\/wp\/v2\/pages\/105266\/revisions"}],"predecessor-version":[{"id":108015,"href":"https:\/\/veridas.com\/br\/wp-json\/wp\/v2\/pages\/105266\/revisions\/108015"}],"wp:attachment":[{"href":"https:\/\/veridas.com\/br\/wp-json\/wp\/v2\/media?parent=105266"}],"wp:term":[{"taxonomy":"country","embeddable":true,"href":"https:\/\/veridas.com\/br\/wp-json\/wp\/v2\/country?post=105266"},{"taxonomy":"resource","embeddable":true,"href":"https:\/\/veridas.com\/br\/wp-json\/wp\/v2\/resource?post=105266"},{"taxonomy":"format","embeddable":true,"href":"https:\/\/veridas.com\/br\/wp-json\/wp\/v2\/format?post=105266"},{"taxonomy":"topic","embeddable":true,"href":"https:\/\/veridas.com\/br\/wp-json\/wp\/v2\/topic?post=105266"},{"taxonomy":"industry","embeddable":true,"href":"https:\/\/veridas.com\/br\/wp-json\/wp\/v2\/industry?post=105266"},{"taxonomy":"solution","embeddable":true,"href":"https:\/\/veridas.com\/br\/wp-json\/wp\/v2\/solution?post=105266"}],"curies":[{"name":"wp","href":"https:\/\/api.w.org\/{rel}","templated":true}]}}