{"id":108296,"date":"2026-03-09T14:27:40","date_gmt":"2026-03-09T14:27:40","guid":{"rendered":"https:\/\/veridas.com\/?page_id=108296"},"modified":"2026-03-09T15:09:51","modified_gmt":"2026-03-09T15:09:51","slug":"igaming-ebook","status":"publish","type":"page","link":"https:\/\/veridas.com\/br\/igaming-ebook\/","title":{"rendered":"iGaming \/ Manual de sobreviv\u00eancia no novo ecossistema"},"content":{"rendered":"\t\t<div data-elementor-type=\"wp-page\" data-elementor-id=\"108296\" class=\"elementor elementor-108296 elementor-104198\" data-elementor-settings=\"{&quot;ha_cmc_init_switcher&quot;:&quot;no&quot;}\" data-elementor-post-type=\"page\">\n\t\t\t\t<div class=\"elementor-element elementor-element-6676c15 e-flex e-con-boxed e-con e-parent\" data-id=\"6676c15\" data-element_type=\"container\" data-e-type=\"container\" data-settings=\"{&quot;background_background&quot;:&quot;classic&quot;}\">\n\t\t\t\t\t<div class=\"e-con-inner\">\n\t\t<div class=\"elementor-element elementor-element-2f3f7c8 e-con-full e-flex e-con e-child\" data-id=\"2f3f7c8\" data-element_type=\"container\" data-e-type=\"container\">\n\t\t\t\t<div class=\"elementor-element elementor-element-dd48f32 elementor-widget-tablet__width-initial elementor-widget elementor-widget-heading\" data-id=\"dd48f32\" data-element_type=\"widget\" data-e-type=\"widget\" data-widget_type=\"heading.default\">\n\t\t\t\t\t<h1 class=\"elementor-heading-title elementor-size-default\"><b>iGaming<\/b> <span style=\"font-weight: 400;color: #ff7777\">\/<\/span> Manual de sobreviv\u00eancia no novo ecossistema<\/h1>\t\t\t\t<\/div>\n\t\t\t\t<\/div>\n\t\t\t\t\t<\/div>\n\t\t\t\t<\/div>\n\t\t<div class=\"elementor-element elementor-element-96a57c8 e-flex e-con-boxed e-con e-parent\" data-id=\"96a57c8\" data-element_type=\"container\" data-e-type=\"container\" data-settings=\"{&quot;background_background&quot;:&quot;classic&quot;}\">\n\t\t\t\t\t<div class=\"e-con-inner\">\n\t\t<div class=\"elementor-element elementor-element-7fe187d e-con-full e-flex e-con e-child\" data-id=\"7fe187d\" data-element_type=\"container\" data-e-type=\"container\">\n\t\t\t\t<div class=\"elementor-element elementor-element-02c0ff8 elementor-widget elementor-widget-image\" data-id=\"02c0ff8\" data-element_type=\"widget\" data-e-type=\"widget\" data-widget_type=\"image.default\">\n\t\t\t\t\t\t\t\t\t\t\t\t\t\t\t<img fetchpriority=\"high\" decoding=\"async\" width=\"800\" height=\"560\" src=\"https:\/\/veridas.com\/wp-content\/uploads\/2026\/03\/Manual-de-sobrevivencia-no-novo-ecossistema-1024x717.jpg\" class=\"attachment-large size-large wp-image-108314\" alt=\"Manual de sobreviv\u00eancia no novo ecossistema\" srcset=\"https:\/\/veridas.com\/wp-content\/uploads\/2026\/03\/Manual-de-sobrevivencia-no-novo-ecossistema-1024x717.jpg 1024w, https:\/\/veridas.com\/wp-content\/uploads\/2026\/03\/Manual-de-sobrevivencia-no-novo-ecossistema-300x210.jpg 300w, https:\/\/veridas.com\/wp-content\/uploads\/2026\/03\/Manual-de-sobrevivencia-no-novo-ecossistema-768x538.jpg 768w, https:\/\/veridas.com\/wp-content\/uploads\/2026\/03\/Manual-de-sobrevivencia-no-novo-ecossistema-1536x1075.jpg 1536w, https:\/\/veridas.com\/wp-content\/uploads\/2026\/03\/Manual-de-sobrevivencia-no-novo-ecossistema-scaled.jpg 2048w\" sizes=\"(max-width: 800px) 100vw, 800px\" \/>\t\t\t\t\t\t\t\t\t\t\t\t\t\t\t<\/div>\n\t\t\t\t<div class=\"elementor-element elementor-element-6bdf77a elementor-widget elementor-widget-heading\" data-id=\"6bdf77a\" data-element_type=\"widget\" data-e-type=\"widget\" data-widget_type=\"heading.default\">\n\t\t\t\t\t<p class=\"elementor-heading-title elementor-size-default\">Como escalar o neg\u00f3cio e cumprir regulamenta\u00e7\u00f5es cada vez mais rigorosas sem criar barreiras que destruam a experi\u00eancia do usu\u00e1rio?<br><br>O setor de iGaming deixou de ser uma ind\u00fastria de nicho para se tornar a for\u00e7a dominante do entretenimento global.<br><br>O que h\u00e1 apenas uma d\u00e9cada era percebido como um setor sob suspeita ou fortemente restrito, hoje opera sob marcos regulat\u00f3rios s\u00f3lidos que buscam um equil\u00edbrio delicado: proteger o jogador, garantir a seguran\u00e7a jur\u00eddica do operador e fomentar um mercado competitivo.<br><br>No entanto, esse forte crescimento trouxe consigo um paradoxo tecnol\u00f3gico. \u00c0 medida que as plataformas se tornam mais acess\u00edveis e os mercados se globalizam, as portas de entrada para a fraude se expandem.<br><br><b>Baixe o e-book e entenda como sobreviver no novo ecossistema de iGaming.<\/b>\n<\/p>\t\t\t\t<\/div>\n\t\t\t\t<\/div>\n\t\t<div class=\"elementor-element elementor-element-818eb3d e-con-full e-flex e-con e-child\" data-id=\"818eb3d\" data-element_type=\"container\" data-e-type=\"container\" id=\"download\" data-settings=\"{&quot;background_background&quot;:&quot;classic&quot;}\">\n\t\t\t\t<div class=\"elementor-element elementor-element-5d75d16 elementor-widget elementor-widget-heading\" data-id=\"5d75d16\" data-element_type=\"widget\" data-e-type=\"widget\" data-widget_type=\"heading.default\">\n\t\t\t\t\t<h2 class=\"elementor-heading-title elementor-size-default\">Preencha o formul\u00e1rio e baixe o ebook<\/h2>\t\t\t\t<\/div>\n\t\t\t\t<div class=\"elementor-element elementor-element-a9c0ace elementor-widget elementor-widget-html\" data-id=\"a9c0ace\" data-element_type=\"widget\" data-e-type=\"widget\" data-widget_type=\"html.default\">\n\t\t\t\t\t<script charset=\"utf-8\" type=\"text\/javascript\" src=\"\/\/js-eu1.hsforms.net\/forms\/embed\/v2.js\"><\/script>\n<script>\n  hbspt.forms.create({\n    portalId: \"19918211\",\n    formId: \"6a4570ed-c48a-4caf-8ece-52a49d5a36eb\",\n    region: \"eu1\"\n  });\n<\/script>\t\t\t\t<\/div>\n\t\t\t\t<\/div>\n\t\t\t\t\t<\/div>\n\t\t\t\t<\/div>\n\t\t\t\t<\/div>\n\t\t","protected":false},"excerpt":{"rendered":"<p>iGaming \/ Manual de sobreviv\u00eancia no novo ecossistema Como escalar o neg\u00f3cio e cumprir regulamenta\u00e7\u00f5es cada vez mais rigorosas sem criar barreiras que destruam a experi\u00eancia do usu\u00e1rio? O setor de iGaming deixou de ser uma ind\u00fastria de nicho para se tornar a for\u00e7a dominante do entretenimento global. O que h\u00e1 apenas uma d\u00e9cada era [&hellip;]<\/p>\n","protected":false},"author":47,"featured_media":108314,"parent":0,"menu_order":0,"comment_status":"closed","ping_status":"closed","template":"","format":[331],"meta":{"_acf_changed":false,"inline_featured_image":false,"footnotes":""},"country":[328],"resource":[293],"topic":[343],"industry":[353],"solution":[355],"class_list":["post-108296","page","type-page","status-publish","has-post-thumbnail","hentry","country-brazil","resource-yes","format-ebook-br","topic-identidade","industry-igaming-br","solution-verificacao-de-identidade"],"acf":[],"yoast_head":"<!-- This site is optimized with the Yoast SEO plugin v27.0 - https:\/\/yoast.com\/product\/yoast-seo-wordpress\/ -->\n<title>iGaming \/ Manual de sobreviv\u00eancia no novo ecossistema<\/title>\n<meta name=\"description\" content=\"Como escalar o neg\u00f3cio e cumprir regulamenta\u00e7\u00f5es cada vez mais rigorosas sem criar barreiras que destruam a experi\u00eancia do usu\u00e1rio?\" \/>\n<meta name=\"robots\" content=\"index, follow, max-snippet:-1, max-image-preview:large, max-video-preview:-1\" \/>\n<link rel=\"canonical\" href=\"https:\/\/veridas.com\/br\/igaming-ebook\/\" \/>\n<meta property=\"og:locale\" content=\"pt_BR\" \/>\n<meta property=\"og:type\" content=\"article\" \/>\n<meta property=\"og:title\" content=\"iGaming \/ Manual de sobreviv\u00eancia no novo ecossistema\" \/>\n<meta property=\"og:description\" content=\"Como escalar o neg\u00f3cio e cumprir regulamenta\u00e7\u00f5es cada vez mais rigorosas sem criar barreiras que destruam a experi\u00eancia do usu\u00e1rio?\" \/>\n<meta property=\"og:url\" content=\"https:\/\/veridas.com\/br\/igaming-ebook\/\" \/>\n<meta property=\"og:site_name\" content=\"Veridas\" \/>\n<meta property=\"article:modified_time\" content=\"2026-03-09T15:09:51+00:00\" \/>\n<meta property=\"og:image\" content=\"https:\/\/veridas.com\/wp-content\/uploads\/2026\/03\/Manual-de-sobrevivencia-no-novo-ecossistema-scaled.jpg\" \/>\n\t<meta property=\"og:image:width\" content=\"2048\" \/>\n\t<meta property=\"og:image:height\" content=\"1434\" \/>\n\t<meta property=\"og:image:type\" content=\"image\/jpeg\" \/>\n<meta name=\"twitter:card\" content=\"summary_large_image\" \/>\n<meta name=\"twitter:site\" content=\"@VeridasOfficial\" \/>\n<meta name=\"twitter:label1\" content=\"Est. tempo de leitura\" \/>\n\t<meta name=\"twitter:data1\" content=\"1 minuto\" \/>\n<script type=\"application\/ld+json\" class=\"yoast-schema-graph\">{\"@context\":\"https:\/\/schema.org\",\"@graph\":[{\"@type\":\"WebPage\",\"@id\":\"https:\/\/veridas.com\/br\/igaming-ebook\/\",\"url\":\"https:\/\/veridas.com\/br\/igaming-ebook\/\",\"name\":\"iGaming \/ Manual de sobreviv\u00eancia no novo ecossistema\",\"isPartOf\":{\"@id\":\"https:\/\/veridas.com\/br\/pt\/#website\"},\"primaryImageOfPage\":{\"@id\":\"https:\/\/veridas.com\/br\/igaming-ebook\/#primaryimage\"},\"image\":{\"@id\":\"https:\/\/veridas.com\/br\/igaming-ebook\/#primaryimage\"},\"thumbnailUrl\":\"https:\/\/veridas.com\/wp-content\/uploads\/2026\/03\/Manual-de-sobrevivencia-no-novo-ecossistema-scaled.jpg\",\"datePublished\":\"2026-03-09T14:27:40+00:00\",\"dateModified\":\"2026-03-09T15:09:51+00:00\",\"description\":\"Como escalar o neg\u00f3cio e cumprir regulamenta\u00e7\u00f5es cada vez mais rigorosas sem criar barreiras que destruam a experi\u00eancia do usu\u00e1rio?\",\"breadcrumb\":{\"@id\":\"https:\/\/veridas.com\/br\/igaming-ebook\/#breadcrumb\"},\"inLanguage\":\"pt-BR\",\"potentialAction\":[{\"@type\":\"ReadAction\",\"target\":[\"https:\/\/veridas.com\/br\/igaming-ebook\/\"]}]},{\"@type\":\"ImageObject\",\"inLanguage\":\"pt-BR\",\"@id\":\"https:\/\/veridas.com\/br\/igaming-ebook\/#primaryimage\",\"url\":\"https:\/\/veridas.com\/wp-content\/uploads\/2026\/03\/Manual-de-sobrevivencia-no-novo-ecossistema-scaled.jpg\",\"contentUrl\":\"https:\/\/veridas.com\/wp-content\/uploads\/2026\/03\/Manual-de-sobrevivencia-no-novo-ecossistema-scaled.jpg\",\"width\":2048,\"height\":1434,\"caption\":\"Manual de sobreviv\u00eancia no novo ecossistema\"},{\"@type\":\"BreadcrumbList\",\"@id\":\"https:\/\/veridas.com\/br\/igaming-ebook\/#breadcrumb\",\"itemListElement\":[{\"@type\":\"ListItem\",\"position\":1,\"name\":\"Home\",\"item\":\"https:\/\/veridas.com\/br\/\"},{\"@type\":\"ListItem\",\"position\":2,\"name\":\"iGaming \/ Manual de sobreviv\u00eancia no novo ecossistema\"}]},{\"@type\":\"WebSite\",\"@id\":\"https:\/\/veridas.com\/br\/pt\/#website\",\"url\":\"https:\/\/veridas.com\/br\/pt\/\",\"name\":\"Veridas\",\"description\":\"Just be you\",\"publisher\":{\"@id\":\"https:\/\/veridas.com\/br\/pt\/#organization\"},\"potentialAction\":[{\"@type\":\"SearchAction\",\"target\":{\"@type\":\"EntryPoint\",\"urlTemplate\":\"https:\/\/veridas.com\/br\/pt\/?s={search_term_string}\"},\"query-input\":{\"@type\":\"PropertyValueSpecification\",\"valueRequired\":true,\"valueName\":\"search_term_string\"}}],\"inLanguage\":\"pt-BR\"},{\"@type\":\"Organization\",\"@id\":\"https:\/\/veridas.com\/br\/pt\/#organization\",\"name\":\"Veridas\",\"url\":\"https:\/\/veridas.com\/br\/pt\/\",\"logo\":{\"@type\":\"ImageObject\",\"inLanguage\":\"pt-BR\",\"@id\":\"https:\/\/veridas.com\/br\/pt\/#\/schema\/logo\/image\/\",\"url\":\"https:\/\/veridas.com\/wp-content\/uploads\/2021\/09\/logo-veridas-calidad.png\",\"contentUrl\":\"https:\/\/veridas.com\/wp-content\/uploads\/2021\/09\/logo-veridas-calidad.png\",\"width\":2048,\"height\":1076,\"caption\":\"Veridas\"},\"image\":{\"@id\":\"https:\/\/veridas.com\/br\/pt\/#\/schema\/logo\/image\/\"},\"sameAs\":[\"https:\/\/x.com\/VeridasOfficial\",\"https:\/\/es.linkedin.com\/company\/veridas\",\"https:\/\/www.instagram.com\/veridas.life\/\",\"https:\/\/www.youtube.com\/@VeridasOfficial\"]}]}<\/script>\n<!-- \/ Yoast SEO plugin. -->","yoast_head_json":{"title":"iGaming \/ Manual de sobreviv\u00eancia no novo ecossistema","description":"Como escalar o neg\u00f3cio e cumprir regulamenta\u00e7\u00f5es cada vez mais rigorosas sem criar barreiras que destruam a experi\u00eancia do usu\u00e1rio?","robots":{"index":"index","follow":"follow","max-snippet":"max-snippet:-1","max-image-preview":"max-image-preview:large","max-video-preview":"max-video-preview:-1"},"canonical":"https:\/\/veridas.com\/br\/igaming-ebook\/","og_locale":"pt_BR","og_type":"article","og_title":"iGaming \/ Manual de sobreviv\u00eancia no novo ecossistema","og_description":"Como escalar o neg\u00f3cio e cumprir regulamenta\u00e7\u00f5es cada vez mais rigorosas sem criar barreiras que destruam a experi\u00eancia do usu\u00e1rio?","og_url":"https:\/\/veridas.com\/br\/igaming-ebook\/","og_site_name":"Veridas","article_modified_time":"2026-03-09T15:09:51+00:00","og_image":[{"width":2048,"height":1434,"url":"https:\/\/veridas.com\/wp-content\/uploads\/2026\/03\/Manual-de-sobrevivencia-no-novo-ecossistema-scaled.jpg","type":"image\/jpeg"}],"twitter_card":"summary_large_image","twitter_site":"@VeridasOfficial","twitter_misc":{"Est. tempo de leitura":"1 minuto"},"schema":{"@context":"https:\/\/schema.org","@graph":[{"@type":"WebPage","@id":"https:\/\/veridas.com\/br\/igaming-ebook\/","url":"https:\/\/veridas.com\/br\/igaming-ebook\/","name":"iGaming \/ Manual de sobreviv\u00eancia no novo ecossistema","isPartOf":{"@id":"https:\/\/veridas.com\/br\/pt\/#website"},"primaryImageOfPage":{"@id":"https:\/\/veridas.com\/br\/igaming-ebook\/#primaryimage"},"image":{"@id":"https:\/\/veridas.com\/br\/igaming-ebook\/#primaryimage"},"thumbnailUrl":"https:\/\/veridas.com\/wp-content\/uploads\/2026\/03\/Manual-de-sobrevivencia-no-novo-ecossistema-scaled.jpg","datePublished":"2026-03-09T14:27:40+00:00","dateModified":"2026-03-09T15:09:51+00:00","description":"Como escalar o neg\u00f3cio e cumprir regulamenta\u00e7\u00f5es cada vez mais rigorosas sem criar barreiras que destruam a experi\u00eancia do usu\u00e1rio?","breadcrumb":{"@id":"https:\/\/veridas.com\/br\/igaming-ebook\/#breadcrumb"},"inLanguage":"pt-BR","potentialAction":[{"@type":"ReadAction","target":["https:\/\/veridas.com\/br\/igaming-ebook\/"]}]},{"@type":"ImageObject","inLanguage":"pt-BR","@id":"https:\/\/veridas.com\/br\/igaming-ebook\/#primaryimage","url":"https:\/\/veridas.com\/wp-content\/uploads\/2026\/03\/Manual-de-sobrevivencia-no-novo-ecossistema-scaled.jpg","contentUrl":"https:\/\/veridas.com\/wp-content\/uploads\/2026\/03\/Manual-de-sobrevivencia-no-novo-ecossistema-scaled.jpg","width":2048,"height":1434,"caption":"Manual de sobreviv\u00eancia no novo ecossistema"},{"@type":"BreadcrumbList","@id":"https:\/\/veridas.com\/br\/igaming-ebook\/#breadcrumb","itemListElement":[{"@type":"ListItem","position":1,"name":"Home","item":"https:\/\/veridas.com\/br\/"},{"@type":"ListItem","position":2,"name":"iGaming \/ Manual de sobreviv\u00eancia no novo ecossistema"}]},{"@type":"WebSite","@id":"https:\/\/veridas.com\/br\/pt\/#website","url":"https:\/\/veridas.com\/br\/pt\/","name":"Veridas","description":"Just be you","publisher":{"@id":"https:\/\/veridas.com\/br\/pt\/#organization"},"potentialAction":[{"@type":"SearchAction","target":{"@type":"EntryPoint","urlTemplate":"https:\/\/veridas.com\/br\/pt\/?s={search_term_string}"},"query-input":{"@type":"PropertyValueSpecification","valueRequired":true,"valueName":"search_term_string"}}],"inLanguage":"pt-BR"},{"@type":"Organization","@id":"https:\/\/veridas.com\/br\/pt\/#organization","name":"Veridas","url":"https:\/\/veridas.com\/br\/pt\/","logo":{"@type":"ImageObject","inLanguage":"pt-BR","@id":"https:\/\/veridas.com\/br\/pt\/#\/schema\/logo\/image\/","url":"https:\/\/veridas.com\/wp-content\/uploads\/2021\/09\/logo-veridas-calidad.png","contentUrl":"https:\/\/veridas.com\/wp-content\/uploads\/2021\/09\/logo-veridas-calidad.png","width":2048,"height":1076,"caption":"Veridas"},"image":{"@id":"https:\/\/veridas.com\/br\/pt\/#\/schema\/logo\/image\/"},"sameAs":["https:\/\/x.com\/VeridasOfficial","https:\/\/es.linkedin.com\/company\/veridas","https:\/\/www.instagram.com\/veridas.life\/","https:\/\/www.youtube.com\/@VeridasOfficial"]}]}},"_links":{"self":[{"href":"https:\/\/veridas.com\/br\/wp-json\/wp\/v2\/pages\/108296","targetHints":{"allow":["GET"]}}],"collection":[{"href":"https:\/\/veridas.com\/br\/wp-json\/wp\/v2\/pages"}],"about":[{"href":"https:\/\/veridas.com\/br\/wp-json\/wp\/v2\/types\/page"}],"author":[{"embeddable":true,"href":"https:\/\/veridas.com\/br\/wp-json\/wp\/v2\/users\/47"}],"replies":[{"embeddable":true,"href":"https:\/\/veridas.com\/br\/wp-json\/wp\/v2\/comments?post=108296"}],"version-history":[{"count":9,"href":"https:\/\/veridas.com\/br\/wp-json\/wp\/v2\/pages\/108296\/revisions"}],"predecessor-version":[{"id":108319,"href":"https:\/\/veridas.com\/br\/wp-json\/wp\/v2\/pages\/108296\/revisions\/108319"}],"wp:featuredmedia":[{"embeddable":true,"href":"https:\/\/veridas.com\/br\/wp-json\/wp\/v2\/media\/108314"}],"wp:attachment":[{"href":"https:\/\/veridas.com\/br\/wp-json\/wp\/v2\/media?parent=108296"}],"wp:term":[{"taxonomy":"country","embeddable":true,"href":"https:\/\/veridas.com\/br\/wp-json\/wp\/v2\/country?post=108296"},{"taxonomy":"resource","embeddable":true,"href":"https:\/\/veridas.com\/br\/wp-json\/wp\/v2\/resource?post=108296"},{"taxonomy":"format","embeddable":true,"href":"https:\/\/veridas.com\/br\/wp-json\/wp\/v2\/format?post=108296"},{"taxonomy":"topic","embeddable":true,"href":"https:\/\/veridas.com\/br\/wp-json\/wp\/v2\/topic?post=108296"},{"taxonomy":"industry","embeddable":true,"href":"https:\/\/veridas.com\/br\/wp-json\/wp\/v2\/industry?post=108296"},{"taxonomy":"solution","embeddable":true,"href":"https:\/\/veridas.com\/br\/wp-json\/wp\/v2\/solution?post=108296"}],"curies":[{"name":"wp","href":"https:\/\/api.w.org\/{rel}","templated":true}]}}