{"id":84414,"date":"2024-10-24T11:53:37","date_gmt":"2024-10-24T11:53:37","guid":{"rendered":"https:\/\/veridas.com\/?page_id=84414"},"modified":"2026-02-25T09:34:21","modified_gmt":"2026-02-25T09:34:21","slug":"solicite-uma-demonstracao","status":"publish","type":"page","link":"https:\/\/veridas.com\/br\/solicite-uma-demonstracao\/","title":{"rendered":"Solicite uma demonstra\u00e7\u00e3o"},"content":{"rendered":"\t\t<div data-elementor-type=\"wp-page\" data-elementor-id=\"84414\" class=\"elementor elementor-84414 elementor-3587\" data-elementor-settings=\"{&quot;ha_cmc_init_switcher&quot;:&quot;no&quot;}\" data-elementor-post-type=\"page\">\n\t\t\t\t\t\t<section class=\"elementor-section elementor-top-section elementor-element elementor-element-8f30589 elementor-section-boxed elementor-section-height-default elementor-section-height-default\" data-id=\"8f30589\" data-element_type=\"section\" data-e-type=\"section\">\n\t\t\t\t\t\t<div class=\"elementor-container elementor-column-gap-default\">\n\t\t\t\t\t<div class=\"elementor-column elementor-col-50 elementor-top-column elementor-element elementor-element-308b132\" data-id=\"308b132\" data-element_type=\"column\" data-e-type=\"column\">\n\t\t\t<div class=\"elementor-widget-wrap elementor-element-populated\">\n\t\t\t\t\t\t<div class=\"elementor-element elementor-element-1d6a7ca elementor-widget elementor-widget-image\" data-id=\"1d6a7ca\" data-element_type=\"widget\" data-e-type=\"widget\" data-widget_type=\"image.default\">\n\t\t\t\t\t\t\t\t\t\t\t\t\t\t\t\t<a href=\"https:\/\/veridas.com\/br\/\">\n\t\t\t\t\t\t\t<img fetchpriority=\"high\" decoding=\"async\" width=\"592\" height=\"131\" src=\"https:\/\/veridas.com\/wp-content\/uploads\/2024\/04\/VERIDAS-logo-azul-coral-rgb-592x131-1-1.png\" class=\"attachment-large size-large wp-image-92248\" alt=\"ID Finance Logo\" srcset=\"https:\/\/veridas.com\/wp-content\/uploads\/2024\/04\/VERIDAS-logo-azul-coral-rgb-592x131-1-1.png 592w, https:\/\/veridas.com\/wp-content\/uploads\/2024\/04\/VERIDAS-logo-azul-coral-rgb-592x131-1-1-300x66.png 300w\" sizes=\"(max-width: 592px) 100vw, 592px\" \/>\t\t\t\t\t\t\t\t<\/a>\n\t\t\t\t\t\t\t\t\t\t\t\t\t\t\t<\/div>\n\t\t\t\t\t<\/div>\n\t\t<\/div>\n\t\t\t\t<div class=\"elementor-column elementor-col-50 elementor-top-column elementor-element elementor-element-b74c357\" data-id=\"b74c357\" data-element_type=\"column\" data-e-type=\"column\">\n\t\t\t<div class=\"elementor-widget-wrap\">\n\t\t\t\t\t\t\t<\/div>\n\t\t<\/div>\n\t\t\t\t\t<\/div>\n\t\t<\/section>\n\t\t<div class=\"elementor-element elementor-element-686f82c e-flex e-con-boxed e-con e-parent\" data-id=\"686f82c\" data-element_type=\"container\" data-e-type=\"container\" data-settings=\"{&quot;background_background&quot;:&quot;classic&quot;}\">\n\t\t\t\t\t<div class=\"e-con-inner\">\n\t\t<div class=\"elementor-element elementor-element-eb4a6b6 e-con-full e-flex e-con e-child\" data-id=\"eb4a6b6\" data-element_type=\"container\" data-e-type=\"container\">\n\t\t\t\t<div class=\"elementor-element elementor-element-56fe4fa elementor-widget-tablet__width-initial elementor-widget elementor-widget-heading\" data-id=\"56fe4fa\" data-element_type=\"widget\" data-e-type=\"widget\" data-widget_type=\"heading.default\">\n\t\t\t\t\t<h1 class=\"elementor-heading-title elementor-size-default\"><span style=\"font-weight: 400;color: #ff7777\">\/<\/span><b>Solicite uma demonstra\u00e7\u00e3o<\/b><\/h1>\t\t\t\t<\/div>\n\t\t\t\t<div class=\"elementor-element elementor-element-acf3422 elementor-widget elementor-widget-heading\" data-id=\"acf3422\" data-element_type=\"widget\" data-e-type=\"widget\" data-widget_type=\"heading.default\">\n\t\t\t\t\t<p class=\"elementor-heading-title elementor-size-default\">Preencha o formul\u00e1rio e agende uma sess\u00e3o ao vivo com nossa equipe de especialistas em identidade. Entraremos em contato com voc\u00ea o mais r\u00e1pido poss\u00edvel.<\/p>\t\t\t\t<\/div>\n\t\t\t\t<div class=\"elementor-element elementor-element-7544434 elementor-hidden-desktop elementor-hidden-tablet elementor-widget elementor-widget-html\" data-id=\"7544434\" data-element_type=\"widget\" data-e-type=\"widget\" data-widget_type=\"html.default\">\n\t\t\t\t\t<script src=\"https:\/\/js-eu1.hsforms.net\/forms\/embed\/19918211.js\" defer><\/script>\n<div class=\"hs-form-frame\" data-region=\"eu1\" data-form-id=\"66c58e32-1cd7-4ce2-8544-8ab7534cc7c0\" data-portal-id=\"19918211\"><\/div>\t\t\t\t<\/div>\n\t\t\t\t<div class=\"elementor-element elementor-element-275be3f elementor-widget elementor-widget-image\" data-id=\"275be3f\" data-element_type=\"widget\" data-e-type=\"widget\" data-widget_type=\"image.default\">\n\t\t\t\t\t\t\t\t\t\t\t\t\t\t\t<img decoding=\"async\" width=\"768\" height=\"768\" src=\"https:\/\/veridas.com\/wp-content\/uploads\/2025\/11\/Verias-Fraud-Features-1-768x768.webp\" class=\"attachment-medium_large size-medium_large wp-image-105215\" alt=\"Veridas, the best solution against fraud\" srcset=\"https:\/\/veridas.com\/wp-content\/uploads\/2025\/11\/Verias-Fraud-Features-1-768x768.webp 768w, https:\/\/veridas.com\/wp-content\/uploads\/2025\/11\/Verias-Fraud-Features-1-300x300.webp 300w, https:\/\/veridas.com\/wp-content\/uploads\/2025\/11\/Verias-Fraud-Features-1-1024x1024.webp 1024w, https:\/\/veridas.com\/wp-content\/uploads\/2025\/11\/Verias-Fraud-Features-1-150x150.webp 150w, https:\/\/veridas.com\/wp-content\/uploads\/2025\/11\/Verias-Fraud-Features-1-700x700.webp 700w, https:\/\/veridas.com\/wp-content\/uploads\/2025\/11\/Verias-Fraud-Features-1.webp 1200w\" sizes=\"(max-width: 768px) 100vw, 768px\" \/>\t\t\t\t\t\t\t\t\t\t\t\t\t\t\t<\/div>\n\t\t\t\t<\/div>\n\t\t<div class=\"elementor-element elementor-element-ca093ca e-con-full e-flex e-con e-child\" data-id=\"ca093ca\" data-element_type=\"container\" data-e-type=\"container\">\n\t\t<div class=\"elementor-element elementor-element-4c824d4 e-con-full e-flex e-con e-child\" data-id=\"4c824d4\" data-element_type=\"container\" data-e-type=\"container\" data-settings=\"{&quot;background_background&quot;:&quot;classic&quot;}\">\n\t\t\t\t<div class=\"elementor-element elementor-element-15a3f37 elementor-hidden-mobile elementor-widget elementor-widget-html\" data-id=\"15a3f37\" data-element_type=\"widget\" data-e-type=\"widget\" data-widget_type=\"html.default\">\n\t\t\t\t\t<script src=\"https:\/\/js-eu1.hsforms.net\/forms\/embed\/19918211.js\" defer><\/script>\n<div class=\"hs-form-frame\" data-region=\"eu1\" data-form-id=\"66c58e32-1cd7-4ce2-8544-8ab7534cc7c0\" data-portal-id=\"19918211\"><\/div>\t\t\t\t<\/div>\n\t\t\t\t<\/div>\n\t\t\t\t<\/div>\n\t\t\t\t\t<\/div>\n\t\t\t\t<\/div>\n\t\t\t\t<section class=\"elementor-section elementor-top-section elementor-element elementor-element-4548af5 elementor-section-full_width elementor-section-height-default elementor-section-height-default\" data-id=\"4548af5\" data-element_type=\"section\" data-e-type=\"section\" data-settings=\"{&quot;background_background&quot;:&quot;classic&quot;}\">\n\t\t\t\t\t\t\t<div class=\"elementor-background-overlay\"><\/div>\n\t\t\t\t\t\t\t<div class=\"elementor-container elementor-column-gap-default\">\n\t\t\t\t\t<div class=\"elementor-column elementor-col-50 elementor-top-column elementor-element elementor-element-792e9f5\" data-id=\"792e9f5\" data-element_type=\"column\" data-e-type=\"column\">\n\t\t\t<div class=\"elementor-widget-wrap elementor-element-populated\">\n\t\t\t\t\t\t<div class=\"elementor-element elementor-element-06b7307 elementor-widget elementor-widget-text-editor\" data-id=\"06b7307\" data-element_type=\"widget\" data-e-type=\"widget\" data-widget_type=\"text-editor.default\">\n\t\t\t\t\t\t\t\t\t\u00a9 VERIDAS 2026. All rights reserved.\t\t\t\t\t\t\t\t<\/div>\n\t\t\t\t\t<\/div>\n\t\t<\/div>\n\t\t\t\t<div class=\"elementor-column elementor-col-50 elementor-top-column elementor-element elementor-element-f4bddb1\" data-id=\"f4bddb1\" data-element_type=\"column\" data-e-type=\"column\">\n\t\t\t<div class=\"elementor-widget-wrap elementor-element-populated\">\n\t\t\t\t\t\t<div class=\"elementor-element elementor-element-c82cea7 elementor-widget elementor-widget-text-editor\" data-id=\"c82cea7\" data-element_type=\"widget\" data-e-type=\"widget\" data-widget_type=\"text-editor.default\">\n\t\t\t\t\t\t\t\t\t<p><a style=\"color: white;\" href=\"https:\/\/veridas.com\/privacy-policy\/\">Privacy Policy and Legal Notice<\/a> | <a style=\"color: white;\" href=\"https:\/\/veridas.com\/cookies-policy\/\">Cookies Policy<\/a> | <a style=\"color: white;\" href=\"https:\/\/veridas.com\/information-security-policy\/\">Information Security Policy<\/a><\/p>\t\t\t\t\t\t\t\t<\/div>\n\t\t\t\t\t<\/div>\n\t\t<\/div>\n\t\t\t\t\t<\/div>\n\t\t<\/section>\n\t\t\t\t<\/div>\n\t\t","protected":false},"excerpt":{"rendered":"<p>\/Solicite uma demonstra\u00e7\u00e3o Preencha o formul\u00e1rio e agende uma sess\u00e3o ao vivo com nossa equipe de especialistas em identidade. Entraremos em contato com voc\u00ea o mais r\u00e1pido poss\u00edvel. Privacy Policy and Legal Notice | Cookies Policy | Information Security Policy<\/p>\n","protected":false},"author":47,"featured_media":0,"parent":0,"menu_order":0,"comment_status":"closed","ping_status":"closed","template":"elementor_canvas","format":[],"meta":{"_acf_changed":false,"inline_featured_image":false,"footnotes":""},"country":[],"resource":[],"topic":[],"industry":[],"solution":[],"class_list":["post-84414","page","type-page","status-publish","hentry"],"acf":[],"yoast_head":"<!-- This site is optimized with the Yoast SEO plugin v27.0 - https:\/\/yoast.com\/product\/yoast-seo-wordpress\/ -->\n<title>Solicite uma demonstra\u00e7\u00e3o &#8226; Veridas<\/title>\n<meta name=\"robots\" content=\"noindex, nofollow\" \/>\n<meta property=\"og:locale\" content=\"pt_BR\" \/>\n<meta property=\"og:type\" content=\"article\" \/>\n<meta property=\"og:title\" content=\"Solicite uma demonstra\u00e7\u00e3o &#8226; Veridas\" \/>\n<meta property=\"og:description\" content=\"\/Solicite uma demonstra\u00e7\u00e3o Preencha o formul\u00e1rio e agende uma sess\u00e3o ao vivo com nossa equipe de especialistas em identidade. Entraremos em contato com voc\u00ea o mais r\u00e1pido poss\u00edvel. Privacy Policy and Legal Notice | Cookies Policy | Information Security Policy\" \/>\n<meta property=\"og:url\" content=\"https:\/\/veridas.com\/br\/solicite-uma-demonstracao\/\" \/>\n<meta property=\"og:site_name\" content=\"Veridas\" \/>\n<meta property=\"article:modified_time\" content=\"2026-02-25T09:34:21+00:00\" \/>\n<meta property=\"og:image\" content=\"https:\/\/veridas.com\/wp-content\/uploads\/2025\/11\/Verias-Fraud-Features-1.webp\" \/>\n\t<meta property=\"og:image:width\" content=\"1200\" \/>\n\t<meta property=\"og:image:height\" content=\"1200\" \/>\n\t<meta property=\"og:image:type\" content=\"image\/webp\" \/>\n<meta name=\"twitter:card\" content=\"summary_large_image\" \/>\n<meta name=\"twitter:site\" content=\"@VeridasOfficial\" \/>\n<script type=\"application\/ld+json\" class=\"yoast-schema-graph\">{\"@context\":\"https:\/\/schema.org\",\"@graph\":[{\"@type\":\"WebPage\",\"@id\":\"https:\/\/veridas.com\/br\/solicite-uma-demonstracao\/\",\"url\":\"https:\/\/veridas.com\/br\/solicite-uma-demonstracao\/\",\"name\":\"Solicite uma demonstra\u00e7\u00e3o &#8226; Veridas\",\"isPartOf\":{\"@id\":\"https:\/\/veridas.com\/br\/pt\/#website\"},\"primaryImageOfPage\":{\"@id\":\"https:\/\/veridas.com\/br\/solicite-uma-demonstracao\/#primaryimage\"},\"image\":{\"@id\":\"https:\/\/veridas.com\/br\/solicite-uma-demonstracao\/#primaryimage\"},\"thumbnailUrl\":\"https:\/\/veridas.com\/wp-content\/uploads\/2025\/11\/Verias-Fraud-Features-1-768x768.webp\",\"datePublished\":\"2024-10-24T11:53:37+00:00\",\"dateModified\":\"2026-02-25T09:34:21+00:00\",\"breadcrumb\":{\"@id\":\"https:\/\/veridas.com\/br\/solicite-uma-demonstracao\/#breadcrumb\"},\"inLanguage\":\"pt-BR\",\"potentialAction\":[{\"@type\":\"ReadAction\",\"target\":[\"https:\/\/veridas.com\/br\/solicite-uma-demonstracao\/\"]}]},{\"@type\":\"ImageObject\",\"inLanguage\":\"pt-BR\",\"@id\":\"https:\/\/veridas.com\/br\/solicite-uma-demonstracao\/#primaryimage\",\"url\":\"https:\/\/veridas.com\/wp-content\/uploads\/2025\/11\/Verias-Fraud-Features-1-768x768.webp\",\"contentUrl\":\"https:\/\/veridas.com\/wp-content\/uploads\/2025\/11\/Verias-Fraud-Features-1-768x768.webp\"},{\"@type\":\"BreadcrumbList\",\"@id\":\"https:\/\/veridas.com\/br\/solicite-uma-demonstracao\/#breadcrumb\",\"itemListElement\":[{\"@type\":\"ListItem\",\"position\":1,\"name\":\"Home\",\"item\":\"https:\/\/veridas.com\/br\/\"},{\"@type\":\"ListItem\",\"position\":2,\"name\":\"Solicite uma demonstra\u00e7\u00e3o\"}]},{\"@type\":\"WebSite\",\"@id\":\"https:\/\/veridas.com\/br\/pt\/#website\",\"url\":\"https:\/\/veridas.com\/br\/pt\/\",\"name\":\"Veridas\",\"description\":\"Just be you\",\"publisher\":{\"@id\":\"https:\/\/veridas.com\/br\/pt\/#organization\"},\"potentialAction\":[{\"@type\":\"SearchAction\",\"target\":{\"@type\":\"EntryPoint\",\"urlTemplate\":\"https:\/\/veridas.com\/br\/pt\/?s={search_term_string}\"},\"query-input\":{\"@type\":\"PropertyValueSpecification\",\"valueRequired\":true,\"valueName\":\"search_term_string\"}}],\"inLanguage\":\"pt-BR\"},{\"@type\":\"Organization\",\"@id\":\"https:\/\/veridas.com\/br\/pt\/#organization\",\"name\":\"Veridas\",\"url\":\"https:\/\/veridas.com\/br\/pt\/\",\"logo\":{\"@type\":\"ImageObject\",\"inLanguage\":\"pt-BR\",\"@id\":\"https:\/\/veridas.com\/br\/pt\/#\/schema\/logo\/image\/\",\"url\":\"https:\/\/veridas.com\/wp-content\/uploads\/2021\/09\/logo-veridas-calidad.png\",\"contentUrl\":\"https:\/\/veridas.com\/wp-content\/uploads\/2021\/09\/logo-veridas-calidad.png\",\"width\":2048,\"height\":1076,\"caption\":\"Veridas\"},\"image\":{\"@id\":\"https:\/\/veridas.com\/br\/pt\/#\/schema\/logo\/image\/\"},\"sameAs\":[\"https:\/\/x.com\/VeridasOfficial\",\"https:\/\/es.linkedin.com\/company\/veridas\",\"https:\/\/www.instagram.com\/veridas.life\/\",\"https:\/\/www.youtube.com\/@VeridasOfficial\"]}]}<\/script>\n<!-- \/ Yoast SEO plugin. -->","yoast_head_json":{"title":"Solicite uma demonstra\u00e7\u00e3o &#8226; Veridas","robots":{"index":"noindex","follow":"nofollow"},"og_locale":"pt_BR","og_type":"article","og_title":"Solicite uma demonstra\u00e7\u00e3o &#8226; Veridas","og_description":"\/Solicite uma demonstra\u00e7\u00e3o Preencha o formul\u00e1rio e agende uma sess\u00e3o ao vivo com nossa equipe de especialistas em identidade. Entraremos em contato com voc\u00ea o mais r\u00e1pido poss\u00edvel. Privacy Policy and Legal Notice | Cookies Policy | Information Security Policy","og_url":"https:\/\/veridas.com\/br\/solicite-uma-demonstracao\/","og_site_name":"Veridas","article_modified_time":"2026-02-25T09:34:21+00:00","og_image":[{"width":1200,"height":1200,"url":"https:\/\/veridas.com\/wp-content\/uploads\/2025\/11\/Verias-Fraud-Features-1.webp","type":"image\/webp"}],"twitter_card":"summary_large_image","twitter_site":"@VeridasOfficial","schema":{"@context":"https:\/\/schema.org","@graph":[{"@type":"WebPage","@id":"https:\/\/veridas.com\/br\/solicite-uma-demonstracao\/","url":"https:\/\/veridas.com\/br\/solicite-uma-demonstracao\/","name":"Solicite uma demonstra\u00e7\u00e3o &#8226; Veridas","isPartOf":{"@id":"https:\/\/veridas.com\/br\/pt\/#website"},"primaryImageOfPage":{"@id":"https:\/\/veridas.com\/br\/solicite-uma-demonstracao\/#primaryimage"},"image":{"@id":"https:\/\/veridas.com\/br\/solicite-uma-demonstracao\/#primaryimage"},"thumbnailUrl":"https:\/\/veridas.com\/wp-content\/uploads\/2025\/11\/Verias-Fraud-Features-1-768x768.webp","datePublished":"2024-10-24T11:53:37+00:00","dateModified":"2026-02-25T09:34:21+00:00","breadcrumb":{"@id":"https:\/\/veridas.com\/br\/solicite-uma-demonstracao\/#breadcrumb"},"inLanguage":"pt-BR","potentialAction":[{"@type":"ReadAction","target":["https:\/\/veridas.com\/br\/solicite-uma-demonstracao\/"]}]},{"@type":"ImageObject","inLanguage":"pt-BR","@id":"https:\/\/veridas.com\/br\/solicite-uma-demonstracao\/#primaryimage","url":"https:\/\/veridas.com\/wp-content\/uploads\/2025\/11\/Verias-Fraud-Features-1-768x768.webp","contentUrl":"https:\/\/veridas.com\/wp-content\/uploads\/2025\/11\/Verias-Fraud-Features-1-768x768.webp"},{"@type":"BreadcrumbList","@id":"https:\/\/veridas.com\/br\/solicite-uma-demonstracao\/#breadcrumb","itemListElement":[{"@type":"ListItem","position":1,"name":"Home","item":"https:\/\/veridas.com\/br\/"},{"@type":"ListItem","position":2,"name":"Solicite uma demonstra\u00e7\u00e3o"}]},{"@type":"WebSite","@id":"https:\/\/veridas.com\/br\/pt\/#website","url":"https:\/\/veridas.com\/br\/pt\/","name":"Veridas","description":"Just be you","publisher":{"@id":"https:\/\/veridas.com\/br\/pt\/#organization"},"potentialAction":[{"@type":"SearchAction","target":{"@type":"EntryPoint","urlTemplate":"https:\/\/veridas.com\/br\/pt\/?s={search_term_string}"},"query-input":{"@type":"PropertyValueSpecification","valueRequired":true,"valueName":"search_term_string"}}],"inLanguage":"pt-BR"},{"@type":"Organization","@id":"https:\/\/veridas.com\/br\/pt\/#organization","name":"Veridas","url":"https:\/\/veridas.com\/br\/pt\/","logo":{"@type":"ImageObject","inLanguage":"pt-BR","@id":"https:\/\/veridas.com\/br\/pt\/#\/schema\/logo\/image\/","url":"https:\/\/veridas.com\/wp-content\/uploads\/2021\/09\/logo-veridas-calidad.png","contentUrl":"https:\/\/veridas.com\/wp-content\/uploads\/2021\/09\/logo-veridas-calidad.png","width":2048,"height":1076,"caption":"Veridas"},"image":{"@id":"https:\/\/veridas.com\/br\/pt\/#\/schema\/logo\/image\/"},"sameAs":["https:\/\/x.com\/VeridasOfficial","https:\/\/es.linkedin.com\/company\/veridas","https:\/\/www.instagram.com\/veridas.life\/","https:\/\/www.youtube.com\/@VeridasOfficial"]}]}},"_links":{"self":[{"href":"https:\/\/veridas.com\/br\/wp-json\/wp\/v2\/pages\/84414","targetHints":{"allow":["GET"]}}],"collection":[{"href":"https:\/\/veridas.com\/br\/wp-json\/wp\/v2\/pages"}],"about":[{"href":"https:\/\/veridas.com\/br\/wp-json\/wp\/v2\/types\/page"}],"author":[{"embeddable":true,"href":"https:\/\/veridas.com\/br\/wp-json\/wp\/v2\/users\/47"}],"replies":[{"embeddable":true,"href":"https:\/\/veridas.com\/br\/wp-json\/wp\/v2\/comments?post=84414"}],"version-history":[{"count":34,"href":"https:\/\/veridas.com\/br\/wp-json\/wp\/v2\/pages\/84414\/revisions"}],"predecessor-version":[{"id":107738,"href":"https:\/\/veridas.com\/br\/wp-json\/wp\/v2\/pages\/84414\/revisions\/107738"}],"wp:attachment":[{"href":"https:\/\/veridas.com\/br\/wp-json\/wp\/v2\/media?parent=84414"}],"wp:term":[{"taxonomy":"country","embeddable":true,"href":"https:\/\/veridas.com\/br\/wp-json\/wp\/v2\/country?post=84414"},{"taxonomy":"resource","embeddable":true,"href":"https:\/\/veridas.com\/br\/wp-json\/wp\/v2\/resource?post=84414"},{"taxonomy":"format","embeddable":true,"href":"https:\/\/veridas.com\/br\/wp-json\/wp\/v2\/format?post=84414"},{"taxonomy":"topic","embeddable":true,"href":"https:\/\/veridas.com\/br\/wp-json\/wp\/v2\/topic?post=84414"},{"taxonomy":"industry","embeddable":true,"href":"https:\/\/veridas.com\/br\/wp-json\/wp\/v2\/industry?post=84414"},{"taxonomy":"solution","embeddable":true,"href":"https:\/\/veridas.com\/br\/wp-json\/wp\/v2\/solution?post=84414"}],"curies":[{"name":"wp","href":"https:\/\/api.w.org\/{rel}","templated":true}]}}