{"id":97948,"date":"2025-07-31T07:40:54","date_gmt":"2025-07-31T07:40:54","guid":{"rendered":"https:\/\/veridas.com\/?page_id=97948"},"modified":"2025-07-31T08:02:03","modified_gmt":"2025-07-31T08:02:03","slug":"ebook-digital-identity-public-administration","status":"publish","type":"page","link":"https:\/\/veridas.com\/en\/ebook-digital-identity-public-administration\/","title":{"rendered":"Ebook | Digital Identity and Public Administrations"},"content":{"rendered":"\t\t<div data-elementor-type=\"wp-page\" data-elementor-id=\"97948\" class=\"elementor elementor-97948\" data-elementor-settings=\"{&quot;ha_cmc_init_switcher&quot;:&quot;no&quot;}\" data-elementor-post-type=\"page\">\n\t\t\t\t\t\t<section class=\"elementor-section elementor-top-section elementor-element elementor-element-153b9ec elementor-section-boxed elementor-section-height-default elementor-section-height-default\" data-id=\"153b9ec\" data-element_type=\"section\" data-e-type=\"section\">\n\t\t\t\t\t\t<div class=\"elementor-container elementor-column-gap-default\">\n\t\t\t\t\t<div class=\"elementor-column elementor-col-50 elementor-top-column elementor-element elementor-element-354c7f1\" data-id=\"354c7f1\" data-element_type=\"column\" data-e-type=\"column\">\n\t\t\t<div class=\"elementor-widget-wrap elementor-element-populated\">\n\t\t\t\t\t\t<div class=\"elementor-element elementor-element-55d482e elementor-widget elementor-widget-image\" data-id=\"55d482e\" data-element_type=\"widget\" data-e-type=\"widget\" data-widget_type=\"image.default\">\n\t\t\t\t\t\t\t\t\t\t\t\t\t\t\t\t<a href=\"https:\/\/veridas.com\/\">\n\t\t\t\t\t\t\t<img fetchpriority=\"high\" decoding=\"async\" width=\"592\" height=\"131\" src=\"https:\/\/veridas.com\/wp-content\/uploads\/2024\/04\/VERIDAS-logo-azul-coral-rgb-592x131-1-1.png\" class=\"attachment-large size-large wp-image-76922\" alt=\"Logo de Veridas\" srcset=\"https:\/\/veridas.com\/wp-content\/uploads\/2024\/04\/VERIDAS-logo-azul-coral-rgb-592x131-1-1.png 592w, https:\/\/veridas.com\/wp-content\/uploads\/2024\/04\/VERIDAS-logo-azul-coral-rgb-592x131-1-1-300x66.png 300w\" sizes=\"(max-width: 592px) 100vw, 592px\" \/>\t\t\t\t\t\t\t\t<\/a>\n\t\t\t\t\t\t\t\t\t\t\t\t\t\t\t<\/div>\n\t\t\t\t\t<\/div>\n\t\t<\/div>\n\t\t\t\t<div class=\"elementor-column elementor-col-50 elementor-top-column elementor-element elementor-element-e7cf570\" data-id=\"e7cf570\" data-element_type=\"column\" data-e-type=\"column\">\n\t\t\t<div class=\"elementor-widget-wrap\">\n\t\t\t\t\t\t\t<\/div>\n\t\t<\/div>\n\t\t\t\t\t<\/div>\n\t\t<\/section>\n\t\t\t\t<section class=\"elementor-section elementor-top-section elementor-element elementor-element-c548036 elementor-section-full_width elementor-section-height-default elementor-section-height-default\" data-id=\"c548036\" data-element_type=\"section\" data-e-type=\"section\" data-settings=\"{&quot;background_background&quot;:&quot;classic&quot;}\">\n\t\t\t\t\t\t<div class=\"elementor-container elementor-column-gap-default\">\n\t\t\t\t\t<div class=\"elementor-column elementor-col-100 elementor-top-column elementor-element elementor-element-38fdb88\" data-id=\"38fdb88\" data-element_type=\"column\" data-e-type=\"column\">\n\t\t\t<div class=\"elementor-widget-wrap elementor-element-populated\">\n\t\t\t\t\t\t<section class=\"elementor-section elementor-inner-section elementor-element elementor-element-2d24c5a elementor-section-boxed elementor-section-height-default elementor-section-height-default\" data-id=\"2d24c5a\" data-element_type=\"section\" data-e-type=\"section\">\n\t\t\t\t\t\t<div class=\"elementor-container elementor-column-gap-default\">\n\t\t\t\t\t<div class=\"elementor-column elementor-col-100 elementor-inner-column elementor-element elementor-element-8177172\" data-id=\"8177172\" data-element_type=\"column\" data-e-type=\"column\">\n\t\t\t<div class=\"elementor-widget-wrap elementor-element-populated\">\n\t\t\t\t\t\t<div class=\"elementor-element elementor-element-9ce5e66 elementor-widget elementor-widget-heading\" data-id=\"9ce5e66\" data-element_type=\"widget\" data-e-type=\"widget\" data-widget_type=\"heading.default\">\n\t\t\t\t\t<h1 class=\"elementor-heading-title elementor-size-default\">Ebook | Digital Identity and Public Administrations<\/h1>\t\t\t\t<\/div>\n\t\t\t\t\t<\/div>\n\t\t<\/div>\n\t\t\t\t\t<\/div>\n\t\t<\/section>\n\t\t\t\t\t<\/div>\n\t\t<\/div>\n\t\t\t\t\t<\/div>\n\t\t<\/section>\n\t\t\t\t<section class=\"elementor-section elementor-top-section elementor-element elementor-element-1ebe7dc elementor-reverse-tablet elementor-reverse-mobile elementor-section-boxed elementor-section-height-default elementor-section-height-default\" data-id=\"1ebe7dc\" data-element_type=\"section\" data-e-type=\"section\">\n\t\t\t\t\t\t<div class=\"elementor-container elementor-column-gap-extended\">\n\t\t\t\t\t<div class=\"elementor-column elementor-col-50 elementor-top-column elementor-element elementor-element-94d0c7d\" data-id=\"94d0c7d\" data-element_type=\"column\" data-e-type=\"column\">\n\t\t\t<div class=\"elementor-widget-wrap elementor-element-populated\">\n\t\t\t\t\t\t<div class=\"elementor-element elementor-element-70e907f elementor-widget elementor-widget-image\" data-id=\"70e907f\" data-element_type=\"widget\" data-e-type=\"widget\" data-widget_type=\"image.default\">\n\t\t\t\t\t\t\t\t\t\t\t\t\t\t\t<img decoding=\"async\" width=\"768\" height=\"439\" src=\"https:\/\/veridas.com\/wp-content\/uploads\/2025\/07\/Digital-Identity-Public-Administration-768x439.jpg\" class=\"attachment-medium_large size-medium_large wp-image-100717\" alt=\"Digital Identity as a Pillar of Public Administration\" srcset=\"https:\/\/veridas.com\/wp-content\/uploads\/2025\/07\/Digital-Identity-Public-Administration-768x439.jpg 768w, https:\/\/veridas.com\/wp-content\/uploads\/2025\/07\/Digital-Identity-Public-Administration-300x172.jpg 300w, https:\/\/veridas.com\/wp-content\/uploads\/2025\/07\/Digital-Identity-Public-Administration.jpg 960w\" sizes=\"(max-width: 768px) 100vw, 768px\" \/>\t\t\t\t\t\t\t\t\t\t\t\t\t\t\t<\/div>\n\t\t\t\t<section class=\"elementor-section elementor-inner-section elementor-element elementor-element-0fb34fd elementor-section-boxed elementor-section-height-default elementor-section-height-default\" data-id=\"0fb34fd\" data-element_type=\"section\" data-e-type=\"section\">\n\t\t\t\t\t\t\t<div class=\"elementor-background-overlay\"><\/div>\n\t\t\t\t\t\t\t<div class=\"elementor-container elementor-column-gap-default\">\n\t\t\t\t\t<div class=\"elementor-column elementor-col-100 elementor-inner-column elementor-element elementor-element-5c66384\" data-id=\"5c66384\" data-element_type=\"column\" data-e-type=\"column\">\n\t\t\t<div class=\"elementor-widget-wrap elementor-element-populated\">\n\t\t\t\t\t\t<div class=\"elementor-element elementor-element-65e1706 elementor-widget elementor-widget-text-editor\" data-id=\"65e1706\" data-element_type=\"widget\" data-e-type=\"widget\" data-widget_type=\"text-editor.default\">\n\t\t\t\t\t\t\t\t\t<h2>How to make digital services truly work for everyone<\/h2><p><span style=\"font-weight: 400;\">Public administrations have gone digital \u2014 but are citizens really using those services? This ebook explores how secure, frictionless <\/span><b>digital identity<\/b><span style=\"font-weight: 400;\"> can transform the relationship between citizens, public employees, and the services they rely on.<\/span><\/p><h3>\ud83d\udd0d What you&#8217;ll learn:<\/h3><ul><li style=\"font-weight: 400;\" aria-level=\"1\"><span style=\"font-weight: 400;\">What <\/span><b>real digitalization<\/b><span style=\"font-weight: 400;\"> means: accessible, efficient, and barrier-free.<\/span><span style=\"font-weight: 400;\"><br \/><\/span><\/li><li style=\"font-weight: 400;\" aria-level=\"1\"><span style=\"font-weight: 400;\">How to evolve from the national ID to an <\/span><b>expanded digital identity<\/b><span style=\"font-weight: 400;\">.<\/span><span style=\"font-weight: 400;\"><br \/><\/span><\/li><li style=\"font-weight: 400;\" aria-level=\"1\"><span style=\"font-weight: 400;\">The role of <\/span><b>modern biometrics<\/b><span style=\"font-weight: 400;\"> (RBRs) in secure identity verification.<\/span><span style=\"font-weight: 400;\"><br \/><\/span><\/li><li style=\"font-weight: 400;\" aria-level=\"1\"><span style=\"font-weight: 400;\">How to fight <\/span><b>identity fraud<\/b><span style=\"font-weight: 400;\"> without making things harder for users.<\/span><span style=\"font-weight: 400;\"><br \/><\/span><\/li><li style=\"font-weight: 400;\" aria-level=\"1\"><span style=\"font-weight: 400;\">Real use cases already implemented in <\/span><b>Navarre, Italy, Mexico<\/b><span style=\"font-weight: 400;\">, and more.<\/span><span style=\"font-weight: 400;\"><br \/><br \/><\/span><\/li><\/ul><h3><b>\ud83d\udc64 <\/b>Who it&#8217;s for:<\/h3><p><span style=\"font-weight: 400;\">Digital transformation leaders, CIOs, innovation teams, public employees, and consultants working with the public sector.<\/span><\/p>\t\t\t\t\t\t\t\t<\/div>\n\t\t\t\t\t<\/div>\n\t\t<\/div>\n\t\t\t\t\t<\/div>\n\t\t<\/section>\n\t\t\t\t\t<\/div>\n\t\t<\/div>\n\t\t\t\t<div class=\"elementor-column elementor-col-50 elementor-top-column elementor-element elementor-element-ba7f670\" data-id=\"ba7f670\" data-element_type=\"column\" data-e-type=\"column\" data-settings=\"{&quot;animation&quot;:&quot;none&quot;}\">\n\t\t\t<div class=\"elementor-widget-wrap elementor-element-populated\">\n\t\t\t\t\t\t<section class=\"elementor-section elementor-inner-section elementor-element elementor-element-5648eb1 elementor-section-boxed elementor-section-height-default elementor-section-height-default\" data-id=\"5648eb1\" data-element_type=\"section\" data-e-type=\"section\" data-settings=\"{&quot;animation&quot;:&quot;none&quot;}\">\n\t\t\t\t\t\t\t<div class=\"elementor-background-overlay\"><\/div>\n\t\t\t\t\t\t\t<div class=\"elementor-container elementor-column-gap-default\">\n\t\t\t\t\t<div class=\"elementor-column elementor-col-100 elementor-inner-column elementor-element elementor-element-2108c19\" data-id=\"2108c19\" data-element_type=\"column\" data-e-type=\"column\" data-settings=\"{&quot;animation&quot;:&quot;none&quot;,&quot;background_background&quot;:&quot;classic&quot;}\">\n\t\t\t<div class=\"elementor-widget-wrap elementor-element-populated\">\n\t\t\t\t\t\t<div class=\"elementor-element elementor-element-f56f970 elementor-widget elementor-widget-heading\" data-id=\"f56f970\" data-element_type=\"widget\" data-e-type=\"widget\" data-widget_type=\"heading.default\">\n\t\t\t\t\t<h2 class=\"elementor-heading-title elementor-size-default\">Download the ebook<\/h2>\t\t\t\t<\/div>\n\t\t\t\t<div class=\"elementor-element elementor-element-070f0e3 elementor-widget elementor-widget-html\" data-id=\"070f0e3\" data-element_type=\"widget\" data-e-type=\"widget\" data-widget_type=\"html.default\">\n\t\t\t\t\t<script charset=\"utf-8\" type=\"text\/javascript\" src=\"\/\/js-eu1.hsforms.net\/forms\/embed\/v2.js\"><\/script>\n<script>\n  hbspt.forms.create({\n    portalId: \"19918211\",\n    formId: \"0d925264-18b6-4a6b-98a4-343b97b265cb\",\n    region: \"eu1\"\n  });\n<\/script>\t\t\t\t<\/div>\n\t\t\t\t\t<\/div>\n\t\t<\/div>\n\t\t\t\t\t<\/div>\n\t\t<\/section>\n\t\t\t\t\t<\/div>\n\t\t<\/div>\n\t\t\t\t\t<\/div>\n\t\t<\/section>\n\t\t\t\t<\/div>\n\t\t","protected":false},"excerpt":{"rendered":"<p>eBook \/ &#8220;Identidad, biometr\u00eda e IA&#8221; \u00c9tica, mitos y realidades. La\u00a0tecnolog\u00eda biom\u00e9trica\u00a0permite pasar de la presunci\u00f3n a la certeza, y eso es la base para una transformaci\u00f3n digital plena. En el siguiente ebook descubrir\u00e1s c\u00f3mo\u00a0la situaci\u00f3n actual de protecci\u00f3n de nuestros datos es insegura\u00a0(filtraci\u00f3n de millones de contrase\u00f1as y datos personales de Facebook, el juego [&hellip;]<\/p>\n","protected":false},"author":47,"featured_media":100717,"parent":0,"menu_order":0,"comment_status":"closed","ping_status":"closed","template":"elementor_canvas","format":[254],"meta":{"_acf_changed":false,"inline_featured_image":false,"footnotes":""},"country":[],"resource":[293],"topic":[250,251],"industry":[245],"solution":[232],"class_list":["post-97948","page","type-page","status-publish","has-post-thumbnail","hentry","resource-yes","format-ebook","topic-fraud-prevention","topic-identity","industry-public-sector","solution-identity-verification"],"acf":[],"yoast_head":"<!-- This site is optimized with the Yoast SEO plugin v27.0 - https:\/\/yoast.com\/product\/yoast-seo-wordpress\/ -->\n<title>Digital Identity and Public Administrations<\/title>\n<meta name=\"description\" content=\"Digital Identity and Public Administrations: How to make digital services truly work for everyone.\" \/>\n<meta name=\"robots\" content=\"index, follow, max-snippet:-1, max-image-preview:large, max-video-preview:-1\" \/>\n<link rel=\"canonical\" href=\"https:\/\/veridas.com\/en\/ebook-digital-identity-public-administration\/\" \/>\n<meta property=\"og:locale\" content=\"en_US\" \/>\n<meta property=\"og:type\" content=\"article\" \/>\n<meta property=\"og:title\" content=\"Digital Identity and Public Administrations\" \/>\n<meta property=\"og:description\" content=\"Digital Identity and Public Administrations: How to make digital services truly work for everyone.\" \/>\n<meta property=\"og:url\" content=\"https:\/\/veridas.com\/en\/ebook-digital-identity-public-administration\/\" \/>\n<meta property=\"og:site_name\" content=\"Veridas\" \/>\n<meta property=\"article:modified_time\" content=\"2025-07-31T08:02:03+00:00\" \/>\n<meta property=\"og:image\" content=\"https:\/\/veridas.com\/wp-content\/uploads\/2025\/07\/Digital-Identity-Public-Administration.jpg\" \/>\n\t<meta property=\"og:image:width\" content=\"960\" \/>\n\t<meta property=\"og:image:height\" content=\"549\" \/>\n\t<meta property=\"og:image:type\" content=\"image\/jpeg\" \/>\n<meta name=\"twitter:card\" content=\"summary_large_image\" \/>\n<meta name=\"twitter:site\" content=\"@VeridasOfficial\" \/>\n<meta name=\"twitter:label1\" content=\"Est. reading time\" \/>\n\t<meta name=\"twitter:data1\" content=\"1 minute\" \/>\n<script type=\"application\/ld+json\" class=\"yoast-schema-graph\">{\"@context\":\"https:\/\/schema.org\",\"@graph\":[{\"@type\":\"WebPage\",\"@id\":\"https:\/\/veridas.com\/en\/ebook-digital-identity-public-administration\/\",\"url\":\"https:\/\/veridas.com\/en\/ebook-digital-identity-public-administration\/\",\"name\":\"Digital Identity and Public Administrations\",\"isPartOf\":{\"@id\":\"https:\/\/veridas.com\/en\/pt\/#website\"},\"primaryImageOfPage\":{\"@id\":\"https:\/\/veridas.com\/en\/ebook-digital-identity-public-administration\/#primaryimage\"},\"image\":{\"@id\":\"https:\/\/veridas.com\/en\/ebook-digital-identity-public-administration\/#primaryimage\"},\"thumbnailUrl\":\"https:\/\/veridas.com\/wp-content\/uploads\/2025\/07\/Digital-Identity-Public-Administration.jpg\",\"datePublished\":\"2025-07-31T07:40:54+00:00\",\"dateModified\":\"2025-07-31T08:02:03+00:00\",\"description\":\"Digital Identity and Public Administrations: How to make digital services truly work for everyone.\",\"breadcrumb\":{\"@id\":\"https:\/\/veridas.com\/en\/ebook-digital-identity-public-administration\/#breadcrumb\"},\"inLanguage\":\"en-US\",\"potentialAction\":[{\"@type\":\"ReadAction\",\"target\":[\"https:\/\/veridas.com\/en\/ebook-digital-identity-public-administration\/\"]}]},{\"@type\":\"ImageObject\",\"inLanguage\":\"en-US\",\"@id\":\"https:\/\/veridas.com\/en\/ebook-digital-identity-public-administration\/#primaryimage\",\"url\":\"https:\/\/veridas.com\/wp-content\/uploads\/2025\/07\/Digital-Identity-Public-Administration.jpg\",\"contentUrl\":\"https:\/\/veridas.com\/wp-content\/uploads\/2025\/07\/Digital-Identity-Public-Administration.jpg\",\"width\":960,\"height\":549,\"caption\":\"Digital Identity as a Pillar of Public Administration\"},{\"@type\":\"BreadcrumbList\",\"@id\":\"https:\/\/veridas.com\/en\/ebook-digital-identity-public-administration\/#breadcrumb\",\"itemListElement\":[{\"@type\":\"ListItem\",\"position\":1,\"name\":\"Home\",\"item\":\"https:\/\/veridas.com\/en\/\"},{\"@type\":\"ListItem\",\"position\":2,\"name\":\"Ebook | Digital Identity and Public Administrations\"}]},{\"@type\":\"WebSite\",\"@id\":\"https:\/\/veridas.com\/en\/pt\/#website\",\"url\":\"https:\/\/veridas.com\/en\/pt\/\",\"name\":\"Veridas\",\"description\":\"Just be you\",\"publisher\":{\"@id\":\"https:\/\/veridas.com\/en\/pt\/#organization\"},\"potentialAction\":[{\"@type\":\"SearchAction\",\"target\":{\"@type\":\"EntryPoint\",\"urlTemplate\":\"https:\/\/veridas.com\/en\/pt\/?s={search_term_string}\"},\"query-input\":{\"@type\":\"PropertyValueSpecification\",\"valueRequired\":true,\"valueName\":\"search_term_string\"}}],\"inLanguage\":\"en-US\"},{\"@type\":\"Organization\",\"@id\":\"https:\/\/veridas.com\/en\/pt\/#organization\",\"name\":\"Veridas\",\"url\":\"https:\/\/veridas.com\/en\/pt\/\",\"logo\":{\"@type\":\"ImageObject\",\"inLanguage\":\"en-US\",\"@id\":\"https:\/\/veridas.com\/en\/pt\/#\/schema\/logo\/image\/\",\"url\":\"https:\/\/veridas.com\/wp-content\/uploads\/2021\/09\/logo-veridas-calidad.png\",\"contentUrl\":\"https:\/\/veridas.com\/wp-content\/uploads\/2021\/09\/logo-veridas-calidad.png\",\"width\":2048,\"height\":1076,\"caption\":\"Veridas\"},\"image\":{\"@id\":\"https:\/\/veridas.com\/en\/pt\/#\/schema\/logo\/image\/\"},\"sameAs\":[\"https:\/\/x.com\/VeridasOfficial\",\"https:\/\/es.linkedin.com\/company\/veridas\",\"https:\/\/www.instagram.com\/veridas.life\/\",\"https:\/\/www.youtube.com\/@VeridasOfficial\"]}]}<\/script>\n<!-- \/ Yoast SEO plugin. -->","yoast_head_json":{"title":"Digital Identity and Public Administrations","description":"Digital Identity and Public Administrations: How to make digital services truly work for everyone.","robots":{"index":"index","follow":"follow","max-snippet":"max-snippet:-1","max-image-preview":"max-image-preview:large","max-video-preview":"max-video-preview:-1"},"canonical":"https:\/\/veridas.com\/en\/ebook-digital-identity-public-administration\/","og_locale":"en_US","og_type":"article","og_title":"Digital Identity and Public Administrations","og_description":"Digital Identity and Public Administrations: How to make digital services truly work for everyone.","og_url":"https:\/\/veridas.com\/en\/ebook-digital-identity-public-administration\/","og_site_name":"Veridas","article_modified_time":"2025-07-31T08:02:03+00:00","og_image":[{"width":960,"height":549,"url":"https:\/\/veridas.com\/wp-content\/uploads\/2025\/07\/Digital-Identity-Public-Administration.jpg","type":"image\/jpeg"}],"twitter_card":"summary_large_image","twitter_site":"@VeridasOfficial","twitter_misc":{"Est. reading time":"1 minute"},"schema":{"@context":"https:\/\/schema.org","@graph":[{"@type":"WebPage","@id":"https:\/\/veridas.com\/en\/ebook-digital-identity-public-administration\/","url":"https:\/\/veridas.com\/en\/ebook-digital-identity-public-administration\/","name":"Digital Identity and Public Administrations","isPartOf":{"@id":"https:\/\/veridas.com\/en\/pt\/#website"},"primaryImageOfPage":{"@id":"https:\/\/veridas.com\/en\/ebook-digital-identity-public-administration\/#primaryimage"},"image":{"@id":"https:\/\/veridas.com\/en\/ebook-digital-identity-public-administration\/#primaryimage"},"thumbnailUrl":"https:\/\/veridas.com\/wp-content\/uploads\/2025\/07\/Digital-Identity-Public-Administration.jpg","datePublished":"2025-07-31T07:40:54+00:00","dateModified":"2025-07-31T08:02:03+00:00","description":"Digital Identity and Public Administrations: How to make digital services truly work for everyone.","breadcrumb":{"@id":"https:\/\/veridas.com\/en\/ebook-digital-identity-public-administration\/#breadcrumb"},"inLanguage":"en-US","potentialAction":[{"@type":"ReadAction","target":["https:\/\/veridas.com\/en\/ebook-digital-identity-public-administration\/"]}]},{"@type":"ImageObject","inLanguage":"en-US","@id":"https:\/\/veridas.com\/en\/ebook-digital-identity-public-administration\/#primaryimage","url":"https:\/\/veridas.com\/wp-content\/uploads\/2025\/07\/Digital-Identity-Public-Administration.jpg","contentUrl":"https:\/\/veridas.com\/wp-content\/uploads\/2025\/07\/Digital-Identity-Public-Administration.jpg","width":960,"height":549,"caption":"Digital Identity as a Pillar of Public Administration"},{"@type":"BreadcrumbList","@id":"https:\/\/veridas.com\/en\/ebook-digital-identity-public-administration\/#breadcrumb","itemListElement":[{"@type":"ListItem","position":1,"name":"Home","item":"https:\/\/veridas.com\/en\/"},{"@type":"ListItem","position":2,"name":"Ebook | Digital Identity and Public Administrations"}]},{"@type":"WebSite","@id":"https:\/\/veridas.com\/en\/pt\/#website","url":"https:\/\/veridas.com\/en\/pt\/","name":"Veridas","description":"Just be you","publisher":{"@id":"https:\/\/veridas.com\/en\/pt\/#organization"},"potentialAction":[{"@type":"SearchAction","target":{"@type":"EntryPoint","urlTemplate":"https:\/\/veridas.com\/en\/pt\/?s={search_term_string}"},"query-input":{"@type":"PropertyValueSpecification","valueRequired":true,"valueName":"search_term_string"}}],"inLanguage":"en-US"},{"@type":"Organization","@id":"https:\/\/veridas.com\/en\/pt\/#organization","name":"Veridas","url":"https:\/\/veridas.com\/en\/pt\/","logo":{"@type":"ImageObject","inLanguage":"en-US","@id":"https:\/\/veridas.com\/en\/pt\/#\/schema\/logo\/image\/","url":"https:\/\/veridas.com\/wp-content\/uploads\/2021\/09\/logo-veridas-calidad.png","contentUrl":"https:\/\/veridas.com\/wp-content\/uploads\/2021\/09\/logo-veridas-calidad.png","width":2048,"height":1076,"caption":"Veridas"},"image":{"@id":"https:\/\/veridas.com\/en\/pt\/#\/schema\/logo\/image\/"},"sameAs":["https:\/\/x.com\/VeridasOfficial","https:\/\/es.linkedin.com\/company\/veridas","https:\/\/www.instagram.com\/veridas.life\/","https:\/\/www.youtube.com\/@VeridasOfficial"]}]}},"_links":{"self":[{"href":"https:\/\/veridas.com\/en\/wp-json\/wp\/v2\/pages\/97948","targetHints":{"allow":["GET"]}}],"collection":[{"href":"https:\/\/veridas.com\/en\/wp-json\/wp\/v2\/pages"}],"about":[{"href":"https:\/\/veridas.com\/en\/wp-json\/wp\/v2\/types\/page"}],"author":[{"embeddable":true,"href":"https:\/\/veridas.com\/en\/wp-json\/wp\/v2\/users\/47"}],"replies":[{"embeddable":true,"href":"https:\/\/veridas.com\/en\/wp-json\/wp\/v2\/comments?post=97948"}],"version-history":[{"count":7,"href":"https:\/\/veridas.com\/en\/wp-json\/wp\/v2\/pages\/97948\/revisions"}],"predecessor-version":[{"id":100730,"href":"https:\/\/veridas.com\/en\/wp-json\/wp\/v2\/pages\/97948\/revisions\/100730"}],"wp:featuredmedia":[{"embeddable":true,"href":"https:\/\/veridas.com\/en\/wp-json\/wp\/v2\/media\/100717"}],"wp:attachment":[{"href":"https:\/\/veridas.com\/en\/wp-json\/wp\/v2\/media?parent=97948"}],"wp:term":[{"taxonomy":"country","embeddable":true,"href":"https:\/\/veridas.com\/en\/wp-json\/wp\/v2\/country?post=97948"},{"taxonomy":"resource","embeddable":true,"href":"https:\/\/veridas.com\/en\/wp-json\/wp\/v2\/resource?post=97948"},{"taxonomy":"format","embeddable":true,"href":"https:\/\/veridas.com\/en\/wp-json\/wp\/v2\/format?post=97948"},{"taxonomy":"topic","embeddable":true,"href":"https:\/\/veridas.com\/en\/wp-json\/wp\/v2\/topic?post=97948"},{"taxonomy":"industry","embeddable":true,"href":"https:\/\/veridas.com\/en\/wp-json\/wp\/v2\/industry?post=97948"},{"taxonomy":"solution","embeddable":true,"href":"https:\/\/veridas.com\/en\/wp-json\/wp\/v2\/solution?post=97948"}],"curies":[{"name":"wp","href":"https:\/\/api.w.org\/{rel}","templated":true}]}}