{"id":29469,"date":"2022-03-03T16:53:52","date_gmt":"2022-03-03T16:53:52","guid":{"rendered":"https:\/\/veridas.com\/?page_id=29469"},"modified":"2024-02-15T15:16:12","modified_gmt":"2024-02-15T15:16:12","slug":"descarga-biometria-para-dummies","status":"publish","type":"page","link":"https:\/\/veridas.com\/es\/descarga-biometria-para-dummies\/","title":{"rendered":"Biometr\u00eda para dummies"},"content":{"rendered":"\t\t<div data-elementor-type=\"wp-page\" data-elementor-id=\"29469\" class=\"elementor elementor-29469\" data-elementor-settings=\"{&quot;ha_cmc_init_switcher&quot;:&quot;no&quot;}\" data-elementor-post-type=\"page\">\n\t\t\t\t\t\t<section class=\"elementor-section elementor-top-section elementor-element elementor-element-f497d64 elementor-section-boxed elementor-section-height-default elementor-section-height-default\" data-id=\"f497d64\" data-element_type=\"section\" data-e-type=\"section\">\n\t\t\t\t\t\t<div class=\"elementor-container elementor-column-gap-default\">\n\t\t\t\t\t<div class=\"elementor-column elementor-col-50 elementor-top-column elementor-element elementor-element-a113e90\" data-id=\"a113e90\" data-element_type=\"column\" data-e-type=\"column\">\n\t\t\t<div class=\"elementor-widget-wrap elementor-element-populated\">\n\t\t\t\t\t\t<div class=\"elementor-element elementor-element-6869a67 elementor-widget elementor-widget-image\" data-id=\"6869a67\" data-element_type=\"widget\" data-e-type=\"widget\" data-widget_type=\"image.default\">\n\t\t\t\t\t\t\t\t\t\t\t\t\t\t\t\t<a href=\"https:\/\/veridas.com\/\">\n\t\t\t\t\t\t\t<img fetchpriority=\"high\" decoding=\"async\" width=\"592\" height=\"131\" src=\"https:\/\/veridas.com\/wp-content\/uploads\/2024\/04\/VERIDAS-logo-azul-coral-rgb-592x131-1-1.png\" class=\"attachment-large size-large wp-image-76923\" alt=\"Logo de Veridas\" srcset=\"https:\/\/veridas.com\/wp-content\/uploads\/2024\/04\/VERIDAS-logo-azul-coral-rgb-592x131-1-1.png 592w, https:\/\/veridas.com\/wp-content\/uploads\/2024\/04\/VERIDAS-logo-azul-coral-rgb-592x131-1-1-300x66.png 300w\" sizes=\"(max-width: 592px) 100vw, 592px\" \/>\t\t\t\t\t\t\t\t<\/a>\n\t\t\t\t\t\t\t\t\t\t\t\t\t\t\t<\/div>\n\t\t\t\t\t<\/div>\n\t\t<\/div>\n\t\t\t\t<div class=\"elementor-column elementor-col-50 elementor-top-column elementor-element elementor-element-48437b0\" data-id=\"48437b0\" data-element_type=\"column\" data-e-type=\"column\">\n\t\t\t<div class=\"elementor-widget-wrap\">\n\t\t\t\t\t\t\t<\/div>\n\t\t<\/div>\n\t\t\t\t\t<\/div>\n\t\t<\/section>\n\t\t\t\t<section class=\"elementor-section elementor-top-section elementor-element elementor-element-3bc420e elementor-section-full_width elementor-section-height-default elementor-section-height-default\" data-id=\"3bc420e\" data-element_type=\"section\" data-e-type=\"section\" data-settings=\"{&quot;background_background&quot;:&quot;classic&quot;}\">\n\t\t\t\t\t\t<div class=\"elementor-container elementor-column-gap-default\">\n\t\t\t\t\t<div class=\"elementor-column elementor-col-100 elementor-top-column elementor-element elementor-element-4014f90\" data-id=\"4014f90\" data-element_type=\"column\" data-e-type=\"column\">\n\t\t\t<div class=\"elementor-widget-wrap elementor-element-populated\">\n\t\t\t\t\t\t<section class=\"elementor-section elementor-inner-section elementor-element elementor-element-f6602d1 elementor-section-boxed elementor-section-height-default elementor-section-height-default\" data-id=\"f6602d1\" data-element_type=\"section\" data-e-type=\"section\">\n\t\t\t\t\t\t<div class=\"elementor-container elementor-column-gap-default\">\n\t\t\t\t\t<div class=\"elementor-column elementor-col-100 elementor-inner-column elementor-element elementor-element-2f48933\" data-id=\"2f48933\" data-element_type=\"column\" data-e-type=\"column\">\n\t\t\t<div class=\"elementor-widget-wrap elementor-element-populated\">\n\t\t\t\t\t\t<div class=\"elementor-element elementor-element-f0b5b85 elementor-widget elementor-widget-spacer\" data-id=\"f0b5b85\" data-element_type=\"widget\" data-e-type=\"widget\" data-widget_type=\"spacer.default\">\n\t\t\t\t\t\t\t<div class=\"elementor-spacer\">\n\t\t\t<div class=\"elementor-spacer-inner\"><\/div>\n\t\t<\/div>\n\t\t\t\t\t\t<\/div>\n\t\t\t\t<div class=\"elementor-element elementor-element-15602d9 elementor-widget elementor-widget-heading\" data-id=\"15602d9\" data-element_type=\"widget\" data-e-type=\"widget\" data-widget_type=\"heading.default\">\n\t\t\t\t\t<h1 class=\"elementor-heading-title elementor-size-default\">eBook \/ Biometr\u00eda para dummies<\/h1>\t\t\t\t<\/div>\n\t\t\t\t<div class=\"elementor-element elementor-element-74972b2 elementor-widget__width-initial elementor-widget elementor-widget-text-editor\" data-id=\"74972b2\" data-element_type=\"widget\" data-e-type=\"widget\" data-widget_type=\"text-editor.default\">\n\t\t\t\t\t\t\t\t\t<p style=\"text-align: center;\">Rellena este formulario y encuentra la respuesta a las preguntas m\u00e1s frecuentes sobre la biometr\u00eda.\u00a0<\/p>\t\t\t\t\t\t\t\t<\/div>\n\t\t\t\t<div class=\"elementor-element elementor-element-4586224 elementor-widget elementor-widget-spacer\" data-id=\"4586224\" data-element_type=\"widget\" data-e-type=\"widget\" data-widget_type=\"spacer.default\">\n\t\t\t\t\t\t\t<div class=\"elementor-spacer\">\n\t\t\t<div class=\"elementor-spacer-inner\"><\/div>\n\t\t<\/div>\n\t\t\t\t\t\t<\/div>\n\t\t\t\t\t<\/div>\n\t\t<\/div>\n\t\t\t\t\t<\/div>\n\t\t<\/section>\n\t\t\t\t\t<\/div>\n\t\t<\/div>\n\t\t\t\t\t<\/div>\n\t\t<\/section>\n\t\t\t\t<section class=\"elementor-section elementor-top-section elementor-element elementor-element-3e70d9f0 elementor-reverse-tablet elementor-reverse-mobile elementor-section-boxed elementor-section-height-default elementor-section-height-default\" data-id=\"3e70d9f0\" data-element_type=\"section\" data-e-type=\"section\">\n\t\t\t\t\t\t<div class=\"elementor-container elementor-column-gap-no\">\n\t\t\t\t\t<div class=\"elementor-column elementor-col-50 elementor-top-column elementor-element elementor-element-20381c50\" data-id=\"20381c50\" data-element_type=\"column\" data-e-type=\"column\">\n\t\t\t<div class=\"elementor-widget-wrap elementor-element-populated\">\n\t\t\t\t\t\t<div class=\"elementor-element elementor-element-d0feea2 elementor-widget elementor-widget-image\" data-id=\"d0feea2\" data-element_type=\"widget\" data-e-type=\"widget\" data-widget_type=\"image.default\">\n\t\t\t\t\t\t\t\t\t\t\t\t\t\t\t<img decoding=\"async\" width=\"739\" height=\"1024\" src=\"https:\/\/veridas.com\/wp-content\/uploads\/2023\/05\/biometria-dummies-preview-739x1024.png\" class=\"attachment-large size-large wp-image-54778\" alt=\"\" srcset=\"https:\/\/veridas.com\/wp-content\/uploads\/2023\/05\/biometria-dummies-preview-739x1024.png 739w, https:\/\/veridas.com\/wp-content\/uploads\/2023\/05\/biometria-dummies-preview-216x300.png 216w, https:\/\/veridas.com\/wp-content\/uploads\/2023\/05\/biometria-dummies-preview-768x1064.png 768w, https:\/\/veridas.com\/wp-content\/uploads\/2023\/05\/biometria-dummies-preview.png 1068w\" sizes=\"(max-width: 739px) 100vw, 739px\" \/>\t\t\t\t\t\t\t\t\t\t\t\t\t\t\t<\/div>\n\t\t\t\t<section class=\"elementor-section elementor-inner-section elementor-element elementor-element-4e47383 elementor-section-boxed elementor-section-height-default elementor-section-height-default\" data-id=\"4e47383\" data-element_type=\"section\" data-e-type=\"section\">\n\t\t\t\t\t\t\t<div class=\"elementor-background-overlay\"><\/div>\n\t\t\t\t\t\t\t<div class=\"elementor-container elementor-column-gap-default\">\n\t\t\t\t\t<div class=\"elementor-column elementor-col-100 elementor-inner-column elementor-element elementor-element-1ab0bc3f\" data-id=\"1ab0bc3f\" data-element_type=\"column\" data-e-type=\"column\">\n\t\t\t<div class=\"elementor-widget-wrap elementor-element-populated\">\n\t\t\t\t\t\t<div class=\"elementor-element elementor-element-b456e2f elementor-widget elementor-widget-text-editor\" data-id=\"b456e2f\" data-element_type=\"widget\" data-e-type=\"widget\" data-widget_type=\"text-editor.default\">\n\t\t\t\t\t\t\t\t\t<p>Encuentra las respuestas a las preguntas m\u00e1s<br>frecuentes sobre la tecnolog\u00eda biom\u00e9trica,<br>Inteligencia Artificial y reconocimiento facial y<br>de voz de la mano de Mikel S\u00e1nchez.<\/p>\n<p><\/p>\t\t\t\t\t\t\t\t<\/div>\n\t\t\t\t<div class=\"elementor-element elementor-element-942456b elementor-widget elementor-widget-image\" data-id=\"942456b\" data-element_type=\"widget\" data-e-type=\"widget\" data-widget_type=\"image.default\">\n\t\t\t\t\t\t\t\t\t\t\t\t\t\t\t<img decoding=\"async\" width=\"150\" height=\"150\" src=\"https:\/\/veridas.com\/wp-content\/uploads\/2021\/12\/msanchez-150x150.jpg\" class=\"attachment-thumbnail size-thumbnail wp-image-25381\" alt=\"Mikel S\u00e1nchez\" srcset=\"https:\/\/veridas.com\/wp-content\/uploads\/2021\/12\/msanchez-150x150.jpg 150w, https:\/\/veridas.com\/wp-content\/uploads\/2021\/12\/msanchez-300x300.jpg 300w, https:\/\/veridas.com\/wp-content\/uploads\/2021\/12\/msanchez-1024x1024.jpg 1024w, https:\/\/veridas.com\/wp-content\/uploads\/2021\/12\/msanchez-768x768.jpg 768w, https:\/\/veridas.com\/wp-content\/uploads\/2021\/12\/msanchez.jpg 1500w\" sizes=\"(max-width: 150px) 100vw, 150px\" \/>\t\t\t\t\t\t\t\t\t\t\t\t\t\t\t<\/div>\n\t\t\t\t<div class=\"elementor-element elementor-element-46f7493 elementor-widget elementor-widget-text-editor\" data-id=\"46f7493\" data-element_type=\"widget\" data-e-type=\"widget\" data-widget_type=\"text-editor.default\">\n\t\t\t\t\t\t\t\t\t<p><strong>Mikel S\u00e1nchez<\/strong><\/p><p><em>Core Technologies Director\u00a0<\/em><\/p><p>Veridas<\/p>\t\t\t\t\t\t\t\t<\/div>\n\t\t\t\t<div class=\"elementor-element elementor-element-9ef89d4 elementor-align-center elementor-hidden-desktop elementor-hidden-tablet elementor-widget elementor-widget-button\" data-id=\"9ef89d4\" data-element_type=\"widget\" data-e-type=\"widget\" data-widget_type=\"button.default\">\n\t\t\t\t\t\t\t\t\t\t<a class=\"elementor-button elementor-button-link elementor-size-md\" href=\"#form\">\n\t\t\t\t\t\t<span class=\"elementor-button-content-wrapper\">\n\t\t\t\t\t\t<span class=\"elementor-button-icon\">\n\t\t\t\t<svg aria-hidden=\"true\" class=\"e-font-icon-svg e-far-arrow-alt-circle-up\" viewBox=\"0 0 512 512\" xmlns=\"http:\/\/www.w3.org\/2000\/svg\"><path d=\"M256 504c137 0 248-111 248-248S393 8 256 8 8 119 8 256s111 248 248 248zm0-448c110.5 0 200 89.5 200 200s-89.5 200-200 200S56 366.5 56 256 145.5 56 256 56zm20 328h-40c-6.6 0-12-5.4-12-12V256h-67c-10.7 0-16-12.9-8.5-20.5l99-99c4.7-4.7 12.3-4.7 17 0l99 99c7.6 7.6 2.2 20.5-8.5 20.5h-67v116c0 6.6-5.4 12-12 12z\"><\/path><\/svg>\t\t\t<\/span>\n\t\t\t\t\t\t\t\t\t<span class=\"elementor-button-text\">Descarga el eBook<\/span>\n\t\t\t\t\t<\/span>\n\t\t\t\t\t<\/a>\n\t\t\t\t\t\t\t\t<\/div>\n\t\t\t\t\t<\/div>\n\t\t<\/div>\n\t\t\t\t\t<\/div>\n\t\t<\/section>\n\t\t\t\t\t<\/div>\n\t\t<\/div>\n\t\t\t\t<div class=\"elementor-column elementor-col-50 elementor-top-column elementor-element elementor-element-b47451b\" data-id=\"b47451b\" data-element_type=\"column\" data-e-type=\"column\" id=\"clm-form\">\n\t\t\t<div class=\"elementor-widget-wrap elementor-element-populated\">\n\t\t\t\t\t\t<section class=\"elementor-section elementor-inner-section elementor-element elementor-element-fb7f0f1 elementor-section-boxed elementor-section-height-default elementor-section-height-default\" data-id=\"fb7f0f1\" data-element_type=\"section\" data-e-type=\"section\" id=\"form\">\n\t\t\t\t\t\t\t<div class=\"elementor-background-overlay\"><\/div>\n\t\t\t\t\t\t\t<div class=\"elementor-container elementor-column-gap-default\">\n\t\t\t\t\t<div class=\"elementor-column elementor-col-100 elementor-inner-column elementor-element elementor-element-5ada9eca elementor-invisible\" data-id=\"5ada9eca\" data-element_type=\"column\" data-e-type=\"column\" data-settings=\"{&quot;motion_fx_motion_fx_scrolling&quot;:&quot;yes&quot;,&quot;motion_fx_translateY_effect&quot;:&quot;yes&quot;,&quot;motion_fx_translateY_direction&quot;:&quot;negative&quot;,&quot;motion_fx_translateY_affectedRange&quot;:{&quot;unit&quot;:&quot;%&quot;,&quot;size&quot;:&quot;&quot;,&quot;sizes&quot;:{&quot;start&quot;:40,&quot;end&quot;:95}},&quot;motion_fx_devices&quot;:[&quot;desktop&quot;],&quot;animation&quot;:&quot;slideInUp&quot;,&quot;motion_fx_translateY_speed&quot;:{&quot;unit&quot;:&quot;px&quot;,&quot;size&quot;:4,&quot;sizes&quot;:[]}}\">\n\t\t\t<div class=\"elementor-widget-wrap elementor-element-populated\">\n\t\t\t\t\t\t<div class=\"elementor-element elementor-element-6223a9c3 elementor-widget elementor-widget-heading\" data-id=\"6223a9c3\" data-element_type=\"widget\" data-e-type=\"widget\" data-widget_type=\"heading.default\">\n\t\t\t\t\t<h2 class=\"elementor-heading-title elementor-size-default\">Rellena el formulario y descarga el eBook<\/h2>\t\t\t\t<\/div>\n\t\t\t\t<div class=\"elementor-element elementor-element-50d95770 elementor-widget elementor-widget-html\" data-id=\"50d95770\" data-element_type=\"widget\" data-e-type=\"widget\" data-widget_type=\"html.default\">\n\t\t\t\t\t<!--[if lte IE 8]>\n<script charset=\"utf-8\" type=\"text\/javascript\" src=\"\/\/js.hsforms.net\/forms\/v2-legacy.js\"><\/script>\n<![endif]-->\n<script charset=\"utf-8\" type=\"text\/javascript\" src=\"\/\/js.hsforms.net\/forms\/v2.js\"><\/script>\n<script>\n  hbspt.forms.create({\n\tregion: \"na1\",\n\tportalId: \"19918211\",\n\tformId: \"97c2b5f6-4819-4d13-a8bd-6f551a9cb7ce\"\n});\n<\/script>\t\t\t\t<\/div>\n\t\t\t\t\t<\/div>\n\t\t<\/div>\n\t\t\t\t\t<\/div>\n\t\t<\/section>\n\t\t\t\t\t<\/div>\n\t\t<\/div>\n\t\t\t\t\t<\/div>\n\t\t<\/section>\n\t\t<div class=\"elementor-element elementor-element-c3d64b9 e-con-full e-flex e-con e-parent\" data-id=\"c3d64b9\" data-element_type=\"container\" data-e-type=\"container\" data-settings=\"{&quot;background_background&quot;:&quot;classic&quot;}\">\n\t\t<div class=\"elementor-element elementor-element-b95ac5d e-con-full e-flex e-con e-child\" data-id=\"b95ac5d\" data-element_type=\"container\" data-e-type=\"container\">\n\t\t\t\t<div class=\"elementor-element elementor-element-a5c593b elementor-widget elementor-widget-text-editor\" data-id=\"a5c593b\" data-element_type=\"widget\" data-e-type=\"widget\" data-widget_type=\"text-editor.default\">\n\t\t\t\t\t\t\t\t\t\u00a9 VERIDAS 2026. Todos los derechos reservados.\t\t\t\t\t\t\t\t<\/div>\n\t\t\t\t<\/div>\n\t\t<div class=\"elementor-element elementor-element-b32fb75 e-flex e-con-boxed e-con e-child\" data-id=\"b32fb75\" data-element_type=\"container\" data-e-type=\"container\">\n\t\t\t\t\t<div class=\"e-con-inner\">\n\t\t\t\t<div class=\"elementor-element elementor-element-5f66789 elementor-widget elementor-widget-text-editor\" data-id=\"5f66789\" data-element_type=\"widget\" data-e-type=\"widget\" data-widget_type=\"text-editor.default\">\n\t\t\t\t\t\t\t\t\t<p><a href=\"https:\/\/veridas.com\/es\/politica-privacidad\/\" target=\"_blank\" rel=\"noopener\">Pol\u00edtica de Privacidad y Aviso Legal\u00a0<\/a> |\u00a0 <a href=\"https:\/\/veridas.com\/es\/politica-cookies\/\">Pol\u00edtica de Cookies<\/a>\u00a0 |\u00a0 <a href=\"https:\/\/veridas.com\/es\/politica-seguridad-informacion\/\">Seguridad de la informaci\u00f3n |\u00a0 <\/a><a href=\"https:\/\/veridas.com\/es\/politica-del-sistema-interno-de-informacion\/\" target=\"_blank\" rel=\"noopener\">Pol\u00edtica del Sistema Interno de Informaci\u00f3n<\/a><a href=\"https:\/\/veridas.com\/es\/politica-seguridad-informacion\/\"> |\u00a0 <\/a><a href=\"https:\/\/veridas.com\/es\/politica-de-calidad\/\">Pol\u00edtica de Calidad<\/a><a href=\"https:\/\/veridas.com\/es\/politica-seguridad-informacion\/\">\u00a0 |\u00a0 <\/a><a href=\"https:\/\/veridas.com\/es\/subvenciones-ayudas\/\">Subvenciones y ayudas<\/a><\/p>\t\t\t\t\t\t\t\t<\/div>\n\t\t\t\t\t<\/div>\n\t\t\t\t<\/div>\n\t\t\t\t<\/div>\n\t\t\t\t<\/div>\n\t\t","protected":false},"excerpt":{"rendered":"<p>eBook \/ Biometr\u00eda para dummies Rellena este formulario y encuentra la respuesta a las preguntas m\u00e1s frecuentes sobre la biometr\u00eda. Encuentra las respuestas a las preguntas m\u00e1s frecuentes sobre la tecnolog\u00eda biom\u00e9trica, Inteligencia Artificial y reconocimiento facial y de voz de la mano de Mikel S\u00e1nchez. Mikel S\u00e1nchez Core Technologies Director\u00a0 Veridas Descarga el eBook [&hellip;]<\/p>\n","protected":false},"author":4,"featured_media":71733,"parent":0,"menu_order":0,"comment_status":"closed","ping_status":"closed","template":"elementor_canvas","format":[286],"meta":{"_acf_changed":false,"inline_featured_image":false,"footnotes":""},"country":[],"resource":[293],"topic":[281],"industry":[],"solution":[269],"class_list":["post-29469","page","type-page","status-publish","has-post-thumbnail","hentry","resource-yes","format-ebook-es","topic-identidad","solution-verificacion-de-identidad"],"acf":[],"yoast_head":"<!-- This site is optimized with the Yoast SEO plugin v27.0 - https:\/\/yoast.com\/product\/yoast-seo-wordpress\/ -->\n<title>Biometr\u00eda para dummies &#8226; Veridas<\/title>\n<meta name=\"robots\" content=\"index, follow, max-snippet:-1, max-image-preview:large, max-video-preview:-1\" \/>\n<link rel=\"canonical\" href=\"https:\/\/veridas.com\/es\/descarga-biometria-para-dummies\/\" \/>\n<meta property=\"og:locale\" content=\"es_ES\" \/>\n<meta property=\"og:type\" content=\"article\" \/>\n<meta property=\"og:title\" content=\"Biometr\u00eda para dummies &#8226; Veridas\" \/>\n<meta property=\"og:description\" content=\"eBook \/ Biometr\u00eda para dummies Rellena este formulario y encuentra la respuesta a las preguntas m\u00e1s frecuentes sobre la biometr\u00eda. Encuentra las respuestas a las preguntas m\u00e1s frecuentes sobre la tecnolog\u00eda biom\u00e9trica, Inteligencia Artificial y reconocimiento facial y de voz de la mano de Mikel S\u00e1nchez. Mikel S\u00e1nchez Core Technologies Director\u00a0 Veridas Descarga el eBook [&hellip;]\" \/>\n<meta property=\"og:url\" content=\"https:\/\/veridas.com\/es\/descarga-biometria-para-dummies\/\" \/>\n<meta property=\"og:site_name\" content=\"Veridas\" \/>\n<meta property=\"article:modified_time\" content=\"2024-02-15T15:16:12+00:00\" \/>\n<meta property=\"og:image\" content=\"https:\/\/veridas.com\/wp-content\/uploads\/2024\/02\/biometria-para-dummies.jpg\" \/>\n\t<meta property=\"og:image:width\" content=\"1200\" \/>\n\t<meta property=\"og:image:height\" content=\"686\" \/>\n\t<meta property=\"og:image:type\" content=\"image\/jpeg\" \/>\n<meta name=\"twitter:card\" content=\"summary_large_image\" \/>\n<meta name=\"twitter:site\" content=\"@VeridasOfficial\" \/>\n<meta name=\"twitter:label1\" content=\"Tiempo de lectura\" \/>\n\t<meta name=\"twitter:data1\" content=\"1 minuto\" \/>\n<script type=\"application\/ld+json\" class=\"yoast-schema-graph\">{\"@context\":\"https:\/\/schema.org\",\"@graph\":[{\"@type\":\"WebPage\",\"@id\":\"https:\/\/veridas.com\/es\/descarga-biometria-para-dummies\/\",\"url\":\"https:\/\/veridas.com\/es\/descarga-biometria-para-dummies\/\",\"name\":\"Biometr\u00eda para dummies &#8226; Veridas\",\"isPartOf\":{\"@id\":\"https:\/\/veridas.com\/es\/pt\/#website\"},\"primaryImageOfPage\":{\"@id\":\"https:\/\/veridas.com\/es\/descarga-biometria-para-dummies\/#primaryimage\"},\"image\":{\"@id\":\"https:\/\/veridas.com\/es\/descarga-biometria-para-dummies\/#primaryimage\"},\"thumbnailUrl\":\"https:\/\/veridas.com\/wp-content\/uploads\/2024\/02\/biometria-para-dummies.jpg\",\"datePublished\":\"2022-03-03T16:53:52+00:00\",\"dateModified\":\"2024-02-15T15:16:12+00:00\",\"breadcrumb\":{\"@id\":\"https:\/\/veridas.com\/es\/descarga-biometria-para-dummies\/#breadcrumb\"},\"inLanguage\":\"es\",\"potentialAction\":[{\"@type\":\"ReadAction\",\"target\":[\"https:\/\/veridas.com\/es\/descarga-biometria-para-dummies\/\"]}]},{\"@type\":\"ImageObject\",\"inLanguage\":\"es\",\"@id\":\"https:\/\/veridas.com\/es\/descarga-biometria-para-dummies\/#primaryimage\",\"url\":\"https:\/\/veridas.com\/wp-content\/uploads\/2024\/02\/biometria-para-dummies.jpg\",\"contentUrl\":\"https:\/\/veridas.com\/wp-content\/uploads\/2024\/02\/biometria-para-dummies.jpg\",\"width\":1200,\"height\":686},{\"@type\":\"BreadcrumbList\",\"@id\":\"https:\/\/veridas.com\/es\/descarga-biometria-para-dummies\/#breadcrumb\",\"itemListElement\":[{\"@type\":\"ListItem\",\"position\":1,\"name\":\"Home\",\"item\":\"https:\/\/veridas.com\/es\/la-plataforma-de-verificacion-de-identidad-idv-que-ofrece-prevencion-de-fraude-real\/\"},{\"@type\":\"ListItem\",\"position\":2,\"name\":\"Biometr\u00eda para dummies\"}]},{\"@type\":\"WebSite\",\"@id\":\"https:\/\/veridas.com\/es\/pt\/#website\",\"url\":\"https:\/\/veridas.com\/es\/pt\/\",\"name\":\"Veridas\",\"description\":\"Just be you\",\"publisher\":{\"@id\":\"https:\/\/veridas.com\/es\/pt\/#organization\"},\"potentialAction\":[{\"@type\":\"SearchAction\",\"target\":{\"@type\":\"EntryPoint\",\"urlTemplate\":\"https:\/\/veridas.com\/es\/pt\/?s={search_term_string}\"},\"query-input\":{\"@type\":\"PropertyValueSpecification\",\"valueRequired\":true,\"valueName\":\"search_term_string\"}}],\"inLanguage\":\"es\"},{\"@type\":\"Organization\",\"@id\":\"https:\/\/veridas.com\/es\/pt\/#organization\",\"name\":\"Veridas\",\"url\":\"https:\/\/veridas.com\/es\/pt\/\",\"logo\":{\"@type\":\"ImageObject\",\"inLanguage\":\"es\",\"@id\":\"https:\/\/veridas.com\/es\/pt\/#\/schema\/logo\/image\/\",\"url\":\"https:\/\/veridas.com\/wp-content\/uploads\/2021\/09\/logo-veridas-calidad.png\",\"contentUrl\":\"https:\/\/veridas.com\/wp-content\/uploads\/2021\/09\/logo-veridas-calidad.png\",\"width\":2048,\"height\":1076,\"caption\":\"Veridas\"},\"image\":{\"@id\":\"https:\/\/veridas.com\/es\/pt\/#\/schema\/logo\/image\/\"},\"sameAs\":[\"https:\/\/x.com\/VeridasOfficial\",\"https:\/\/es.linkedin.com\/company\/veridas\",\"https:\/\/www.instagram.com\/veridas.life\/\",\"https:\/\/www.youtube.com\/@VeridasOfficial\"]}]}<\/script>\n<!-- \/ Yoast SEO plugin. -->","yoast_head_json":{"title":"Biometr\u00eda para dummies &#8226; Veridas","robots":{"index":"index","follow":"follow","max-snippet":"max-snippet:-1","max-image-preview":"max-image-preview:large","max-video-preview":"max-video-preview:-1"},"canonical":"https:\/\/veridas.com\/es\/descarga-biometria-para-dummies\/","og_locale":"es_ES","og_type":"article","og_title":"Biometr\u00eda para dummies &#8226; Veridas","og_description":"eBook \/ Biometr\u00eda para dummies Rellena este formulario y encuentra la respuesta a las preguntas m\u00e1s frecuentes sobre la biometr\u00eda. Encuentra las respuestas a las preguntas m\u00e1s frecuentes sobre la tecnolog\u00eda biom\u00e9trica, Inteligencia Artificial y reconocimiento facial y de voz de la mano de Mikel S\u00e1nchez. Mikel S\u00e1nchez Core Technologies Director\u00a0 Veridas Descarga el eBook [&hellip;]","og_url":"https:\/\/veridas.com\/es\/descarga-biometria-para-dummies\/","og_site_name":"Veridas","article_modified_time":"2024-02-15T15:16:12+00:00","og_image":[{"width":1200,"height":686,"url":"https:\/\/veridas.com\/wp-content\/uploads\/2024\/02\/biometria-para-dummies.jpg","type":"image\/jpeg"}],"twitter_card":"summary_large_image","twitter_site":"@VeridasOfficial","twitter_misc":{"Tiempo de lectura":"1 minuto"},"schema":{"@context":"https:\/\/schema.org","@graph":[{"@type":"WebPage","@id":"https:\/\/veridas.com\/es\/descarga-biometria-para-dummies\/","url":"https:\/\/veridas.com\/es\/descarga-biometria-para-dummies\/","name":"Biometr\u00eda para dummies &#8226; Veridas","isPartOf":{"@id":"https:\/\/veridas.com\/es\/pt\/#website"},"primaryImageOfPage":{"@id":"https:\/\/veridas.com\/es\/descarga-biometria-para-dummies\/#primaryimage"},"image":{"@id":"https:\/\/veridas.com\/es\/descarga-biometria-para-dummies\/#primaryimage"},"thumbnailUrl":"https:\/\/veridas.com\/wp-content\/uploads\/2024\/02\/biometria-para-dummies.jpg","datePublished":"2022-03-03T16:53:52+00:00","dateModified":"2024-02-15T15:16:12+00:00","breadcrumb":{"@id":"https:\/\/veridas.com\/es\/descarga-biometria-para-dummies\/#breadcrumb"},"inLanguage":"es","potentialAction":[{"@type":"ReadAction","target":["https:\/\/veridas.com\/es\/descarga-biometria-para-dummies\/"]}]},{"@type":"ImageObject","inLanguage":"es","@id":"https:\/\/veridas.com\/es\/descarga-biometria-para-dummies\/#primaryimage","url":"https:\/\/veridas.com\/wp-content\/uploads\/2024\/02\/biometria-para-dummies.jpg","contentUrl":"https:\/\/veridas.com\/wp-content\/uploads\/2024\/02\/biometria-para-dummies.jpg","width":1200,"height":686},{"@type":"BreadcrumbList","@id":"https:\/\/veridas.com\/es\/descarga-biometria-para-dummies\/#breadcrumb","itemListElement":[{"@type":"ListItem","position":1,"name":"Home","item":"https:\/\/veridas.com\/es\/la-plataforma-de-verificacion-de-identidad-idv-que-ofrece-prevencion-de-fraude-real\/"},{"@type":"ListItem","position":2,"name":"Biometr\u00eda para dummies"}]},{"@type":"WebSite","@id":"https:\/\/veridas.com\/es\/pt\/#website","url":"https:\/\/veridas.com\/es\/pt\/","name":"Veridas","description":"Just be you","publisher":{"@id":"https:\/\/veridas.com\/es\/pt\/#organization"},"potentialAction":[{"@type":"SearchAction","target":{"@type":"EntryPoint","urlTemplate":"https:\/\/veridas.com\/es\/pt\/?s={search_term_string}"},"query-input":{"@type":"PropertyValueSpecification","valueRequired":true,"valueName":"search_term_string"}}],"inLanguage":"es"},{"@type":"Organization","@id":"https:\/\/veridas.com\/es\/pt\/#organization","name":"Veridas","url":"https:\/\/veridas.com\/es\/pt\/","logo":{"@type":"ImageObject","inLanguage":"es","@id":"https:\/\/veridas.com\/es\/pt\/#\/schema\/logo\/image\/","url":"https:\/\/veridas.com\/wp-content\/uploads\/2021\/09\/logo-veridas-calidad.png","contentUrl":"https:\/\/veridas.com\/wp-content\/uploads\/2021\/09\/logo-veridas-calidad.png","width":2048,"height":1076,"caption":"Veridas"},"image":{"@id":"https:\/\/veridas.com\/es\/pt\/#\/schema\/logo\/image\/"},"sameAs":["https:\/\/x.com\/VeridasOfficial","https:\/\/es.linkedin.com\/company\/veridas","https:\/\/www.instagram.com\/veridas.life\/","https:\/\/www.youtube.com\/@VeridasOfficial"]}]}},"_links":{"self":[{"href":"https:\/\/veridas.com\/es\/wp-json\/wp\/v2\/pages\/29469","targetHints":{"allow":["GET"]}}],"collection":[{"href":"https:\/\/veridas.com\/es\/wp-json\/wp\/v2\/pages"}],"about":[{"href":"https:\/\/veridas.com\/es\/wp-json\/wp\/v2\/types\/page"}],"author":[{"embeddable":true,"href":"https:\/\/veridas.com\/es\/wp-json\/wp\/v2\/users\/4"}],"replies":[{"embeddable":true,"href":"https:\/\/veridas.com\/es\/wp-json\/wp\/v2\/comments?post=29469"}],"version-history":[{"count":10,"href":"https:\/\/veridas.com\/es\/wp-json\/wp\/v2\/pages\/29469\/revisions"}],"predecessor-version":[{"id":71735,"href":"https:\/\/veridas.com\/es\/wp-json\/wp\/v2\/pages\/29469\/revisions\/71735"}],"wp:featuredmedia":[{"embeddable":true,"href":"https:\/\/veridas.com\/es\/wp-json\/wp\/v2\/media\/71733"}],"wp:attachment":[{"href":"https:\/\/veridas.com\/es\/wp-json\/wp\/v2\/media?parent=29469"}],"wp:term":[{"taxonomy":"country","embeddable":true,"href":"https:\/\/veridas.com\/es\/wp-json\/wp\/v2\/country?post=29469"},{"taxonomy":"resource","embeddable":true,"href":"https:\/\/veridas.com\/es\/wp-json\/wp\/v2\/resource?post=29469"},{"taxonomy":"format","embeddable":true,"href":"https:\/\/veridas.com\/es\/wp-json\/wp\/v2\/format?post=29469"},{"taxonomy":"topic","embeddable":true,"href":"https:\/\/veridas.com\/es\/wp-json\/wp\/v2\/topic?post=29469"},{"taxonomy":"industry","embeddable":true,"href":"https:\/\/veridas.com\/es\/wp-json\/wp\/v2\/industry?post=29469"},{"taxonomy":"solution","embeddable":true,"href":"https:\/\/veridas.com\/es\/wp-json\/wp\/v2\/solution?post=29469"}],"curies":[{"name":"wp","href":"https:\/\/api.w.org\/{rel}","templated":true}]}}