{"id":3533,"date":"2021-08-30T10:29:58","date_gmt":"2021-08-30T10:29:58","guid":{"rendered":"https:\/\/veridas.com\/?page_id=3533"},"modified":"2024-02-16T09:26:34","modified_gmt":"2024-02-16T09:26:34","slug":"guia-cumplimiento-cnbv","status":"publish","type":"page","link":"https:\/\/veridas.com\/es\/guia-cumplimiento-cnbv\/","title":{"rendered":"Gu\u00eda de cumplimiento con la CNBV"},"content":{"rendered":"\t\t<div data-elementor-type=\"wp-page\" data-elementor-id=\"3533\" class=\"elementor elementor-3533\" data-elementor-settings=\"{&quot;ha_cmc_init_switcher&quot;:&quot;no&quot;}\" data-elementor-post-type=\"page\">\n\t\t\t\t\t\t<section class=\"elementor-section elementor-top-section elementor-element elementor-element-9497f93 elementor-section-boxed elementor-section-height-default elementor-section-height-default\" data-id=\"9497f93\" data-element_type=\"section\" data-e-type=\"section\">\n\t\t\t\t\t\t<div class=\"elementor-container elementor-column-gap-default\">\n\t\t\t\t\t<div class=\"elementor-column elementor-col-50 elementor-top-column elementor-element elementor-element-9e68633\" data-id=\"9e68633\" data-element_type=\"column\" data-e-type=\"column\">\n\t\t\t<div class=\"elementor-widget-wrap elementor-element-populated\">\n\t\t\t\t\t\t<div class=\"elementor-element elementor-element-91aa8d3 elementor-widget elementor-widget-image\" data-id=\"91aa8d3\" data-element_type=\"widget\" data-e-type=\"widget\" data-widget_type=\"image.default\">\n\t\t\t\t\t\t\t\t\t\t\t\t\t\t\t\t<a href=\"https:\/\/veridas.com\/\">\n\t\t\t\t\t\t\t<img decoding=\"async\" width=\"209\" height=\"47\" src=\"https:\/\/veridas.com\/wp-content\/uploads\/2023\/03\/logo-veridas-blue.png\" class=\"attachment-large size-large wp-image-48169\" alt=\"\" \/>\t\t\t\t\t\t\t\t<\/a>\n\t\t\t\t\t\t\t\t\t\t\t\t\t\t\t<\/div>\n\t\t\t\t\t<\/div>\n\t\t<\/div>\n\t\t\t\t<div class=\"elementor-column elementor-col-50 elementor-top-column elementor-element elementor-element-ca0a978\" data-id=\"ca0a978\" data-element_type=\"column\" data-e-type=\"column\">\n\t\t\t<div class=\"elementor-widget-wrap\">\n\t\t\t\t\t\t\t<\/div>\n\t\t<\/div>\n\t\t\t\t\t<\/div>\n\t\t<\/section>\n\t\t\t\t<section class=\"elementor-section elementor-top-section elementor-element elementor-element-473ba9c elementor-section-full_width elementor-section-height-default elementor-section-height-default\" data-id=\"473ba9c\" data-element_type=\"section\" data-e-type=\"section\" data-settings=\"{&quot;background_background&quot;:&quot;classic&quot;}\">\n\t\t\t\t\t\t<div class=\"elementor-container elementor-column-gap-default\">\n\t\t\t\t\t<div class=\"elementor-column elementor-col-100 elementor-top-column elementor-element elementor-element-0020945\" data-id=\"0020945\" data-element_type=\"column\" data-e-type=\"column\">\n\t\t\t<div class=\"elementor-widget-wrap elementor-element-populated\">\n\t\t\t\t\t\t<section class=\"elementor-section elementor-inner-section elementor-element elementor-element-91878fa elementor-section-boxed elementor-section-height-default elementor-section-height-default\" data-id=\"91878fa\" data-element_type=\"section\" data-e-type=\"section\">\n\t\t\t\t\t\t<div class=\"elementor-container elementor-column-gap-default\">\n\t\t\t\t\t<div class=\"elementor-column elementor-col-100 elementor-inner-column elementor-element elementor-element-9402860\" data-id=\"9402860\" data-element_type=\"column\" data-e-type=\"column\">\n\t\t\t<div class=\"elementor-widget-wrap elementor-element-populated\">\n\t\t\t\t\t\t<div class=\"elementor-element elementor-element-a0000f4 elementor-widget elementor-widget-spacer\" data-id=\"a0000f4\" data-element_type=\"widget\" data-e-type=\"widget\" data-widget_type=\"spacer.default\">\n\t\t\t\t\t\t\t<div class=\"elementor-spacer\">\n\t\t\t<div class=\"elementor-spacer-inner\"><\/div>\n\t\t<\/div>\n\t\t\t\t\t\t<\/div>\n\t\t\t\t<div class=\"elementor-element elementor-element-d10459c elementor-widget elementor-widget-heading\" data-id=\"d10459c\" data-element_type=\"widget\" data-e-type=\"widget\" data-widget_type=\"heading.default\">\n\t\t\t\t\t<h1 class=\"elementor-heading-title elementor-size-default\">Gu\u00eda \/ Nuevo marco  normativo de la CNBV<\/h1>\t\t\t\t<\/div>\n\t\t\t\t<div class=\"elementor-element elementor-element-4cd2667 elementor-widget__width-initial elementor-widget elementor-widget-text-editor\" data-id=\"4cd2667\" data-element_type=\"widget\" data-e-type=\"widget\" data-widget_type=\"text-editor.default\">\n\t\t\t\t\t\t\t\t\t<p>Rellena este formulario y desc\u00e1rgate nuestra gu\u00eda de adecuaci\u00f3n a la norma de forma gratuita.<\/p>\t\t\t\t\t\t\t\t<\/div>\n\t\t\t\t<div class=\"elementor-element elementor-element-1ce16d0 elementor-widget elementor-widget-spacer\" data-id=\"1ce16d0\" data-element_type=\"widget\" data-e-type=\"widget\" data-widget_type=\"spacer.default\">\n\t\t\t\t\t\t\t<div class=\"elementor-spacer\">\n\t\t\t<div class=\"elementor-spacer-inner\"><\/div>\n\t\t<\/div>\n\t\t\t\t\t\t<\/div>\n\t\t\t\t\t<\/div>\n\t\t<\/div>\n\t\t\t\t\t<\/div>\n\t\t<\/section>\n\t\t\t\t\t<\/div>\n\t\t<\/div>\n\t\t\t\t\t<\/div>\n\t\t<\/section>\n\t\t\t\t<section class=\"elementor-section elementor-top-section elementor-element elementor-element-5866ee7c elementor-reverse-tablet elementor-reverse-mobile elementor-section-boxed elementor-section-height-default elementor-section-height-default\" data-id=\"5866ee7c\" data-element_type=\"section\" data-e-type=\"section\">\n\t\t\t\t\t\t<div class=\"elementor-container elementor-column-gap-no\">\n\t\t\t\t\t<div class=\"elementor-column elementor-col-50 elementor-top-column elementor-element elementor-element-e436148\" data-id=\"e436148\" data-element_type=\"column\" data-e-type=\"column\">\n\t\t\t<div class=\"elementor-widget-wrap elementor-element-populated\">\n\t\t\t\t\t\t<section class=\"elementor-section elementor-inner-section elementor-element elementor-element-2a863e79 elementor-section-boxed elementor-section-height-default elementor-section-height-default\" data-id=\"2a863e79\" data-element_type=\"section\" data-e-type=\"section\">\n\t\t\t\t\t\t\t<div class=\"elementor-background-overlay\"><\/div>\n\t\t\t\t\t\t\t<div class=\"elementor-container elementor-column-gap-default\">\n\t\t\t\t\t<div class=\"elementor-column elementor-col-100 elementor-inner-column elementor-element elementor-element-158a5302\" data-id=\"158a5302\" data-element_type=\"column\" data-e-type=\"column\">\n\t\t\t<div class=\"elementor-widget-wrap elementor-element-populated\">\n\t\t\t\t\t\t<div class=\"elementor-element elementor-element-6c827df5 elementor-widget elementor-widget-spacer\" data-id=\"6c827df5\" data-element_type=\"widget\" data-e-type=\"widget\" data-widget_type=\"spacer.default\">\n\t\t\t\t\t\t\t<div class=\"elementor-spacer\">\n\t\t\t<div class=\"elementor-spacer-inner\"><\/div>\n\t\t<\/div>\n\t\t\t\t\t\t<\/div>\n\t\t\t\t<div class=\"elementor-element elementor-element-1c2ac665 elementor-widget elementor-widget-text-editor\" data-id=\"1c2ac665\" data-element_type=\"widget\" data-e-type=\"widget\" data-widget_type=\"text-editor.default\">\n\t\t\t\t\t\t\t\t\t<p><b>Veridas ofrece ya sus servicios a BBVA M\u00e9xico,<\/b>\u00a0principal instituci\u00f3n\u00a0financiera del pa\u00eds, entre otros bancos y se posiciona como uno de los\u00a0<b>proveedores de verificaci\u00f3n de identidad m\u00e1s importantes en Latinoam\u00e9rica<\/b>.\u00a0<\/p><p>Cabe destacar que el <strong>motor de biometr\u00eda facial<\/strong> de Veridas est\u00e1 <strong>optimizado<\/strong> espec\u00edficamente para la comparaci\u00f3n biom\u00e9trica en las fotos de las credenciales del INE y ha sido evaluado en las pruebas de verificaci\u00f3n e identificaci\u00f3n del\u00a0<i><strong>National Institute of Standards and Technology (NIST)<\/strong>\u00a0<\/i>en Estados Unidos.\u00a0<\/p><p><strong>Si quieres saber m\u00e1s sobre c\u00f3mo nuestra soluci\u00f3n de video-identificaci\u00f3n<\/strong> te ayuda a cumplir con el nuevo marco normativo de la CNBV, descarga nuestra gu\u00eda de adecuaci\u00f3n de forma gratuita.<\/p>\t\t\t\t\t\t\t\t<\/div>\n\t\t\t\t<div class=\"elementor-element elementor-element-1405e91 elementor-align-center elementor-hidden-desktop elementor-hidden-tablet elementor-widget elementor-widget-button\" data-id=\"1405e91\" data-element_type=\"widget\" data-e-type=\"widget\" data-widget_type=\"button.default\">\n\t\t\t\t\t\t\t\t\t\t<a class=\"elementor-button elementor-button-link elementor-size-md\" href=\"#clm-form\">\n\t\t\t\t\t\t<span class=\"elementor-button-content-wrapper\">\n\t\t\t\t\t\t<span class=\"elementor-button-icon\">\n\t\t\t\t<svg aria-hidden=\"true\" class=\"e-font-icon-svg e-far-arrow-alt-circle-down\" viewBox=\"0 0 512 512\" xmlns=\"http:\/\/www.w3.org\/2000\/svg\"><path d=\"M256 8C119 8 8 119 8 256s111 248 248 248 248-111 248-248S393 8 256 8zm0 448c-110.5 0-200-89.5-200-200S145.5 56 256 56s200 89.5 200 200-89.5 200-200 200zm-32-316v116h-67c-10.7 0-16 12.9-8.5 20.5l99 99c4.7 4.7 12.3 4.7 17 0l99-99c7.6-7.6 2.2-20.5-8.5-20.5h-67V140c0-6.6-5.4-12-12-12h-40c-6.6 0-12 5.4-12 12z\"><\/path><\/svg>\t\t\t<\/span>\n\t\t\t\t\t\t\t\t\t<span class=\"elementor-button-text\">descarga la gu\u00eda gratis<\/span>\n\t\t\t\t\t<\/span>\n\t\t\t\t\t<\/a>\n\t\t\t\t\t\t\t\t<\/div>\n\t\t\t\t\t<\/div>\n\t\t<\/div>\n\t\t\t\t\t<\/div>\n\t\t<\/section>\n\t\t\t\t\t<\/div>\n\t\t<\/div>\n\t\t\t\t<div class=\"elementor-column elementor-col-50 elementor-top-column elementor-element elementor-element-fe17164\" data-id=\"fe17164\" data-element_type=\"column\" data-e-type=\"column\" id=\"clm-form\">\n\t\t\t<div class=\"elementor-widget-wrap elementor-element-populated\">\n\t\t\t\t\t\t<section class=\"elementor-section elementor-inner-section elementor-element elementor-element-747e9d28 elementor-section-boxed elementor-section-height-default elementor-section-height-default\" data-id=\"747e9d28\" data-element_type=\"section\" data-e-type=\"section\">\n\t\t\t\t\t\t\t<div class=\"elementor-background-overlay\"><\/div>\n\t\t\t\t\t\t\t<div class=\"elementor-container elementor-column-gap-default\">\n\t\t\t\t\t<div class=\"elementor-column elementor-col-100 elementor-inner-column elementor-element elementor-element-43d1f3c1 elementor-invisible\" data-id=\"43d1f3c1\" data-element_type=\"column\" data-e-type=\"column\" data-settings=\"{&quot;motion_fx_motion_fx_scrolling&quot;:&quot;yes&quot;,&quot;motion_fx_translateY_effect&quot;:&quot;yes&quot;,&quot;motion_fx_translateY_direction&quot;:&quot;negative&quot;,&quot;motion_fx_translateY_affectedRange&quot;:{&quot;unit&quot;:&quot;%&quot;,&quot;size&quot;:&quot;&quot;,&quot;sizes&quot;:{&quot;start&quot;:40,&quot;end&quot;:95}},&quot;motion_fx_devices&quot;:[&quot;desktop&quot;],&quot;animation&quot;:&quot;slideInUp&quot;,&quot;motion_fx_translateY_speed&quot;:{&quot;unit&quot;:&quot;px&quot;,&quot;size&quot;:4,&quot;sizes&quot;:[]}}\">\n\t\t\t<div class=\"elementor-widget-wrap elementor-element-populated\">\n\t\t\t\t\t\t<div class=\"elementor-element elementor-element-5dde4f97 elementor-widget elementor-widget-heading\" data-id=\"5dde4f97\" data-element_type=\"widget\" data-e-type=\"widget\" data-widget_type=\"heading.default\">\n\t\t\t\t\t<h2 class=\"elementor-heading-title elementor-size-default\">Descarga la gu\u00eda gratis<\/h2>\t\t\t\t<\/div>\n\t\t\t\t<div class=\"elementor-element elementor-element-3067f990 elementor-widget elementor-widget-html\" data-id=\"3067f990\" data-element_type=\"widget\" data-e-type=\"widget\" data-widget_type=\"html.default\">\n\t\t\t\t\t<!--[if lte IE 8]>\r\n<script charset=\"utf-8\" type=\"text\/javascript\" src=\"\/\/js.hsforms.net\/forms\/v2-legacy.js\"><\/script>\r\n<![endif]-->\r\n<script charset=\"utf-8\" type=\"text\/javascript\" src=\"\/\/js.hsforms.net\/forms\/v2.js\"><\/script>\r\n<script>\r\n  hbspt.forms.create({\r\n\tregion: \"na1\",\r\n\tportalId: \"19918211\",\r\n\tformId: \"50853754-e159-409e-bcdc-f56cdf53fa00\"\r\n});\r\n<\/script>\t\t\t\t<\/div>\n\t\t\t\t\t<\/div>\n\t\t<\/div>\n\t\t\t\t\t<\/div>\n\t\t<\/section>\n\t\t\t\t\t<\/div>\n\t\t<\/div>\n\t\t\t\t\t<\/div>\n\t\t<\/section>\n\t\t\t\t<section class=\"elementor-section elementor-top-section elementor-element elementor-element-f3b1ec9 elementor-section-full_width elementor-section-height-default elementor-section-height-default\" data-id=\"f3b1ec9\" data-element_type=\"section\" data-e-type=\"section\" data-settings=\"{&quot;background_background&quot;:&quot;classic&quot;}\">\n\t\t\t\t\t\t\t<div class=\"elementor-background-overlay\"><\/div>\n\t\t\t\t\t\t\t<div class=\"elementor-container elementor-column-gap-default\">\n\t\t\t\t\t<div class=\"elementor-column elementor-col-50 elementor-top-column elementor-element elementor-element-3ad61b0\" data-id=\"3ad61b0\" data-element_type=\"column\" data-e-type=\"column\">\n\t\t\t<div class=\"elementor-widget-wrap elementor-element-populated\">\n\t\t\t\t\t\t<div class=\"elementor-element elementor-element-376d4bf elementor-widget elementor-widget-text-editor\" data-id=\"376d4bf\" data-element_type=\"widget\" data-e-type=\"widget\" data-widget_type=\"text-editor.default\">\n\t\t\t\t\t\t\t\t\t<p>\u00a9 VERIDAS 2023. Todos los derechos reservados.<\/p>\t\t\t\t\t\t\t\t<\/div>\n\t\t\t\t\t<\/div>\n\t\t<\/div>\n\t\t\t\t<div class=\"elementor-column elementor-col-50 elementor-top-column elementor-element elementor-element-77483ef\" data-id=\"77483ef\" data-element_type=\"column\" data-e-type=\"column\">\n\t\t\t<div class=\"elementor-widget-wrap elementor-element-populated\">\n\t\t\t\t\t\t<div class=\"elementor-element elementor-element-f938a37 elementor-widget elementor-widget-text-editor\" data-id=\"f938a37\" data-element_type=\"widget\" data-e-type=\"widget\" data-widget_type=\"text-editor.default\">\n\t\t\t\t\t\t\t\t\t<a style=\"color: white;\" href=\"\/politica-privacidad\/\">Pol\u00edtica de Privacidad y Aviso Legal<\/a> | <a style=\"color: white;\" href=\"https:\/\/veridas.com\/politica-cookies\">Pol\u00edtica de Cookies<\/a> | <a style=\"color: white;\" href=\"https:\/\/veridas.com\/politica-seguridad-informacion\">Seguridad de la informaci\u00f3n<\/a>\t\t\t\t\t\t\t\t<\/div>\n\t\t\t\t\t<\/div>\n\t\t<\/div>\n\t\t\t\t\t<\/div>\n\t\t<\/section>\n\t\t\t\t<\/div>\n\t\t","protected":false},"excerpt":{"rendered":"<p>Gu\u00eda \/ Nuevo marco normativo de la CNBV Rellena este formulario y desc\u00e1rgate nuestra gu\u00eda de adecuaci\u00f3n a la norma de forma gratuita. Veridas ofrece ya sus servicios a BBVA M\u00e9xico,\u00a0principal instituci\u00f3n\u00a0financiera del pa\u00eds, entre otros bancos y se posiciona como uno de los\u00a0proveedores de verificaci\u00f3n de identidad m\u00e1s importantes en Latinoam\u00e9rica. Cabe destacar que [&hellip;]<\/p>\n","protected":false},"author":4,"featured_media":71755,"parent":0,"menu_order":0,"comment_status":"closed","ping_status":"closed","template":"elementor_canvas","format":[286],"meta":{"_acf_changed":false,"inline_featured_image":false,"footnotes":""},"country":[],"resource":[293],"topic":[283],"industry":[272],"solution":[],"class_list":["post-3533","page","type-page","status-publish","has-post-thumbnail","hentry","resource-yes","format-ebook-es","topic-regulacion","industry-servicios-financieros"],"acf":[],"yoast_head":"<!-- This site is optimized with the Yoast SEO plugin v27.0 - https:\/\/yoast.com\/product\/yoast-seo-wordpress\/ -->\n<title>Gu\u00eda de cumplimiento con la CNBV &#8226; Veridas<\/title>\n<meta name=\"robots\" content=\"noindex, nofollow\" \/>\n<meta property=\"og:locale\" content=\"es_ES\" \/>\n<meta property=\"og:type\" content=\"article\" \/>\n<meta property=\"og:title\" content=\"Gu\u00eda de cumplimiento con la CNBV &#8226; Veridas\" \/>\n<meta property=\"og:description\" content=\"Gu\u00eda \/ Nuevo marco normativo de la CNBV Rellena este formulario y desc\u00e1rgate nuestra gu\u00eda de adecuaci\u00f3n a la norma de forma gratuita. Veridas ofrece ya sus servicios a BBVA M\u00e9xico,\u00a0principal instituci\u00f3n\u00a0financiera del pa\u00eds, entre otros bancos y se posiciona como uno de los\u00a0proveedores de verificaci\u00f3n de identidad m\u00e1s importantes en Latinoam\u00e9rica. Cabe destacar que [&hellip;]\" \/>\n<meta property=\"og:url\" content=\"https:\/\/veridas.com\/es\/guia-cumplimiento-cnbv\/\" \/>\n<meta property=\"og:site_name\" content=\"Veridas\" \/>\n<meta property=\"article:modified_time\" content=\"2024-02-16T09:26:34+00:00\" \/>\n<meta property=\"og:image\" content=\"https:\/\/veridas.com\/wp-content\/uploads\/2024\/02\/cnbv-mexico.jpg\" \/>\n\t<meta property=\"og:image:width\" content=\"1200\" \/>\n\t<meta property=\"og:image:height\" content=\"686\" \/>\n\t<meta property=\"og:image:type\" content=\"image\/jpeg\" \/>\n<meta name=\"twitter:card\" content=\"summary_large_image\" \/>\n<meta name=\"twitter:site\" content=\"@VeridasOfficial\" \/>\n<meta name=\"twitter:label1\" content=\"Tiempo de lectura\" \/>\n\t<meta name=\"twitter:data1\" content=\"1 minuto\" \/>\n<script type=\"application\/ld+json\" class=\"yoast-schema-graph\">{\"@context\":\"https:\/\/schema.org\",\"@graph\":[{\"@type\":\"WebPage\",\"@id\":\"https:\/\/veridas.com\/es\/guia-cumplimiento-cnbv\/\",\"url\":\"https:\/\/veridas.com\/es\/guia-cumplimiento-cnbv\/\",\"name\":\"Gu\u00eda de cumplimiento con la CNBV &#8226; Veridas\",\"isPartOf\":{\"@id\":\"https:\/\/veridas.com\/es\/pt\/#website\"},\"primaryImageOfPage\":{\"@id\":\"https:\/\/veridas.com\/es\/guia-cumplimiento-cnbv\/#primaryimage\"},\"image\":{\"@id\":\"https:\/\/veridas.com\/es\/guia-cumplimiento-cnbv\/#primaryimage\"},\"thumbnailUrl\":\"https:\/\/veridas.com\/wp-content\/uploads\/2024\/02\/cnbv-mexico.jpg\",\"datePublished\":\"2021-08-30T10:29:58+00:00\",\"dateModified\":\"2024-02-16T09:26:34+00:00\",\"breadcrumb\":{\"@id\":\"https:\/\/veridas.com\/es\/guia-cumplimiento-cnbv\/#breadcrumb\"},\"inLanguage\":\"es\",\"potentialAction\":[{\"@type\":\"ReadAction\",\"target\":[\"https:\/\/veridas.com\/es\/guia-cumplimiento-cnbv\/\"]}]},{\"@type\":\"ImageObject\",\"inLanguage\":\"es\",\"@id\":\"https:\/\/veridas.com\/es\/guia-cumplimiento-cnbv\/#primaryimage\",\"url\":\"https:\/\/veridas.com\/wp-content\/uploads\/2024\/02\/cnbv-mexico.jpg\",\"contentUrl\":\"https:\/\/veridas.com\/wp-content\/uploads\/2024\/02\/cnbv-mexico.jpg\",\"width\":1200,\"height\":686},{\"@type\":\"BreadcrumbList\",\"@id\":\"https:\/\/veridas.com\/es\/guia-cumplimiento-cnbv\/#breadcrumb\",\"itemListElement\":[{\"@type\":\"ListItem\",\"position\":1,\"name\":\"Home\",\"item\":\"https:\/\/veridas.com\/es\/la-plataforma-de-verificacion-de-identidad-idv-que-ofrece-prevencion-de-fraude-real\/\"},{\"@type\":\"ListItem\",\"position\":2,\"name\":\"Gu\u00eda de cumplimiento con la CNBV\"}]},{\"@type\":\"WebSite\",\"@id\":\"https:\/\/veridas.com\/es\/pt\/#website\",\"url\":\"https:\/\/veridas.com\/es\/pt\/\",\"name\":\"Veridas\",\"description\":\"Just be you\",\"publisher\":{\"@id\":\"https:\/\/veridas.com\/es\/pt\/#organization\"},\"potentialAction\":[{\"@type\":\"SearchAction\",\"target\":{\"@type\":\"EntryPoint\",\"urlTemplate\":\"https:\/\/veridas.com\/es\/pt\/?s={search_term_string}\"},\"query-input\":{\"@type\":\"PropertyValueSpecification\",\"valueRequired\":true,\"valueName\":\"search_term_string\"}}],\"inLanguage\":\"es\"},{\"@type\":\"Organization\",\"@id\":\"https:\/\/veridas.com\/es\/pt\/#organization\",\"name\":\"Veridas\",\"url\":\"https:\/\/veridas.com\/es\/pt\/\",\"logo\":{\"@type\":\"ImageObject\",\"inLanguage\":\"es\",\"@id\":\"https:\/\/veridas.com\/es\/pt\/#\/schema\/logo\/image\/\",\"url\":\"https:\/\/veridas.com\/wp-content\/uploads\/2021\/09\/logo-veridas-calidad.png\",\"contentUrl\":\"https:\/\/veridas.com\/wp-content\/uploads\/2021\/09\/logo-veridas-calidad.png\",\"width\":2048,\"height\":1076,\"caption\":\"Veridas\"},\"image\":{\"@id\":\"https:\/\/veridas.com\/es\/pt\/#\/schema\/logo\/image\/\"},\"sameAs\":[\"https:\/\/x.com\/VeridasOfficial\",\"https:\/\/es.linkedin.com\/company\/veridas\",\"https:\/\/www.instagram.com\/veridas.life\/\",\"https:\/\/www.youtube.com\/@VeridasOfficial\"]}]}<\/script>\n<!-- \/ Yoast SEO plugin. -->","yoast_head_json":{"title":"Gu\u00eda de cumplimiento con la CNBV &#8226; Veridas","robots":{"index":"noindex","follow":"nofollow"},"og_locale":"es_ES","og_type":"article","og_title":"Gu\u00eda de cumplimiento con la CNBV &#8226; Veridas","og_description":"Gu\u00eda \/ Nuevo marco normativo de la CNBV Rellena este formulario y desc\u00e1rgate nuestra gu\u00eda de adecuaci\u00f3n a la norma de forma gratuita. Veridas ofrece ya sus servicios a BBVA M\u00e9xico,\u00a0principal instituci\u00f3n\u00a0financiera del pa\u00eds, entre otros bancos y se posiciona como uno de los\u00a0proveedores de verificaci\u00f3n de identidad m\u00e1s importantes en Latinoam\u00e9rica. Cabe destacar que [&hellip;]","og_url":"https:\/\/veridas.com\/es\/guia-cumplimiento-cnbv\/","og_site_name":"Veridas","article_modified_time":"2024-02-16T09:26:34+00:00","og_image":[{"width":1200,"height":686,"url":"https:\/\/veridas.com\/wp-content\/uploads\/2024\/02\/cnbv-mexico.jpg","type":"image\/jpeg"}],"twitter_card":"summary_large_image","twitter_site":"@VeridasOfficial","twitter_misc":{"Tiempo de lectura":"1 minuto"},"schema":{"@context":"https:\/\/schema.org","@graph":[{"@type":"WebPage","@id":"https:\/\/veridas.com\/es\/guia-cumplimiento-cnbv\/","url":"https:\/\/veridas.com\/es\/guia-cumplimiento-cnbv\/","name":"Gu\u00eda de cumplimiento con la CNBV &#8226; Veridas","isPartOf":{"@id":"https:\/\/veridas.com\/es\/pt\/#website"},"primaryImageOfPage":{"@id":"https:\/\/veridas.com\/es\/guia-cumplimiento-cnbv\/#primaryimage"},"image":{"@id":"https:\/\/veridas.com\/es\/guia-cumplimiento-cnbv\/#primaryimage"},"thumbnailUrl":"https:\/\/veridas.com\/wp-content\/uploads\/2024\/02\/cnbv-mexico.jpg","datePublished":"2021-08-30T10:29:58+00:00","dateModified":"2024-02-16T09:26:34+00:00","breadcrumb":{"@id":"https:\/\/veridas.com\/es\/guia-cumplimiento-cnbv\/#breadcrumb"},"inLanguage":"es","potentialAction":[{"@type":"ReadAction","target":["https:\/\/veridas.com\/es\/guia-cumplimiento-cnbv\/"]}]},{"@type":"ImageObject","inLanguage":"es","@id":"https:\/\/veridas.com\/es\/guia-cumplimiento-cnbv\/#primaryimage","url":"https:\/\/veridas.com\/wp-content\/uploads\/2024\/02\/cnbv-mexico.jpg","contentUrl":"https:\/\/veridas.com\/wp-content\/uploads\/2024\/02\/cnbv-mexico.jpg","width":1200,"height":686},{"@type":"BreadcrumbList","@id":"https:\/\/veridas.com\/es\/guia-cumplimiento-cnbv\/#breadcrumb","itemListElement":[{"@type":"ListItem","position":1,"name":"Home","item":"https:\/\/veridas.com\/es\/la-plataforma-de-verificacion-de-identidad-idv-que-ofrece-prevencion-de-fraude-real\/"},{"@type":"ListItem","position":2,"name":"Gu\u00eda de cumplimiento con la CNBV"}]},{"@type":"WebSite","@id":"https:\/\/veridas.com\/es\/pt\/#website","url":"https:\/\/veridas.com\/es\/pt\/","name":"Veridas","description":"Just be you","publisher":{"@id":"https:\/\/veridas.com\/es\/pt\/#organization"},"potentialAction":[{"@type":"SearchAction","target":{"@type":"EntryPoint","urlTemplate":"https:\/\/veridas.com\/es\/pt\/?s={search_term_string}"},"query-input":{"@type":"PropertyValueSpecification","valueRequired":true,"valueName":"search_term_string"}}],"inLanguage":"es"},{"@type":"Organization","@id":"https:\/\/veridas.com\/es\/pt\/#organization","name":"Veridas","url":"https:\/\/veridas.com\/es\/pt\/","logo":{"@type":"ImageObject","inLanguage":"es","@id":"https:\/\/veridas.com\/es\/pt\/#\/schema\/logo\/image\/","url":"https:\/\/veridas.com\/wp-content\/uploads\/2021\/09\/logo-veridas-calidad.png","contentUrl":"https:\/\/veridas.com\/wp-content\/uploads\/2021\/09\/logo-veridas-calidad.png","width":2048,"height":1076,"caption":"Veridas"},"image":{"@id":"https:\/\/veridas.com\/es\/pt\/#\/schema\/logo\/image\/"},"sameAs":["https:\/\/x.com\/VeridasOfficial","https:\/\/es.linkedin.com\/company\/veridas","https:\/\/www.instagram.com\/veridas.life\/","https:\/\/www.youtube.com\/@VeridasOfficial"]}]}},"_links":{"self":[{"href":"https:\/\/veridas.com\/es\/wp-json\/wp\/v2\/pages\/3533","targetHints":{"allow":["GET"]}}],"collection":[{"href":"https:\/\/veridas.com\/es\/wp-json\/wp\/v2\/pages"}],"about":[{"href":"https:\/\/veridas.com\/es\/wp-json\/wp\/v2\/types\/page"}],"author":[{"embeddable":true,"href":"https:\/\/veridas.com\/es\/wp-json\/wp\/v2\/users\/4"}],"replies":[{"embeddable":true,"href":"https:\/\/veridas.com\/es\/wp-json\/wp\/v2\/comments?post=3533"}],"version-history":[{"count":5,"href":"https:\/\/veridas.com\/es\/wp-json\/wp\/v2\/pages\/3533\/revisions"}],"predecessor-version":[{"id":71835,"href":"https:\/\/veridas.com\/es\/wp-json\/wp\/v2\/pages\/3533\/revisions\/71835"}],"wp:featuredmedia":[{"embeddable":true,"href":"https:\/\/veridas.com\/es\/wp-json\/wp\/v2\/media\/71755"}],"wp:attachment":[{"href":"https:\/\/veridas.com\/es\/wp-json\/wp\/v2\/media?parent=3533"}],"wp:term":[{"taxonomy":"country","embeddable":true,"href":"https:\/\/veridas.com\/es\/wp-json\/wp\/v2\/country?post=3533"},{"taxonomy":"resource","embeddable":true,"href":"https:\/\/veridas.com\/es\/wp-json\/wp\/v2\/resource?post=3533"},{"taxonomy":"format","embeddable":true,"href":"https:\/\/veridas.com\/es\/wp-json\/wp\/v2\/format?post=3533"},{"taxonomy":"topic","embeddable":true,"href":"https:\/\/veridas.com\/es\/wp-json\/wp\/v2\/topic?post=3533"},{"taxonomy":"industry","embeddable":true,"href":"https:\/\/veridas.com\/es\/wp-json\/wp\/v2\/industry?post=3533"},{"taxonomy":"solution","embeddable":true,"href":"https:\/\/veridas.com\/es\/wp-json\/wp\/v2\/solution?post=3533"}],"curies":[{"name":"wp","href":"https:\/\/api.w.org\/{rel}","templated":true}]}}