{"id":4470,"date":"2021-08-30T15:56:55","date_gmt":"2021-08-30T15:56:55","guid":{"rendered":"https:\/\/veridas.com\/?page_id=4470"},"modified":"2025-07-24T10:53:09","modified_gmt":"2025-07-24T10:53:09","slug":"empleo","status":"publish","type":"page","link":"https:\/\/veridas.com\/es\/empleo\/","title":{"rendered":"Empleo"},"content":{"rendered":"\t\t<div data-elementor-type=\"wp-page\" data-elementor-id=\"4470\" class=\"elementor elementor-4470\" data-elementor-settings=\"{&quot;ha_cmc_init_switcher&quot;:&quot;no&quot;}\" data-elementor-post-type=\"page\">\n\t\t\t\t\t\t<section class=\"elementor-section elementor-top-section elementor-element elementor-element-9a821e2 elementor-section-boxed elementor-section-height-default elementor-section-height-default\" data-id=\"9a821e2\" data-element_type=\"section\" data-e-type=\"section\">\n\t\t\t\t\t\t<div class=\"elementor-container elementor-column-gap-default\">\n\t\t\t\t\t<div class=\"elementor-column elementor-col-100 elementor-top-column elementor-element elementor-element-5a95675\" data-id=\"5a95675\" data-element_type=\"column\" data-e-type=\"column\" data-settings=\"{&quot;background_background&quot;:&quot;classic&quot;}\">\n\t\t\t<div class=\"elementor-widget-wrap elementor-element-populated\">\n\t\t\t\t\t\t<div class=\"elementor-element elementor-element-e69841f elementor-widget elementor-widget-heading\" data-id=\"e69841f\" data-element_type=\"widget\" data-e-type=\"widget\" data-widget_type=\"heading.default\">\n\t\t\t\t\t<h1 class=\"elementor-heading-title elementor-size-default\"><span style=\"font-weight: 400;color: #ff7777\">\/<\/span>Oportunidades de empleo<\/h1>\t\t\t\t<\/div>\n\t\t\t\t<div class=\"elementor-element elementor-element-7d830c1 elementor-widget elementor-widget-spacer\" data-id=\"7d830c1\" data-element_type=\"widget\" data-e-type=\"widget\" data-widget_type=\"spacer.default\">\n\t\t\t\t\t\t\t<div class=\"elementor-spacer\">\n\t\t\t<div class=\"elementor-spacer-inner\"><\/div>\n\t\t<\/div>\n\t\t\t\t\t\t<\/div>\n\t\t\t\t<div class=\"elementor-element elementor-element-5b130d9 elementor-widget elementor-widget-html\" data-id=\"5b130d9\" data-element_type=\"widget\" data-e-type=\"widget\" data-widget_type=\"html.default\">\n\t\t\t\t\t<iframe id=\"personio-iframe\" style=\"border: none;\" src=\"https:\/\/veridas-1.jobs.personio.com\" width=\"100%\"><\/iframe>\n<script>\n  window.addEventListener('message', function(e) {\n    var iframe = document.querySelector('#personio-iframe');\n    var eventName = e.data[0];\n    var data = e.data[1];\n    switch(eventName) {\n      case 'setHeight':\n        iframe.style.height = data + 'px';\n        break;\n    }\n  }, false);\n<\/script>\t\t\t\t<\/div>\n\t\t\t\t\t<\/div>\n\t\t<\/div>\n\t\t\t\t\t<\/div>\n\t\t<\/section>\n\t\t\t\t<section class=\"elementor-section elementor-top-section elementor-element elementor-element-f774c9b elementor-section-boxed elementor-section-height-default elementor-section-height-default\" data-id=\"f774c9b\" data-element_type=\"section\" data-e-type=\"section\" data-settings=\"{&quot;background_background&quot;:&quot;classic&quot;}\">\n\t\t\t\t\t\t<div class=\"elementor-container elementor-column-gap-default\">\n\t\t\t\t\t<div class=\"elementor-column elementor-col-100 elementor-top-column elementor-element elementor-element-0105cdb\" data-id=\"0105cdb\" data-element_type=\"column\" data-e-type=\"column\">\n\t\t\t<div class=\"elementor-widget-wrap elementor-element-populated\">\n\t\t\t\t\t\t<section class=\"elementor-section elementor-inner-section elementor-element elementor-element-a3c680a elementor-section-boxed elementor-section-height-default elementor-section-height-default\" data-id=\"a3c680a\" data-element_type=\"section\" data-e-type=\"section\">\n\t\t\t\t\t\t<div class=\"elementor-container elementor-column-gap-default\">\n\t\t\t\t\t<div class=\"elementor-column elementor-col-100 elementor-inner-column elementor-element elementor-element-4e7e79d\" data-id=\"4e7e79d\" data-element_type=\"column\" data-e-type=\"column\">\n\t\t\t<div class=\"elementor-widget-wrap elementor-element-populated\">\n\t\t\t\t\t\t<div class=\"elementor-element elementor-element-194bb5e elementor-widget elementor-widget-heading\" data-id=\"194bb5e\" data-element_type=\"widget\" data-e-type=\"widget\" data-widget_type=\"heading.default\">\n\t\t\t\t\t<h2 class=\"elementor-heading-title elementor-size-default\"><span style=\"font-weight: 400;color: #ff7777\">\/<\/span>\u00bfPor qu\u00e9 trabajar en Veridas?<br>Tecnolog\u00eda, talento y trabajo<\/h2>\t\t\t\t<\/div>\n\t\t\t\t<div class=\"elementor-element elementor-element-fb1b43d elementor-widget elementor-widget-image\" data-id=\"fb1b43d\" data-element_type=\"widget\" data-e-type=\"widget\" data-widget_type=\"image.default\">\n\t\t\t\t\t\t\t\t\t\t\t\t\t\t\t<img decoding=\"async\" src=\"https:\/\/veridas.com\/wp-content\/plugins\/elementor\/assets\/images\/placeholder.png\" title=\"\" alt=\"\" loading=\"lazy\" \/>\t\t\t\t\t\t\t\t\t\t\t\t\t\t\t<\/div>\n\t\t\t\t\t<\/div>\n\t\t<\/div>\n\t\t\t\t\t<\/div>\n\t\t<\/section>\n\t\t\t\t<section class=\"elementor-section elementor-inner-section elementor-element elementor-element-4807286 elementor-section-boxed elementor-section-height-default elementor-section-height-default\" data-id=\"4807286\" data-element_type=\"section\" data-e-type=\"section\">\n\t\t\t\t\t\t<div class=\"elementor-container elementor-column-gap-default\">\n\t\t\t\t\t<div class=\"elementor-column elementor-col-100 elementor-inner-column elementor-element elementor-element-873d18d\" data-id=\"873d18d\" data-element_type=\"column\" data-e-type=\"column\">\n\t\t\t<div class=\"elementor-widget-wrap elementor-element-populated\">\n\t\t\t\t\t\t<div class=\"elementor-element elementor-element-e9b89bd elementor-blockquote--skin-quotation elementor-blockquote--align-center elementor-widget elementor-widget-blockquote\" data-id=\"e9b89bd\" data-element_type=\"widget\" data-e-type=\"widget\" data-widget_type=\"blockquote.default\">\n\t\t\t\t\t\t\t<blockquote class=\"elementor-blockquote\">\n\t\t\t<p class=\"elementor-blockquote__content\">\n\t\t\t\t<i>En Veridas buscamos a gente con actitud antes que aptitud.<\/i>\t\t\t<\/p>\n\t\t\t\t\t\t\t<div class=\"e-q-footer\">\n\t\t\t\t\t\t\t\t\t\t\t<cite class=\"elementor-blockquote__author\">Eduardo Azanza (CEO &amp; cofundador - Veridas) <\/cite>\n\t\t\t\t\t\t\t\t\t\t\t\t\t\t<\/div>\n\t\t\t\t\t<\/blockquote>\n\t\t\t\t\t\t<\/div>\n\t\t\t\t\t<\/div>\n\t\t<\/div>\n\t\t\t\t\t<\/div>\n\t\t<\/section>\n\t\t\t\t\t<\/div>\n\t\t<\/div>\n\t\t\t\t\t<\/div>\n\t\t<\/section>\n\t\t<div class=\"elementor-element elementor-element-cb35a54 e-flex e-con-boxed e-con e-parent\" data-id=\"cb35a54\" data-element_type=\"container\" data-e-type=\"container\">\n\t\t\t\t\t<div class=\"e-con-inner\">\n\t\t\t\t<div class=\"elementor-element elementor-element-04b2bd0 elementor-widget elementor-widget-heading\" data-id=\"04b2bd0\" data-element_type=\"widget\" data-e-type=\"widget\" data-widget_type=\"heading.default\">\n\t\t\t\t\t<h2 class=\"elementor-heading-title elementor-size-default\"><span style=\"font-weight: 400;color: #ff7777\">\/<\/span>Tu talento, nuestro prop\u00f3sito: <br>cambiemos el mundo a trav\u00e9s de la identidad<\/h2>\t\t\t\t<\/div>\n\t\t\t\t<div class=\"elementor-element elementor-element-60cdcfe elementor-widget elementor-widget-text-editor\" data-id=\"60cdcfe\" data-element_type=\"widget\" data-e-type=\"widget\" data-widget_type=\"text-editor.default\">\n\t\t\t\t\t\t\t\t\t<p>Llevamos desde 2017 creando soluciones que compiten contra los mejores del mundo, con la firme y clara intenci\u00f3n de mejorar la sociedad en la que vivimos, aportando confianza y seguridad en el mundo digital.<\/p><p>Porque la Inteligencia Artificial tiene que desarrollarse con valores humanos y, en Veridas, son las personas que forman nuestro equipo quienes los enriquecen.<\/p><p>Veridas es innovaci\u00f3n, desarrollo tecnol\u00f3gico y crecimiento personal.<\/p><p>Veridas es la oportunidad de ver crecer un proyecto ilusionante y con futuro, que sabemos en qu\u00e9 momento est\u00e1 ahora, pero que no sabemos hasta d\u00f3nde puede llegar.<\/p><p>Veridas tambi\u00e9n es diversi\u00f3n, memes y fiestas de navidad. Es flexibilidad y teletrabajo.<\/p><p>Veridas es responsabilidad, conciencia social y compromiso con formar a los m\u00e1s j\u00f3venes y los m\u00e1s desfavorecidos.<\/p><p>Veridas es internacional e intercultural. Veridas es equipo, compa\u00f1erismo y comunidad.<\/p><p>Veridas es tecnolog\u00eda, talento y trabajo.<\/p><p>Y, \u00bfsabes qu\u00e9 tienes que hacer para formar parte?<\/p><p><strong><em>Just be you!<\/em><\/strong><\/p>\t\t\t\t\t\t\t\t<\/div>\n\t\t\t\t\t<\/div>\n\t\t\t\t<\/div>\n\t\t\t\t<\/div>\n\t\t","protected":false},"excerpt":{"rendered":"<p>\/Oportunidades de empleo \/\u00bfPor qu\u00e9 trabajar en Veridas?Tecnolog\u00eda, talento y trabajo En Veridas buscamos a gente con actitud antes que aptitud. Eduardo Azanza (CEO &#038; cofundador &#8211; Veridas) \/Tu talento, nuestro prop\u00f3sito: cambiemos el mundo a trav\u00e9s de la identidad Llevamos desde 2017 creando soluciones que compiten contra los mejores del mundo, con la firme [&hellip;]<\/p>\n","protected":false},"author":47,"featured_media":43874,"parent":0,"menu_order":0,"comment_status":"closed","ping_status":"closed","template":"elementor_header_footer","format":[],"meta":{"_acf_changed":false,"inline_featured_image":false,"footnotes":""},"country":[],"resource":[],"topic":[],"industry":[],"solution":[],"class_list":["post-4470","page","type-page","status-publish","has-post-thumbnail","hentry"],"acf":[],"yoast_head":"<!-- This site is optimized with the Yoast SEO plugin v27.0 - https:\/\/yoast.com\/product\/yoast-seo-wordpress\/ -->\n<title>Ofertas de empleo en Veridas | \u00danete a nuestro equipo<\/title>\n<meta name=\"description\" content=\"\u00bfEst\u00e1s buscando un reto? Lo has encontrado. \u00danete a nuestro equipo y contribuye a construir un mundo sin llaves ni contrase\u00f1as. Just be you!\" \/>\n<meta name=\"robots\" content=\"index, follow, max-snippet:-1, max-image-preview:large, max-video-preview:-1\" \/>\n<link rel=\"canonical\" href=\"https:\/\/veridas.com\/es\/empleo\/\" \/>\n<meta property=\"og:locale\" content=\"es_ES\" \/>\n<meta property=\"og:type\" content=\"article\" \/>\n<meta property=\"og:title\" content=\"Ofertas de empleo en Veridas | \u00danete a nuestro equipo\" \/>\n<meta property=\"og:description\" content=\"\u00bfEst\u00e1s buscando un reto? Lo has encontrado. \u00danete a nuestro equipo y contribuye a construir un mundo sin llaves ni contrase\u00f1as. Just be you!\" \/>\n<meta property=\"og:url\" content=\"https:\/\/veridas.com\/es\/empleo\/\" \/>\n<meta property=\"og:site_name\" content=\"Veridas\" \/>\n<meta property=\"article:modified_time\" content=\"2025-07-24T10:53:09+00:00\" \/>\n<meta property=\"og:image\" content=\"https:\/\/veridas.com\/wp-content\/uploads\/2022\/11\/veridas-equipo-global-2022-scaled-1.jpg\" \/>\n\t<meta property=\"og:image:width\" content=\"2560\" \/>\n\t<meta property=\"og:image:height\" content=\"1709\" \/>\n\t<meta property=\"og:image:type\" content=\"image\/jpeg\" \/>\n<meta name=\"twitter:card\" content=\"summary_large_image\" \/>\n<meta name=\"twitter:site\" content=\"@VeridasOfficial\" \/>\n<meta name=\"twitter:label1\" content=\"Tiempo de lectura\" \/>\n\t<meta name=\"twitter:data1\" content=\"6 minutos\" \/>\n<script type=\"application\/ld+json\" class=\"yoast-schema-graph\">{\"@context\":\"https:\/\/schema.org\",\"@graph\":[{\"@type\":\"WebPage\",\"@id\":\"https:\/\/veridas.com\/es\/empleo\/\",\"url\":\"https:\/\/veridas.com\/es\/empleo\/\",\"name\":\"Ofertas de empleo en Veridas | \u00danete a nuestro equipo\",\"isPartOf\":{\"@id\":\"https:\/\/veridas.com\/es\/pt\/#website\"},\"primaryImageOfPage\":{\"@id\":\"https:\/\/veridas.com\/es\/empleo\/#primaryimage\"},\"image\":{\"@id\":\"https:\/\/veridas.com\/es\/empleo\/#primaryimage\"},\"thumbnailUrl\":\"https:\/\/veridas.com\/wp-content\/uploads\/2022\/11\/veridas-equipo-global-2022-scaled-1.jpg\",\"datePublished\":\"2021-08-30T15:56:55+00:00\",\"dateModified\":\"2025-07-24T10:53:09+00:00\",\"description\":\"\u00bfEst\u00e1s buscando un reto? Lo has encontrado. \u00danete a nuestro equipo y contribuye a construir un mundo sin llaves ni contrase\u00f1as. Just be you!\",\"breadcrumb\":{\"@id\":\"https:\/\/veridas.com\/es\/empleo\/#breadcrumb\"},\"inLanguage\":\"es\",\"potentialAction\":[{\"@type\":\"ReadAction\",\"target\":[\"https:\/\/veridas.com\/es\/empleo\/\"]}]},{\"@type\":\"ImageObject\",\"inLanguage\":\"es\",\"@id\":\"https:\/\/veridas.com\/es\/empleo\/#primaryimage\",\"url\":\"https:\/\/veridas.com\/wp-content\/uploads\/2022\/11\/veridas-equipo-global-2022-scaled-1.jpg\",\"contentUrl\":\"https:\/\/veridas.com\/wp-content\/uploads\/2022\/11\/veridas-equipo-global-2022-scaled-1.jpg\",\"width\":2560,\"height\":1709},{\"@type\":\"BreadcrumbList\",\"@id\":\"https:\/\/veridas.com\/es\/empleo\/#breadcrumb\",\"itemListElement\":[{\"@type\":\"ListItem\",\"position\":1,\"name\":\"Home\",\"item\":\"https:\/\/veridas.com\/es\/la-plataforma-de-verificacion-de-identidad-idv-que-ofrece-prevencion-de-fraude-real\/\"},{\"@type\":\"ListItem\",\"position\":2,\"name\":\"Empleo\"}]},{\"@type\":\"WebSite\",\"@id\":\"https:\/\/veridas.com\/es\/pt\/#website\",\"url\":\"https:\/\/veridas.com\/es\/pt\/\",\"name\":\"Veridas\",\"description\":\"Just be you\",\"publisher\":{\"@id\":\"https:\/\/veridas.com\/es\/pt\/#organization\"},\"potentialAction\":[{\"@type\":\"SearchAction\",\"target\":{\"@type\":\"EntryPoint\",\"urlTemplate\":\"https:\/\/veridas.com\/es\/pt\/?s={search_term_string}\"},\"query-input\":{\"@type\":\"PropertyValueSpecification\",\"valueRequired\":true,\"valueName\":\"search_term_string\"}}],\"inLanguage\":\"es\"},{\"@type\":\"Organization\",\"@id\":\"https:\/\/veridas.com\/es\/pt\/#organization\",\"name\":\"Veridas\",\"url\":\"https:\/\/veridas.com\/es\/pt\/\",\"logo\":{\"@type\":\"ImageObject\",\"inLanguage\":\"es\",\"@id\":\"https:\/\/veridas.com\/es\/pt\/#\/schema\/logo\/image\/\",\"url\":\"https:\/\/veridas.com\/wp-content\/uploads\/2021\/09\/logo-veridas-calidad.png\",\"contentUrl\":\"https:\/\/veridas.com\/wp-content\/uploads\/2021\/09\/logo-veridas-calidad.png\",\"width\":2048,\"height\":1076,\"caption\":\"Veridas\"},\"image\":{\"@id\":\"https:\/\/veridas.com\/es\/pt\/#\/schema\/logo\/image\/\"},\"sameAs\":[\"https:\/\/x.com\/VeridasOfficial\",\"https:\/\/es.linkedin.com\/company\/veridas\",\"https:\/\/www.instagram.com\/veridas.life\/\",\"https:\/\/www.youtube.com\/@VeridasOfficial\"]}]}<\/script>\n<!-- \/ Yoast SEO plugin. -->","yoast_head_json":{"title":"Ofertas de empleo en Veridas | \u00danete a nuestro equipo","description":"\u00bfEst\u00e1s buscando un reto? Lo has encontrado. \u00danete a nuestro equipo y contribuye a construir un mundo sin llaves ni contrase\u00f1as. Just be you!","robots":{"index":"index","follow":"follow","max-snippet":"max-snippet:-1","max-image-preview":"max-image-preview:large","max-video-preview":"max-video-preview:-1"},"canonical":"https:\/\/veridas.com\/es\/empleo\/","og_locale":"es_ES","og_type":"article","og_title":"Ofertas de empleo en Veridas | \u00danete a nuestro equipo","og_description":"\u00bfEst\u00e1s buscando un reto? Lo has encontrado. \u00danete a nuestro equipo y contribuye a construir un mundo sin llaves ni contrase\u00f1as. Just be you!","og_url":"https:\/\/veridas.com\/es\/empleo\/","og_site_name":"Veridas","article_modified_time":"2025-07-24T10:53:09+00:00","og_image":[{"width":2560,"height":1709,"url":"https:\/\/veridas.com\/wp-content\/uploads\/2022\/11\/veridas-equipo-global-2022-scaled-1.jpg","type":"image\/jpeg"}],"twitter_card":"summary_large_image","twitter_site":"@VeridasOfficial","twitter_misc":{"Tiempo de lectura":"6 minutos"},"schema":{"@context":"https:\/\/schema.org","@graph":[{"@type":"WebPage","@id":"https:\/\/veridas.com\/es\/empleo\/","url":"https:\/\/veridas.com\/es\/empleo\/","name":"Ofertas de empleo en Veridas | \u00danete a nuestro equipo","isPartOf":{"@id":"https:\/\/veridas.com\/es\/pt\/#website"},"primaryImageOfPage":{"@id":"https:\/\/veridas.com\/es\/empleo\/#primaryimage"},"image":{"@id":"https:\/\/veridas.com\/es\/empleo\/#primaryimage"},"thumbnailUrl":"https:\/\/veridas.com\/wp-content\/uploads\/2022\/11\/veridas-equipo-global-2022-scaled-1.jpg","datePublished":"2021-08-30T15:56:55+00:00","dateModified":"2025-07-24T10:53:09+00:00","description":"\u00bfEst\u00e1s buscando un reto? Lo has encontrado. \u00danete a nuestro equipo y contribuye a construir un mundo sin llaves ni contrase\u00f1as. Just be you!","breadcrumb":{"@id":"https:\/\/veridas.com\/es\/empleo\/#breadcrumb"},"inLanguage":"es","potentialAction":[{"@type":"ReadAction","target":["https:\/\/veridas.com\/es\/empleo\/"]}]},{"@type":"ImageObject","inLanguage":"es","@id":"https:\/\/veridas.com\/es\/empleo\/#primaryimage","url":"https:\/\/veridas.com\/wp-content\/uploads\/2022\/11\/veridas-equipo-global-2022-scaled-1.jpg","contentUrl":"https:\/\/veridas.com\/wp-content\/uploads\/2022\/11\/veridas-equipo-global-2022-scaled-1.jpg","width":2560,"height":1709},{"@type":"BreadcrumbList","@id":"https:\/\/veridas.com\/es\/empleo\/#breadcrumb","itemListElement":[{"@type":"ListItem","position":1,"name":"Home","item":"https:\/\/veridas.com\/es\/la-plataforma-de-verificacion-de-identidad-idv-que-ofrece-prevencion-de-fraude-real\/"},{"@type":"ListItem","position":2,"name":"Empleo"}]},{"@type":"WebSite","@id":"https:\/\/veridas.com\/es\/pt\/#website","url":"https:\/\/veridas.com\/es\/pt\/","name":"Veridas","description":"Just be you","publisher":{"@id":"https:\/\/veridas.com\/es\/pt\/#organization"},"potentialAction":[{"@type":"SearchAction","target":{"@type":"EntryPoint","urlTemplate":"https:\/\/veridas.com\/es\/pt\/?s={search_term_string}"},"query-input":{"@type":"PropertyValueSpecification","valueRequired":true,"valueName":"search_term_string"}}],"inLanguage":"es"},{"@type":"Organization","@id":"https:\/\/veridas.com\/es\/pt\/#organization","name":"Veridas","url":"https:\/\/veridas.com\/es\/pt\/","logo":{"@type":"ImageObject","inLanguage":"es","@id":"https:\/\/veridas.com\/es\/pt\/#\/schema\/logo\/image\/","url":"https:\/\/veridas.com\/wp-content\/uploads\/2021\/09\/logo-veridas-calidad.png","contentUrl":"https:\/\/veridas.com\/wp-content\/uploads\/2021\/09\/logo-veridas-calidad.png","width":2048,"height":1076,"caption":"Veridas"},"image":{"@id":"https:\/\/veridas.com\/es\/pt\/#\/schema\/logo\/image\/"},"sameAs":["https:\/\/x.com\/VeridasOfficial","https:\/\/es.linkedin.com\/company\/veridas","https:\/\/www.instagram.com\/veridas.life\/","https:\/\/www.youtube.com\/@VeridasOfficial"]}]}},"_links":{"self":[{"href":"https:\/\/veridas.com\/es\/wp-json\/wp\/v2\/pages\/4470","targetHints":{"allow":["GET"]}}],"collection":[{"href":"https:\/\/veridas.com\/es\/wp-json\/wp\/v2\/pages"}],"about":[{"href":"https:\/\/veridas.com\/es\/wp-json\/wp\/v2\/types\/page"}],"author":[{"embeddable":true,"href":"https:\/\/veridas.com\/es\/wp-json\/wp\/v2\/users\/47"}],"replies":[{"embeddable":true,"href":"https:\/\/veridas.com\/es\/wp-json\/wp\/v2\/comments?post=4470"}],"version-history":[{"count":14,"href":"https:\/\/veridas.com\/es\/wp-json\/wp\/v2\/pages\/4470\/revisions"}],"predecessor-version":[{"id":100383,"href":"https:\/\/veridas.com\/es\/wp-json\/wp\/v2\/pages\/4470\/revisions\/100383"}],"wp:featuredmedia":[{"embeddable":true,"href":"https:\/\/veridas.com\/es\/wp-json\/wp\/v2\/media\/43874"}],"wp:attachment":[{"href":"https:\/\/veridas.com\/es\/wp-json\/wp\/v2\/media?parent=4470"}],"wp:term":[{"taxonomy":"country","embeddable":true,"href":"https:\/\/veridas.com\/es\/wp-json\/wp\/v2\/country?post=4470"},{"taxonomy":"resource","embeddable":true,"href":"https:\/\/veridas.com\/es\/wp-json\/wp\/v2\/resource?post=4470"},{"taxonomy":"format","embeddable":true,"href":"https:\/\/veridas.com\/es\/wp-json\/wp\/v2\/format?post=4470"},{"taxonomy":"topic","embeddable":true,"href":"https:\/\/veridas.com\/es\/wp-json\/wp\/v2\/topic?post=4470"},{"taxonomy":"industry","embeddable":true,"href":"https:\/\/veridas.com\/es\/wp-json\/wp\/v2\/industry?post=4470"},{"taxonomy":"solution","embeddable":true,"href":"https:\/\/veridas.com\/es\/wp-json\/wp\/v2\/solution?post=4470"}],"curies":[{"name":"wp","href":"https:\/\/api.w.org\/{rel}","templated":true}]}}