{"id":51456,"date":"2023-04-05T07:35:12","date_gmt":"2023-04-05T07:35:12","guid":{"rendered":"https:\/\/veridas.com\/?page_id=51456"},"modified":"2025-09-17T14:10:25","modified_gmt":"2025-09-17T14:10:25","slug":"politica-de-calidad","status":"publish","type":"page","link":"https:\/\/veridas.com\/es\/politica-de-calidad\/","title":{"rendered":"Pol\u00edtica de calidad"},"content":{"rendered":"\t\t<div data-elementor-type=\"wp-page\" data-elementor-id=\"51456\" class=\"elementor elementor-51456\" data-elementor-settings=\"{&quot;ha_cmc_init_switcher&quot;:&quot;no&quot;}\" data-elementor-post-type=\"page\">\n\t\t\t\t\t\t<section class=\"elementor-section elementor-top-section elementor-element elementor-element-3e13fc3 elementor-section-boxed elementor-section-height-default elementor-section-height-default\" data-id=\"3e13fc3\" data-element_type=\"section\" data-e-type=\"section\" data-settings=\"{&quot;background_background&quot;:&quot;classic&quot;}\">\n\t\t\t\t\t\t<div class=\"elementor-container elementor-column-gap-default\">\n\t\t\t\t\t<div class=\"elementor-column elementor-col-100 elementor-top-column elementor-element elementor-element-3978a35\" data-id=\"3978a35\" data-element_type=\"column\" data-e-type=\"column\">\n\t\t\t<div class=\"elementor-widget-wrap elementor-element-populated\">\n\t\t\t\t\t\t<div class=\"elementor-element elementor-element-e0baa9c elementor-widget elementor-widget-heading\" data-id=\"e0baa9c\" data-element_type=\"widget\" data-e-type=\"widget\" data-widget_type=\"heading.default\">\n\t\t\t\t\t<h1 class=\"elementor-heading-title elementor-size-default\"><p style=\"color:white\">Pol\u00edtica de calidad<\/p><\/h1>\t\t\t\t<\/div>\n\t\t\t\t\t<\/div>\n\t\t<\/div>\n\t\t\t\t\t<\/div>\n\t\t<\/section>\n\t\t\t\t<section class=\"elementor-section elementor-top-section elementor-element elementor-element-ef1c40f elementor-section-boxed elementor-section-height-default elementor-section-height-default\" data-id=\"ef1c40f\" data-element_type=\"section\" data-e-type=\"section\">\n\t\t\t\t\t\t<div class=\"elementor-container elementor-column-gap-default\">\n\t\t\t\t\t<div class=\"elementor-column elementor-col-100 elementor-top-column elementor-element elementor-element-79a9b70\" data-id=\"79a9b70\" data-element_type=\"column\" data-e-type=\"column\">\n\t\t\t<div class=\"elementor-widget-wrap elementor-element-populated\">\n\t\t\t\t\t\t<div class=\"elementor-element elementor-element-cb6c961 elementor-widget elementor-widget-spacer\" data-id=\"cb6c961\" data-element_type=\"widget\" data-e-type=\"widget\" data-widget_type=\"spacer.default\">\n\t\t\t\t\t\t\t<div class=\"elementor-spacer\">\n\t\t\t<div class=\"elementor-spacer-inner\"><\/div>\n\t\t<\/div>\n\t\t\t\t\t\t<\/div>\n\t\t\t\t<div class=\"elementor-element elementor-element-d468aa8 elementor-widget elementor-widget-text-editor\" data-id=\"d468aa8\" data-element_type=\"widget\" data-e-type=\"widget\" data-widget_type=\"text-editor.default\">\n\t\t\t\t\t\t\t\t\tGrupo das-Nano (das-Nano, das-Nano Tech y Veridas) considera la Calidad de sus productos como su mayor responsabilidad y la mejora continua como uno de los elementos clave de la compa\u00f1\u00eda. Por ello, hemos implantado un Sistema de Gesti\u00f3n de Calidad seg\u00fan ISO 9001, con el objetivo de alcanzar la excelencia operacional y mantener nuestro liderazgo en el mercado.\t\t\t\t\t\t\t\t<\/div>\n\t\t\t\t<div class=\"elementor-element elementor-element-d904902 elementor-widget elementor-widget-text-editor\" data-id=\"d904902\" data-element_type=\"widget\" data-e-type=\"widget\" data-widget_type=\"text-editor.default\">\n\t\t\t\t\t\t\t\t\tNuestro sistema de Gesti\u00f3n de Calidad, tiene su base en esta Pol\u00edtica, que sirve de marco para establecer y revisar nuestros objetivos, y se basa en los siguientes compromisos fundamentales, que gu\u00edan nuestro comportamiento con:\t\t\t\t\t\t\t\t<\/div>\n\t\t\t\t<div class=\"elementor-element elementor-element-83fe66f elementor-widget elementor-widget-text-editor\" data-id=\"83fe66f\" data-element_type=\"widget\" data-e-type=\"widget\" data-widget_type=\"text-editor.default\">\n\t\t\t\t\t\t\t\t\t<p><b>Nuestros clientes:<\/b><\/p><ul><li>Satisfacer las necesidades y expectativas de nuestros clientes, tanto las actuales como futuras.<\/li><li>Proporcionar una cartera de tecnolog\u00eda en continua evoluci\u00f3n que ofrezca a nuestros clientes soluciones de vanguardia, adapt\u00e1ndonos a sus necesidades.<\/li><li>Alinear la estrategia de la compa\u00f1\u00eda para ofrecer productos de alto valor a\u00f1adido a nuestros clientes (presentes y potenciales), mejorando su grado de satisfacci\u00f3n.<\/li><\/ul>\t\t\t\t\t\t\t\t<\/div>\n\t\t\t\t<div class=\"elementor-element elementor-element-abd8983 elementor-widget elementor-widget-text-editor\" data-id=\"abd8983\" data-element_type=\"widget\" data-e-type=\"widget\" data-widget_type=\"text-editor.default\">\n\t\t\t\t\t\t\t\t\t<p><b>Nuestros empleados:<\/b><\/p><ul><li>Fomentar el compromiso y participaci\u00f3n de nuestros trabajadores con los valores de nuestra empresa para alcanzar la mejora continua de nuestros procesos a todos los niveles.<\/li><li>Mantener el elevado perfil t\u00e9cnico de nuestros trabajadores, que nos har\u00e1n mantenernos en una posici\u00f3n \u00fanica para seguir desarrollando la tecnolog\u00eda de nuestros productos.<\/li><\/ul>\t\t\t\t\t\t\t\t<\/div>\n\t\t\t\t<div class=\"elementor-element elementor-element-be321fa elementor-widget elementor-widget-text-editor\" data-id=\"be321fa\" data-element_type=\"widget\" data-e-type=\"widget\" data-widget_type=\"text-editor.default\">\n\t\t\t\t\t\t\t\t\t<p><b>Nuestros proveedores y colaboradores:<\/b><\/p><ul><li>Promover la colaboraci\u00f3n con nuestros proveedores y colaboradores, bas\u00e1ndonos en la comunicaci\u00f3n y el entendimiento, con el fin de asegurar unos productos y servicios de alta calidad<\/li><li>Potenciando la industria y la tecnolog\u00eda local<\/li><\/ul>\t\t\t\t\t\t\t\t<\/div>\n\t\t\t\t<div class=\"elementor-element elementor-element-d51be66 elementor-widget elementor-widget-text-editor\" data-id=\"d51be66\" data-element_type=\"widget\" data-e-type=\"widget\" data-widget_type=\"text-editor.default\">\n\t\t\t\t\t\t\t\t\t<p dir=\"ltr\"><b>Nuestras partes interesadas &#8211; Sociedad y medio ambiente<\/b><\/p>\n<ul>\n<li dir=\"ltr\">\n<p dir=\"ltr\" role=\"presentation\">Colaborar en el mantenimiento del liderazgo y competitividad de la empresa, reforzando la sostenibilidad como principio estrat\u00e9gico.<\/p>\n<\/li>\n<li dir=\"ltr\">\n<p dir=\"ltr\" role=\"presentation\">Prevenir y minimizar los impactos ambientales, optimizando el consumo de recursos naturales, energ\u00e9ticos y materiales, y fomentando la econom\u00eda circular.<\/p>\n<\/li>\n<li dir=\"ltr\">\n<p dir=\"ltr\" role=\"presentation\">Identificar y gestionar de forma proactiva los riesgos y oportunidades vinculados a calidad y sostenibilidad.<\/p>\n<\/li>\n<li dir=\"ltr\">\n<p dir=\"ltr\" role=\"presentation\">Cumplir permanentemente con los requisitos legales, \u00e9ticos y contractuales, as\u00ed como con las normativas aplicables en materia de sostenibilidad.<\/p>\n<\/li>\n<li dir=\"ltr\">\n<p dir=\"ltr\" role=\"presentation\">Mantener el compromiso de mejora continua para avanzar hacia la Calidad Total y la Sostenibilidad con cero defectos e impactos minimizados.<\/p>\n<\/li>\n<\/ul>\t\t\t\t\t\t\t\t<\/div>\n\t\t\t\t<div class=\"elementor-element elementor-element-1f528fa elementor-widget elementor-widget-text-editor\" data-id=\"1f528fa\" data-element_type=\"widget\" data-e-type=\"widget\" data-widget_type=\"text-editor.default\">\n\t\t\t\t\t\t\t\t\t<p>Desde la direcci\u00f3n de grupo das-Nano colaboramos en el mantenimiento del liderazgo de nuestra marca y de la competitividad y sostenibilidad de la empresa demostrando su compromiso con:<\/p><ul><li>Proporcionar un proceso para la identificaci\u00f3n proactiva y un manejo eficiente de los riesgos asociados con nuestros productos, procesos y tecnolog\u00edas.<\/li><li>Optimizar permanentemente los procesos mediante el an\u00e1lisis de la informaci\u00f3n generada por nuestro sistema de gesti\u00f3n de la calidad y de la opini\u00f3n de nuestros clientes y partes interesadas.<\/li><li>Asegurar un uso eficiente de los recursos humanos, materiales, naturales y financieros disponibles para el desempe\u00f1o de nuestras actividades.<\/li><li>Mantener el compromiso permanente de cumplir con los requisitos legales, internos y contractuales con el cliente.<\/li><li>Analizar y valorar toda la informaci\u00f3n generada por nuestro sistema y por las opiniones de nuestros clientes y dem\u00e1s partes interesadas, con el compromiso de mejorar continuamente.<\/li><li>Trabajar de forma permanente en los procesos de mejora continua para alcanzar la Calidad Total con \u2018cero defectos\u2019.<\/li><\/ul>\t\t\t\t\t\t\t\t<\/div>\n\t\t\t\t<div class=\"elementor-element elementor-element-f952d28 elementor-widget elementor-widget-text-editor\" data-id=\"f952d28\" data-element_type=\"widget\" data-e-type=\"widget\" data-widget_type=\"text-editor.default\">\n\t\t\t\t\t\t\t\t\t<p>Eduardo Azanza Ladr\u00f3n<\/p>\n<p>Direcci\u00f3n de grupo das-Nano<br>Tajonar, 17 de septiembre de 2023.<\/p>\t\t\t\t\t\t\t\t<\/div>\n\t\t\t\t\t<\/div>\n\t\t<\/div>\n\t\t\t\t\t<\/div>\n\t\t<\/section>\n\t\t\t\t<section class=\"elementor-section elementor-top-section elementor-element elementor-element-342848a elementor-section-boxed elementor-section-height-default elementor-section-height-default\" data-id=\"342848a\" data-element_type=\"section\" data-e-type=\"section\">\n\t\t\t\t\t\t<div class=\"elementor-container elementor-column-gap-default\">\n\t\t\t\t\t<div class=\"elementor-column elementor-col-100 elementor-top-column elementor-element elementor-element-f0da8f3\" data-id=\"f0da8f3\" data-element_type=\"column\" data-e-type=\"column\">\n\t\t\t<div class=\"elementor-widget-wrap elementor-element-populated\">\n\t\t\t\t\t\t<div class=\"elementor-element elementor-element-fcd3592 elementor-widget elementor-widget-spacer\" data-id=\"fcd3592\" data-element_type=\"widget\" data-e-type=\"widget\" data-widget_type=\"spacer.default\">\n\t\t\t\t\t\t\t<div class=\"elementor-spacer\">\n\t\t\t<div class=\"elementor-spacer-inner\"><\/div>\n\t\t<\/div>\n\t\t\t\t\t\t<\/div>\n\t\t\t\t\t<\/div>\n\t\t<\/div>\n\t\t\t\t\t<\/div>\n\t\t<\/section>\n\t\t\t\t<\/div>\n\t\t","protected":false},"excerpt":{"rendered":"<p>Pol\u00edtica de calidad Grupo das-Nano (das-Nano, das-Nano Tech y Veridas) considera la Calidad de sus productos como su mayor responsabilidad y la mejora continua como uno de los elementos clave de la compa\u00f1\u00eda. Por ello, hemos implantado un Sistema de Gesti\u00f3n de Calidad seg\u00fan ISO 9001, con el objetivo de alcanzar la excelencia operacional y [&hellip;]<\/p>\n","protected":false},"author":47,"featured_media":0,"parent":0,"menu_order":0,"comment_status":"closed","ping_status":"closed","template":"elementor_header_footer","format":[],"meta":{"_acf_changed":false,"inline_featured_image":false,"footnotes":""},"country":[],"resource":[],"topic":[],"industry":[],"solution":[],"class_list":["post-51456","page","type-page","status-publish","hentry"],"acf":[],"yoast_head":"<!-- This site is optimized with the Yoast SEO plugin v27.0 - https:\/\/yoast.com\/product\/yoast-seo-wordpress\/ -->\n<title>Pol\u00edtica de calidad &#8226; Veridas<\/title>\n<meta name=\"robots\" content=\"noindex, follow\" \/>\n<meta property=\"og:locale\" content=\"es_ES\" \/>\n<meta property=\"og:type\" content=\"article\" \/>\n<meta property=\"og:title\" content=\"Pol\u00edtica de calidad &#8226; Veridas\" \/>\n<meta property=\"og:description\" content=\"Pol\u00edtica de calidad Grupo das-Nano (das-Nano, das-Nano Tech y Veridas) considera la Calidad de sus productos como su mayor responsabilidad y la mejora continua como uno de los elementos clave de la compa\u00f1\u00eda. Por ello, hemos implantado un Sistema de Gesti\u00f3n de Calidad seg\u00fan ISO 9001, con el objetivo de alcanzar la excelencia operacional y [&hellip;]\" \/>\n<meta property=\"og:url\" content=\"https:\/\/veridas.com\/es\/politica-de-calidad\/\" \/>\n<meta property=\"og:site_name\" content=\"Veridas\" \/>\n<meta property=\"article:modified_time\" content=\"2025-09-17T14:10:25+00:00\" \/>\n<meta name=\"twitter:card\" content=\"summary_large_image\" \/>\n<meta name=\"twitter:site\" content=\"@VeridasOfficial\" \/>\n<meta name=\"twitter:label1\" content=\"Tiempo de lectura\" \/>\n\t<meta name=\"twitter:data1\" content=\"1 minuto\" \/>\n<script type=\"application\/ld+json\" class=\"yoast-schema-graph\">{\"@context\":\"https:\/\/schema.org\",\"@graph\":[{\"@type\":\"WebPage\",\"@id\":\"https:\/\/veridas.com\/es\/politica-de-calidad\/\",\"url\":\"https:\/\/veridas.com\/es\/politica-de-calidad\/\",\"name\":\"Pol\u00edtica de calidad &#8226; Veridas\",\"isPartOf\":{\"@id\":\"https:\/\/veridas.com\/es\/pt\/#website\"},\"datePublished\":\"2023-04-05T07:35:12+00:00\",\"dateModified\":\"2025-09-17T14:10:25+00:00\",\"breadcrumb\":{\"@id\":\"https:\/\/veridas.com\/es\/politica-de-calidad\/#breadcrumb\"},\"inLanguage\":\"es\",\"potentialAction\":[{\"@type\":\"ReadAction\",\"target\":[\"https:\/\/veridas.com\/es\/politica-de-calidad\/\"]}]},{\"@type\":\"BreadcrumbList\",\"@id\":\"https:\/\/veridas.com\/es\/politica-de-calidad\/#breadcrumb\",\"itemListElement\":[{\"@type\":\"ListItem\",\"position\":1,\"name\":\"Home\",\"item\":\"https:\/\/veridas.com\/es\/la-plataforma-de-verificacion-de-identidad-idv-que-ofrece-prevencion-de-fraude-real\/\"},{\"@type\":\"ListItem\",\"position\":2,\"name\":\"Pol\u00edtica de calidad\"}]},{\"@type\":\"WebSite\",\"@id\":\"https:\/\/veridas.com\/es\/pt\/#website\",\"url\":\"https:\/\/veridas.com\/es\/pt\/\",\"name\":\"Veridas\",\"description\":\"Just be you\",\"publisher\":{\"@id\":\"https:\/\/veridas.com\/es\/pt\/#organization\"},\"potentialAction\":[{\"@type\":\"SearchAction\",\"target\":{\"@type\":\"EntryPoint\",\"urlTemplate\":\"https:\/\/veridas.com\/es\/pt\/?s={search_term_string}\"},\"query-input\":{\"@type\":\"PropertyValueSpecification\",\"valueRequired\":true,\"valueName\":\"search_term_string\"}}],\"inLanguage\":\"es\"},{\"@type\":\"Organization\",\"@id\":\"https:\/\/veridas.com\/es\/pt\/#organization\",\"name\":\"Veridas\",\"url\":\"https:\/\/veridas.com\/es\/pt\/\",\"logo\":{\"@type\":\"ImageObject\",\"inLanguage\":\"es\",\"@id\":\"https:\/\/veridas.com\/es\/pt\/#\/schema\/logo\/image\/\",\"url\":\"https:\/\/veridas.com\/wp-content\/uploads\/2021\/09\/logo-veridas-calidad.png\",\"contentUrl\":\"https:\/\/veridas.com\/wp-content\/uploads\/2021\/09\/logo-veridas-calidad.png\",\"width\":2048,\"height\":1076,\"caption\":\"Veridas\"},\"image\":{\"@id\":\"https:\/\/veridas.com\/es\/pt\/#\/schema\/logo\/image\/\"},\"sameAs\":[\"https:\/\/x.com\/VeridasOfficial\",\"https:\/\/es.linkedin.com\/company\/veridas\",\"https:\/\/www.instagram.com\/veridas.life\/\",\"https:\/\/www.youtube.com\/@VeridasOfficial\"]}]}<\/script>\n<!-- \/ Yoast SEO plugin. -->","yoast_head_json":{"title":"Pol\u00edtica de calidad &#8226; Veridas","robots":{"index":"noindex","follow":"follow"},"og_locale":"es_ES","og_type":"article","og_title":"Pol\u00edtica de calidad &#8226; Veridas","og_description":"Pol\u00edtica de calidad Grupo das-Nano (das-Nano, das-Nano Tech y Veridas) considera la Calidad de sus productos como su mayor responsabilidad y la mejora continua como uno de los elementos clave de la compa\u00f1\u00eda. Por ello, hemos implantado un Sistema de Gesti\u00f3n de Calidad seg\u00fan ISO 9001, con el objetivo de alcanzar la excelencia operacional y [&hellip;]","og_url":"https:\/\/veridas.com\/es\/politica-de-calidad\/","og_site_name":"Veridas","article_modified_time":"2025-09-17T14:10:25+00:00","twitter_card":"summary_large_image","twitter_site":"@VeridasOfficial","twitter_misc":{"Tiempo de lectura":"1 minuto"},"schema":{"@context":"https:\/\/schema.org","@graph":[{"@type":"WebPage","@id":"https:\/\/veridas.com\/es\/politica-de-calidad\/","url":"https:\/\/veridas.com\/es\/politica-de-calidad\/","name":"Pol\u00edtica de calidad &#8226; Veridas","isPartOf":{"@id":"https:\/\/veridas.com\/es\/pt\/#website"},"datePublished":"2023-04-05T07:35:12+00:00","dateModified":"2025-09-17T14:10:25+00:00","breadcrumb":{"@id":"https:\/\/veridas.com\/es\/politica-de-calidad\/#breadcrumb"},"inLanguage":"es","potentialAction":[{"@type":"ReadAction","target":["https:\/\/veridas.com\/es\/politica-de-calidad\/"]}]},{"@type":"BreadcrumbList","@id":"https:\/\/veridas.com\/es\/politica-de-calidad\/#breadcrumb","itemListElement":[{"@type":"ListItem","position":1,"name":"Home","item":"https:\/\/veridas.com\/es\/la-plataforma-de-verificacion-de-identidad-idv-que-ofrece-prevencion-de-fraude-real\/"},{"@type":"ListItem","position":2,"name":"Pol\u00edtica de calidad"}]},{"@type":"WebSite","@id":"https:\/\/veridas.com\/es\/pt\/#website","url":"https:\/\/veridas.com\/es\/pt\/","name":"Veridas","description":"Just be you","publisher":{"@id":"https:\/\/veridas.com\/es\/pt\/#organization"},"potentialAction":[{"@type":"SearchAction","target":{"@type":"EntryPoint","urlTemplate":"https:\/\/veridas.com\/es\/pt\/?s={search_term_string}"},"query-input":{"@type":"PropertyValueSpecification","valueRequired":true,"valueName":"search_term_string"}}],"inLanguage":"es"},{"@type":"Organization","@id":"https:\/\/veridas.com\/es\/pt\/#organization","name":"Veridas","url":"https:\/\/veridas.com\/es\/pt\/","logo":{"@type":"ImageObject","inLanguage":"es","@id":"https:\/\/veridas.com\/es\/pt\/#\/schema\/logo\/image\/","url":"https:\/\/veridas.com\/wp-content\/uploads\/2021\/09\/logo-veridas-calidad.png","contentUrl":"https:\/\/veridas.com\/wp-content\/uploads\/2021\/09\/logo-veridas-calidad.png","width":2048,"height":1076,"caption":"Veridas"},"image":{"@id":"https:\/\/veridas.com\/es\/pt\/#\/schema\/logo\/image\/"},"sameAs":["https:\/\/x.com\/VeridasOfficial","https:\/\/es.linkedin.com\/company\/veridas","https:\/\/www.instagram.com\/veridas.life\/","https:\/\/www.youtube.com\/@VeridasOfficial"]}]}},"_links":{"self":[{"href":"https:\/\/veridas.com\/es\/wp-json\/wp\/v2\/pages\/51456","targetHints":{"allow":["GET"]}}],"collection":[{"href":"https:\/\/veridas.com\/es\/wp-json\/wp\/v2\/pages"}],"about":[{"href":"https:\/\/veridas.com\/es\/wp-json\/wp\/v2\/types\/page"}],"author":[{"embeddable":true,"href":"https:\/\/veridas.com\/es\/wp-json\/wp\/v2\/users\/47"}],"replies":[{"embeddable":true,"href":"https:\/\/veridas.com\/es\/wp-json\/wp\/v2\/comments?post=51456"}],"version-history":[{"count":23,"href":"https:\/\/veridas.com\/es\/wp-json\/wp\/v2\/pages\/51456\/revisions"}],"predecessor-version":[{"id":102102,"href":"https:\/\/veridas.com\/es\/wp-json\/wp\/v2\/pages\/51456\/revisions\/102102"}],"wp:attachment":[{"href":"https:\/\/veridas.com\/es\/wp-json\/wp\/v2\/media?parent=51456"}],"wp:term":[{"taxonomy":"country","embeddable":true,"href":"https:\/\/veridas.com\/es\/wp-json\/wp\/v2\/country?post=51456"},{"taxonomy":"resource","embeddable":true,"href":"https:\/\/veridas.com\/es\/wp-json\/wp\/v2\/resource?post=51456"},{"taxonomy":"format","embeddable":true,"href":"https:\/\/veridas.com\/es\/wp-json\/wp\/v2\/format?post=51456"},{"taxonomy":"topic","embeddable":true,"href":"https:\/\/veridas.com\/es\/wp-json\/wp\/v2\/topic?post=51456"},{"taxonomy":"industry","embeddable":true,"href":"https:\/\/veridas.com\/es\/wp-json\/wp\/v2\/industry?post=51456"},{"taxonomy":"solution","embeddable":true,"href":"https:\/\/veridas.com\/es\/wp-json\/wp\/v2\/solution?post=51456"}],"curies":[{"name":"wp","href":"https:\/\/api.w.org\/{rel}","templated":true}]}}