{"id":51534,"date":"2023-04-17T14:40:31","date_gmt":"2023-04-17T14:40:31","guid":{"rendered":"https:\/\/veridas.com\/?page_id=51534"},"modified":"2024-03-13T15:23:54","modified_gmt":"2024-03-13T15:23:54","slug":"ampliacion-capital-expansion-global","status":"publish","type":"page","link":"https:\/\/veridas.com\/es\/ampliacion-capital-expansion-global\/","title":{"rendered":"Veridas anuncia ampliaci\u00f3n de capital de 15 millones de euros para impulsar su expansi\u00f3n mundial como empresa de identidad"},"content":{"rendered":"\t\t<div data-elementor-type=\"wp-page\" data-elementor-id=\"51534\" class=\"elementor elementor-51534 elementor-51528\" data-elementor-settings=\"{&quot;ha_cmc_init_switcher&quot;:&quot;no&quot;}\" data-elementor-post-type=\"page\">\n\t\t\t\t\t\t<section class=\"elementor-section elementor-top-section elementor-element elementor-element-6e9d385 elementor-section-boxed elementor-section-height-default elementor-section-height-default\" data-id=\"6e9d385\" data-element_type=\"section\" data-e-type=\"section\">\n\t\t\t\t\t\t<div class=\"elementor-container elementor-column-gap-default\">\n\t\t\t\t\t<div class=\"elementor-column elementor-col-100 elementor-top-column elementor-element elementor-element-71b8db2\" data-id=\"71b8db2\" data-element_type=\"column\" data-e-type=\"column\">\n\t\t\t<div class=\"elementor-widget-wrap elementor-element-populated\">\n\t\t\t\t\t\t<div class=\"elementor-element elementor-element-6d7da8e elementor-widget elementor-widget-heading\" data-id=\"6d7da8e\" data-element_type=\"widget\" data-e-type=\"widget\" data-widget_type=\"heading.default\">\n\t\t\t\t\t<h2 class=\"elementor-heading-title elementor-size-default\">Veridas anuncia ampliaci\u00f3n de capital de 15 millones de euros para impulsar su expansi\u00f3n mundial como empresa de identidad<\/h2>\t\t\t\t<\/div>\n\t\t\t\t<div class=\"elementor-element elementor-element-1c75700 elementor-widget elementor-widget-text-editor\" data-id=\"1c75700\" data-element_type=\"widget\" data-e-type=\"widget\" data-widget_type=\"text-editor.default\">\n\t\t\t\t\t\t\t\t\t<p>La empresa tecnol\u00f3gica espa\u00f1ola pasa a integrar dasGate y se marca como objetivo crecer un 100% en 2023 con 26,3 millones de ingresos y 278 empleados.<\/p>\t\t\t\t\t\t\t\t<\/div>\n\t\t\t\t<div class=\"elementor-element elementor-element-44c41e6 elementor-widget elementor-widget-post-info\" data-id=\"44c41e6\" data-element_type=\"widget\" data-e-type=\"widget\" data-widget_type=\"post-info.default\">\n\t\t\t\t\t\t\t<ul class=\"elementor-inline-items elementor-icon-list-items elementor-post-info\">\n\t\t\t\t\t\t\t\t<li class=\"elementor-icon-list-item elementor-repeater-item-e323d37 elementor-inline-item\" itemprop=\"datePublished\">\n\t\t\t\t\t\t\t\t\t\t\t\t\t<span class=\"elementor-icon-list-text elementor-post-info__item elementor-post-info__item--type-date\">\n\t\t\t\t\t\t\t\t\t\t<time>abril 17, 2023<\/time>\t\t\t\t\t<\/span>\n\t\t\t\t\t\t\t\t<\/li>\n\t\t\t\t<\/ul>\n\t\t\t\t\t\t<\/div>\n\t\t\t\t<div class=\"elementor-element elementor-element-18c97a8 elementor-widget elementor-widget-spacer\" data-id=\"18c97a8\" data-element_type=\"widget\" data-e-type=\"widget\" data-widget_type=\"spacer.default\">\n\t\t\t\t\t\t\t<div class=\"elementor-spacer\">\n\t\t\t<div class=\"elementor-spacer-inner\"><\/div>\n\t\t<\/div>\n\t\t\t\t\t\t<\/div>\n\t\t\t\t<div class=\"elementor-element elementor-element-a97719e elementor-widget elementor-widget-text-editor\" data-id=\"a97719e\" data-element_type=\"widget\" data-e-type=\"widget\" data-widget_type=\"text-editor.default\">\n\t\t\t\t\t\t\t\t\t<p><span style=\"font-weight: 400;\">Veridas<\/span><span style=\"font-weight: 400;\">, empresa espa\u00f1ola especializada en identidad digital y biometr\u00eda, ha anunciado una ampliaci\u00f3n de capital de 15 millones de euros de sus propios socios y un nuevo posicionamiento como empresa global de identidad, ofreciendo soluciones para la gesti\u00f3n de la identidad en espacios digitales y f\u00edsicos. Adem\u00e1s, ha integrado dasGate en su plataforma para la gesti\u00f3n de la identidad en todo el ciclo de vida del cliente. Veridas ha experimentado un crecimiento del 133% respecto a 2021 y espera crecer otro 100% m\u00e1s en 2023, con una facturaci\u00f3n anual estimada de 26,3 millones de euros y una plantilla prevista de 278 empleados.<\/span><\/p><p><span style=\"font-weight: 400;\">Veridas es una compa\u00f1\u00eda global de origen navarro que comenz\u00f3 su andadura en 2017 como una joint venture con BBVA. En estos a\u00f1os, la compa\u00f1\u00eda ha conquistado la confianza de m\u00e1s de 250 clientes en 25 pa\u00edses, en sectores tan exigentes como la banca, los seguros, las telecomunicaciones o administraciones p\u00fablicas, entre otros.\u00a0<\/span><\/p><p><span style=\"font-weight: 400;\">\u201c<\/span><i><span style=\"font-weight: 400;\">La Identidad Real de las personas, garantizada por las soluciones de Veridas, es la pieza clave para la transformaci\u00f3n digital segura, a la vez que podemos mejorar su experiencia de usuario sin contrase\u00f1as y sin llaves.\u00a0 Somos una compa\u00f1\u00eda global, con presencia en Espa\u00f1a, M\u00e9xico, Estados Unidos, Reino Unido e Italia, y seguimos expandi\u00e9ndonos de la mano de nuestros clientes, gracias a una propuesta de valor diferencial en el sector de la identidad. Gracias a las tecnolog\u00edas de Veridas (calificadas entre las mejores del mundo por entidades como el NIST en USA) podemos acreditar\u00a0 la identidad de las personas en el espacio digital y f\u00edsico: Lo estamos haciendo ya dando de alta clientes con un selfie en banca, tramitando pensiones o servicios con nuestra voz, o accediendo a estadios o paso de fronteras con nuestra cara, garantizando siempre los derechos fundamentales de las personas\u201d,<\/span><\/i><span style=\"font-weight: 400;\"> afirma Eduardo Azanza, CEO de Veridas.<\/span><\/p><p><i><span style=\"font-weight: 400;\">\u201cVeridas naci\u00f3 con el prop\u00f3sito de garantizar el derecho al uso de la identidad real de las personas en el mundo digital y f\u00edsico. Por eso, tenemos la visi\u00f3n de un futuro sin contrase\u00f1as y sin llaves en el que las personas sean reconocidas, de forma privada, segura y voluntaria, por ser quienes son\u201d<\/span><\/i><span style=\"font-weight: 400;\">, a\u00f1ade.<\/span><\/p><h2><b>dasGate ahora es Veridas<\/b><\/h2><p><span style=\"font-weight: 400;\">Junto con la ampliaci\u00f3n de capital, Veridas anunci\u00f3 la incorporaci\u00f3n de dasGate, que hasta la fecha hab\u00eda operado como una compa\u00f1\u00eda independiente centrada en la gesti\u00f3n de accesos con biometr\u00eda facial.<\/span><\/p><p><span style=\"font-weight: 400;\">dasGate ha alcanzado grandes hitos en los \u00faltimos a\u00f1os: ser el primer sistema de acceso por reconocimiento facial para estadios de f\u00fatbol en Espa\u00f1a; y convertirse en la soluci\u00f3n preferida en nuestro pa\u00eds para prevenir el acceso de menores a Salones de Juego. Su soluci\u00f3n emplea el reconocimiento facial, informado y voluntario, que est\u00e1 cambiando la manera de acceder a espacios f\u00edsicos: establecimientos, eventos deportivos o conciertos. Su tecnolog\u00eda representa una manera r\u00e1pida de acceder sin necesidad de portar credenciales de cualquier tipo y m\u00e1s segura para organizadores y propietarios que no s\u00f3lo saben cu\u00e1ntas personas entran en sus espacios, sino qui\u00e9nes son.\u00a0<\/span><\/p><p><span style=\"font-weight: 400;\">Veridas est\u00e1 comprometida con liderar el uso de la tecnolog\u00eda biom\u00e9trica para cumplir con las regulaciones de protecci\u00f3n de datos. La empresa cree en el derecho de los ciudadanos a acreditar, si lo desean, su identidad en el \u00e1mbito digital y f\u00edsico utilizando la biometr\u00eda. Sin embargo, esto no constituye una obligaci\u00f3n.\u00a0<\/span><\/p><p><span style=\"font-weight: 400;\">Desde esa perspectiva, Veridas ofrece sus soluciones en distintos casos de uso ampar\u00e1ndose en una regulaci\u00f3n existente desde hace varios a\u00f1os y que contin\u00faa creciendo en varios sectores (financiero; del juego; y de los prestadores de servicios electr\u00f3nicos de confianza) y en el acceso a los estadios de f\u00fatbol.<\/span><\/p><p><span style=\"font-weight: 400;\">Mediante sus soluciones modulares, 100% automatizadas y adaptables, Veridas permite que sus clientes puedan resolver cualquier escenario de identificaci\u00f3n con un \u00fanico proveedor. Esto es posible gracias a sus tecnolog\u00edas propias de autenticaci\u00f3n de usuarios como la biometr\u00eda facial, de voz y verificaci\u00f3n de documentos de identidad.\u00a0<\/span><span style=\"font-weight: 400;\">\u00a0<\/span><\/p><p><span style=\"font-weight: 400;\">\u201c<\/span><i><span style=\"font-weight: 400;\">Todo lo que hemos hecho hasta ahora ha sido una preparaci\u00f3n para este momento hist\u00f3rico de nuestra compa\u00f1\u00eda. Estamos aqu\u00ed para convertir a Veridas en una de las 3 compa\u00f1\u00edas m\u00e1s importantes del mundo en \u00e1mbito de la identidad, y hacerlo en los pr\u00f3ximos 5 a\u00f1os. Dos palancas lo har\u00e1n posible: un equipo humano excepcional, que no para de crecer, y un producto tecnol\u00f3gico que demuestra a diario un rendimiento y potencial entre los mejores<\/span><\/i><span style=\"font-weight: 400;\">\u201d, sostiene Azanza.<\/span><\/p><p>\u00a0<\/p><h2><b>Acerca de Veridas<\/b><\/h2><p><span style=\"font-weight: 400;\">Veridas es una empresa de tecnolog\u00eda fundada en 2017 como<\/span><i><span style=\"font-weight: 400;\"> joint venture<\/span><\/i><span style=\"font-weight: 400;\"> junto a BBVA. Desde entonces, se ha convertido en un actor l\u00edder a nivel mundial en la industria de la identidad, atendiendo a m\u00e1s de 250 clientes en 25 pa\u00edses en sectores como la banca, los seguros, las telecomunicaciones o las Administraciones P\u00fablicas, entre otros.\u00a0<\/span><\/p><p><span style=\"font-weight: 400;\">El \u00e9xito de Veridas se basa en su compromiso con la tecnolog\u00eda, el talento, y su misi\u00f3n es permitir la verificaci\u00f3n y autenticaci\u00f3n de identidad segura y confiable a trav\u00e9s de sus soluciones biom\u00e9tricas de vanguardia.<\/span><\/p><p><span style=\"font-weight: 400;\">Veridas gira en torno a lo que se denomina \u00abidentidad Phygital\u00bb, combinando la verificaci\u00f3n de identidad f\u00edsica y digital para una experiencia de usuario sin fricciones. Sus soluciones modulares, con tecnolog\u00eda 100% propietaria de biometr\u00eda facial, biometr\u00eda de voz y verificaci\u00f3n de documentos de identidad, se pueden adaptar a cualquier escenario.<\/span><\/p><p><span style=\"font-weight: 400;\">Veridas naci\u00f3 con el prop\u00f3sito de garantizar el derecho de las personas a utilizar sus identidades reales en el mundo digital y f\u00edsico. Su visi\u00f3n es un futuro sin contrase\u00f1as ni claves, donde las personas sean reconocidas de forma privada, segura y voluntaria por quienes son.<\/span><\/p>\t\t\t\t\t\t\t\t<\/div>\n\t\t\t\t\t<\/div>\n\t\t<\/div>\n\t\t\t\t\t<\/div>\n\t\t<\/section>\n\t\t\t\t<\/div>\n\t\t","protected":false},"excerpt":{"rendered":"<p>La empresa tecnol\u00f3gica espa\u00f1ola pasa a integrar dasGate y se marca como objetivo crecer un 100% en 2023 con 26,3 millones de ingresos y 278 empleados. Veridas, empresa espa\u00f1ola especializada en identidad digital y biometr\u00eda, ha anunciado una ampliaci\u00f3n de capital de 15 millones de euros de sus propios socios y un nuevo posicionamiento como [&hellip;]<\/p>\n","protected":false},"author":4,"featured_media":51398,"parent":0,"menu_order":0,"comment_status":"closed","ping_status":"closed","template":"elementor_header_footer","format":[284],"meta":{"_acf_changed":false,"inline_featured_image":false,"footnotes":""},"country":[],"resource":[293],"topic":[282],"industry":[],"solution":[],"class_list":["post-51534","page","type-page","status-publish","has-post-thumbnail","hentry","resource-yes","format-articulo","topic-hitos"],"acf":[],"yoast_head":"<!-- This site is optimized with the Yoast SEO plugin v27.0 - https:\/\/yoast.com\/product\/yoast-seo-wordpress\/ -->\n<title>Veridas anuncia ampliaci\u00f3n de capital de 15 millones de euros para impulsar su expansi\u00f3n mundial como empresa de identidad &#8226; Veridas<\/title>\n<meta name=\"robots\" content=\"index, follow, max-snippet:-1, max-image-preview:large, max-video-preview:-1\" \/>\n<link rel=\"canonical\" href=\"https:\/\/veridas.com\/es\/ampliacion-capital-expansion-global\/\" \/>\n<meta property=\"og:locale\" content=\"es_ES\" \/>\n<meta property=\"og:type\" content=\"article\" \/>\n<meta property=\"og:title\" content=\"Veridas anuncia ampliaci\u00f3n de capital de 15 millones de euros para impulsar su expansi\u00f3n mundial como empresa de identidad &#8226; Veridas\" \/>\n<meta property=\"og:description\" content=\"La empresa tecnol\u00f3gica espa\u00f1ola pasa a integrar dasGate y se marca como objetivo crecer un 100% en 2023 con 26,3 millones de ingresos y 278 empleados. Veridas, empresa espa\u00f1ola especializada en identidad digital y biometr\u00eda, ha anunciado una ampliaci\u00f3n de capital de 15 millones de euros de sus propios socios y un nuevo posicionamiento como [&hellip;]\" \/>\n<meta property=\"og:url\" content=\"https:\/\/veridas.com\/es\/ampliacion-capital-expansion-global\/\" \/>\n<meta property=\"og:site_name\" content=\"Veridas\" \/>\n<meta property=\"article:modified_time\" content=\"2024-03-13T15:23:54+00:00\" \/>\n<meta property=\"og:image\" content=\"https:\/\/veridas.com\/wp-content\/uploads\/2023\/04\/Veridas-face-authentication-html-check.jpg\" \/>\n\t<meta property=\"og:image:width\" content=\"1920\" \/>\n\t<meta property=\"og:image:height\" content=\"1280\" \/>\n\t<meta property=\"og:image:type\" content=\"image\/jpeg\" \/>\n<meta name=\"twitter:card\" content=\"summary_large_image\" \/>\n<meta name=\"twitter:site\" content=\"@VeridasOfficial\" \/>\n<meta name=\"twitter:label1\" content=\"Tiempo de lectura\" \/>\n\t<meta name=\"twitter:data1\" content=\"5 minutos\" \/>\n<script type=\"application\/ld+json\" class=\"yoast-schema-graph\">{\"@context\":\"https:\/\/schema.org\",\"@graph\":[{\"@type\":\"WebPage\",\"@id\":\"https:\/\/veridas.com\/es\/ampliacion-capital-expansion-global\/\",\"url\":\"https:\/\/veridas.com\/es\/ampliacion-capital-expansion-global\/\",\"name\":\"Veridas anuncia ampliaci\u00f3n de capital de 15 millones de euros para impulsar su expansi\u00f3n mundial como empresa de identidad &#8226; Veridas\",\"isPartOf\":{\"@id\":\"https:\/\/veridas.com\/es\/pt\/#website\"},\"primaryImageOfPage\":{\"@id\":\"https:\/\/veridas.com\/es\/ampliacion-capital-expansion-global\/#primaryimage\"},\"image\":{\"@id\":\"https:\/\/veridas.com\/es\/ampliacion-capital-expansion-global\/#primaryimage\"},\"thumbnailUrl\":\"https:\/\/veridas.com\/wp-content\/uploads\/2023\/04\/Veridas-face-authentication-html-check.jpg\",\"datePublished\":\"2023-04-17T14:40:31+00:00\",\"dateModified\":\"2024-03-13T15:23:54+00:00\",\"breadcrumb\":{\"@id\":\"https:\/\/veridas.com\/es\/ampliacion-capital-expansion-global\/#breadcrumb\"},\"inLanguage\":\"es\",\"potentialAction\":[{\"@type\":\"ReadAction\",\"target\":[\"https:\/\/veridas.com\/es\/ampliacion-capital-expansion-global\/\"]}]},{\"@type\":\"ImageObject\",\"inLanguage\":\"es\",\"@id\":\"https:\/\/veridas.com\/es\/ampliacion-capital-expansion-global\/#primaryimage\",\"url\":\"https:\/\/veridas.com\/wp-content\/uploads\/2023\/04\/Veridas-face-authentication-html-check.jpg\",\"contentUrl\":\"https:\/\/veridas.com\/wp-content\/uploads\/2023\/04\/Veridas-face-authentication-html-check.jpg\",\"width\":1920,\"height\":1280},{\"@type\":\"BreadcrumbList\",\"@id\":\"https:\/\/veridas.com\/es\/ampliacion-capital-expansion-global\/#breadcrumb\",\"itemListElement\":[{\"@type\":\"ListItem\",\"position\":1,\"name\":\"Home\",\"item\":\"https:\/\/veridas.com\/es\/la-plataforma-de-verificacion-de-identidad-idv-que-ofrece-prevencion-de-fraude-real\/\"},{\"@type\":\"ListItem\",\"position\":2,\"name\":\"Veridas anuncia ampliaci\u00f3n de capital de 15 millones de euros para impulsar su expansi\u00f3n mundial como empresa de identidad\"}]},{\"@type\":\"WebSite\",\"@id\":\"https:\/\/veridas.com\/es\/pt\/#website\",\"url\":\"https:\/\/veridas.com\/es\/pt\/\",\"name\":\"Veridas\",\"description\":\"Just be you\",\"publisher\":{\"@id\":\"https:\/\/veridas.com\/es\/pt\/#organization\"},\"potentialAction\":[{\"@type\":\"SearchAction\",\"target\":{\"@type\":\"EntryPoint\",\"urlTemplate\":\"https:\/\/veridas.com\/es\/pt\/?s={search_term_string}\"},\"query-input\":{\"@type\":\"PropertyValueSpecification\",\"valueRequired\":true,\"valueName\":\"search_term_string\"}}],\"inLanguage\":\"es\"},{\"@type\":\"Organization\",\"@id\":\"https:\/\/veridas.com\/es\/pt\/#organization\",\"name\":\"Veridas\",\"url\":\"https:\/\/veridas.com\/es\/pt\/\",\"logo\":{\"@type\":\"ImageObject\",\"inLanguage\":\"es\",\"@id\":\"https:\/\/veridas.com\/es\/pt\/#\/schema\/logo\/image\/\",\"url\":\"https:\/\/veridas.com\/wp-content\/uploads\/2021\/09\/logo-veridas-calidad.png\",\"contentUrl\":\"https:\/\/veridas.com\/wp-content\/uploads\/2021\/09\/logo-veridas-calidad.png\",\"width\":2048,\"height\":1076,\"caption\":\"Veridas\"},\"image\":{\"@id\":\"https:\/\/veridas.com\/es\/pt\/#\/schema\/logo\/image\/\"},\"sameAs\":[\"https:\/\/x.com\/VeridasOfficial\",\"https:\/\/es.linkedin.com\/company\/veridas\",\"https:\/\/www.instagram.com\/veridas.life\/\",\"https:\/\/www.youtube.com\/@VeridasOfficial\"]}]}<\/script>\n<!-- \/ Yoast SEO plugin. -->","yoast_head_json":{"title":"Veridas anuncia ampliaci\u00f3n de capital de 15 millones de euros para impulsar su expansi\u00f3n mundial como empresa de identidad &#8226; Veridas","robots":{"index":"index","follow":"follow","max-snippet":"max-snippet:-1","max-image-preview":"max-image-preview:large","max-video-preview":"max-video-preview:-1"},"canonical":"https:\/\/veridas.com\/es\/ampliacion-capital-expansion-global\/","og_locale":"es_ES","og_type":"article","og_title":"Veridas anuncia ampliaci\u00f3n de capital de 15 millones de euros para impulsar su expansi\u00f3n mundial como empresa de identidad &#8226; Veridas","og_description":"La empresa tecnol\u00f3gica espa\u00f1ola pasa a integrar dasGate y se marca como objetivo crecer un 100% en 2023 con 26,3 millones de ingresos y 278 empleados. Veridas, empresa espa\u00f1ola especializada en identidad digital y biometr\u00eda, ha anunciado una ampliaci\u00f3n de capital de 15 millones de euros de sus propios socios y un nuevo posicionamiento como [&hellip;]","og_url":"https:\/\/veridas.com\/es\/ampliacion-capital-expansion-global\/","og_site_name":"Veridas","article_modified_time":"2024-03-13T15:23:54+00:00","og_image":[{"width":1920,"height":1280,"url":"https:\/\/veridas.com\/wp-content\/uploads\/2023\/04\/Veridas-face-authentication-html-check.jpg","type":"image\/jpeg"}],"twitter_card":"summary_large_image","twitter_site":"@VeridasOfficial","twitter_misc":{"Tiempo de lectura":"5 minutos"},"schema":{"@context":"https:\/\/schema.org","@graph":[{"@type":"WebPage","@id":"https:\/\/veridas.com\/es\/ampliacion-capital-expansion-global\/","url":"https:\/\/veridas.com\/es\/ampliacion-capital-expansion-global\/","name":"Veridas anuncia ampliaci\u00f3n de capital de 15 millones de euros para impulsar su expansi\u00f3n mundial como empresa de identidad &#8226; Veridas","isPartOf":{"@id":"https:\/\/veridas.com\/es\/pt\/#website"},"primaryImageOfPage":{"@id":"https:\/\/veridas.com\/es\/ampliacion-capital-expansion-global\/#primaryimage"},"image":{"@id":"https:\/\/veridas.com\/es\/ampliacion-capital-expansion-global\/#primaryimage"},"thumbnailUrl":"https:\/\/veridas.com\/wp-content\/uploads\/2023\/04\/Veridas-face-authentication-html-check.jpg","datePublished":"2023-04-17T14:40:31+00:00","dateModified":"2024-03-13T15:23:54+00:00","breadcrumb":{"@id":"https:\/\/veridas.com\/es\/ampliacion-capital-expansion-global\/#breadcrumb"},"inLanguage":"es","potentialAction":[{"@type":"ReadAction","target":["https:\/\/veridas.com\/es\/ampliacion-capital-expansion-global\/"]}]},{"@type":"ImageObject","inLanguage":"es","@id":"https:\/\/veridas.com\/es\/ampliacion-capital-expansion-global\/#primaryimage","url":"https:\/\/veridas.com\/wp-content\/uploads\/2023\/04\/Veridas-face-authentication-html-check.jpg","contentUrl":"https:\/\/veridas.com\/wp-content\/uploads\/2023\/04\/Veridas-face-authentication-html-check.jpg","width":1920,"height":1280},{"@type":"BreadcrumbList","@id":"https:\/\/veridas.com\/es\/ampliacion-capital-expansion-global\/#breadcrumb","itemListElement":[{"@type":"ListItem","position":1,"name":"Home","item":"https:\/\/veridas.com\/es\/la-plataforma-de-verificacion-de-identidad-idv-que-ofrece-prevencion-de-fraude-real\/"},{"@type":"ListItem","position":2,"name":"Veridas anuncia ampliaci\u00f3n de capital de 15 millones de euros para impulsar su expansi\u00f3n mundial como empresa de identidad"}]},{"@type":"WebSite","@id":"https:\/\/veridas.com\/es\/pt\/#website","url":"https:\/\/veridas.com\/es\/pt\/","name":"Veridas","description":"Just be you","publisher":{"@id":"https:\/\/veridas.com\/es\/pt\/#organization"},"potentialAction":[{"@type":"SearchAction","target":{"@type":"EntryPoint","urlTemplate":"https:\/\/veridas.com\/es\/pt\/?s={search_term_string}"},"query-input":{"@type":"PropertyValueSpecification","valueRequired":true,"valueName":"search_term_string"}}],"inLanguage":"es"},{"@type":"Organization","@id":"https:\/\/veridas.com\/es\/pt\/#organization","name":"Veridas","url":"https:\/\/veridas.com\/es\/pt\/","logo":{"@type":"ImageObject","inLanguage":"es","@id":"https:\/\/veridas.com\/es\/pt\/#\/schema\/logo\/image\/","url":"https:\/\/veridas.com\/wp-content\/uploads\/2021\/09\/logo-veridas-calidad.png","contentUrl":"https:\/\/veridas.com\/wp-content\/uploads\/2021\/09\/logo-veridas-calidad.png","width":2048,"height":1076,"caption":"Veridas"},"image":{"@id":"https:\/\/veridas.com\/es\/pt\/#\/schema\/logo\/image\/"},"sameAs":["https:\/\/x.com\/VeridasOfficial","https:\/\/es.linkedin.com\/company\/veridas","https:\/\/www.instagram.com\/veridas.life\/","https:\/\/www.youtube.com\/@VeridasOfficial"]}]}},"_links":{"self":[{"href":"https:\/\/veridas.com\/es\/wp-json\/wp\/v2\/pages\/51534","targetHints":{"allow":["GET"]}}],"collection":[{"href":"https:\/\/veridas.com\/es\/wp-json\/wp\/v2\/pages"}],"about":[{"href":"https:\/\/veridas.com\/es\/wp-json\/wp\/v2\/types\/page"}],"author":[{"embeddable":true,"href":"https:\/\/veridas.com\/es\/wp-json\/wp\/v2\/users\/4"}],"replies":[{"embeddable":true,"href":"https:\/\/veridas.com\/es\/wp-json\/wp\/v2\/comments?post=51534"}],"version-history":[{"count":8,"href":"https:\/\/veridas.com\/es\/wp-json\/wp\/v2\/pages\/51534\/revisions"}],"predecessor-version":[{"id":73956,"href":"https:\/\/veridas.com\/es\/wp-json\/wp\/v2\/pages\/51534\/revisions\/73956"}],"wp:featuredmedia":[{"embeddable":true,"href":"https:\/\/veridas.com\/es\/wp-json\/wp\/v2\/media\/51398"}],"wp:attachment":[{"href":"https:\/\/veridas.com\/es\/wp-json\/wp\/v2\/media?parent=51534"}],"wp:term":[{"taxonomy":"country","embeddable":true,"href":"https:\/\/veridas.com\/es\/wp-json\/wp\/v2\/country?post=51534"},{"taxonomy":"resource","embeddable":true,"href":"https:\/\/veridas.com\/es\/wp-json\/wp\/v2\/resource?post=51534"},{"taxonomy":"format","embeddable":true,"href":"https:\/\/veridas.com\/es\/wp-json\/wp\/v2\/format?post=51534"},{"taxonomy":"topic","embeddable":true,"href":"https:\/\/veridas.com\/es\/wp-json\/wp\/v2\/topic?post=51534"},{"taxonomy":"industry","embeddable":true,"href":"https:\/\/veridas.com\/es\/wp-json\/wp\/v2\/industry?post=51534"},{"taxonomy":"solution","embeddable":true,"href":"https:\/\/veridas.com\/es\/wp-json\/wp\/v2\/solution?post=51534"}],"curies":[{"name":"wp","href":"https:\/\/api.w.org\/{rel}","templated":true}]}}