{"id":51965,"date":"2023-05-11T07:04:02","date_gmt":"2023-05-11T07:04:02","guid":{"rendered":"https:\/\/veridas.com\/?page_id=51965"},"modified":"2024-12-02T11:34:36","modified_gmt":"2024-12-02T11:34:36","slug":"biometria-facial-de-veridas-entre-las-cuatro-mejores-del-mundo-segun-nist","status":"publish","type":"page","link":"https:\/\/veridas.com\/es\/biometria-facial-de-veridas-entre-las-cuatro-mejores-del-mundo-segun-nist\/","title":{"rendered":"La biometr\u00eda facial de Veridas, entre las cuatro mejores del mundo seg\u00fan el NIST en USA"},"content":{"rendered":"\t\t<div data-elementor-type=\"wp-page\" data-elementor-id=\"51965\" class=\"elementor elementor-51965\" data-elementor-settings=\"{&quot;ha_cmc_init_switcher&quot;:&quot;no&quot;}\" data-elementor-post-type=\"page\">\n\t\t\t\t\t\t<section class=\"elementor-section elementor-top-section elementor-element elementor-element-ea59dc7 elementor-section-boxed elementor-section-height-default elementor-section-height-default\" data-id=\"ea59dc7\" data-element_type=\"section\" data-e-type=\"section\">\n\t\t\t\t\t\t<div class=\"elementor-container elementor-column-gap-default\">\n\t\t\t\t\t<div class=\"elementor-column elementor-col-100 elementor-top-column elementor-element elementor-element-d72371f\" data-id=\"d72371f\" data-element_type=\"column\" data-e-type=\"column\">\n\t\t\t<div class=\"elementor-widget-wrap elementor-element-populated\">\n\t\t\t\t\t\t<div class=\"elementor-element elementor-element-2a20fe2 elementor-widget elementor-widget-heading\" data-id=\"2a20fe2\" data-element_type=\"widget\" data-e-type=\"widget\" data-widget_type=\"heading.default\">\n\t\t\t\t\t<h2 class=\"elementor-heading-title elementor-size-default\">La biometr\u00eda facial de Veridas, entre las cuatro mejores del mundo seg\u00fan el NIST en USA<\/h2>\t\t\t\t<\/div>\n\t\t\t\t<div class=\"elementor-element elementor-element-4c27b76 elementor-widget elementor-widget-text-editor\" data-id=\"4c27b76\" data-element_type=\"widget\" data-e-type=\"widget\" data-widget_type=\"text-editor.default\">\n\t\t\t\t\t\t\t\t\t<p>Veridas ha logrado su mejor resultado en la categor\u00eda m\u00e1s exigente posible: la evaluaci\u00f3n de uno entre muchos (1:N) con una muestra (N) de 12 millones.<\/p>\t\t\t\t\t\t\t\t<\/div>\n\t\t\t\t<div class=\"elementor-element elementor-element-3f5910b elementor-widget elementor-widget-post-info\" data-id=\"3f5910b\" data-element_type=\"widget\" data-e-type=\"widget\" data-widget_type=\"post-info.default\">\n\t\t\t\t\t\t\t<ul class=\"elementor-inline-items elementor-icon-list-items elementor-post-info\">\n\t\t\t\t\t\t\t\t<li class=\"elementor-icon-list-item elementor-repeater-item-e323d37 elementor-inline-item\" itemprop=\"datePublished\">\n\t\t\t\t\t\t\t\t\t\t\t\t\t<span class=\"elementor-icon-list-text elementor-post-info__item elementor-post-info__item--type-date\">\n\t\t\t\t\t\t\t\t\t\t<time>mayo 11, 2023<\/time>\t\t\t\t\t<\/span>\n\t\t\t\t\t\t\t\t<\/li>\n\t\t\t\t<\/ul>\n\t\t\t\t\t\t<\/div>\n\t\t\t\t<div class=\"elementor-element elementor-element-2e6308b elementor-widget elementor-widget-spacer\" data-id=\"2e6308b\" data-element_type=\"widget\" data-e-type=\"widget\" data-widget_type=\"spacer.default\">\n\t\t\t\t\t\t\t<div class=\"elementor-spacer\">\n\t\t\t<div class=\"elementor-spacer-inner\"><\/div>\n\t\t<\/div>\n\t\t\t\t\t\t<\/div>\n\t\t\t\t<div class=\"elementor-element elementor-element-ed2c239 elementor-widget elementor-widget-text-editor\" data-id=\"ed2c239\" data-element_type=\"widget\" data-e-type=\"widget\" data-widget_type=\"text-editor.default\">\n\t\t\t\t\t\t\t\t\t<p><a href=\"https:\/\/veridas.com\/\" target=\"_blank\" rel=\"noopener\">Veridas<\/a>, empresa tecnol\u00f3gica espa\u00f1ola especializada en identidad digital y biometr\u00eda, <a href=\"https:\/\/veridas.com\/nist-veridas-mejores-motores-biometricos\/\" target=\"_blank\" rel=\"noopener\">se posiciona en el cuarto lugar de los mejores motores de biometr\u00eda facial<\/a> entre los casi 150 algoritmos presentados a la evaluaci\u00f3n realizada por el <a href=\"https:\/\/veridas.com\/que-es-el-nist\/\" target=\"_blank\" rel=\"noopener\">National Institute of Standards and Technology (NIST)<\/a>, considerado el organismo m\u00e1s prestigioso en la valoraci\u00f3n de motores biom\u00e9tricos del mundo.<\/p>\t\t\t\t\t\t\t\t<\/div>\n\t\t\t\t<div class=\"elementor-element elementor-element-f3acf02 elementor-widget elementor-widget-text-editor\" data-id=\"f3acf02\" data-element_type=\"widget\" data-e-type=\"widget\" data-widget_type=\"text-editor.default\">\n\t\t\t\t\t\t\t\t\t<p>Veridas entra en la \u00e9lite mundial de este sector. La empresa navarra ha alcanzado su mejor resultado en la <a href=\"https:\/\/pages.nist.gov\/frvt\/reports\/1N\/frvt_1N_report.pdf\" target=\"_blank\" rel=\"noopener\">categor\u00eda m\u00e1s exigente posible<\/a>: la evaluaci\u00f3n de uno entre muchos (1:N) con un tama\u00f1o de muestra (N) de 12 millones. Concretamente, ha registrado una tasa de falsos negativos en identificaci\u00f3n (FNIR o False Negative Identification Rate en ingl\u00e9s) de 0.0232 para una tasa de falsos positivos en identificaci\u00f3n (FPIR o False Positive Identification Rate) de 0.001.<\/p>\t\t\t\t\t\t\t\t<\/div>\n\t\t\t\t<div class=\"elementor-element elementor-element-1d57ea0 elementor-widget elementor-widget-text-editor\" data-id=\"1d57ea0\" data-element_type=\"widget\" data-e-type=\"widget\" data-widget_type=\"text-editor.default\">\n\t\t\t\t\t\t\t\t\tDe este modo, al buscar un sujeto conocido en una base de datos de 12 millones de registros, el\nmotor de Veridas encontrar\u00e1 al individuo correcto como primer candidato el 97,68% de las veces.\nEste motor biom\u00e9trico facial es, adem\u00e1s, el mismo que ya est\u00e1 disponible en producci\u00f3n para los m\u00e1s de 250 clientes Tier 1 con los que cuenta la compa\u00f1\u00eda en m\u00e1s de 25 pa\u00edses.\t\t\t\t\t\t\t\t<\/div>\n\t\t\t\t<div class=\"elementor-element elementor-element-1d36f9e elementor-widget elementor-widget-heading\" data-id=\"1d36f9e\" data-element_type=\"widget\" data-e-type=\"widget\" data-widget_type=\"heading.default\">\n\t\t\t\t\t<h2 class=\"elementor-heading-title elementor-size-large\">Veridas ha conseguido la evaluaci\u00f3n m\u00e1s avanzada de iBeta en detecci\u00f3n de vida<\/h2>\t\t\t\t<\/div>\n\t\t\t\t<div class=\"elementor-element elementor-element-b55e1b6 elementor-widget elementor-widget-text-editor\" data-id=\"b55e1b6\" data-element_type=\"widget\" data-e-type=\"widget\" data-widget_type=\"text-editor.default\">\n\t\t\t\t\t\t\t\t\tEl motor de Veridas analiza la imagen facial, que posteriormente se convierte en un vector irreversible, lo que hace imposible recuperar la imagen original en caso de que ese vector se pierda. Es entonces cuando se comparan los vectores obtenidos de las im\u00e1genes para determinar el score\nde similitud entre ambas. Adem\u00e1s, la compa\u00f1\u00eda ha conseguido la evaluaci\u00f3n m\u00e1s avanzada de iBeta en detecci\u00f3n de vida, siendo una de las pocas empresas del mundo que ostenta el Nivel 1 y el Nivel 2.\t\t\t\t\t\t\t\t<\/div>\n\t\t\t\t<div class=\"elementor-element elementor-element-c9848cc elementor-widget elementor-widget-text-editor\" data-id=\"c9848cc\" data-element_type=\"widget\" data-e-type=\"widget\" data-widget_type=\"text-editor.default\">\n\t\t\t\t\t\t\t\t\tVeridas vuelve as\u00ed a ser protagonista en la lista de reconocimientos del NIST. De hecho, en las evaluaciones de biometr\u00eda de voz y en la combinada de facial y voz, la compa\u00f1\u00eda ha logrado situarse\nen segundo y primer lugar, respectivamente.\t\t\t\t\t\t\t\t<\/div>\n\t\t\t\t<div class=\"elementor-element elementor-element-ec86372 elementor-widget elementor-widget-text-editor\" data-id=\"ec86372\" data-element_type=\"widget\" data-e-type=\"widget\" data-widget_type=\"text-editor.default\">\n\t\t\t\t\t\t\t\t\t<p>En su apuesta por situarse a la vanguardia de la transparencia, la auditor\u00eda y la confiabilidad de sus<br \/>soluciones biom\u00e9tricas, Veridas ha sido una de las primeras empresas a nivel mundial en realizar un <a href=\"https:\/\/veridas.com\/etica-inteligencia-artificial\/\" target=\"_blank\" rel=\"noopener\">\u2018Diagn\u00f3stico sobre los principios \u00e9ticos de la Inteligencia Artificial\u2019<\/a> y tambi\u00e9n la primera <a href=\"https:\/\/veridas.com\/el-alta-digital-de-veridas-primera-en-cumplir-con-los-nuevos-requisitos-de-la-ccn-para-la-emision-de-certificados-cualificados\/\" target=\"_blank\" rel=\"noopener\">en cumplir con los requisitos del Centro Criptol\u00f3gico Nacional (CCN)<\/a> para la emisi\u00f3n de certificados cualificados.<\/p>\t\t\t\t\t\t\t\t<\/div>\n\t\t\t\t<div class=\"elementor-element elementor-element-99839d7 elementor-widget elementor-widget-text-editor\" data-id=\"99839d7\" data-element_type=\"widget\" data-e-type=\"widget\" data-widget_type=\"text-editor.default\">\n\t\t\t\t\t\t\t\t\t<p><em>\u201cLa evaluaci\u00f3n del NIST es un reconocimiento al duro trabajo de todo nuestro equipo desde hace 10 <\/em><em>a\u00f1os y confirma nuestro liderazgo tecnol\u00f3gico y de mercado en Biometr\u00eda e Identidad Digital, <\/em><em>siempre con el m\u00e1ximo respeto a la privacidad y protecci\u00f3n de datos.\u201d<\/em>, afirma Eduardo Azanza, CEO<br \/>de Veridas.<\/p>\t\t\t\t\t\t\t\t<\/div>\n\t\t\t\t<div class=\"elementor-element elementor-element-057bb6e elementor-widget elementor-widget-heading\" data-id=\"057bb6e\" data-element_type=\"widget\" data-e-type=\"widget\" data-widget_type=\"heading.default\">\n\t\t\t\t\t<h2 class=\"elementor-heading-title elementor-size-large\">Acerca de Veridas<\/h2>\t\t\t\t<\/div>\n\t\t\t\t<div class=\"elementor-element elementor-element-8c05382 elementor-widget elementor-widget-text-editor\" data-id=\"8c05382\" data-element_type=\"widget\" data-e-type=\"widget\" data-widget_type=\"text-editor.default\">\n\t\t\t\t\t\t\t\t\tVeridas es una empresa que comenz\u00f3 su andadura en 2017 como una joint venture entre das-Nano y BBVA. En base a los\npilares de tecnolog\u00eda, talento y trabajo, se ha convertido en una de las compa\u00f1\u00edas referentes en la industria de la identidad\na nivel mundial con m\u00e1s de 200 clientes en 25 pa\u00edses, en sectores como la banca, los seguros, las telecomunicaciones o las\nadministraciones p\u00fablicas. Veridas pone el foco en la identidad Phygital y provee soluciones modulares con tecnolog\u00edas\npropias de biometr\u00eda facial, biometr\u00eda de voz y verificaci\u00f3n de documentos de identidad que se adaptan a cualquier\nescenario.\t\t\t\t\t\t\t\t<\/div>\n\t\t\t\t<div class=\"elementor-element elementor-element-65c141d elementor-widget elementor-widget-spacer\" data-id=\"65c141d\" data-element_type=\"widget\" data-e-type=\"widget\" data-widget_type=\"spacer.default\">\n\t\t\t\t\t\t\t<div class=\"elementor-spacer\">\n\t\t\t<div class=\"elementor-spacer-inner\"><\/div>\n\t\t<\/div>\n\t\t\t\t\t\t<\/div>\n\t\t\t\t\t<\/div>\n\t\t<\/div>\n\t\t\t\t\t<\/div>\n\t\t<\/section>\n\t\t\t\t<\/div>\n\t\t","protected":false},"excerpt":{"rendered":"<p>Veridas ha logrado su mejor resultado en la categor\u00eda m\u00e1s exigente posible: la evaluaci\u00f3n de uno entre muchos (1:N) con una muestra (N) de 12 millones. Veridas, empresa tecnol\u00f3gica espa\u00f1ola especializada en identidad digital y biometr\u00eda, se posiciona en el cuarto lugar de los mejores motores de biometr\u00eda facial entre los casi 150 algoritmos presentados [&hellip;]<\/p>\n","protected":false},"author":32,"featured_media":48201,"parent":0,"menu_order":0,"comment_status":"closed","ping_status":"closed","template":"elementor_theme","format":[284],"meta":{"_acf_changed":false,"inline_featured_image":false,"footnotes":""},"country":[],"resource":[293],"topic":[282],"industry":[],"solution":[],"class_list":["post-51965","page","type-page","status-publish","has-post-thumbnail","hentry","resource-yes","format-articulo","topic-hitos"],"acf":[],"yoast_head":"<!-- This site is optimized with the Yoast SEO plugin v27.0 - https:\/\/yoast.com\/product\/yoast-seo-wordpress\/ -->\n<title>La biometr\u00eda facial de Veridas, entre las cuatro mejores del mundo seg\u00fan el NIST en USA &#8226; Veridas<\/title>\n<meta name=\"robots\" content=\"index, follow, max-snippet:-1, max-image-preview:large, max-video-preview:-1\" \/>\n<link rel=\"canonical\" href=\"https:\/\/veridas.com\/es\/biometria-facial-de-veridas-entre-las-cuatro-mejores-del-mundo-segun-nist\/\" \/>\n<meta property=\"og:locale\" content=\"es_ES\" \/>\n<meta property=\"og:type\" content=\"article\" \/>\n<meta property=\"og:title\" content=\"La biometr\u00eda facial de Veridas, entre las cuatro mejores del mundo seg\u00fan el NIST en USA &#8226; Veridas\" \/>\n<meta property=\"og:description\" content=\"Veridas ha logrado su mejor resultado en la categor\u00eda m\u00e1s exigente posible: la evaluaci\u00f3n de uno entre muchos (1:N) con una muestra (N) de 12 millones. Veridas, empresa tecnol\u00f3gica espa\u00f1ola especializada en identidad digital y biometr\u00eda, se posiciona en el cuarto lugar de los mejores motores de biometr\u00eda facial entre los casi 150 algoritmos presentados [&hellip;]\" \/>\n<meta property=\"og:url\" content=\"https:\/\/veridas.com\/es\/biometria-facial-de-veridas-entre-las-cuatro-mejores-del-mundo-segun-nist\/\" \/>\n<meta property=\"og:site_name\" content=\"Veridas\" \/>\n<meta property=\"article:modified_time\" content=\"2024-12-02T11:34:36+00:00\" \/>\n<meta property=\"og:image\" content=\"https:\/\/veridas.com\/wp-content\/uploads\/2023\/03\/Veridas-face-authentication-native-onboarding-woman-1-1.jpg\" \/>\n\t<meta property=\"og:image:width\" content=\"1920\" \/>\n\t<meta property=\"og:image:height\" content=\"1280\" \/>\n\t<meta property=\"og:image:type\" content=\"image\/jpeg\" \/>\n<meta name=\"twitter:card\" content=\"summary_large_image\" \/>\n<meta name=\"twitter:site\" content=\"@VeridasOfficial\" \/>\n<meta name=\"twitter:label1\" content=\"Tiempo de lectura\" \/>\n\t<meta name=\"twitter:data1\" content=\"3 minutos\" \/>\n<script type=\"application\/ld+json\" class=\"yoast-schema-graph\">{\"@context\":\"https:\/\/schema.org\",\"@graph\":[{\"@type\":\"WebPage\",\"@id\":\"https:\/\/veridas.com\/es\/biometria-facial-de-veridas-entre-las-cuatro-mejores-del-mundo-segun-nist\/\",\"url\":\"https:\/\/veridas.com\/es\/biometria-facial-de-veridas-entre-las-cuatro-mejores-del-mundo-segun-nist\/\",\"name\":\"La biometr\u00eda facial de Veridas, entre las cuatro mejores del mundo seg\u00fan el NIST en USA &#8226; Veridas\",\"isPartOf\":{\"@id\":\"https:\/\/veridas.com\/es\/pt\/#website\"},\"primaryImageOfPage\":{\"@id\":\"https:\/\/veridas.com\/es\/biometria-facial-de-veridas-entre-las-cuatro-mejores-del-mundo-segun-nist\/#primaryimage\"},\"image\":{\"@id\":\"https:\/\/veridas.com\/es\/biometria-facial-de-veridas-entre-las-cuatro-mejores-del-mundo-segun-nist\/#primaryimage\"},\"thumbnailUrl\":\"https:\/\/veridas.com\/wp-content\/uploads\/2023\/03\/Veridas-face-authentication-native-onboarding-woman-1-1.jpg\",\"datePublished\":\"2023-05-11T07:04:02+00:00\",\"dateModified\":\"2024-12-02T11:34:36+00:00\",\"breadcrumb\":{\"@id\":\"https:\/\/veridas.com\/es\/biometria-facial-de-veridas-entre-las-cuatro-mejores-del-mundo-segun-nist\/#breadcrumb\"},\"inLanguage\":\"es\",\"potentialAction\":[{\"@type\":\"ReadAction\",\"target\":[\"https:\/\/veridas.com\/es\/biometria-facial-de-veridas-entre-las-cuatro-mejores-del-mundo-segun-nist\/\"]}]},{\"@type\":\"ImageObject\",\"inLanguage\":\"es\",\"@id\":\"https:\/\/veridas.com\/es\/biometria-facial-de-veridas-entre-las-cuatro-mejores-del-mundo-segun-nist\/#primaryimage\",\"url\":\"https:\/\/veridas.com\/wp-content\/uploads\/2023\/03\/Veridas-face-authentication-native-onboarding-woman-1-1.jpg\",\"contentUrl\":\"https:\/\/veridas.com\/wp-content\/uploads\/2023\/03\/Veridas-face-authentication-native-onboarding-woman-1-1.jpg\",\"width\":1920,\"height\":1280},{\"@type\":\"BreadcrumbList\",\"@id\":\"https:\/\/veridas.com\/es\/biometria-facial-de-veridas-entre-las-cuatro-mejores-del-mundo-segun-nist\/#breadcrumb\",\"itemListElement\":[{\"@type\":\"ListItem\",\"position\":1,\"name\":\"Home\",\"item\":\"https:\/\/veridas.com\/es\/la-plataforma-de-verificacion-de-identidad-idv-que-ofrece-prevencion-de-fraude-real\/\"},{\"@type\":\"ListItem\",\"position\":2,\"name\":\"La biometr\u00eda facial de Veridas, entre las cuatro mejores del mundo seg\u00fan el NIST en USA\"}]},{\"@type\":\"WebSite\",\"@id\":\"https:\/\/veridas.com\/es\/pt\/#website\",\"url\":\"https:\/\/veridas.com\/es\/pt\/\",\"name\":\"Veridas\",\"description\":\"Just be you\",\"publisher\":{\"@id\":\"https:\/\/veridas.com\/es\/pt\/#organization\"},\"potentialAction\":[{\"@type\":\"SearchAction\",\"target\":{\"@type\":\"EntryPoint\",\"urlTemplate\":\"https:\/\/veridas.com\/es\/pt\/?s={search_term_string}\"},\"query-input\":{\"@type\":\"PropertyValueSpecification\",\"valueRequired\":true,\"valueName\":\"search_term_string\"}}],\"inLanguage\":\"es\"},{\"@type\":\"Organization\",\"@id\":\"https:\/\/veridas.com\/es\/pt\/#organization\",\"name\":\"Veridas\",\"url\":\"https:\/\/veridas.com\/es\/pt\/\",\"logo\":{\"@type\":\"ImageObject\",\"inLanguage\":\"es\",\"@id\":\"https:\/\/veridas.com\/es\/pt\/#\/schema\/logo\/image\/\",\"url\":\"https:\/\/veridas.com\/wp-content\/uploads\/2021\/09\/logo-veridas-calidad.png\",\"contentUrl\":\"https:\/\/veridas.com\/wp-content\/uploads\/2021\/09\/logo-veridas-calidad.png\",\"width\":2048,\"height\":1076,\"caption\":\"Veridas\"},\"image\":{\"@id\":\"https:\/\/veridas.com\/es\/pt\/#\/schema\/logo\/image\/\"},\"sameAs\":[\"https:\/\/x.com\/VeridasOfficial\",\"https:\/\/es.linkedin.com\/company\/veridas\",\"https:\/\/www.instagram.com\/veridas.life\/\",\"https:\/\/www.youtube.com\/@VeridasOfficial\"]}]}<\/script>\n<!-- \/ Yoast SEO plugin. -->","yoast_head_json":{"title":"La biometr\u00eda facial de Veridas, entre las cuatro mejores del mundo seg\u00fan el NIST en USA &#8226; Veridas","robots":{"index":"index","follow":"follow","max-snippet":"max-snippet:-1","max-image-preview":"max-image-preview:large","max-video-preview":"max-video-preview:-1"},"canonical":"https:\/\/veridas.com\/es\/biometria-facial-de-veridas-entre-las-cuatro-mejores-del-mundo-segun-nist\/","og_locale":"es_ES","og_type":"article","og_title":"La biometr\u00eda facial de Veridas, entre las cuatro mejores del mundo seg\u00fan el NIST en USA &#8226; Veridas","og_description":"Veridas ha logrado su mejor resultado en la categor\u00eda m\u00e1s exigente posible: la evaluaci\u00f3n de uno entre muchos (1:N) con una muestra (N) de 12 millones. Veridas, empresa tecnol\u00f3gica espa\u00f1ola especializada en identidad digital y biometr\u00eda, se posiciona en el cuarto lugar de los mejores motores de biometr\u00eda facial entre los casi 150 algoritmos presentados [&hellip;]","og_url":"https:\/\/veridas.com\/es\/biometria-facial-de-veridas-entre-las-cuatro-mejores-del-mundo-segun-nist\/","og_site_name":"Veridas","article_modified_time":"2024-12-02T11:34:36+00:00","og_image":[{"width":1920,"height":1280,"url":"https:\/\/veridas.com\/wp-content\/uploads\/2023\/03\/Veridas-face-authentication-native-onboarding-woman-1-1.jpg","type":"image\/jpeg"}],"twitter_card":"summary_large_image","twitter_site":"@VeridasOfficial","twitter_misc":{"Tiempo de lectura":"3 minutos"},"schema":{"@context":"https:\/\/schema.org","@graph":[{"@type":"WebPage","@id":"https:\/\/veridas.com\/es\/biometria-facial-de-veridas-entre-las-cuatro-mejores-del-mundo-segun-nist\/","url":"https:\/\/veridas.com\/es\/biometria-facial-de-veridas-entre-las-cuatro-mejores-del-mundo-segun-nist\/","name":"La biometr\u00eda facial de Veridas, entre las cuatro mejores del mundo seg\u00fan el NIST en USA &#8226; Veridas","isPartOf":{"@id":"https:\/\/veridas.com\/es\/pt\/#website"},"primaryImageOfPage":{"@id":"https:\/\/veridas.com\/es\/biometria-facial-de-veridas-entre-las-cuatro-mejores-del-mundo-segun-nist\/#primaryimage"},"image":{"@id":"https:\/\/veridas.com\/es\/biometria-facial-de-veridas-entre-las-cuatro-mejores-del-mundo-segun-nist\/#primaryimage"},"thumbnailUrl":"https:\/\/veridas.com\/wp-content\/uploads\/2023\/03\/Veridas-face-authentication-native-onboarding-woman-1-1.jpg","datePublished":"2023-05-11T07:04:02+00:00","dateModified":"2024-12-02T11:34:36+00:00","breadcrumb":{"@id":"https:\/\/veridas.com\/es\/biometria-facial-de-veridas-entre-las-cuatro-mejores-del-mundo-segun-nist\/#breadcrumb"},"inLanguage":"es","potentialAction":[{"@type":"ReadAction","target":["https:\/\/veridas.com\/es\/biometria-facial-de-veridas-entre-las-cuatro-mejores-del-mundo-segun-nist\/"]}]},{"@type":"ImageObject","inLanguage":"es","@id":"https:\/\/veridas.com\/es\/biometria-facial-de-veridas-entre-las-cuatro-mejores-del-mundo-segun-nist\/#primaryimage","url":"https:\/\/veridas.com\/wp-content\/uploads\/2023\/03\/Veridas-face-authentication-native-onboarding-woman-1-1.jpg","contentUrl":"https:\/\/veridas.com\/wp-content\/uploads\/2023\/03\/Veridas-face-authentication-native-onboarding-woman-1-1.jpg","width":1920,"height":1280},{"@type":"BreadcrumbList","@id":"https:\/\/veridas.com\/es\/biometria-facial-de-veridas-entre-las-cuatro-mejores-del-mundo-segun-nist\/#breadcrumb","itemListElement":[{"@type":"ListItem","position":1,"name":"Home","item":"https:\/\/veridas.com\/es\/la-plataforma-de-verificacion-de-identidad-idv-que-ofrece-prevencion-de-fraude-real\/"},{"@type":"ListItem","position":2,"name":"La biometr\u00eda facial de Veridas, entre las cuatro mejores del mundo seg\u00fan el NIST en USA"}]},{"@type":"WebSite","@id":"https:\/\/veridas.com\/es\/pt\/#website","url":"https:\/\/veridas.com\/es\/pt\/","name":"Veridas","description":"Just be you","publisher":{"@id":"https:\/\/veridas.com\/es\/pt\/#organization"},"potentialAction":[{"@type":"SearchAction","target":{"@type":"EntryPoint","urlTemplate":"https:\/\/veridas.com\/es\/pt\/?s={search_term_string}"},"query-input":{"@type":"PropertyValueSpecification","valueRequired":true,"valueName":"search_term_string"}}],"inLanguage":"es"},{"@type":"Organization","@id":"https:\/\/veridas.com\/es\/pt\/#organization","name":"Veridas","url":"https:\/\/veridas.com\/es\/pt\/","logo":{"@type":"ImageObject","inLanguage":"es","@id":"https:\/\/veridas.com\/es\/pt\/#\/schema\/logo\/image\/","url":"https:\/\/veridas.com\/wp-content\/uploads\/2021\/09\/logo-veridas-calidad.png","contentUrl":"https:\/\/veridas.com\/wp-content\/uploads\/2021\/09\/logo-veridas-calidad.png","width":2048,"height":1076,"caption":"Veridas"},"image":{"@id":"https:\/\/veridas.com\/es\/pt\/#\/schema\/logo\/image\/"},"sameAs":["https:\/\/x.com\/VeridasOfficial","https:\/\/es.linkedin.com\/company\/veridas","https:\/\/www.instagram.com\/veridas.life\/","https:\/\/www.youtube.com\/@VeridasOfficial"]}]}},"_links":{"self":[{"href":"https:\/\/veridas.com\/es\/wp-json\/wp\/v2\/pages\/51965","targetHints":{"allow":["GET"]}}],"collection":[{"href":"https:\/\/veridas.com\/es\/wp-json\/wp\/v2\/pages"}],"about":[{"href":"https:\/\/veridas.com\/es\/wp-json\/wp\/v2\/types\/page"}],"author":[{"embeddable":true,"href":"https:\/\/veridas.com\/es\/wp-json\/wp\/v2\/users\/32"}],"replies":[{"embeddable":true,"href":"https:\/\/veridas.com\/es\/wp-json\/wp\/v2\/comments?post=51965"}],"version-history":[{"count":8,"href":"https:\/\/veridas.com\/es\/wp-json\/wp\/v2\/pages\/51965\/revisions"}],"predecessor-version":[{"id":85332,"href":"https:\/\/veridas.com\/es\/wp-json\/wp\/v2\/pages\/51965\/revisions\/85332"}],"wp:featuredmedia":[{"embeddable":true,"href":"https:\/\/veridas.com\/es\/wp-json\/wp\/v2\/media\/48201"}],"wp:attachment":[{"href":"https:\/\/veridas.com\/es\/wp-json\/wp\/v2\/media?parent=51965"}],"wp:term":[{"taxonomy":"country","embeddable":true,"href":"https:\/\/veridas.com\/es\/wp-json\/wp\/v2\/country?post=51965"},{"taxonomy":"resource","embeddable":true,"href":"https:\/\/veridas.com\/es\/wp-json\/wp\/v2\/resource?post=51965"},{"taxonomy":"format","embeddable":true,"href":"https:\/\/veridas.com\/es\/wp-json\/wp\/v2\/format?post=51965"},{"taxonomy":"topic","embeddable":true,"href":"https:\/\/veridas.com\/es\/wp-json\/wp\/v2\/topic?post=51965"},{"taxonomy":"industry","embeddable":true,"href":"https:\/\/veridas.com\/es\/wp-json\/wp\/v2\/industry?post=51965"},{"taxonomy":"solution","embeddable":true,"href":"https:\/\/veridas.com\/es\/wp-json\/wp\/v2\/solution?post=51965"}],"curies":[{"name":"wp","href":"https:\/\/api.w.org\/{rel}","templated":true}]}}