{"id":56854,"date":"2023-06-09T07:17:07","date_gmt":"2023-06-09T07:17:07","guid":{"rendered":"https:\/\/veridas.com\/?page_id=56854"},"modified":"2024-01-25T16:04:48","modified_gmt":"2024-01-25T16:04:48","slug":"veridas-destaca-su-participacion-en-el-8o-congreso-tecnologia-y-negocios-america-digital-mexico-2023","status":"publish","type":"page","link":"https:\/\/veridas.com\/es\/veridas-destaca-su-participacion-en-el-8o-congreso-tecnologia-y-negocios-america-digital-mexico-2023\/","title":{"rendered":"Veridas destaca su participaci\u00f3n en el 8\u00ba Congreso Tecnolog\u00eda y Negocios Am\u00e9rica Digital M\u00e9xico 2023"},"content":{"rendered":"\t\t<div data-elementor-type=\"wp-page\" data-elementor-id=\"56854\" class=\"elementor elementor-56854\" data-elementor-settings=\"{&quot;ha_cmc_init_switcher&quot;:&quot;no&quot;}\" data-elementor-post-type=\"page\">\n\t\t\t\t\t\t<section class=\"elementor-section elementor-top-section elementor-element elementor-element-b2ace81 elementor-section-boxed elementor-section-height-default elementor-section-height-default\" data-id=\"b2ace81\" data-element_type=\"section\" data-e-type=\"section\">\n\t\t\t\t\t\t<div class=\"elementor-container elementor-column-gap-default\">\n\t\t\t\t\t<div class=\"elementor-column elementor-col-100 elementor-top-column elementor-element elementor-element-a868ad9\" data-id=\"a868ad9\" data-element_type=\"column\" data-e-type=\"column\">\n\t\t\t<div class=\"elementor-widget-wrap elementor-element-populated\">\n\t\t\t\t\t\t<div class=\"elementor-element elementor-element-5666666 elementor-widget elementor-widget-heading\" data-id=\"5666666\" data-element_type=\"widget\" data-e-type=\"widget\" data-widget_type=\"heading.default\">\n\t\t\t\t\t<h2 class=\"elementor-heading-title elementor-size-default\">Veridas destaca su participaci\u00f3n en el 8\u00ba Congreso Tecnolog\u00eda y Negocios Am\u00e9rica Digital M\u00e9xico 2023\n<\/h2>\t\t\t\t<\/div>\n\t\t\t\t<div class=\"elementor-element elementor-element-52e9244 elementor-widget elementor-widget-text-editor\" data-id=\"52e9244\" data-element_type=\"widget\" data-e-type=\"widget\" data-widget_type=\"text-editor.default\">\n\t\t\t\t\t\t\t\t\t<p><i><span style=\"font-weight: 400;\">La empresa presentar\u00e1, entre otras, su soluci\u00f3n de verificaci\u00f3n de identidad con biometr\u00eda facial integrada en el INE que utilizan m\u00e1s del 50% de la banca mexicana.<\/span><\/i><\/p>\t\t\t\t\t\t\t\t<\/div>\n\t\t\t\t<div class=\"elementor-element elementor-element-f24ebf8 elementor-widget elementor-widget-post-info\" data-id=\"f24ebf8\" data-element_type=\"widget\" data-e-type=\"widget\" data-widget_type=\"post-info.default\">\n\t\t\t\t\t\t\t<ul class=\"elementor-inline-items elementor-icon-list-items elementor-post-info\">\n\t\t\t\t\t\t\t\t<li class=\"elementor-icon-list-item elementor-repeater-item-54185b5 elementor-inline-item\" itemprop=\"datePublished\">\n\t\t\t\t\t\t\t\t\t\t\t\t\t<span class=\"elementor-icon-list-text elementor-post-info__item elementor-post-info__item--type-date\">\n\t\t\t\t\t\t\t\t\t\t<time>junio 9, 2023<\/time>\t\t\t\t\t<\/span>\n\t\t\t\t\t\t\t\t<\/li>\n\t\t\t\t<\/ul>\n\t\t\t\t\t\t<\/div>\n\t\t\t\t<div class=\"elementor-element elementor-element-9e228b8 elementor-widget elementor-widget-spacer\" data-id=\"9e228b8\" data-element_type=\"widget\" data-e-type=\"widget\" data-widget_type=\"spacer.default\">\n\t\t\t\t\t\t\t<div class=\"elementor-spacer\">\n\t\t\t<div class=\"elementor-spacer-inner\"><\/div>\n\t\t<\/div>\n\t\t\t\t\t\t<\/div>\n\t\t\t\t<div class=\"elementor-element elementor-element-76547cd elementor-widget elementor-widget-text-editor\" data-id=\"76547cd\" data-element_type=\"widget\" data-e-type=\"widget\" data-widget_type=\"text-editor.default\">\n\t\t\t\t\t\t\t\t\t<p><a href=\"https:\/\/veridas.com\/\"><span style=\"font-weight: 400;\">Veridas<\/span><\/a><span style=\"font-weight: 400;\">, compa\u00f1\u00eda l\u00edder en tecnolog\u00eda biom\u00e9trica, se complace en anunciar su participaci\u00f3n en el 8\u00ba <\/span><a href=\"https:\/\/mx.america-digital.com\/?lang=en\"><span style=\"font-weight: 400;\">Congreso Tecnolog\u00eda y Negocios America Digital M\u00e9xico 2023<\/span><\/a><span style=\"font-weight: 400;\">, que se llevar\u00e1 a cabo del 21 al 22 de junio en el WTC de la Ciudad de M\u00e9xico, y que re\u00fane a +5000 profesionales C-Level de sectores bancarios, telecomunicaciones, seguros, gobiernos, ecommerce&#8230; Se hablar\u00e1 de las principales tendencias e innovaciones tecnol\u00f3gicas que los l\u00edderes de cada sector est\u00e1n implantando en M\u00e9xico y todo el mundo. Durante el evento, Veridas presentar\u00e1 sus servicios y tecnolog\u00edas biom\u00e9tricas innovadoras que brindan beneficios significativos a sus clientes en t\u00e9rminos de prevenci\u00f3n del fraude, consecuci\u00f3n de nuevos clientes y excelencia en la experiencia del usuario. El 22 de junio ofrecer\u00e1 su conferencia \u201cLa revoluci\u00f3n contra el fraude en M\u00e9xico: potencia la seguridad, mejora la UX y maximiza el funnel en el mundo digital y f\u00edsico\u201d, de la mano de Mauricio Guijarro, Sales VP LATAM en Veridas, en la sala Foro B Transformaci\u00f3n Digital.<\/span><\/p><p><span style=\"font-weight: 400;\">La tecnolog\u00eda biom\u00e9trica se ha convertido en una herramienta fundamental para diversos sectores en M\u00e9xico y Am\u00e9rica Latina, y Veridas ha sido pionero en su implementaci\u00f3n exitosa. Durante el congreso, se destacar\u00e1n casos de uso, como el <\/span><a href=\"https:\/\/veridas.com\/casos-exito\/caso-de-exito-fe-de-vida-con-biometria-de-voz\/\"><span style=\"font-weight: 400;\">proceso de fe de vida<\/span><\/a><span style=\"font-weight: 400;\"> de m\u00e1s de 140.000 pensionados mexicanos, que se ha simplificado mediante la biometr\u00eda de voz, permiti\u00e9ndoles completar esta verificaci\u00f3n con una simple llamada telef\u00f3nica.<\/span><\/p><p><span style=\"font-weight: 400;\">Adem\u00e1s, Veridas presentar\u00e1 su motor biom\u00e9trico, el cu\u00e1l est\u00e1 integrado en el servicio de consulta de la base de datos del Instituto Nacional Electoral; que fue pionero en biometr\u00eda facial en M\u00e9xico, para la verificaci\u00f3n de identidad a trav\u00e9s de la biometr\u00eda facial en asociaci\u00f3n con instituciones bancarias como BBVA entre otras. Estas alianzas estrat\u00e9gicas han permitido maximizar la seguridad en las aperturas de cuentas N4,\u00a0 garantizar la autenticaci\u00f3n de la identidad real de los usuarios mientras que las entidades financieras cumplen con la normativa de la CNBV.\u00a0<\/span><\/p><p><span style=\"font-weight: 400;\">Con la participaci\u00f3n en el 8\u00ba Congreso Tecnolog\u00eda y Negocios America Digital M\u00e9xico 2023, Veridas busca compartir su experiencia y conocimientos clave con los responsables de la transformaci\u00f3n digital, la prevenci\u00f3n del fraude y la seguridad en las organizaciones l\u00edderes en M\u00e9xico. La empresa se esfuerza por mantener a sus clientes y socios comerciales a la vanguardia mediante la implementaci\u00f3n de soluciones biom\u00e9tricas desarrolladas in-house alineadas a las \u00faltimas tendencias mundiales.\u00a0<\/span><\/p><p><span style=\"font-weight: 400;\">Veridas, est\u00e1 evaluada por el National Institute of Standards and Technology (NIST) en verificaci\u00f3n (1:1) e identificaci\u00f3n (1:N) <\/span><a href=\"https:\/\/veridas.com\/nist-veridas-mejores-motores-biometricos\/\"><span style=\"font-weight: 400;\">como la segunda compa\u00f1\u00eda del mundo<\/span><\/a><span style=\"font-weight: 400;\"> en motores biom\u00e9tricos faciales y en reconocimiento de voz.<\/span><\/p><p><span style=\"font-weight: 400;\">Para obtener m\u00e1s informaci\u00f3n sobre la participaci\u00f3n de Veridas en el 8\u00ba Congreso Tecnolog\u00eda y Negocios America Digital M\u00e9xico 2023, visite el <\/span><a href=\"https:\/\/mx.america-digital.com\/?lang=en\"><span style=\"font-weight: 400;\">sitio web<\/span><\/a><span style=\"font-weight: 400;\"> del evento.\u00a0<\/span><\/p>\t\t\t\t\t\t\t\t<\/div>\n\t\t\t\t<div class=\"elementor-element elementor-element-b86da32 elementor-widget elementor-widget-spacer\" data-id=\"b86da32\" data-element_type=\"widget\" data-e-type=\"widget\" data-widget_type=\"spacer.default\">\n\t\t\t\t\t\t\t<div class=\"elementor-spacer\">\n\t\t\t<div class=\"elementor-spacer-inner\"><\/div>\n\t\t<\/div>\n\t\t\t\t\t\t<\/div>\n\t\t\t\t<div class=\"elementor-element elementor-element-6c8b9a0 elementor-widget elementor-widget-heading\" data-id=\"6c8b9a0\" data-element_type=\"widget\" data-e-type=\"widget\" data-widget_type=\"heading.default\">\n\t\t\t\t\t<h2 class=\"elementor-heading-title elementor-size-default\">Acerca de Veridas\n<\/h2>\t\t\t\t<\/div>\n\t\t\t\t<div class=\"elementor-element elementor-element-bb17c28 elementor-widget elementor-widget-text-editor\" data-id=\"bb17c28\" data-element_type=\"widget\" data-e-type=\"widget\" data-widget_type=\"text-editor.default\">\n\t\t\t\t\t\t\t\t\t<p><span style=\"font-weight: 400;\">Veridas es una empresa de tecnolog\u00eda fundada en 2017 como<\/span><i><span style=\"font-weight: 400;\"> joint venture<\/span><\/i><span style=\"font-weight: 400;\"> junto a BBVA. Desde entonces, se ha convertido en un actor l\u00edder a nivel mundial en la industria de la identidad, atendiendo a m\u00e1s de 250 clientes en 25 pa\u00edses en sectores como la banca, los seguros, las telecomunicaciones o las Administraciones P\u00fablicas, entre otros.\u00a0<\/span><\/p><p><span style=\"font-weight: 400;\">El \u00e9xito de Veridas se basa en su compromiso con la tecnolog\u00eda, el talento, y su misi\u00f3n es permitir la verificaci\u00f3n y autenticaci\u00f3n de identidad segura y confiable a trav\u00e9s de sus soluciones biom\u00e9tricas de vanguardia.<\/span><\/p><p><span style=\"font-weight: 400;\">Veridas gira en torno a lo que se denomina \u00abidentidad Phygital\u00bb, combinando la verificaci\u00f3n de identidad f\u00edsica y digital para una experiencia de usuario sin fricciones. Sus soluciones modulares, con tecnolog\u00eda 100% propietaria de biometr\u00eda facial, biometr\u00eda de voz y verificaci\u00f3n de documentos de identidad, se pueden adaptar a cualquier escenario.<\/span><\/p><p><span style=\"font-weight: 400;\">Veridas naci\u00f3 con el prop\u00f3sito de garantizar el derecho de las personas a utilizar sus identidades reales en el mundo digital y f\u00edsico. Su visi\u00f3n es un futuro sin contrase\u00f1as ni claves, donde las personas sean reconocidas de forma privada, segura y voluntaria por quienes son. \/<\/span><a href=\"https:\/\/veridas.com\/quienes-somos\/\"><span style=\"font-weight: 400;\">https:\/\/veridas.com\/quienes-somos\/<\/span><\/a><\/p>\t\t\t\t\t\t\t\t<\/div>\n\t\t\t\t\t<\/div>\n\t\t<\/div>\n\t\t\t\t\t<\/div>\n\t\t<\/section>\n\t\t\t\t<\/div>\n\t\t","protected":false},"excerpt":{"rendered":"<p>Veridas destaca su participaci\u00f3n en el 8\u00ba Congreso Tecnolog\u00eda y Negocios Am\u00e9rica Digital M\u00e9xico 2023 La empresa presentar\u00e1, entre otras, su soluci\u00f3n de verificaci\u00f3n de identidad con biometr\u00eda facial integrada en el INE que utilizan m\u00e1s del 50% de la banca mexicana. Veridas, compa\u00f1\u00eda l\u00edder en tecnolog\u00eda biom\u00e9trica, se complace en anunciar su participaci\u00f3n en [&hellip;]<\/p>\n","protected":false},"author":4,"featured_media":57489,"parent":0,"menu_order":0,"comment_status":"closed","ping_status":"closed","template":"","format":[284],"meta":{"_acf_changed":false,"inline_featured_image":false,"footnotes":""},"country":[],"resource":[293],"topic":[282],"industry":[],"solution":[],"class_list":["post-56854","page","type-page","status-publish","has-post-thumbnail","hentry","resource-yes","format-articulo","topic-hitos"],"acf":[],"yoast_head":"<!-- This site is optimized with the Yoast SEO plugin v27.0 - https:\/\/yoast.com\/product\/yoast-seo-wordpress\/ -->\n<title>Veridas destaca su participaci\u00f3n en el 8\u00ba Congreso Tecnolog\u00eda y Negocios Am\u00e9rica Digital M\u00e9xico 2023 &#8226; Veridas<\/title>\n<meta name=\"robots\" content=\"index, follow, max-snippet:-1, max-image-preview:large, max-video-preview:-1\" \/>\n<link rel=\"canonical\" href=\"https:\/\/veridas.com\/es\/veridas-destaca-su-participacion-en-el-8o-congreso-tecnologia-y-negocios-america-digital-mexico-2023\/\" \/>\n<meta property=\"og:locale\" content=\"es_ES\" \/>\n<meta property=\"og:type\" content=\"article\" \/>\n<meta property=\"og:title\" content=\"Veridas destaca su participaci\u00f3n en el 8\u00ba Congreso Tecnolog\u00eda y Negocios Am\u00e9rica Digital M\u00e9xico 2023 &#8226; Veridas\" \/>\n<meta property=\"og:description\" content=\"Veridas destaca su participaci\u00f3n en el 8\u00ba Congreso Tecnolog\u00eda y Negocios Am\u00e9rica Digital M\u00e9xico 2023 La empresa presentar\u00e1, entre otras, su soluci\u00f3n de verificaci\u00f3n de identidad con biometr\u00eda facial integrada en el INE que utilizan m\u00e1s del 50% de la banca mexicana. Veridas, compa\u00f1\u00eda l\u00edder en tecnolog\u00eda biom\u00e9trica, se complace en anunciar su participaci\u00f3n en [&hellip;]\" \/>\n<meta property=\"og:url\" content=\"https:\/\/veridas.com\/es\/veridas-destaca-su-participacion-en-el-8o-congreso-tecnologia-y-negocios-america-digital-mexico-2023\/\" \/>\n<meta property=\"og:site_name\" content=\"Veridas\" \/>\n<meta property=\"article:modified_time\" content=\"2024-01-25T16:04:48+00:00\" \/>\n<meta property=\"og:image\" content=\"https:\/\/veridas.com\/wp-content\/uploads\/2023\/06\/banner-linkedin.png\" \/>\n\t<meta property=\"og:image:width\" content=\"2048\" \/>\n\t<meta property=\"og:image:height\" content=\"944\" \/>\n\t<meta property=\"og:image:type\" content=\"image\/png\" \/>\n<meta name=\"twitter:card\" content=\"summary_large_image\" \/>\n<meta name=\"twitter:site\" content=\"@VeridasOfficial\" \/>\n<meta name=\"twitter:label1\" content=\"Tiempo de lectura\" \/>\n\t<meta name=\"twitter:data1\" content=\"4 minutos\" \/>\n<script type=\"application\/ld+json\" class=\"yoast-schema-graph\">{\"@context\":\"https:\/\/schema.org\",\"@graph\":[{\"@type\":\"WebPage\",\"@id\":\"https:\/\/veridas.com\/es\/veridas-destaca-su-participacion-en-el-8o-congreso-tecnologia-y-negocios-america-digital-mexico-2023\/\",\"url\":\"https:\/\/veridas.com\/es\/veridas-destaca-su-participacion-en-el-8o-congreso-tecnologia-y-negocios-america-digital-mexico-2023\/\",\"name\":\"Veridas destaca su participaci\u00f3n en el 8\u00ba Congreso Tecnolog\u00eda y Negocios Am\u00e9rica Digital M\u00e9xico 2023 &#8226; Veridas\",\"isPartOf\":{\"@id\":\"https:\/\/veridas.com\/es\/pt\/#website\"},\"primaryImageOfPage\":{\"@id\":\"https:\/\/veridas.com\/es\/veridas-destaca-su-participacion-en-el-8o-congreso-tecnologia-y-negocios-america-digital-mexico-2023\/#primaryimage\"},\"image\":{\"@id\":\"https:\/\/veridas.com\/es\/veridas-destaca-su-participacion-en-el-8o-congreso-tecnologia-y-negocios-america-digital-mexico-2023\/#primaryimage\"},\"thumbnailUrl\":\"https:\/\/veridas.com\/wp-content\/uploads\/2023\/06\/banner-linkedin.png\",\"datePublished\":\"2023-06-09T07:17:07+00:00\",\"dateModified\":\"2024-01-25T16:04:48+00:00\",\"breadcrumb\":{\"@id\":\"https:\/\/veridas.com\/es\/veridas-destaca-su-participacion-en-el-8o-congreso-tecnologia-y-negocios-america-digital-mexico-2023\/#breadcrumb\"},\"inLanguage\":\"es\",\"potentialAction\":[{\"@type\":\"ReadAction\",\"target\":[\"https:\/\/veridas.com\/es\/veridas-destaca-su-participacion-en-el-8o-congreso-tecnologia-y-negocios-america-digital-mexico-2023\/\"]}]},{\"@type\":\"ImageObject\",\"inLanguage\":\"es\",\"@id\":\"https:\/\/veridas.com\/es\/veridas-destaca-su-participacion-en-el-8o-congreso-tecnologia-y-negocios-america-digital-mexico-2023\/#primaryimage\",\"url\":\"https:\/\/veridas.com\/wp-content\/uploads\/2023\/06\/banner-linkedin.png\",\"contentUrl\":\"https:\/\/veridas.com\/wp-content\/uploads\/2023\/06\/banner-linkedin.png\",\"width\":2048,\"height\":944},{\"@type\":\"BreadcrumbList\",\"@id\":\"https:\/\/veridas.com\/es\/veridas-destaca-su-participacion-en-el-8o-congreso-tecnologia-y-negocios-america-digital-mexico-2023\/#breadcrumb\",\"itemListElement\":[{\"@type\":\"ListItem\",\"position\":1,\"name\":\"Home\",\"item\":\"https:\/\/veridas.com\/es\/la-plataforma-de-verificacion-de-identidad-idv-que-ofrece-prevencion-de-fraude-real\/\"},{\"@type\":\"ListItem\",\"position\":2,\"name\":\"Veridas destaca su participaci\u00f3n en el 8\u00ba Congreso Tecnolog\u00eda y Negocios Am\u00e9rica Digital M\u00e9xico 2023\"}]},{\"@type\":\"WebSite\",\"@id\":\"https:\/\/veridas.com\/es\/pt\/#website\",\"url\":\"https:\/\/veridas.com\/es\/pt\/\",\"name\":\"Veridas\",\"description\":\"Just be you\",\"publisher\":{\"@id\":\"https:\/\/veridas.com\/es\/pt\/#organization\"},\"potentialAction\":[{\"@type\":\"SearchAction\",\"target\":{\"@type\":\"EntryPoint\",\"urlTemplate\":\"https:\/\/veridas.com\/es\/pt\/?s={search_term_string}\"},\"query-input\":{\"@type\":\"PropertyValueSpecification\",\"valueRequired\":true,\"valueName\":\"search_term_string\"}}],\"inLanguage\":\"es\"},{\"@type\":\"Organization\",\"@id\":\"https:\/\/veridas.com\/es\/pt\/#organization\",\"name\":\"Veridas\",\"url\":\"https:\/\/veridas.com\/es\/pt\/\",\"logo\":{\"@type\":\"ImageObject\",\"inLanguage\":\"es\",\"@id\":\"https:\/\/veridas.com\/es\/pt\/#\/schema\/logo\/image\/\",\"url\":\"https:\/\/veridas.com\/wp-content\/uploads\/2021\/09\/logo-veridas-calidad.png\",\"contentUrl\":\"https:\/\/veridas.com\/wp-content\/uploads\/2021\/09\/logo-veridas-calidad.png\",\"width\":2048,\"height\":1076,\"caption\":\"Veridas\"},\"image\":{\"@id\":\"https:\/\/veridas.com\/es\/pt\/#\/schema\/logo\/image\/\"},\"sameAs\":[\"https:\/\/x.com\/VeridasOfficial\",\"https:\/\/es.linkedin.com\/company\/veridas\",\"https:\/\/www.instagram.com\/veridas.life\/\",\"https:\/\/www.youtube.com\/@VeridasOfficial\"]}]}<\/script>\n<!-- \/ Yoast SEO plugin. -->","yoast_head_json":{"title":"Veridas destaca su participaci\u00f3n en el 8\u00ba Congreso Tecnolog\u00eda y Negocios Am\u00e9rica Digital M\u00e9xico 2023 &#8226; Veridas","robots":{"index":"index","follow":"follow","max-snippet":"max-snippet:-1","max-image-preview":"max-image-preview:large","max-video-preview":"max-video-preview:-1"},"canonical":"https:\/\/veridas.com\/es\/veridas-destaca-su-participacion-en-el-8o-congreso-tecnologia-y-negocios-america-digital-mexico-2023\/","og_locale":"es_ES","og_type":"article","og_title":"Veridas destaca su participaci\u00f3n en el 8\u00ba Congreso Tecnolog\u00eda y Negocios Am\u00e9rica Digital M\u00e9xico 2023 &#8226; Veridas","og_description":"Veridas destaca su participaci\u00f3n en el 8\u00ba Congreso Tecnolog\u00eda y Negocios Am\u00e9rica Digital M\u00e9xico 2023 La empresa presentar\u00e1, entre otras, su soluci\u00f3n de verificaci\u00f3n de identidad con biometr\u00eda facial integrada en el INE que utilizan m\u00e1s del 50% de la banca mexicana. Veridas, compa\u00f1\u00eda l\u00edder en tecnolog\u00eda biom\u00e9trica, se complace en anunciar su participaci\u00f3n en [&hellip;]","og_url":"https:\/\/veridas.com\/es\/veridas-destaca-su-participacion-en-el-8o-congreso-tecnologia-y-negocios-america-digital-mexico-2023\/","og_site_name":"Veridas","article_modified_time":"2024-01-25T16:04:48+00:00","og_image":[{"width":2048,"height":944,"url":"https:\/\/veridas.com\/wp-content\/uploads\/2023\/06\/banner-linkedin.png","type":"image\/png"}],"twitter_card":"summary_large_image","twitter_site":"@VeridasOfficial","twitter_misc":{"Tiempo de lectura":"4 minutos"},"schema":{"@context":"https:\/\/schema.org","@graph":[{"@type":"WebPage","@id":"https:\/\/veridas.com\/es\/veridas-destaca-su-participacion-en-el-8o-congreso-tecnologia-y-negocios-america-digital-mexico-2023\/","url":"https:\/\/veridas.com\/es\/veridas-destaca-su-participacion-en-el-8o-congreso-tecnologia-y-negocios-america-digital-mexico-2023\/","name":"Veridas destaca su participaci\u00f3n en el 8\u00ba Congreso Tecnolog\u00eda y Negocios Am\u00e9rica Digital M\u00e9xico 2023 &#8226; Veridas","isPartOf":{"@id":"https:\/\/veridas.com\/es\/pt\/#website"},"primaryImageOfPage":{"@id":"https:\/\/veridas.com\/es\/veridas-destaca-su-participacion-en-el-8o-congreso-tecnologia-y-negocios-america-digital-mexico-2023\/#primaryimage"},"image":{"@id":"https:\/\/veridas.com\/es\/veridas-destaca-su-participacion-en-el-8o-congreso-tecnologia-y-negocios-america-digital-mexico-2023\/#primaryimage"},"thumbnailUrl":"https:\/\/veridas.com\/wp-content\/uploads\/2023\/06\/banner-linkedin.png","datePublished":"2023-06-09T07:17:07+00:00","dateModified":"2024-01-25T16:04:48+00:00","breadcrumb":{"@id":"https:\/\/veridas.com\/es\/veridas-destaca-su-participacion-en-el-8o-congreso-tecnologia-y-negocios-america-digital-mexico-2023\/#breadcrumb"},"inLanguage":"es","potentialAction":[{"@type":"ReadAction","target":["https:\/\/veridas.com\/es\/veridas-destaca-su-participacion-en-el-8o-congreso-tecnologia-y-negocios-america-digital-mexico-2023\/"]}]},{"@type":"ImageObject","inLanguage":"es","@id":"https:\/\/veridas.com\/es\/veridas-destaca-su-participacion-en-el-8o-congreso-tecnologia-y-negocios-america-digital-mexico-2023\/#primaryimage","url":"https:\/\/veridas.com\/wp-content\/uploads\/2023\/06\/banner-linkedin.png","contentUrl":"https:\/\/veridas.com\/wp-content\/uploads\/2023\/06\/banner-linkedin.png","width":2048,"height":944},{"@type":"BreadcrumbList","@id":"https:\/\/veridas.com\/es\/veridas-destaca-su-participacion-en-el-8o-congreso-tecnologia-y-negocios-america-digital-mexico-2023\/#breadcrumb","itemListElement":[{"@type":"ListItem","position":1,"name":"Home","item":"https:\/\/veridas.com\/es\/la-plataforma-de-verificacion-de-identidad-idv-que-ofrece-prevencion-de-fraude-real\/"},{"@type":"ListItem","position":2,"name":"Veridas destaca su participaci\u00f3n en el 8\u00ba Congreso Tecnolog\u00eda y Negocios Am\u00e9rica Digital M\u00e9xico 2023"}]},{"@type":"WebSite","@id":"https:\/\/veridas.com\/es\/pt\/#website","url":"https:\/\/veridas.com\/es\/pt\/","name":"Veridas","description":"Just be you","publisher":{"@id":"https:\/\/veridas.com\/es\/pt\/#organization"},"potentialAction":[{"@type":"SearchAction","target":{"@type":"EntryPoint","urlTemplate":"https:\/\/veridas.com\/es\/pt\/?s={search_term_string}"},"query-input":{"@type":"PropertyValueSpecification","valueRequired":true,"valueName":"search_term_string"}}],"inLanguage":"es"},{"@type":"Organization","@id":"https:\/\/veridas.com\/es\/pt\/#organization","name":"Veridas","url":"https:\/\/veridas.com\/es\/pt\/","logo":{"@type":"ImageObject","inLanguage":"es","@id":"https:\/\/veridas.com\/es\/pt\/#\/schema\/logo\/image\/","url":"https:\/\/veridas.com\/wp-content\/uploads\/2021\/09\/logo-veridas-calidad.png","contentUrl":"https:\/\/veridas.com\/wp-content\/uploads\/2021\/09\/logo-veridas-calidad.png","width":2048,"height":1076,"caption":"Veridas"},"image":{"@id":"https:\/\/veridas.com\/es\/pt\/#\/schema\/logo\/image\/"},"sameAs":["https:\/\/x.com\/VeridasOfficial","https:\/\/es.linkedin.com\/company\/veridas","https:\/\/www.instagram.com\/veridas.life\/","https:\/\/www.youtube.com\/@VeridasOfficial"]}]}},"_links":{"self":[{"href":"https:\/\/veridas.com\/es\/wp-json\/wp\/v2\/pages\/56854","targetHints":{"allow":["GET"]}}],"collection":[{"href":"https:\/\/veridas.com\/es\/wp-json\/wp\/v2\/pages"}],"about":[{"href":"https:\/\/veridas.com\/es\/wp-json\/wp\/v2\/types\/page"}],"author":[{"embeddable":true,"href":"https:\/\/veridas.com\/es\/wp-json\/wp\/v2\/users\/4"}],"replies":[{"embeddable":true,"href":"https:\/\/veridas.com\/es\/wp-json\/wp\/v2\/comments?post=56854"}],"version-history":[{"count":6,"href":"https:\/\/veridas.com\/es\/wp-json\/wp\/v2\/pages\/56854\/revisions"}],"predecessor-version":[{"id":57493,"href":"https:\/\/veridas.com\/es\/wp-json\/wp\/v2\/pages\/56854\/revisions\/57493"}],"wp:featuredmedia":[{"embeddable":true,"href":"https:\/\/veridas.com\/es\/wp-json\/wp\/v2\/media\/57489"}],"wp:attachment":[{"href":"https:\/\/veridas.com\/es\/wp-json\/wp\/v2\/media?parent=56854"}],"wp:term":[{"taxonomy":"country","embeddable":true,"href":"https:\/\/veridas.com\/es\/wp-json\/wp\/v2\/country?post=56854"},{"taxonomy":"resource","embeddable":true,"href":"https:\/\/veridas.com\/es\/wp-json\/wp\/v2\/resource?post=56854"},{"taxonomy":"format","embeddable":true,"href":"https:\/\/veridas.com\/es\/wp-json\/wp\/v2\/format?post=56854"},{"taxonomy":"topic","embeddable":true,"href":"https:\/\/veridas.com\/es\/wp-json\/wp\/v2\/topic?post=56854"},{"taxonomy":"industry","embeddable":true,"href":"https:\/\/veridas.com\/es\/wp-json\/wp\/v2\/industry?post=56854"},{"taxonomy":"solution","embeddable":true,"href":"https:\/\/veridas.com\/es\/wp-json\/wp\/v2\/solution?post=56854"}],"curies":[{"name":"wp","href":"https:\/\/api.w.org\/{rel}","templated":true}]}}