{"id":56901,"date":"2023-06-09T08:54:05","date_gmt":"2023-06-09T08:54:05","guid":{"rendered":"https:\/\/veridas.com\/?page_id=56901"},"modified":"2024-02-15T11:32:17","modified_gmt":"2024-02-15T11:32:17","slug":"descarga-verificacion-de-edad-datasheet","status":"publish","type":"page","link":"https:\/\/veridas.com\/es\/descarga-verificacion-de-edad-datasheet\/","title":{"rendered":"Datasheet \/ Verificaci\u00f3n de edad"},"content":{"rendered":"\t\t<div data-elementor-type=\"wp-page\" data-elementor-id=\"56901\" class=\"elementor elementor-56901\" data-elementor-settings=\"{&quot;ha_cmc_init_switcher&quot;:&quot;no&quot;}\" data-elementor-post-type=\"page\">\n\t\t\t\t\t\t<section class=\"elementor-section elementor-top-section elementor-element elementor-element-fc8c8d3 elementor-section-boxed elementor-section-height-default elementor-section-height-default\" data-id=\"fc8c8d3\" data-element_type=\"section\" data-e-type=\"section\">\n\t\t\t\t\t\t<div class=\"elementor-container elementor-column-gap-default\">\n\t\t\t\t\t<div class=\"elementor-column elementor-col-100 elementor-top-column elementor-element elementor-element-b2cb8ff\" data-id=\"b2cb8ff\" data-element_type=\"column\" data-e-type=\"column\">\n\t\t\t<div class=\"elementor-widget-wrap\">\n\t\t\t\t\t\t\t<\/div>\n\t\t<\/div>\n\t\t\t\t\t<\/div>\n\t\t<\/section>\n\t\t\t\t<section class=\"elementor-section elementor-top-section elementor-element elementor-element-846179d elementor-section-full_width elementor-section-height-default elementor-section-height-default\" data-id=\"846179d\" data-element_type=\"section\" data-e-type=\"section\" data-settings=\"{&quot;background_background&quot;:&quot;classic&quot;}\">\n\t\t\t\t\t\t<div class=\"elementor-container elementor-column-gap-default\">\n\t\t\t\t\t<div class=\"elementor-column elementor-col-100 elementor-top-column elementor-element elementor-element-f306bc6\" data-id=\"f306bc6\" data-element_type=\"column\" data-e-type=\"column\">\n\t\t\t<div class=\"elementor-widget-wrap elementor-element-populated\">\n\t\t\t\t\t\t<section class=\"elementor-section elementor-inner-section elementor-element elementor-element-30ee5a8 elementor-section-boxed elementor-section-height-default elementor-section-height-default\" data-id=\"30ee5a8\" data-element_type=\"section\" data-e-type=\"section\">\n\t\t\t\t\t\t<div class=\"elementor-container elementor-column-gap-default\">\n\t\t\t\t\t<div class=\"elementor-column elementor-col-100 elementor-inner-column elementor-element elementor-element-d2732c2\" data-id=\"d2732c2\" data-element_type=\"column\" data-e-type=\"column\">\n\t\t\t<div class=\"elementor-widget-wrap elementor-element-populated\">\n\t\t\t\t\t\t<div class=\"elementor-element elementor-element-ce37585 elementor-widget elementor-widget-spacer\" data-id=\"ce37585\" data-element_type=\"widget\" data-e-type=\"widget\" data-widget_type=\"spacer.default\">\n\t\t\t\t\t\t\t<div class=\"elementor-spacer\">\n\t\t\t<div class=\"elementor-spacer-inner\"><\/div>\n\t\t<\/div>\n\t\t\t\t\t\t<\/div>\n\t\t\t\t<div class=\"elementor-element elementor-element-8a52bf2 elementor-widget elementor-widget-heading\" data-id=\"8a52bf2\" data-element_type=\"widget\" data-e-type=\"widget\" data-widget_type=\"heading.default\">\n\t\t\t\t\t<h1 class=\"elementor-heading-title elementor-size-default\">Datasheet \/ Verificaci\u00f3n de edad<\/h1>\t\t\t\t<\/div>\n\t\t\t\t<div class=\"elementor-element elementor-element-c18d110 elementor-widget elementor-widget-spacer\" data-id=\"c18d110\" data-element_type=\"widget\" data-e-type=\"widget\" data-widget_type=\"spacer.default\">\n\t\t\t\t\t\t\t<div class=\"elementor-spacer\">\n\t\t\t<div class=\"elementor-spacer-inner\"><\/div>\n\t\t<\/div>\n\t\t\t\t\t\t<\/div>\n\t\t\t\t\t<\/div>\n\t\t<\/div>\n\t\t\t\t\t<\/div>\n\t\t<\/section>\n\t\t\t\t\t<\/div>\n\t\t<\/div>\n\t\t\t\t\t<\/div>\n\t\t<\/section>\n\t\t\t\t<section class=\"elementor-section elementor-top-section elementor-element elementor-element-ea8e7a2 elementor-reverse-tablet elementor-reverse-mobile elementor-section-boxed elementor-section-height-default elementor-section-height-default\" data-id=\"ea8e7a2\" data-element_type=\"section\" data-e-type=\"section\">\n\t\t\t\t\t\t<div class=\"elementor-container elementor-column-gap-no\">\n\t\t\t\t\t<div class=\"elementor-column elementor-col-50 elementor-top-column elementor-element elementor-element-ea71787\" data-id=\"ea71787\" data-element_type=\"column\" data-e-type=\"column\">\n\t\t\t<div class=\"elementor-widget-wrap elementor-element-populated\">\n\t\t\t\t\t\t<div class=\"elementor-element elementor-element-b532956 elementor-widget elementor-widget-image\" data-id=\"b532956\" data-element_type=\"widget\" data-e-type=\"widget\" data-widget_type=\"image.default\">\n\t\t\t\t\t\t\t\t\t\t\t\t\t\t\t<img fetchpriority=\"high\" decoding=\"async\" width=\"800\" height=\"500\" src=\"https:\/\/veridas.com\/wp-content\/uploads\/2023\/06\/age-verification-alcohol.png\" class=\"attachment-large size-large wp-image-56670\" alt=\"age verification\" srcset=\"https:\/\/veridas.com\/wp-content\/uploads\/2023\/06\/age-verification-alcohol.png 800w, https:\/\/veridas.com\/wp-content\/uploads\/2023\/06\/age-verification-alcohol-300x188.png 300w, https:\/\/veridas.com\/wp-content\/uploads\/2023\/06\/age-verification-alcohol-768x480.png 768w\" sizes=\"(max-width: 800px) 100vw, 800px\" \/>\t\t\t\t\t\t\t\t\t\t\t\t\t\t\t<\/div>\n\t\t\t\t<div class=\"elementor-element elementor-element-c1d50f3 elementor-widget elementor-widget-spacer\" data-id=\"c1d50f3\" data-element_type=\"widget\" data-e-type=\"widget\" data-widget_type=\"spacer.default\">\n\t\t\t\t\t\t\t<div class=\"elementor-spacer\">\n\t\t\t<div class=\"elementor-spacer-inner\"><\/div>\n\t\t<\/div>\n\t\t\t\t\t\t<\/div>\n\t\t\t\t<section class=\"elementor-section elementor-inner-section elementor-element elementor-element-46021e6 elementor-section-boxed elementor-section-height-default elementor-section-height-default\" data-id=\"46021e6\" data-element_type=\"section\" data-e-type=\"section\">\n\t\t\t\t\t\t\t<div class=\"elementor-background-overlay\"><\/div>\n\t\t\t\t\t\t\t<div class=\"elementor-container elementor-column-gap-default\">\n\t\t\t\t\t<div class=\"elementor-column elementor-col-100 elementor-inner-column elementor-element elementor-element-84184a0\" data-id=\"84184a0\" data-element_type=\"column\" data-e-type=\"column\">\n\t\t\t<div class=\"elementor-widget-wrap elementor-element-populated\">\n\t\t\t\t\t\t<div class=\"elementor-element elementor-element-66bcc94 elementor-widget elementor-widget-text-editor\" data-id=\"66bcc94\" data-element_type=\"widget\" data-e-type=\"widget\" data-widget_type=\"text-editor.default\">\n\t\t\t\t\t\t\t\t\t<p>En una \u00e9poca de restricciones normativas cada vez m\u00e1s estrictas, las empresas se enfrentan a una presi\u00f3n cada vez mayor para cumplir las leyes de verificaci\u00f3n de la edad o enfrentarse a graves sanciones, incluidas multas y acciones legales.<\/p><p>El producto de Verificaci\u00f3n de Edad de Veridas ofrece una soluci\u00f3n sencilla y fiable que permite a las empresas verificar la edad de sus clientes con rapidez y confianza.<\/p><p><strong>\u00a1Obtenga m\u00e1s informaci\u00f3n sobre el proceso rellenando este formulario!<\/strong><\/p>\t\t\t\t\t\t\t\t<\/div>\n\t\t\t\t\t<\/div>\n\t\t<\/div>\n\t\t\t\t\t<\/div>\n\t\t<\/section>\n\t\t\t\t<div class=\"elementor-element elementor-element-039805c elementor-widget elementor-widget-spacer\" data-id=\"039805c\" data-element_type=\"widget\" data-e-type=\"widget\" data-widget_type=\"spacer.default\">\n\t\t\t\t\t\t\t<div class=\"elementor-spacer\">\n\t\t\t<div class=\"elementor-spacer-inner\"><\/div>\n\t\t<\/div>\n\t\t\t\t\t\t<\/div>\n\t\t\t\t<div class=\"elementor-element elementor-element-4ea6539 elementor-widget elementor-widget-spacer\" data-id=\"4ea6539\" data-element_type=\"widget\" data-e-type=\"widget\" data-widget_type=\"spacer.default\">\n\t\t\t\t\t\t\t<div class=\"elementor-spacer\">\n\t\t\t<div class=\"elementor-spacer-inner\"><\/div>\n\t\t<\/div>\n\t\t\t\t\t\t<\/div>\n\t\t\t\t\t<\/div>\n\t\t<\/div>\n\t\t\t\t<div class=\"elementor-column elementor-col-50 elementor-top-column elementor-element elementor-element-bbada5e\" data-id=\"bbada5e\" data-element_type=\"column\" data-e-type=\"column\">\n\t\t\t<div class=\"elementor-widget-wrap elementor-element-populated\">\n\t\t\t\t\t\t<section class=\"elementor-section elementor-inner-section elementor-element elementor-element-7f2f831 elementor-section-boxed elementor-section-height-default elementor-section-height-default\" data-id=\"7f2f831\" data-element_type=\"section\" data-e-type=\"section\">\n\t\t\t\t\t\t\t<div class=\"elementor-background-overlay\"><\/div>\n\t\t\t\t\t\t\t<div class=\"elementor-container elementor-column-gap-default\">\n\t\t\t\t\t<div class=\"elementor-column elementor-col-100 elementor-inner-column elementor-element elementor-element-2f3c87d elementor-invisible\" data-id=\"2f3c87d\" data-element_type=\"column\" data-e-type=\"column\" data-settings=\"{&quot;motion_fx_motion_fx_scrolling&quot;:&quot;yes&quot;,&quot;motion_fx_translateY_effect&quot;:&quot;yes&quot;,&quot;motion_fx_translateY_direction&quot;:&quot;negative&quot;,&quot;motion_fx_translateY_affectedRange&quot;:{&quot;unit&quot;:&quot;%&quot;,&quot;size&quot;:&quot;&quot;,&quot;sizes&quot;:{&quot;start&quot;:40,&quot;end&quot;:95}},&quot;motion_fx_devices&quot;:[&quot;desktop&quot;],&quot;animation&quot;:&quot;slideInUp&quot;,&quot;motion_fx_translateY_speed&quot;:{&quot;unit&quot;:&quot;px&quot;,&quot;size&quot;:4,&quot;sizes&quot;:[]}}\">\n\t\t\t<div class=\"elementor-widget-wrap elementor-element-populated\">\n\t\t\t\t\t\t<div class=\"elementor-element elementor-element-390c40d elementor-widget elementor-widget-heading\" data-id=\"390c40d\" data-element_type=\"widget\" data-e-type=\"widget\" data-widget_type=\"heading.default\">\n\t\t\t\t\t<h2 class=\"elementor-heading-title elementor-size-default\">Completa el formulario y descarga el datasheet<\/h2>\t\t\t\t<\/div>\n\t\t\t\t<div class=\"elementor-element elementor-element-cfbc2fb elementor-widget elementor-widget-html\" data-id=\"cfbc2fb\" data-element_type=\"widget\" data-e-type=\"widget\" data-widget_type=\"html.default\">\n\t\t\t\t\t<script charset=\"utf-8\" type=\"text\/javascript\" src=\"\/\/js.hsforms.net\/forms\/embed\/v2.js\"><\/script>\r\n<script>\r\n  hbspt.forms.create({\r\n    region: \"na1\",\r\n    portalId: \"19918211\",\r\n    formId: \"dcc2b04e-ac6b-4f6e-beea-89fe522ea16f\"\r\n  });\r\n<\/script>\t\t\t\t<\/div>\n\t\t\t\t\t<\/div>\n\t\t<\/div>\n\t\t\t\t\t<\/div>\n\t\t<\/section>\n\t\t\t\t\t<\/div>\n\t\t<\/div>\n\t\t\t\t\t<\/div>\n\t\t<\/section>\n\t\t<div class=\"elementor-element elementor-element-3a168b1 e-con-full e-flex e-con e-parent\" data-id=\"3a168b1\" data-element_type=\"container\" data-e-type=\"container\" data-settings=\"{&quot;background_background&quot;:&quot;classic&quot;}\">\n\t\t<div class=\"elementor-element elementor-element-7994fda e-con-full e-flex e-con e-child\" data-id=\"7994fda\" data-element_type=\"container\" data-e-type=\"container\">\n\t\t\t\t<div class=\"elementor-element elementor-element-1a5000b elementor-widget elementor-widget-text-editor\" data-id=\"1a5000b\" data-element_type=\"widget\" data-e-type=\"widget\" data-widget_type=\"text-editor.default\">\n\t\t\t\t\t\t\t\t\t\u00a9 VERIDAS 2026. Todos los derechos reservados.\t\t\t\t\t\t\t\t<\/div>\n\t\t\t\t<\/div>\n\t\t<div class=\"elementor-element elementor-element-9e4eb1f e-flex e-con-boxed e-con e-child\" data-id=\"9e4eb1f\" data-element_type=\"container\" data-e-type=\"container\">\n\t\t\t\t\t<div class=\"e-con-inner\">\n\t\t\t\t<div class=\"elementor-element elementor-element-4ac7179 elementor-widget elementor-widget-text-editor\" data-id=\"4ac7179\" data-element_type=\"widget\" data-e-type=\"widget\" data-widget_type=\"text-editor.default\">\n\t\t\t\t\t\t\t\t\t<p><a href=\"https:\/\/veridas.com\/es\/politica-privacidad\/\" target=\"_blank\" rel=\"noopener\">Pol\u00edtica de Privacidad y Aviso Legal\u00a0<\/a> |\u00a0 <a href=\"https:\/\/veridas.com\/es\/politica-cookies\/\">Pol\u00edtica de Cookies<\/a>\u00a0 |\u00a0 <a href=\"https:\/\/veridas.com\/es\/politica-seguridad-informacion\/\">Seguridad de la informaci\u00f3n |\u00a0 <\/a><a href=\"https:\/\/veridas.com\/es\/politica-del-sistema-interno-de-informacion\/\" target=\"_blank\" rel=\"noopener\">Pol\u00edtica del Sistema Interno de Informaci\u00f3n<\/a><a href=\"https:\/\/veridas.com\/es\/politica-seguridad-informacion\/\"> |\u00a0 <\/a><a href=\"https:\/\/veridas.com\/es\/politica-de-calidad\/\">Pol\u00edtica de Calidad<\/a><a href=\"https:\/\/veridas.com\/es\/politica-seguridad-informacion\/\">\u00a0 |\u00a0 <\/a><a href=\"https:\/\/veridas.com\/es\/subvenciones-ayudas\/\">Subvenciones y ayudas<\/a><\/p>\t\t\t\t\t\t\t\t<\/div>\n\t\t\t\t\t<\/div>\n\t\t\t\t<\/div>\n\t\t\t\t<\/div>\n\t\t\t\t<\/div>\n\t\t","protected":false},"excerpt":{"rendered":"<p>Datasheet \/ Verificaci\u00f3n de edad En una \u00e9poca de restricciones normativas cada vez m\u00e1s estrictas, las empresas se enfrentan a una presi\u00f3n cada vez mayor para cumplir las leyes de verificaci\u00f3n de la edad o enfrentarse a graves sanciones, incluidas multas y acciones legales. El producto de Verificaci\u00f3n de Edad de Veridas ofrece una soluci\u00f3n [&hellip;]<\/p>\n","protected":false},"author":4,"featured_media":56670,"parent":0,"menu_order":0,"comment_status":"closed","ping_status":"closed","template":"","format":[],"meta":{"_acf_changed":false,"inline_featured_image":false,"footnotes":""},"country":[],"resource":[],"topic":[],"industry":[],"solution":[],"class_list":["post-56901","page","type-page","status-publish","has-post-thumbnail","hentry"],"acf":[],"yoast_head":"<!-- This site is optimized with the Yoast SEO plugin v27.0 - https:\/\/yoast.com\/product\/yoast-seo-wordpress\/ -->\n<title>Datasheet \/ Verificaci\u00f3n de edad &#8226; Veridas<\/title>\n<meta name=\"robots\" content=\"index, follow, max-snippet:-1, max-image-preview:large, max-video-preview:-1\" \/>\n<link rel=\"canonical\" href=\"https:\/\/veridas.com\/es\/descarga-verificacion-de-edad-datasheet\/\" \/>\n<meta property=\"og:locale\" content=\"es_ES\" \/>\n<meta property=\"og:type\" content=\"article\" \/>\n<meta property=\"og:title\" content=\"Datasheet \/ Verificaci\u00f3n de edad &#8226; Veridas\" \/>\n<meta property=\"og:description\" content=\"Datasheet \/ Verificaci\u00f3n de edad En una \u00e9poca de restricciones normativas cada vez m\u00e1s estrictas, las empresas se enfrentan a una presi\u00f3n cada vez mayor para cumplir las leyes de verificaci\u00f3n de la edad o enfrentarse a graves sanciones, incluidas multas y acciones legales. El producto de Verificaci\u00f3n de Edad de Veridas ofrece una soluci\u00f3n [&hellip;]\" \/>\n<meta property=\"og:url\" content=\"https:\/\/veridas.com\/es\/descarga-verificacion-de-edad-datasheet\/\" \/>\n<meta property=\"og:site_name\" content=\"Veridas\" \/>\n<meta property=\"article:modified_time\" content=\"2024-02-15T11:32:17+00:00\" \/>\n<meta property=\"og:image\" content=\"https:\/\/veridas.com\/wp-content\/uploads\/2023\/06\/age-verification-alcohol.png\" \/>\n\t<meta property=\"og:image:width\" content=\"800\" \/>\n\t<meta property=\"og:image:height\" content=\"500\" \/>\n\t<meta property=\"og:image:type\" content=\"image\/png\" \/>\n<meta name=\"twitter:card\" content=\"summary_large_image\" \/>\n<meta name=\"twitter:site\" content=\"@VeridasOfficial\" \/>\n<meta name=\"twitter:label1\" content=\"Tiempo de lectura\" \/>\n\t<meta name=\"twitter:data1\" content=\"1 minuto\" \/>\n<script type=\"application\/ld+json\" class=\"yoast-schema-graph\">{\"@context\":\"https:\/\/schema.org\",\"@graph\":[{\"@type\":\"WebPage\",\"@id\":\"https:\/\/veridas.com\/es\/descarga-verificacion-de-edad-datasheet\/\",\"url\":\"https:\/\/veridas.com\/es\/descarga-verificacion-de-edad-datasheet\/\",\"name\":\"Datasheet \/ Verificaci\u00f3n de edad &#8226; Veridas\",\"isPartOf\":{\"@id\":\"https:\/\/veridas.com\/es\/pt\/#website\"},\"primaryImageOfPage\":{\"@id\":\"https:\/\/veridas.com\/es\/descarga-verificacion-de-edad-datasheet\/#primaryimage\"},\"image\":{\"@id\":\"https:\/\/veridas.com\/es\/descarga-verificacion-de-edad-datasheet\/#primaryimage\"},\"thumbnailUrl\":\"https:\/\/veridas.com\/wp-content\/uploads\/2023\/06\/age-verification-alcohol.png\",\"datePublished\":\"2023-06-09T08:54:05+00:00\",\"dateModified\":\"2024-02-15T11:32:17+00:00\",\"breadcrumb\":{\"@id\":\"https:\/\/veridas.com\/es\/descarga-verificacion-de-edad-datasheet\/#breadcrumb\"},\"inLanguage\":\"es\",\"potentialAction\":[{\"@type\":\"ReadAction\",\"target\":[\"https:\/\/veridas.com\/es\/descarga-verificacion-de-edad-datasheet\/\"]}]},{\"@type\":\"ImageObject\",\"inLanguage\":\"es\",\"@id\":\"https:\/\/veridas.com\/es\/descarga-verificacion-de-edad-datasheet\/#primaryimage\",\"url\":\"https:\/\/veridas.com\/wp-content\/uploads\/2023\/06\/age-verification-alcohol.png\",\"contentUrl\":\"https:\/\/veridas.com\/wp-content\/uploads\/2023\/06\/age-verification-alcohol.png\",\"width\":800,\"height\":500,\"caption\":\"age verification\"},{\"@type\":\"BreadcrumbList\",\"@id\":\"https:\/\/veridas.com\/es\/descarga-verificacion-de-edad-datasheet\/#breadcrumb\",\"itemListElement\":[{\"@type\":\"ListItem\",\"position\":1,\"name\":\"Home\",\"item\":\"https:\/\/veridas.com\/es\/la-plataforma-de-verificacion-de-identidad-idv-que-ofrece-prevencion-de-fraude-real\/\"},{\"@type\":\"ListItem\",\"position\":2,\"name\":\"Datasheet \/ Verificaci\u00f3n de edad\"}]},{\"@type\":\"WebSite\",\"@id\":\"https:\/\/veridas.com\/es\/pt\/#website\",\"url\":\"https:\/\/veridas.com\/es\/pt\/\",\"name\":\"Veridas\",\"description\":\"Just be you\",\"publisher\":{\"@id\":\"https:\/\/veridas.com\/es\/pt\/#organization\"},\"potentialAction\":[{\"@type\":\"SearchAction\",\"target\":{\"@type\":\"EntryPoint\",\"urlTemplate\":\"https:\/\/veridas.com\/es\/pt\/?s={search_term_string}\"},\"query-input\":{\"@type\":\"PropertyValueSpecification\",\"valueRequired\":true,\"valueName\":\"search_term_string\"}}],\"inLanguage\":\"es\"},{\"@type\":\"Organization\",\"@id\":\"https:\/\/veridas.com\/es\/pt\/#organization\",\"name\":\"Veridas\",\"url\":\"https:\/\/veridas.com\/es\/pt\/\",\"logo\":{\"@type\":\"ImageObject\",\"inLanguage\":\"es\",\"@id\":\"https:\/\/veridas.com\/es\/pt\/#\/schema\/logo\/image\/\",\"url\":\"https:\/\/veridas.com\/wp-content\/uploads\/2021\/09\/logo-veridas-calidad.png\",\"contentUrl\":\"https:\/\/veridas.com\/wp-content\/uploads\/2021\/09\/logo-veridas-calidad.png\",\"width\":2048,\"height\":1076,\"caption\":\"Veridas\"},\"image\":{\"@id\":\"https:\/\/veridas.com\/es\/pt\/#\/schema\/logo\/image\/\"},\"sameAs\":[\"https:\/\/x.com\/VeridasOfficial\",\"https:\/\/es.linkedin.com\/company\/veridas\",\"https:\/\/www.instagram.com\/veridas.life\/\",\"https:\/\/www.youtube.com\/@VeridasOfficial\"]}]}<\/script>\n<!-- \/ Yoast SEO plugin. -->","yoast_head_json":{"title":"Datasheet \/ Verificaci\u00f3n de edad &#8226; Veridas","robots":{"index":"index","follow":"follow","max-snippet":"max-snippet:-1","max-image-preview":"max-image-preview:large","max-video-preview":"max-video-preview:-1"},"canonical":"https:\/\/veridas.com\/es\/descarga-verificacion-de-edad-datasheet\/","og_locale":"es_ES","og_type":"article","og_title":"Datasheet \/ Verificaci\u00f3n de edad &#8226; Veridas","og_description":"Datasheet \/ Verificaci\u00f3n de edad En una \u00e9poca de restricciones normativas cada vez m\u00e1s estrictas, las empresas se enfrentan a una presi\u00f3n cada vez mayor para cumplir las leyes de verificaci\u00f3n de la edad o enfrentarse a graves sanciones, incluidas multas y acciones legales. El producto de Verificaci\u00f3n de Edad de Veridas ofrece una soluci\u00f3n [&hellip;]","og_url":"https:\/\/veridas.com\/es\/descarga-verificacion-de-edad-datasheet\/","og_site_name":"Veridas","article_modified_time":"2024-02-15T11:32:17+00:00","og_image":[{"width":800,"height":500,"url":"https:\/\/veridas.com\/wp-content\/uploads\/2023\/06\/age-verification-alcohol.png","type":"image\/png"}],"twitter_card":"summary_large_image","twitter_site":"@VeridasOfficial","twitter_misc":{"Tiempo de lectura":"1 minuto"},"schema":{"@context":"https:\/\/schema.org","@graph":[{"@type":"WebPage","@id":"https:\/\/veridas.com\/es\/descarga-verificacion-de-edad-datasheet\/","url":"https:\/\/veridas.com\/es\/descarga-verificacion-de-edad-datasheet\/","name":"Datasheet \/ Verificaci\u00f3n de edad &#8226; Veridas","isPartOf":{"@id":"https:\/\/veridas.com\/es\/pt\/#website"},"primaryImageOfPage":{"@id":"https:\/\/veridas.com\/es\/descarga-verificacion-de-edad-datasheet\/#primaryimage"},"image":{"@id":"https:\/\/veridas.com\/es\/descarga-verificacion-de-edad-datasheet\/#primaryimage"},"thumbnailUrl":"https:\/\/veridas.com\/wp-content\/uploads\/2023\/06\/age-verification-alcohol.png","datePublished":"2023-06-09T08:54:05+00:00","dateModified":"2024-02-15T11:32:17+00:00","breadcrumb":{"@id":"https:\/\/veridas.com\/es\/descarga-verificacion-de-edad-datasheet\/#breadcrumb"},"inLanguage":"es","potentialAction":[{"@type":"ReadAction","target":["https:\/\/veridas.com\/es\/descarga-verificacion-de-edad-datasheet\/"]}]},{"@type":"ImageObject","inLanguage":"es","@id":"https:\/\/veridas.com\/es\/descarga-verificacion-de-edad-datasheet\/#primaryimage","url":"https:\/\/veridas.com\/wp-content\/uploads\/2023\/06\/age-verification-alcohol.png","contentUrl":"https:\/\/veridas.com\/wp-content\/uploads\/2023\/06\/age-verification-alcohol.png","width":800,"height":500,"caption":"age verification"},{"@type":"BreadcrumbList","@id":"https:\/\/veridas.com\/es\/descarga-verificacion-de-edad-datasheet\/#breadcrumb","itemListElement":[{"@type":"ListItem","position":1,"name":"Home","item":"https:\/\/veridas.com\/es\/la-plataforma-de-verificacion-de-identidad-idv-que-ofrece-prevencion-de-fraude-real\/"},{"@type":"ListItem","position":2,"name":"Datasheet \/ Verificaci\u00f3n de edad"}]},{"@type":"WebSite","@id":"https:\/\/veridas.com\/es\/pt\/#website","url":"https:\/\/veridas.com\/es\/pt\/","name":"Veridas","description":"Just be you","publisher":{"@id":"https:\/\/veridas.com\/es\/pt\/#organization"},"potentialAction":[{"@type":"SearchAction","target":{"@type":"EntryPoint","urlTemplate":"https:\/\/veridas.com\/es\/pt\/?s={search_term_string}"},"query-input":{"@type":"PropertyValueSpecification","valueRequired":true,"valueName":"search_term_string"}}],"inLanguage":"es"},{"@type":"Organization","@id":"https:\/\/veridas.com\/es\/pt\/#organization","name":"Veridas","url":"https:\/\/veridas.com\/es\/pt\/","logo":{"@type":"ImageObject","inLanguage":"es","@id":"https:\/\/veridas.com\/es\/pt\/#\/schema\/logo\/image\/","url":"https:\/\/veridas.com\/wp-content\/uploads\/2021\/09\/logo-veridas-calidad.png","contentUrl":"https:\/\/veridas.com\/wp-content\/uploads\/2021\/09\/logo-veridas-calidad.png","width":2048,"height":1076,"caption":"Veridas"},"image":{"@id":"https:\/\/veridas.com\/es\/pt\/#\/schema\/logo\/image\/"},"sameAs":["https:\/\/x.com\/VeridasOfficial","https:\/\/es.linkedin.com\/company\/veridas","https:\/\/www.instagram.com\/veridas.life\/","https:\/\/www.youtube.com\/@VeridasOfficial"]}]}},"_links":{"self":[{"href":"https:\/\/veridas.com\/es\/wp-json\/wp\/v2\/pages\/56901","targetHints":{"allow":["GET"]}}],"collection":[{"href":"https:\/\/veridas.com\/es\/wp-json\/wp\/v2\/pages"}],"about":[{"href":"https:\/\/veridas.com\/es\/wp-json\/wp\/v2\/types\/page"}],"author":[{"embeddable":true,"href":"https:\/\/veridas.com\/es\/wp-json\/wp\/v2\/users\/4"}],"replies":[{"embeddable":true,"href":"https:\/\/veridas.com\/es\/wp-json\/wp\/v2\/comments?post=56901"}],"version-history":[{"count":10,"href":"https:\/\/veridas.com\/es\/wp-json\/wp\/v2\/pages\/56901\/revisions"}],"predecessor-version":[{"id":71570,"href":"https:\/\/veridas.com\/es\/wp-json\/wp\/v2\/pages\/56901\/revisions\/71570"}],"wp:featuredmedia":[{"embeddable":true,"href":"https:\/\/veridas.com\/es\/wp-json\/wp\/v2\/media\/56670"}],"wp:attachment":[{"href":"https:\/\/veridas.com\/es\/wp-json\/wp\/v2\/media?parent=56901"}],"wp:term":[{"taxonomy":"country","embeddable":true,"href":"https:\/\/veridas.com\/es\/wp-json\/wp\/v2\/country?post=56901"},{"taxonomy":"resource","embeddable":true,"href":"https:\/\/veridas.com\/es\/wp-json\/wp\/v2\/resource?post=56901"},{"taxonomy":"format","embeddable":true,"href":"https:\/\/veridas.com\/es\/wp-json\/wp\/v2\/format?post=56901"},{"taxonomy":"topic","embeddable":true,"href":"https:\/\/veridas.com\/es\/wp-json\/wp\/v2\/topic?post=56901"},{"taxonomy":"industry","embeddable":true,"href":"https:\/\/veridas.com\/es\/wp-json\/wp\/v2\/industry?post=56901"},{"taxonomy":"solution","embeddable":true,"href":"https:\/\/veridas.com\/es\/wp-json\/wp\/v2\/solution?post=56901"}],"curies":[{"name":"wp","href":"https:\/\/api.w.org\/{rel}","templated":true}]}}