{"id":57562,"date":"2023-06-20T09:43:25","date_gmt":"2023-06-20T09:43:25","guid":{"rendered":"https:\/\/veridas.com\/?page_id=57562"},"modified":"2024-02-15T15:00:11","modified_gmt":"2024-02-15T15:00:11","slug":"descarga-ebook-preparados-para-luchar-contra-el-fraude","status":"publish","type":"page","link":"https:\/\/veridas.com\/es\/descarga-ebook-preparados-para-luchar-contra-el-fraude\/","title":{"rendered":"Preparados para luchar contra el fraude"},"content":{"rendered":"\t\t<div data-elementor-type=\"wp-page\" data-elementor-id=\"57562\" class=\"elementor elementor-57562\" data-elementor-settings=\"{&quot;ha_cmc_init_switcher&quot;:&quot;no&quot;}\" data-elementor-post-type=\"page\">\n\t\t\t\t\t\t<section class=\"elementor-section elementor-top-section elementor-element elementor-element-b992a6f elementor-section-full_width elementor-section-height-default elementor-section-height-default\" data-id=\"b992a6f\" data-element_type=\"section\" data-e-type=\"section\" data-settings=\"{&quot;background_background&quot;:&quot;classic&quot;}\">\n\t\t\t\t\t\t<div class=\"elementor-container elementor-column-gap-default\">\n\t\t\t\t\t<div class=\"elementor-column elementor-col-100 elementor-top-column elementor-element elementor-element-8f615db\" data-id=\"8f615db\" data-element_type=\"column\" data-e-type=\"column\">\n\t\t\t<div class=\"elementor-widget-wrap elementor-element-populated\">\n\t\t\t\t\t\t<section class=\"elementor-section elementor-inner-section elementor-element elementor-element-a97a0b3 elementor-section-boxed elementor-section-height-default elementor-section-height-default\" data-id=\"a97a0b3\" data-element_type=\"section\" data-e-type=\"section\">\n\t\t\t\t\t\t<div class=\"elementor-container elementor-column-gap-default\">\n\t\t\t\t\t<div class=\"elementor-column elementor-col-100 elementor-inner-column elementor-element elementor-element-d238efe\" data-id=\"d238efe\" data-element_type=\"column\" data-e-type=\"column\">\n\t\t\t<div class=\"elementor-widget-wrap elementor-element-populated\">\n\t\t\t\t\t\t<div class=\"elementor-element elementor-element-c74a157 elementor-widget elementor-widget-spacer\" data-id=\"c74a157\" data-element_type=\"widget\" data-e-type=\"widget\" data-widget_type=\"spacer.default\">\n\t\t\t\t\t\t\t<div class=\"elementor-spacer\">\n\t\t\t<div class=\"elementor-spacer-inner\"><\/div>\n\t\t<\/div>\n\t\t\t\t\t\t<\/div>\n\t\t\t\t<div class=\"elementor-element elementor-element-6dd092f elementor-widget elementor-widget-heading\" data-id=\"6dd092f\" data-element_type=\"widget\" data-e-type=\"widget\" data-widget_type=\"heading.default\">\n\t\t\t\t\t<h1 class=\"elementor-heading-title elementor-size-default\">eBook \/ Listos para eliminar el fraude: nuevas amenazas, nuevas soluciones<\/h1>\t\t\t\t<\/div>\n\t\t\t\t<div class=\"elementor-element elementor-element-6aa7d98 elementor-widget elementor-widget-spacer\" data-id=\"6aa7d98\" data-element_type=\"widget\" data-e-type=\"widget\" data-widget_type=\"spacer.default\">\n\t\t\t\t\t\t\t<div class=\"elementor-spacer\">\n\t\t\t<div class=\"elementor-spacer-inner\"><\/div>\n\t\t<\/div>\n\t\t\t\t\t\t<\/div>\n\t\t\t\t\t<\/div>\n\t\t<\/div>\n\t\t\t\t\t<\/div>\n\t\t<\/section>\n\t\t\t\t\t<\/div>\n\t\t<\/div>\n\t\t\t\t\t<\/div>\n\t\t<\/section>\n\t\t\t\t<section class=\"elementor-section elementor-top-section elementor-element elementor-element-ab88e7d elementor-reverse-tablet elementor-reverse-mobile elementor-section-boxed elementor-section-height-default elementor-section-height-default\" data-id=\"ab88e7d\" data-element_type=\"section\" data-e-type=\"section\">\n\t\t\t\t\t\t<div class=\"elementor-container elementor-column-gap-no\">\n\t\t\t\t\t<div class=\"elementor-column elementor-col-50 elementor-top-column elementor-element elementor-element-389e937\" data-id=\"389e937\" data-element_type=\"column\" data-e-type=\"column\">\n\t\t\t<div class=\"elementor-widget-wrap elementor-element-populated\">\n\t\t\t\t\t\t<div class=\"elementor-element elementor-element-3f754d5 elementor-widget elementor-widget-image\" data-id=\"3f754d5\" data-element_type=\"widget\" data-e-type=\"widget\" data-widget_type=\"image.default\">\n\t\t\t\t\t\t\t\t\t\t\t\t\t\t\t<img fetchpriority=\"high\" decoding=\"async\" width=\"768\" height=\"1090\" src=\"https:\/\/veridas.com\/wp-content\/uploads\/2023\/06\/Revista-fraude-portada-768x1090.png\" class=\"attachment-medium_large size-medium_large wp-image-57612\" alt=\"\" srcset=\"https:\/\/veridas.com\/wp-content\/uploads\/2023\/06\/Revista-fraude-portada-768x1090.png 768w, https:\/\/veridas.com\/wp-content\/uploads\/2023\/06\/Revista-fraude-portada-211x300.png 211w, https:\/\/veridas.com\/wp-content\/uploads\/2023\/06\/Revista-fraude-portada-722x1024.png 722w, https:\/\/veridas.com\/wp-content\/uploads\/2023\/06\/Revista-fraude-portada-1083x1536.png 1083w, https:\/\/veridas.com\/wp-content\/uploads\/2023\/06\/Revista-fraude-portada-1444x2048.png 1444w, https:\/\/veridas.com\/wp-content\/uploads\/2023\/06\/Revista-fraude-portada.png 1748w\" sizes=\"(max-width: 768px) 100vw, 768px\" \/>\t\t\t\t\t\t\t\t\t\t\t\t\t\t\t<\/div>\n\t\t\t\t<div class=\"elementor-element elementor-element-15fd2a2 elementor-widget elementor-widget-spacer\" data-id=\"15fd2a2\" data-element_type=\"widget\" data-e-type=\"widget\" data-widget_type=\"spacer.default\">\n\t\t\t\t\t\t\t<div class=\"elementor-spacer\">\n\t\t\t<div class=\"elementor-spacer-inner\"><\/div>\n\t\t<\/div>\n\t\t\t\t\t\t<\/div>\n\t\t\t\t<section class=\"elementor-section elementor-inner-section elementor-element elementor-element-e54e5f9 elementor-section-boxed elementor-section-height-default elementor-section-height-default\" data-id=\"e54e5f9\" data-element_type=\"section\" data-e-type=\"section\">\n\t\t\t\t\t\t\t<div class=\"elementor-background-overlay\"><\/div>\n\t\t\t\t\t\t\t<div class=\"elementor-container elementor-column-gap-default\">\n\t\t\t\t\t<div class=\"elementor-column elementor-col-100 elementor-inner-column elementor-element elementor-element-a1472aa\" data-id=\"a1472aa\" data-element_type=\"column\" data-e-type=\"column\">\n\t\t\t<div class=\"elementor-widget-wrap elementor-element-populated\">\n\t\t\t\t\t\t<div class=\"elementor-element elementor-element-18ecfcb elementor-widget elementor-widget-text-editor\" data-id=\"18ecfcb\" data-element_type=\"widget\" data-e-type=\"widget\" data-widget_type=\"text-editor.default\">\n\t\t\t\t\t\t\t\t\t<p>En un mundo interconectado, el fraude se ha convertido en una preocupaci\u00f3n creciente para las organizaciones. Veridas, l\u00edder mundial en soluciones biom\u00e9tricas para el reconocimiento facial y de voz, presenta un libro innovador que explora el cambiante panorama de la prevenci\u00f3n del fraude.<\/p>\t\t\t\t\t\t\t\t<\/div>\n\t\t\t\t<div class=\"elementor-element elementor-element-45952bf elementor-widget elementor-widget-text-editor\" data-id=\"45952bf\" data-element_type=\"widget\" data-e-type=\"widget\" data-widget_type=\"text-editor.default\">\n\t\t\t\t\t\t\t\t\tAcomp\u00e1\u00f1anos en este viaje transformador mientras\ntecnolog\u00edas biom\u00e9tricas de vanguardia de Veridas\ny su capacidad para dotar a las organizaciones de las herramientas necesarias para combatir el fraude con eficacia.\t\t\t\t\t\t\t\t<\/div>\n\t\t\t\t<div class=\"elementor-element elementor-element-dd666d0 elementor-widget elementor-widget-text-editor\" data-id=\"dd666d0\" data-element_type=\"widget\" data-e-type=\"widget\" data-widget_type=\"text-editor.default\">\n\t\t\t\t\t\t\t\t\t<p><strong>Adopte el futuro de las interacciones digitales seguras y fiables.<\/strong><\/p>\t\t\t\t\t\t\t\t<\/div>\n\t\t\t\t<div class=\"elementor-element elementor-element-2eb29f6 elementor-align-center elementor-hidden-desktop elementor-hidden-tablet elementor-widget elementor-widget-button\" data-id=\"2eb29f6\" data-element_type=\"widget\" data-e-type=\"widget\" data-widget_type=\"button.default\">\n\t\t\t\t\t\t\t\t\t\t<a class=\"elementor-button elementor-button-link elementor-size-md\" href=\"#form\">\n\t\t\t\t\t\t<span class=\"elementor-button-content-wrapper\">\n\t\t\t\t\t\t<span class=\"elementor-button-icon\">\n\t\t\t\t<svg aria-hidden=\"true\" class=\"e-font-icon-svg e-far-arrow-alt-circle-up\" viewBox=\"0 0 512 512\" xmlns=\"http:\/\/www.w3.org\/2000\/svg\"><path d=\"M256 504c137 0 248-111 248-248S393 8 256 8 8 119 8 256s111 248 248 248zm0-448c110.5 0 200 89.5 200 200s-89.5 200-200 200S56 366.5 56 256 145.5 56 256 56zm20 328h-40c-6.6 0-12-5.4-12-12V256h-67c-10.7 0-16-12.9-8.5-20.5l99-99c4.7-4.7 12.3-4.7 17 0l99 99c7.6 7.6 2.2 20.5-8.5 20.5h-67v116c0 6.6-5.4 12-12 12z\"><\/path><\/svg>\t\t\t<\/span>\n\t\t\t\t\t\t\t\t\t<span class=\"elementor-button-text\">Download the ebook<\/span>\n\t\t\t\t\t<\/span>\n\t\t\t\t\t<\/a>\n\t\t\t\t\t\t\t\t<\/div>\n\t\t\t\t\t<\/div>\n\t\t<\/div>\n\t\t\t\t\t<\/div>\n\t\t<\/section>\n\t\t\t\t<div class=\"elementor-element elementor-element-f21cfa0 elementor-widget elementor-widget-spacer\" data-id=\"f21cfa0\" data-element_type=\"widget\" data-e-type=\"widget\" data-widget_type=\"spacer.default\">\n\t\t\t\t\t\t\t<div class=\"elementor-spacer\">\n\t\t\t<div class=\"elementor-spacer-inner\"><\/div>\n\t\t<\/div>\n\t\t\t\t\t\t<\/div>\n\t\t\t\t<div class=\"elementor-element elementor-element-469d313 elementor-widget elementor-widget-spacer\" data-id=\"469d313\" data-element_type=\"widget\" data-e-type=\"widget\" data-widget_type=\"spacer.default\">\n\t\t\t\t\t\t\t<div class=\"elementor-spacer\">\n\t\t\t<div class=\"elementor-spacer-inner\"><\/div>\n\t\t<\/div>\n\t\t\t\t\t\t<\/div>\n\t\t\t\t\t<\/div>\n\t\t<\/div>\n\t\t\t\t<div class=\"elementor-column elementor-col-50 elementor-top-column elementor-element elementor-element-18bf255\" data-id=\"18bf255\" data-element_type=\"column\" data-e-type=\"column\">\n\t\t\t<div class=\"elementor-widget-wrap elementor-element-populated\">\n\t\t\t\t\t\t<section class=\"elementor-section elementor-inner-section elementor-element elementor-element-d415cf1 elementor-section-boxed elementor-section-height-default elementor-section-height-default\" data-id=\"d415cf1\" data-element_type=\"section\" data-e-type=\"section\">\n\t\t\t\t\t\t\t<div class=\"elementor-background-overlay\"><\/div>\n\t\t\t\t\t\t\t<div class=\"elementor-container elementor-column-gap-default\">\n\t\t\t\t\t<div class=\"elementor-column elementor-col-100 elementor-inner-column elementor-element elementor-element-89297e8 elementor-invisible\" data-id=\"89297e8\" data-element_type=\"column\" data-e-type=\"column\" data-settings=\"{&quot;motion_fx_motion_fx_scrolling&quot;:&quot;yes&quot;,&quot;motion_fx_translateY_effect&quot;:&quot;yes&quot;,&quot;motion_fx_translateY_direction&quot;:&quot;negative&quot;,&quot;motion_fx_translateY_affectedRange&quot;:{&quot;unit&quot;:&quot;%&quot;,&quot;size&quot;:&quot;&quot;,&quot;sizes&quot;:{&quot;start&quot;:40,&quot;end&quot;:95}},&quot;motion_fx_devices&quot;:[&quot;desktop&quot;],&quot;animation&quot;:&quot;slideInUp&quot;,&quot;motion_fx_translateY_speed&quot;:{&quot;unit&quot;:&quot;px&quot;,&quot;size&quot;:4,&quot;sizes&quot;:[]}}\">\n\t\t\t<div class=\"elementor-widget-wrap elementor-element-populated\">\n\t\t\t\t\t\t<div class=\"elementor-element elementor-element-2d8a3ee elementor-widget elementor-widget-heading\" data-id=\"2d8a3ee\" data-element_type=\"widget\" data-e-type=\"widget\" data-widget_type=\"heading.default\">\n\t\t\t\t\t<h2 class=\"elementor-heading-title elementor-size-default\">Rellena el formulario y descarga el eBook gratuito<\/h2>\t\t\t\t<\/div>\n\t\t\t\t<div class=\"elementor-element elementor-element-f0780aa elementor-widget elementor-widget-html\" data-id=\"f0780aa\" data-element_type=\"widget\" data-e-type=\"widget\" data-widget_type=\"html.default\">\n\t\t\t\t\t<script charset=\"utf-8\" type=\"text\/javascript\" src=\"\/\/js.hsforms.net\/forms\/embed\/v2.js\"><\/script>\r\n<script>\r\n  hbspt.forms.create({\r\n    region: \"na1\",\r\n    portalId: \"19918211\",\r\n    formId: \"150d48f1-ef5c-449a-9c8b-2171ebaef0cf\"\r\n  });\r\n<\/script>\t\t\t\t<\/div>\n\t\t\t\t\t<\/div>\n\t\t<\/div>\n\t\t\t\t\t<\/div>\n\t\t<\/section>\n\t\t\t\t\t<\/div>\n\t\t<\/div>\n\t\t\t\t\t<\/div>\n\t\t<\/section>\n\t\t<div class=\"elementor-element elementor-element-d4895d8 e-con-full e-flex e-con e-parent\" data-id=\"d4895d8\" data-element_type=\"container\" data-e-type=\"container\" data-settings=\"{&quot;background_background&quot;:&quot;classic&quot;}\">\n\t\t<div class=\"elementor-element elementor-element-97f7ca0 e-con-full e-flex e-con e-child\" data-id=\"97f7ca0\" data-element_type=\"container\" data-e-type=\"container\">\n\t\t\t\t<div class=\"elementor-element elementor-element-1dd17eb elementor-widget elementor-widget-text-editor\" data-id=\"1dd17eb\" data-element_type=\"widget\" data-e-type=\"widget\" data-widget_type=\"text-editor.default\">\n\t\t\t\t\t\t\t\t\t\u00a9 VERIDAS 2026. Todos los derechos reservados.\t\t\t\t\t\t\t\t<\/div>\n\t\t\t\t<\/div>\n\t\t<div class=\"elementor-element elementor-element-2bb8154 e-flex e-con-boxed e-con e-child\" data-id=\"2bb8154\" data-element_type=\"container\" data-e-type=\"container\">\n\t\t\t\t\t<div class=\"e-con-inner\">\n\t\t\t\t<div class=\"elementor-element elementor-element-24412e2 elementor-widget elementor-widget-text-editor\" data-id=\"24412e2\" data-element_type=\"widget\" data-e-type=\"widget\" data-widget_type=\"text-editor.default\">\n\t\t\t\t\t\t\t\t\t<p><a href=\"https:\/\/veridas.com\/es\/politica-privacidad\/\" target=\"_blank\" rel=\"noopener\">Pol\u00edtica de Privacidad y Aviso Legal\u00a0<\/a> |\u00a0 <a href=\"https:\/\/veridas.com\/es\/politica-cookies\/\">Pol\u00edtica de Cookies<\/a>\u00a0 |\u00a0 <a href=\"https:\/\/veridas.com\/es\/politica-seguridad-informacion\/\">Seguridad de la informaci\u00f3n |\u00a0 <\/a><a href=\"https:\/\/veridas.com\/es\/politica-del-sistema-interno-de-informacion\/\" target=\"_blank\" rel=\"noopener\">Pol\u00edtica del Sistema Interno de Informaci\u00f3n<\/a><a href=\"https:\/\/veridas.com\/es\/politica-seguridad-informacion\/\"> |\u00a0 <\/a><a href=\"https:\/\/veridas.com\/es\/politica-de-calidad\/\">Pol\u00edtica de Calidad<\/a><a href=\"https:\/\/veridas.com\/es\/politica-seguridad-informacion\/\">\u00a0 |\u00a0 <\/a><a href=\"https:\/\/veridas.com\/es\/subvenciones-ayudas\/\">Subvenciones y ayudas<\/a><\/p>\t\t\t\t\t\t\t\t<\/div>\n\t\t\t\t\t<\/div>\n\t\t\t\t<\/div>\n\t\t\t\t<\/div>\n\t\t\t\t<\/div>\n\t\t","protected":false},"excerpt":{"rendered":"<p>eBook \/ Listos para eliminar el fraude: nuevas amenazas, nuevas soluciones En un mundo interconectado, el fraude se ha convertido en una preocupaci\u00f3n creciente para las organizaciones. Veridas, l\u00edder mundial en soluciones biom\u00e9tricas para el reconocimiento facial y de voz, presenta un libro innovador que explora el cambiante panorama de la prevenci\u00f3n del fraude. Acomp\u00e1\u00f1anos [&hellip;]<\/p>\n","protected":false},"author":4,"featured_media":71718,"parent":0,"menu_order":0,"comment_status":"closed","ping_status":"closed","template":"","format":[286],"meta":{"_acf_changed":false,"inline_featured_image":false,"footnotes":""},"country":[],"resource":[293],"topic":[280],"industry":[],"solution":[],"class_list":["post-57562","page","type-page","status-publish","has-post-thumbnail","hentry","resource-yes","format-ebook-es","topic-fraude"],"acf":[],"yoast_head":"<!-- This site is optimized with the Yoast SEO plugin v27.0 - https:\/\/yoast.com\/product\/yoast-seo-wordpress\/ -->\n<title>Preparados para luchar contra el fraude &#8226; Veridas<\/title>\n<meta name=\"robots\" content=\"index, follow, max-snippet:-1, max-image-preview:large, max-video-preview:-1\" \/>\n<link rel=\"canonical\" href=\"https:\/\/veridas.com\/es\/descarga-ebook-preparados-para-luchar-contra-el-fraude\/\" \/>\n<meta property=\"og:locale\" content=\"es_ES\" \/>\n<meta property=\"og:type\" content=\"article\" \/>\n<meta property=\"og:title\" content=\"Preparados para luchar contra el fraude &#8226; Veridas\" \/>\n<meta property=\"og:description\" content=\"eBook \/ Listos para eliminar el fraude: nuevas amenazas, nuevas soluciones En un mundo interconectado, el fraude se ha convertido en una preocupaci\u00f3n creciente para las organizaciones. Veridas, l\u00edder mundial en soluciones biom\u00e9tricas para el reconocimiento facial y de voz, presenta un libro innovador que explora el cambiante panorama de la prevenci\u00f3n del fraude. Acomp\u00e1\u00f1anos [&hellip;]\" \/>\n<meta property=\"og:url\" content=\"https:\/\/veridas.com\/es\/descarga-ebook-preparados-para-luchar-contra-el-fraude\/\" \/>\n<meta property=\"og:site_name\" content=\"Veridas\" \/>\n<meta property=\"article:modified_time\" content=\"2024-02-15T15:00:11+00:00\" \/>\n<meta property=\"og:image\" content=\"https:\/\/veridas.com\/wp-content\/uploads\/2024\/02\/ebook-fraude.jpg\" \/>\n\t<meta property=\"og:image:width\" content=\"1200\" \/>\n\t<meta property=\"og:image:height\" content=\"686\" \/>\n\t<meta property=\"og:image:type\" content=\"image\/jpeg\" \/>\n<meta name=\"twitter:card\" content=\"summary_large_image\" \/>\n<meta name=\"twitter:site\" content=\"@VeridasOfficial\" \/>\n<meta name=\"twitter:label1\" content=\"Tiempo de lectura\" \/>\n\t<meta name=\"twitter:data1\" content=\"1 minuto\" \/>\n<script type=\"application\/ld+json\" class=\"yoast-schema-graph\">{\"@context\":\"https:\/\/schema.org\",\"@graph\":[{\"@type\":\"WebPage\",\"@id\":\"https:\/\/veridas.com\/es\/descarga-ebook-preparados-para-luchar-contra-el-fraude\/\",\"url\":\"https:\/\/veridas.com\/es\/descarga-ebook-preparados-para-luchar-contra-el-fraude\/\",\"name\":\"Preparados para luchar contra el fraude &#8226; Veridas\",\"isPartOf\":{\"@id\":\"https:\/\/veridas.com\/es\/pt\/#website\"},\"primaryImageOfPage\":{\"@id\":\"https:\/\/veridas.com\/es\/descarga-ebook-preparados-para-luchar-contra-el-fraude\/#primaryimage\"},\"image\":{\"@id\":\"https:\/\/veridas.com\/es\/descarga-ebook-preparados-para-luchar-contra-el-fraude\/#primaryimage\"},\"thumbnailUrl\":\"https:\/\/veridas.com\/wp-content\/uploads\/2024\/02\/ebook-fraude.jpg\",\"datePublished\":\"2023-06-20T09:43:25+00:00\",\"dateModified\":\"2024-02-15T15:00:11+00:00\",\"breadcrumb\":{\"@id\":\"https:\/\/veridas.com\/es\/descarga-ebook-preparados-para-luchar-contra-el-fraude\/#breadcrumb\"},\"inLanguage\":\"es\",\"potentialAction\":[{\"@type\":\"ReadAction\",\"target\":[\"https:\/\/veridas.com\/es\/descarga-ebook-preparados-para-luchar-contra-el-fraude\/\"]}]},{\"@type\":\"ImageObject\",\"inLanguage\":\"es\",\"@id\":\"https:\/\/veridas.com\/es\/descarga-ebook-preparados-para-luchar-contra-el-fraude\/#primaryimage\",\"url\":\"https:\/\/veridas.com\/wp-content\/uploads\/2024\/02\/ebook-fraude.jpg\",\"contentUrl\":\"https:\/\/veridas.com\/wp-content\/uploads\/2024\/02\/ebook-fraude.jpg\",\"width\":1200,\"height\":686},{\"@type\":\"BreadcrumbList\",\"@id\":\"https:\/\/veridas.com\/es\/descarga-ebook-preparados-para-luchar-contra-el-fraude\/#breadcrumb\",\"itemListElement\":[{\"@type\":\"ListItem\",\"position\":1,\"name\":\"Home\",\"item\":\"https:\/\/veridas.com\/es\/la-plataforma-de-verificacion-de-identidad-idv-que-ofrece-prevencion-de-fraude-real\/\"},{\"@type\":\"ListItem\",\"position\":2,\"name\":\"Preparados para luchar contra el fraude\"}]},{\"@type\":\"WebSite\",\"@id\":\"https:\/\/veridas.com\/es\/pt\/#website\",\"url\":\"https:\/\/veridas.com\/es\/pt\/\",\"name\":\"Veridas\",\"description\":\"Just be you\",\"publisher\":{\"@id\":\"https:\/\/veridas.com\/es\/pt\/#organization\"},\"potentialAction\":[{\"@type\":\"SearchAction\",\"target\":{\"@type\":\"EntryPoint\",\"urlTemplate\":\"https:\/\/veridas.com\/es\/pt\/?s={search_term_string}\"},\"query-input\":{\"@type\":\"PropertyValueSpecification\",\"valueRequired\":true,\"valueName\":\"search_term_string\"}}],\"inLanguage\":\"es\"},{\"@type\":\"Organization\",\"@id\":\"https:\/\/veridas.com\/es\/pt\/#organization\",\"name\":\"Veridas\",\"url\":\"https:\/\/veridas.com\/es\/pt\/\",\"logo\":{\"@type\":\"ImageObject\",\"inLanguage\":\"es\",\"@id\":\"https:\/\/veridas.com\/es\/pt\/#\/schema\/logo\/image\/\",\"url\":\"https:\/\/veridas.com\/wp-content\/uploads\/2021\/09\/logo-veridas-calidad.png\",\"contentUrl\":\"https:\/\/veridas.com\/wp-content\/uploads\/2021\/09\/logo-veridas-calidad.png\",\"width\":2048,\"height\":1076,\"caption\":\"Veridas\"},\"image\":{\"@id\":\"https:\/\/veridas.com\/es\/pt\/#\/schema\/logo\/image\/\"},\"sameAs\":[\"https:\/\/x.com\/VeridasOfficial\",\"https:\/\/es.linkedin.com\/company\/veridas\",\"https:\/\/www.instagram.com\/veridas.life\/\",\"https:\/\/www.youtube.com\/@VeridasOfficial\"]}]}<\/script>\n<!-- \/ Yoast SEO plugin. -->","yoast_head_json":{"title":"Preparados para luchar contra el fraude &#8226; Veridas","robots":{"index":"index","follow":"follow","max-snippet":"max-snippet:-1","max-image-preview":"max-image-preview:large","max-video-preview":"max-video-preview:-1"},"canonical":"https:\/\/veridas.com\/es\/descarga-ebook-preparados-para-luchar-contra-el-fraude\/","og_locale":"es_ES","og_type":"article","og_title":"Preparados para luchar contra el fraude &#8226; Veridas","og_description":"eBook \/ Listos para eliminar el fraude: nuevas amenazas, nuevas soluciones En un mundo interconectado, el fraude se ha convertido en una preocupaci\u00f3n creciente para las organizaciones. Veridas, l\u00edder mundial en soluciones biom\u00e9tricas para el reconocimiento facial y de voz, presenta un libro innovador que explora el cambiante panorama de la prevenci\u00f3n del fraude. Acomp\u00e1\u00f1anos [&hellip;]","og_url":"https:\/\/veridas.com\/es\/descarga-ebook-preparados-para-luchar-contra-el-fraude\/","og_site_name":"Veridas","article_modified_time":"2024-02-15T15:00:11+00:00","og_image":[{"width":1200,"height":686,"url":"https:\/\/veridas.com\/wp-content\/uploads\/2024\/02\/ebook-fraude.jpg","type":"image\/jpeg"}],"twitter_card":"summary_large_image","twitter_site":"@VeridasOfficial","twitter_misc":{"Tiempo de lectura":"1 minuto"},"schema":{"@context":"https:\/\/schema.org","@graph":[{"@type":"WebPage","@id":"https:\/\/veridas.com\/es\/descarga-ebook-preparados-para-luchar-contra-el-fraude\/","url":"https:\/\/veridas.com\/es\/descarga-ebook-preparados-para-luchar-contra-el-fraude\/","name":"Preparados para luchar contra el fraude &#8226; Veridas","isPartOf":{"@id":"https:\/\/veridas.com\/es\/pt\/#website"},"primaryImageOfPage":{"@id":"https:\/\/veridas.com\/es\/descarga-ebook-preparados-para-luchar-contra-el-fraude\/#primaryimage"},"image":{"@id":"https:\/\/veridas.com\/es\/descarga-ebook-preparados-para-luchar-contra-el-fraude\/#primaryimage"},"thumbnailUrl":"https:\/\/veridas.com\/wp-content\/uploads\/2024\/02\/ebook-fraude.jpg","datePublished":"2023-06-20T09:43:25+00:00","dateModified":"2024-02-15T15:00:11+00:00","breadcrumb":{"@id":"https:\/\/veridas.com\/es\/descarga-ebook-preparados-para-luchar-contra-el-fraude\/#breadcrumb"},"inLanguage":"es","potentialAction":[{"@type":"ReadAction","target":["https:\/\/veridas.com\/es\/descarga-ebook-preparados-para-luchar-contra-el-fraude\/"]}]},{"@type":"ImageObject","inLanguage":"es","@id":"https:\/\/veridas.com\/es\/descarga-ebook-preparados-para-luchar-contra-el-fraude\/#primaryimage","url":"https:\/\/veridas.com\/wp-content\/uploads\/2024\/02\/ebook-fraude.jpg","contentUrl":"https:\/\/veridas.com\/wp-content\/uploads\/2024\/02\/ebook-fraude.jpg","width":1200,"height":686},{"@type":"BreadcrumbList","@id":"https:\/\/veridas.com\/es\/descarga-ebook-preparados-para-luchar-contra-el-fraude\/#breadcrumb","itemListElement":[{"@type":"ListItem","position":1,"name":"Home","item":"https:\/\/veridas.com\/es\/la-plataforma-de-verificacion-de-identidad-idv-que-ofrece-prevencion-de-fraude-real\/"},{"@type":"ListItem","position":2,"name":"Preparados para luchar contra el fraude"}]},{"@type":"WebSite","@id":"https:\/\/veridas.com\/es\/pt\/#website","url":"https:\/\/veridas.com\/es\/pt\/","name":"Veridas","description":"Just be you","publisher":{"@id":"https:\/\/veridas.com\/es\/pt\/#organization"},"potentialAction":[{"@type":"SearchAction","target":{"@type":"EntryPoint","urlTemplate":"https:\/\/veridas.com\/es\/pt\/?s={search_term_string}"},"query-input":{"@type":"PropertyValueSpecification","valueRequired":true,"valueName":"search_term_string"}}],"inLanguage":"es"},{"@type":"Organization","@id":"https:\/\/veridas.com\/es\/pt\/#organization","name":"Veridas","url":"https:\/\/veridas.com\/es\/pt\/","logo":{"@type":"ImageObject","inLanguage":"es","@id":"https:\/\/veridas.com\/es\/pt\/#\/schema\/logo\/image\/","url":"https:\/\/veridas.com\/wp-content\/uploads\/2021\/09\/logo-veridas-calidad.png","contentUrl":"https:\/\/veridas.com\/wp-content\/uploads\/2021\/09\/logo-veridas-calidad.png","width":2048,"height":1076,"caption":"Veridas"},"image":{"@id":"https:\/\/veridas.com\/es\/pt\/#\/schema\/logo\/image\/"},"sameAs":["https:\/\/x.com\/VeridasOfficial","https:\/\/es.linkedin.com\/company\/veridas","https:\/\/www.instagram.com\/veridas.life\/","https:\/\/www.youtube.com\/@VeridasOfficial"]}]}},"_links":{"self":[{"href":"https:\/\/veridas.com\/es\/wp-json\/wp\/v2\/pages\/57562","targetHints":{"allow":["GET"]}}],"collection":[{"href":"https:\/\/veridas.com\/es\/wp-json\/wp\/v2\/pages"}],"about":[{"href":"https:\/\/veridas.com\/es\/wp-json\/wp\/v2\/types\/page"}],"author":[{"embeddable":true,"href":"https:\/\/veridas.com\/es\/wp-json\/wp\/v2\/users\/4"}],"replies":[{"embeddable":true,"href":"https:\/\/veridas.com\/es\/wp-json\/wp\/v2\/comments?post=57562"}],"version-history":[{"count":10,"href":"https:\/\/veridas.com\/es\/wp-json\/wp\/v2\/pages\/57562\/revisions"}],"predecessor-version":[{"id":71720,"href":"https:\/\/veridas.com\/es\/wp-json\/wp\/v2\/pages\/57562\/revisions\/71720"}],"wp:featuredmedia":[{"embeddable":true,"href":"https:\/\/veridas.com\/es\/wp-json\/wp\/v2\/media\/71718"}],"wp:attachment":[{"href":"https:\/\/veridas.com\/es\/wp-json\/wp\/v2\/media?parent=57562"}],"wp:term":[{"taxonomy":"country","embeddable":true,"href":"https:\/\/veridas.com\/es\/wp-json\/wp\/v2\/country?post=57562"},{"taxonomy":"resource","embeddable":true,"href":"https:\/\/veridas.com\/es\/wp-json\/wp\/v2\/resource?post=57562"},{"taxonomy":"format","embeddable":true,"href":"https:\/\/veridas.com\/es\/wp-json\/wp\/v2\/format?post=57562"},{"taxonomy":"topic","embeddable":true,"href":"https:\/\/veridas.com\/es\/wp-json\/wp\/v2\/topic?post=57562"},{"taxonomy":"industry","embeddable":true,"href":"https:\/\/veridas.com\/es\/wp-json\/wp\/v2\/industry?post=57562"},{"taxonomy":"solution","embeddable":true,"href":"https:\/\/veridas.com\/es\/wp-json\/wp\/v2\/solution?post=57562"}],"curies":[{"name":"wp","href":"https:\/\/api.w.org\/{rel}","templated":true}]}}