{"id":57671,"date":"2023-06-26T07:35:58","date_gmt":"2023-06-26T07:35:58","guid":{"rendered":"https:\/\/veridas.com\/?page_id=57671"},"modified":"2024-02-15T14:58:05","modified_gmt":"2024-02-15T14:58:05","slug":"descarga-ebook-eidas-2","status":"publish","type":"page","link":"https:\/\/veridas.com\/es\/descarga-ebook-eidas-2\/","title":{"rendered":"eIDAS 2, resolviendo el reto de la  identidad digital europa"},"content":{"rendered":"\t\t<div data-elementor-type=\"wp-page\" data-elementor-id=\"57671\" class=\"elementor elementor-57671\" data-elementor-settings=\"{&quot;ha_cmc_init_switcher&quot;:&quot;no&quot;}\" data-elementor-post-type=\"page\">\n\t\t\t\t\t\t<section class=\"elementor-section elementor-top-section elementor-element elementor-element-2c04a0d elementor-section-boxed elementor-section-height-default elementor-section-height-default\" data-id=\"2c04a0d\" data-element_type=\"section\" data-e-type=\"section\">\n\t\t\t\t\t\t<div class=\"elementor-container elementor-column-gap-default\">\n\t\t\t\t\t<div class=\"elementor-column elementor-col-50 elementor-top-column elementor-element elementor-element-f97ef4a\" data-id=\"f97ef4a\" data-element_type=\"column\" data-e-type=\"column\">\n\t\t\t<div class=\"elementor-widget-wrap elementor-element-populated\">\n\t\t\t\t\t\t<div class=\"elementor-element elementor-element-c88b423 elementor-widget elementor-widget-image\" data-id=\"c88b423\" data-element_type=\"widget\" data-e-type=\"widget\" data-widget_type=\"image.default\">\n\t\t\t\t\t\t\t\t\t\t\t\t\t\t\t\t<a href=\"https:\/\/veridas.com\/\" target=\"_blank\">\n\t\t\t\t\t\t\t<img fetchpriority=\"high\" decoding=\"async\" width=\"592\" height=\"131\" src=\"https:\/\/veridas.com\/wp-content\/uploads\/2024\/04\/VERIDAS-logo-azul-coral-rgb-592x131-1-1.png\" class=\"attachment-large size-large wp-image-76923\" alt=\"Logo de Veridas\" srcset=\"https:\/\/veridas.com\/wp-content\/uploads\/2024\/04\/VERIDAS-logo-azul-coral-rgb-592x131-1-1.png 592w, https:\/\/veridas.com\/wp-content\/uploads\/2024\/04\/VERIDAS-logo-azul-coral-rgb-592x131-1-1-300x66.png 300w\" sizes=\"(max-width: 592px) 100vw, 592px\" \/>\t\t\t\t\t\t\t\t<\/a>\n\t\t\t\t\t\t\t\t\t\t\t\t\t\t\t<\/div>\n\t\t\t\t\t<\/div>\n\t\t<\/div>\n\t\t\t\t<div class=\"elementor-column elementor-col-50 elementor-top-column elementor-element elementor-element-e50533a\" data-id=\"e50533a\" data-element_type=\"column\" data-e-type=\"column\">\n\t\t\t<div class=\"elementor-widget-wrap\">\n\t\t\t\t\t\t\t<\/div>\n\t\t<\/div>\n\t\t\t\t\t<\/div>\n\t\t<\/section>\n\t\t\t\t<section class=\"elementor-section elementor-top-section elementor-element elementor-element-846179d elementor-section-full_width elementor-section-height-default elementor-section-height-default\" data-id=\"846179d\" data-element_type=\"section\" data-e-type=\"section\" data-settings=\"{&quot;background_background&quot;:&quot;classic&quot;}\">\n\t\t\t\t\t\t<div class=\"elementor-container elementor-column-gap-default\">\n\t\t\t\t\t<div class=\"elementor-column elementor-col-100 elementor-top-column elementor-element elementor-element-f306bc6\" data-id=\"f306bc6\" data-element_type=\"column\" data-e-type=\"column\">\n\t\t\t<div class=\"elementor-widget-wrap elementor-element-populated\">\n\t\t\t\t\t\t<section class=\"elementor-section elementor-inner-section elementor-element elementor-element-30ee5a8 elementor-section-boxed elementor-section-height-default elementor-section-height-default\" data-id=\"30ee5a8\" data-element_type=\"section\" data-e-type=\"section\">\n\t\t\t\t\t\t<div class=\"elementor-container elementor-column-gap-default\">\n\t\t\t\t\t<div class=\"elementor-column elementor-col-100 elementor-inner-column elementor-element elementor-element-d2732c2\" data-id=\"d2732c2\" data-element_type=\"column\" data-e-type=\"column\">\n\t\t\t<div class=\"elementor-widget-wrap elementor-element-populated\">\n\t\t\t\t\t\t<div class=\"elementor-element elementor-element-ce37585 elementor-widget elementor-widget-spacer\" data-id=\"ce37585\" data-element_type=\"widget\" data-e-type=\"widget\" data-widget_type=\"spacer.default\">\n\t\t\t\t\t\t\t<div class=\"elementor-spacer\">\n\t\t\t<div class=\"elementor-spacer-inner\"><\/div>\n\t\t<\/div>\n\t\t\t\t\t\t<\/div>\n\t\t\t\t<div class=\"elementor-element elementor-element-8a52bf2 elementor-widget elementor-widget-heading\" data-id=\"8a52bf2\" data-element_type=\"widget\" data-e-type=\"widget\" data-widget_type=\"heading.default\">\n\t\t\t\t\t<h1 class=\"elementor-heading-title elementor-size-default\">Descargar \/ eBook eIDAS 2<\/h1>\t\t\t\t<\/div>\n\t\t\t\t<div class=\"elementor-element elementor-element-c18d110 elementor-widget elementor-widget-spacer\" data-id=\"c18d110\" data-element_type=\"widget\" data-e-type=\"widget\" data-widget_type=\"spacer.default\">\n\t\t\t\t\t\t\t<div class=\"elementor-spacer\">\n\t\t\t<div class=\"elementor-spacer-inner\"><\/div>\n\t\t<\/div>\n\t\t\t\t\t\t<\/div>\n\t\t\t\t\t<\/div>\n\t\t<\/div>\n\t\t\t\t\t<\/div>\n\t\t<\/section>\n\t\t\t\t\t<\/div>\n\t\t<\/div>\n\t\t\t\t\t<\/div>\n\t\t<\/section>\n\t\t\t\t<section class=\"elementor-section elementor-top-section elementor-element elementor-element-ea8e7a2 elementor-reverse-tablet elementor-reverse-mobile elementor-section-boxed elementor-section-height-default elementor-section-height-default\" data-id=\"ea8e7a2\" data-element_type=\"section\" data-e-type=\"section\">\n\t\t\t\t\t\t<div class=\"elementor-container elementor-column-gap-no\">\n\t\t\t\t\t<div class=\"elementor-column elementor-col-50 elementor-top-column elementor-element elementor-element-ea71787\" data-id=\"ea71787\" data-element_type=\"column\" data-e-type=\"column\">\n\t\t\t<div class=\"elementor-widget-wrap elementor-element-populated\">\n\t\t\t\t\t\t<div class=\"elementor-element elementor-element-b532956 elementor-widget elementor-widget-image\" data-id=\"b532956\" data-element_type=\"widget\" data-e-type=\"widget\" data-widget_type=\"image.default\">\n\t\t\t\t\t\t\t\t\t\t\t\t\t\t\t<img decoding=\"async\" width=\"722\" height=\"1024\" src=\"https:\/\/veridas.com\/wp-content\/uploads\/2023\/07\/Ebook-eIDAS2-A5_ESP_portada-722x1024.png\" class=\"attachment-large size-large wp-image-57901\" alt=\"\" srcset=\"https:\/\/veridas.com\/wp-content\/uploads\/2023\/07\/Ebook-eIDAS2-A5_ESP_portada-722x1024.png 722w, https:\/\/veridas.com\/wp-content\/uploads\/2023\/07\/Ebook-eIDAS2-A5_ESP_portada-211x300.png 211w, https:\/\/veridas.com\/wp-content\/uploads\/2023\/07\/Ebook-eIDAS2-A5_ESP_portada-768x1090.png 768w, https:\/\/veridas.com\/wp-content\/uploads\/2023\/07\/Ebook-eIDAS2-A5_ESP_portada-1083x1536.png 1083w, https:\/\/veridas.com\/wp-content\/uploads\/2023\/07\/Ebook-eIDAS2-A5_ESP_portada-1444x2048.png 1444w, https:\/\/veridas.com\/wp-content\/uploads\/2023\/07\/Ebook-eIDAS2-A5_ESP_portada.png 1748w\" sizes=\"(max-width: 722px) 100vw, 722px\" \/>\t\t\t\t\t\t\t\t\t\t\t\t\t\t\t<\/div>\n\t\t\t\t<div class=\"elementor-element elementor-element-c1d50f3 elementor-widget elementor-widget-spacer\" data-id=\"c1d50f3\" data-element_type=\"widget\" data-e-type=\"widget\" data-widget_type=\"spacer.default\">\n\t\t\t\t\t\t\t<div class=\"elementor-spacer\">\n\t\t\t<div class=\"elementor-spacer-inner\"><\/div>\n\t\t<\/div>\n\t\t\t\t\t\t<\/div>\n\t\t\t\t<section class=\"elementor-section elementor-inner-section elementor-element elementor-element-46021e6 elementor-section-boxed elementor-section-height-default elementor-section-height-default\" data-id=\"46021e6\" data-element_type=\"section\" data-e-type=\"section\">\n\t\t\t\t\t\t\t<div class=\"elementor-background-overlay\"><\/div>\n\t\t\t\t\t\t\t<div class=\"elementor-container elementor-column-gap-default\">\n\t\t\t\t\t<div class=\"elementor-column elementor-col-100 elementor-inner-column elementor-element elementor-element-84184a0\" data-id=\"84184a0\" data-element_type=\"column\" data-e-type=\"column\">\n\t\t\t<div class=\"elementor-widget-wrap elementor-element-populated\">\n\t\t\t\t\t\t<div class=\"elementor-element elementor-element-66bcc94 elementor-widget elementor-widget-text-editor\" data-id=\"66bcc94\" data-element_type=\"widget\" data-e-type=\"widget\" data-widget_type=\"text-editor.default\">\n\t\t\t\t\t\t\t\t\t<p>El creciente uso de los canales digitales deriv\u00f3 en la necesidad de una mayor regulaci\u00f3n de los servicios electr\u00f3nicos, especialmente de aquellos que implicaban una identificaci\u00f3n del usuario para llevar a cabo una operativa. En 2020, la Comisi\u00f3n Europea present\u00f3 <b>una propuesta para actualizar el Reglamento eIDAS<\/b> que se conoce como \u201ceIDAS 2\u201d. Esta propuesta se encuentra actualmente en proceso de negociaci\u00f3n en los organismos europeos y a\u00fan no ha sido adoptada, pero se prev\u00e9 que se apruebe en el \u00faltimo trimestre de 2023. Los nuevos escenarios digitales abren infinidad de posibilidades, pero tambi\u00e9n suponen nuevos retos, como la adaptaci\u00f3n a las nuevas normativas que surgen para regularlos.<\/p><p>\u00bfQu\u00e9 podemos esperar de eIDAS 2?<\/p><p><strong>\u00a1Obt\u00e9n m\u00e1s informaci\u00f3n descargando este eBook gratuito!<\/strong><\/p>\t\t\t\t\t\t\t\t<\/div>\n\t\t\t\t\t<\/div>\n\t\t<\/div>\n\t\t\t\t\t<\/div>\n\t\t<\/section>\n\t\t\t\t<div class=\"elementor-element elementor-element-039805c elementor-widget elementor-widget-spacer\" data-id=\"039805c\" data-element_type=\"widget\" data-e-type=\"widget\" data-widget_type=\"spacer.default\">\n\t\t\t\t\t\t\t<div class=\"elementor-spacer\">\n\t\t\t<div class=\"elementor-spacer-inner\"><\/div>\n\t\t<\/div>\n\t\t\t\t\t\t<\/div>\n\t\t\t\t<div class=\"elementor-element elementor-element-4ea6539 elementor-widget elementor-widget-spacer\" data-id=\"4ea6539\" data-element_type=\"widget\" data-e-type=\"widget\" data-widget_type=\"spacer.default\">\n\t\t\t\t\t\t\t<div class=\"elementor-spacer\">\n\t\t\t<div class=\"elementor-spacer-inner\"><\/div>\n\t\t<\/div>\n\t\t\t\t\t\t<\/div>\n\t\t\t\t\t<\/div>\n\t\t<\/div>\n\t\t\t\t<div class=\"elementor-column elementor-col-50 elementor-top-column elementor-element elementor-element-bbada5e\" data-id=\"bbada5e\" data-element_type=\"column\" data-e-type=\"column\">\n\t\t\t<div class=\"elementor-widget-wrap elementor-element-populated\">\n\t\t\t\t\t\t<section class=\"elementor-section elementor-inner-section elementor-element elementor-element-7f2f831 elementor-section-boxed elementor-section-height-default elementor-section-height-default\" data-id=\"7f2f831\" data-element_type=\"section\" data-e-type=\"section\">\n\t\t\t\t\t\t\t<div class=\"elementor-background-overlay\"><\/div>\n\t\t\t\t\t\t\t<div class=\"elementor-container elementor-column-gap-default\">\n\t\t\t\t\t<div class=\"elementor-column elementor-col-100 elementor-inner-column elementor-element elementor-element-2f3c87d elementor-invisible\" data-id=\"2f3c87d\" data-element_type=\"column\" data-e-type=\"column\" data-settings=\"{&quot;motion_fx_motion_fx_scrolling&quot;:&quot;yes&quot;,&quot;motion_fx_translateY_effect&quot;:&quot;yes&quot;,&quot;motion_fx_translateY_direction&quot;:&quot;negative&quot;,&quot;motion_fx_translateY_affectedRange&quot;:{&quot;unit&quot;:&quot;%&quot;,&quot;size&quot;:&quot;&quot;,&quot;sizes&quot;:{&quot;start&quot;:40,&quot;end&quot;:95}},&quot;motion_fx_devices&quot;:[&quot;desktop&quot;],&quot;animation&quot;:&quot;slideInUp&quot;,&quot;motion_fx_translateY_speed&quot;:{&quot;unit&quot;:&quot;px&quot;,&quot;size&quot;:4,&quot;sizes&quot;:[]}}\">\n\t\t\t<div class=\"elementor-widget-wrap elementor-element-populated\">\n\t\t\t\t\t\t<div class=\"elementor-element elementor-element-390c40d elementor-widget elementor-widget-heading\" data-id=\"390c40d\" data-element_type=\"widget\" data-e-type=\"widget\" data-widget_type=\"heading.default\">\n\t\t\t\t\t<h2 class=\"elementor-heading-title elementor-size-default\">Completa el formulario y descarga el eBook gratuito<\/h2>\t\t\t\t<\/div>\n\t\t\t\t<div class=\"elementor-element elementor-element-cfbc2fb elementor-widget elementor-widget-html\" data-id=\"cfbc2fb\" data-element_type=\"widget\" data-e-type=\"widget\" data-widget_type=\"html.default\">\n\t\t\t\t\t<script charset=\"utf-8\" type=\"text\/javascript\" src=\"\/\/js.hsforms.net\/forms\/embed\/v2.js\"><\/script>\r\n<script>\r\n  hbspt.forms.create({\r\n    region: \"na1\",\r\n    portalId: \"19918211\",\r\n    formId: \"c501e1c8-1fe4-433f-bec7-a5c1c4e0deb7\"\r\n  });\r\n<\/script>\t\t\t\t<\/div>\n\t\t\t\t\t<\/div>\n\t\t<\/div>\n\t\t\t\t\t<\/div>\n\t\t<\/section>\n\t\t\t\t\t<\/div>\n\t\t<\/div>\n\t\t\t\t\t<\/div>\n\t\t<\/section>\n\t\t<div class=\"elementor-element elementor-element-3181e8b e-con-full e-flex e-con e-parent\" data-id=\"3181e8b\" data-element_type=\"container\" data-e-type=\"container\" data-settings=\"{&quot;background_background&quot;:&quot;classic&quot;}\">\n\t\t<div class=\"elementor-element elementor-element-7519a01 e-con-full e-flex e-con e-child\" data-id=\"7519a01\" data-element_type=\"container\" data-e-type=\"container\">\n\t\t\t\t<div class=\"elementor-element elementor-element-88efe59 elementor-widget elementor-widget-text-editor\" data-id=\"88efe59\" data-element_type=\"widget\" data-e-type=\"widget\" data-widget_type=\"text-editor.default\">\n\t\t\t\t\t\t\t\t\t\u00a9 VERIDAS 2026. Todos los derechos reservados.\t\t\t\t\t\t\t\t<\/div>\n\t\t\t\t<\/div>\n\t\t<div class=\"elementor-element elementor-element-50b13d5 e-flex e-con-boxed e-con e-child\" data-id=\"50b13d5\" data-element_type=\"container\" data-e-type=\"container\">\n\t\t\t\t\t<div class=\"e-con-inner\">\n\t\t\t\t<div class=\"elementor-element elementor-element-e479e47 elementor-widget elementor-widget-text-editor\" data-id=\"e479e47\" data-element_type=\"widget\" data-e-type=\"widget\" data-widget_type=\"text-editor.default\">\n\t\t\t\t\t\t\t\t\t<p><a href=\"https:\/\/veridas.com\/es\/politica-privacidad\/\" target=\"_blank\" rel=\"noopener\">Pol\u00edtica de Privacidad y Aviso Legal\u00a0<\/a> |\u00a0 <a href=\"https:\/\/veridas.com\/es\/politica-cookies\/\">Pol\u00edtica de Cookies<\/a>\u00a0 |\u00a0 <a href=\"https:\/\/veridas.com\/es\/politica-seguridad-informacion\/\">Seguridad de la informaci\u00f3n |\u00a0 <\/a><a href=\"https:\/\/veridas.com\/es\/politica-del-sistema-interno-de-informacion\/\" target=\"_blank\" rel=\"noopener\">Pol\u00edtica del Sistema Interno de Informaci\u00f3n<\/a><a href=\"https:\/\/veridas.com\/es\/politica-seguridad-informacion\/\"> |\u00a0 <\/a><a href=\"https:\/\/veridas.com\/es\/politica-de-calidad\/\">Pol\u00edtica de Calidad<\/a><a href=\"https:\/\/veridas.com\/es\/politica-seguridad-informacion\/\">\u00a0 |\u00a0 <\/a><a href=\"https:\/\/veridas.com\/es\/subvenciones-ayudas\/\">Subvenciones y ayudas<\/a><\/p>\t\t\t\t\t\t\t\t<\/div>\n\t\t\t\t\t<\/div>\n\t\t\t\t<\/div>\n\t\t\t\t<\/div>\n\t\t\t\t<\/div>\n\t\t","protected":false},"excerpt":{"rendered":"<p>Descargar \/ eBook eIDAS 2 El creciente uso de los canales digitales deriv\u00f3 en la necesidad de una mayor regulaci\u00f3n de los servicios electr\u00f3nicos, especialmente de aquellos que implicaban una identificaci\u00f3n del usuario para llevar a cabo una operativa. En 2020, la Comisi\u00f3n Europea present\u00f3 una propuesta para actualizar el Reglamento eIDAS que se conoce [&hellip;]<\/p>\n","protected":false},"author":4,"featured_media":71713,"parent":0,"menu_order":0,"comment_status":"closed","ping_status":"closed","template":"elementor_canvas","format":[286],"meta":{"_acf_changed":false,"inline_featured_image":false,"footnotes":""},"country":[],"resource":[293],"topic":[283],"industry":[],"solution":[],"class_list":["post-57671","page","type-page","status-publish","has-post-thumbnail","hentry","resource-yes","format-ebook-es","topic-regulacion"],"acf":[],"yoast_head":"<!-- This site is optimized with the Yoast SEO plugin v27.0 - https:\/\/yoast.com\/product\/yoast-seo-wordpress\/ -->\n<title>eIDAS 2, resolviendo el reto de la identidad digital europa &#8226; Veridas<\/title>\n<meta name=\"robots\" content=\"index, follow, max-snippet:-1, max-image-preview:large, max-video-preview:-1\" \/>\n<link rel=\"canonical\" href=\"https:\/\/veridas.com\/es\/descarga-ebook-eidas-2\/\" \/>\n<meta property=\"og:locale\" content=\"es_ES\" \/>\n<meta property=\"og:type\" content=\"article\" \/>\n<meta property=\"og:title\" content=\"eIDAS 2, resolviendo el reto de la identidad digital europa &#8226; Veridas\" \/>\n<meta property=\"og:description\" content=\"Descargar \/ eBook eIDAS 2 El creciente uso de los canales digitales deriv\u00f3 en la necesidad de una mayor regulaci\u00f3n de los servicios electr\u00f3nicos, especialmente de aquellos que implicaban una identificaci\u00f3n del usuario para llevar a cabo una operativa. En 2020, la Comisi\u00f3n Europea present\u00f3 una propuesta para actualizar el Reglamento eIDAS que se conoce [&hellip;]\" \/>\n<meta property=\"og:url\" content=\"https:\/\/veridas.com\/es\/descarga-ebook-eidas-2\/\" \/>\n<meta property=\"og:site_name\" content=\"Veridas\" \/>\n<meta property=\"article:modified_time\" content=\"2024-02-15T14:58:05+00:00\" \/>\n<meta property=\"og:image\" content=\"https:\/\/veridas.com\/wp-content\/uploads\/2024\/02\/eidas-ebook.jpg\" \/>\n\t<meta property=\"og:image:width\" content=\"1200\" \/>\n\t<meta property=\"og:image:height\" content=\"686\" \/>\n\t<meta property=\"og:image:type\" content=\"image\/jpeg\" \/>\n<meta name=\"twitter:card\" content=\"summary_large_image\" \/>\n<meta name=\"twitter:site\" content=\"@VeridasOfficial\" \/>\n<meta name=\"twitter:label1\" content=\"Tiempo de lectura\" \/>\n\t<meta name=\"twitter:data1\" content=\"1 minuto\" \/>\n<script type=\"application\/ld+json\" class=\"yoast-schema-graph\">{\"@context\":\"https:\/\/schema.org\",\"@graph\":[{\"@type\":\"WebPage\",\"@id\":\"https:\/\/veridas.com\/es\/descarga-ebook-eidas-2\/\",\"url\":\"https:\/\/veridas.com\/es\/descarga-ebook-eidas-2\/\",\"name\":\"eIDAS 2, resolviendo el reto de la identidad digital europa &#8226; Veridas\",\"isPartOf\":{\"@id\":\"https:\/\/veridas.com\/es\/pt\/#website\"},\"primaryImageOfPage\":{\"@id\":\"https:\/\/veridas.com\/es\/descarga-ebook-eidas-2\/#primaryimage\"},\"image\":{\"@id\":\"https:\/\/veridas.com\/es\/descarga-ebook-eidas-2\/#primaryimage\"},\"thumbnailUrl\":\"https:\/\/veridas.com\/wp-content\/uploads\/2024\/02\/eidas-ebook.jpg\",\"datePublished\":\"2023-06-26T07:35:58+00:00\",\"dateModified\":\"2024-02-15T14:58:05+00:00\",\"breadcrumb\":{\"@id\":\"https:\/\/veridas.com\/es\/descarga-ebook-eidas-2\/#breadcrumb\"},\"inLanguage\":\"es\",\"potentialAction\":[{\"@type\":\"ReadAction\",\"target\":[\"https:\/\/veridas.com\/es\/descarga-ebook-eidas-2\/\"]}]},{\"@type\":\"ImageObject\",\"inLanguage\":\"es\",\"@id\":\"https:\/\/veridas.com\/es\/descarga-ebook-eidas-2\/#primaryimage\",\"url\":\"https:\/\/veridas.com\/wp-content\/uploads\/2024\/02\/eidas-ebook.jpg\",\"contentUrl\":\"https:\/\/veridas.com\/wp-content\/uploads\/2024\/02\/eidas-ebook.jpg\",\"width\":1200,\"height\":686},{\"@type\":\"BreadcrumbList\",\"@id\":\"https:\/\/veridas.com\/es\/descarga-ebook-eidas-2\/#breadcrumb\",\"itemListElement\":[{\"@type\":\"ListItem\",\"position\":1,\"name\":\"Home\",\"item\":\"https:\/\/veridas.com\/es\/la-plataforma-de-verificacion-de-identidad-idv-que-ofrece-prevencion-de-fraude-real\/\"},{\"@type\":\"ListItem\",\"position\":2,\"name\":\"eIDAS 2, resolviendo el reto de la identidad digital europa\"}]},{\"@type\":\"WebSite\",\"@id\":\"https:\/\/veridas.com\/es\/pt\/#website\",\"url\":\"https:\/\/veridas.com\/es\/pt\/\",\"name\":\"Veridas\",\"description\":\"Just be you\",\"publisher\":{\"@id\":\"https:\/\/veridas.com\/es\/pt\/#organization\"},\"potentialAction\":[{\"@type\":\"SearchAction\",\"target\":{\"@type\":\"EntryPoint\",\"urlTemplate\":\"https:\/\/veridas.com\/es\/pt\/?s={search_term_string}\"},\"query-input\":{\"@type\":\"PropertyValueSpecification\",\"valueRequired\":true,\"valueName\":\"search_term_string\"}}],\"inLanguage\":\"es\"},{\"@type\":\"Organization\",\"@id\":\"https:\/\/veridas.com\/es\/pt\/#organization\",\"name\":\"Veridas\",\"url\":\"https:\/\/veridas.com\/es\/pt\/\",\"logo\":{\"@type\":\"ImageObject\",\"inLanguage\":\"es\",\"@id\":\"https:\/\/veridas.com\/es\/pt\/#\/schema\/logo\/image\/\",\"url\":\"https:\/\/veridas.com\/wp-content\/uploads\/2021\/09\/logo-veridas-calidad.png\",\"contentUrl\":\"https:\/\/veridas.com\/wp-content\/uploads\/2021\/09\/logo-veridas-calidad.png\",\"width\":2048,\"height\":1076,\"caption\":\"Veridas\"},\"image\":{\"@id\":\"https:\/\/veridas.com\/es\/pt\/#\/schema\/logo\/image\/\"},\"sameAs\":[\"https:\/\/x.com\/VeridasOfficial\",\"https:\/\/es.linkedin.com\/company\/veridas\",\"https:\/\/www.instagram.com\/veridas.life\/\",\"https:\/\/www.youtube.com\/@VeridasOfficial\"]}]}<\/script>\n<!-- \/ Yoast SEO plugin. -->","yoast_head_json":{"title":"eIDAS 2, resolviendo el reto de la identidad digital europa &#8226; Veridas","robots":{"index":"index","follow":"follow","max-snippet":"max-snippet:-1","max-image-preview":"max-image-preview:large","max-video-preview":"max-video-preview:-1"},"canonical":"https:\/\/veridas.com\/es\/descarga-ebook-eidas-2\/","og_locale":"es_ES","og_type":"article","og_title":"eIDAS 2, resolviendo el reto de la identidad digital europa &#8226; Veridas","og_description":"Descargar \/ eBook eIDAS 2 El creciente uso de los canales digitales deriv\u00f3 en la necesidad de una mayor regulaci\u00f3n de los servicios electr\u00f3nicos, especialmente de aquellos que implicaban una identificaci\u00f3n del usuario para llevar a cabo una operativa. En 2020, la Comisi\u00f3n Europea present\u00f3 una propuesta para actualizar el Reglamento eIDAS que se conoce [&hellip;]","og_url":"https:\/\/veridas.com\/es\/descarga-ebook-eidas-2\/","og_site_name":"Veridas","article_modified_time":"2024-02-15T14:58:05+00:00","og_image":[{"width":1200,"height":686,"url":"https:\/\/veridas.com\/wp-content\/uploads\/2024\/02\/eidas-ebook.jpg","type":"image\/jpeg"}],"twitter_card":"summary_large_image","twitter_site":"@VeridasOfficial","twitter_misc":{"Tiempo de lectura":"1 minuto"},"schema":{"@context":"https:\/\/schema.org","@graph":[{"@type":"WebPage","@id":"https:\/\/veridas.com\/es\/descarga-ebook-eidas-2\/","url":"https:\/\/veridas.com\/es\/descarga-ebook-eidas-2\/","name":"eIDAS 2, resolviendo el reto de la identidad digital europa &#8226; Veridas","isPartOf":{"@id":"https:\/\/veridas.com\/es\/pt\/#website"},"primaryImageOfPage":{"@id":"https:\/\/veridas.com\/es\/descarga-ebook-eidas-2\/#primaryimage"},"image":{"@id":"https:\/\/veridas.com\/es\/descarga-ebook-eidas-2\/#primaryimage"},"thumbnailUrl":"https:\/\/veridas.com\/wp-content\/uploads\/2024\/02\/eidas-ebook.jpg","datePublished":"2023-06-26T07:35:58+00:00","dateModified":"2024-02-15T14:58:05+00:00","breadcrumb":{"@id":"https:\/\/veridas.com\/es\/descarga-ebook-eidas-2\/#breadcrumb"},"inLanguage":"es","potentialAction":[{"@type":"ReadAction","target":["https:\/\/veridas.com\/es\/descarga-ebook-eidas-2\/"]}]},{"@type":"ImageObject","inLanguage":"es","@id":"https:\/\/veridas.com\/es\/descarga-ebook-eidas-2\/#primaryimage","url":"https:\/\/veridas.com\/wp-content\/uploads\/2024\/02\/eidas-ebook.jpg","contentUrl":"https:\/\/veridas.com\/wp-content\/uploads\/2024\/02\/eidas-ebook.jpg","width":1200,"height":686},{"@type":"BreadcrumbList","@id":"https:\/\/veridas.com\/es\/descarga-ebook-eidas-2\/#breadcrumb","itemListElement":[{"@type":"ListItem","position":1,"name":"Home","item":"https:\/\/veridas.com\/es\/la-plataforma-de-verificacion-de-identidad-idv-que-ofrece-prevencion-de-fraude-real\/"},{"@type":"ListItem","position":2,"name":"eIDAS 2, resolviendo el reto de la identidad digital europa"}]},{"@type":"WebSite","@id":"https:\/\/veridas.com\/es\/pt\/#website","url":"https:\/\/veridas.com\/es\/pt\/","name":"Veridas","description":"Just be you","publisher":{"@id":"https:\/\/veridas.com\/es\/pt\/#organization"},"potentialAction":[{"@type":"SearchAction","target":{"@type":"EntryPoint","urlTemplate":"https:\/\/veridas.com\/es\/pt\/?s={search_term_string}"},"query-input":{"@type":"PropertyValueSpecification","valueRequired":true,"valueName":"search_term_string"}}],"inLanguage":"es"},{"@type":"Organization","@id":"https:\/\/veridas.com\/es\/pt\/#organization","name":"Veridas","url":"https:\/\/veridas.com\/es\/pt\/","logo":{"@type":"ImageObject","inLanguage":"es","@id":"https:\/\/veridas.com\/es\/pt\/#\/schema\/logo\/image\/","url":"https:\/\/veridas.com\/wp-content\/uploads\/2021\/09\/logo-veridas-calidad.png","contentUrl":"https:\/\/veridas.com\/wp-content\/uploads\/2021\/09\/logo-veridas-calidad.png","width":2048,"height":1076,"caption":"Veridas"},"image":{"@id":"https:\/\/veridas.com\/es\/pt\/#\/schema\/logo\/image\/"},"sameAs":["https:\/\/x.com\/VeridasOfficial","https:\/\/es.linkedin.com\/company\/veridas","https:\/\/www.instagram.com\/veridas.life\/","https:\/\/www.youtube.com\/@VeridasOfficial"]}]}},"_links":{"self":[{"href":"https:\/\/veridas.com\/es\/wp-json\/wp\/v2\/pages\/57671","targetHints":{"allow":["GET"]}}],"collection":[{"href":"https:\/\/veridas.com\/es\/wp-json\/wp\/v2\/pages"}],"about":[{"href":"https:\/\/veridas.com\/es\/wp-json\/wp\/v2\/types\/page"}],"author":[{"embeddable":true,"href":"https:\/\/veridas.com\/es\/wp-json\/wp\/v2\/users\/4"}],"replies":[{"embeddable":true,"href":"https:\/\/veridas.com\/es\/wp-json\/wp\/v2\/comments?post=57671"}],"version-history":[{"count":10,"href":"https:\/\/veridas.com\/es\/wp-json\/wp\/v2\/pages\/57671\/revisions"}],"predecessor-version":[{"id":71716,"href":"https:\/\/veridas.com\/es\/wp-json\/wp\/v2\/pages\/57671\/revisions\/71716"}],"wp:featuredmedia":[{"embeddable":true,"href":"https:\/\/veridas.com\/es\/wp-json\/wp\/v2\/media\/71713"}],"wp:attachment":[{"href":"https:\/\/veridas.com\/es\/wp-json\/wp\/v2\/media?parent=57671"}],"wp:term":[{"taxonomy":"country","embeddable":true,"href":"https:\/\/veridas.com\/es\/wp-json\/wp\/v2\/country?post=57671"},{"taxonomy":"resource","embeddable":true,"href":"https:\/\/veridas.com\/es\/wp-json\/wp\/v2\/resource?post=57671"},{"taxonomy":"format","embeddable":true,"href":"https:\/\/veridas.com\/es\/wp-json\/wp\/v2\/format?post=57671"},{"taxonomy":"topic","embeddable":true,"href":"https:\/\/veridas.com\/es\/wp-json\/wp\/v2\/topic?post=57671"},{"taxonomy":"industry","embeddable":true,"href":"https:\/\/veridas.com\/es\/wp-json\/wp\/v2\/industry?post=57671"},{"taxonomy":"solution","embeddable":true,"href":"https:\/\/veridas.com\/es\/wp-json\/wp\/v2\/solution?post=57671"}],"curies":[{"name":"wp","href":"https:\/\/api.w.org\/{rel}","templated":true}]}}