{"id":65739,"date":"2023-11-20T10:50:53","date_gmt":"2023-11-20T10:50:53","guid":{"rendered":"https:\/\/veridas.com\/?page_id=65739"},"modified":"2024-02-16T09:28:21","modified_gmt":"2024-02-16T09:28:21","slug":"descarga-guia-de-compra-control-de-acceso-facial","status":"publish","type":"page","link":"https:\/\/veridas.com\/es\/descarga-guia-de-compra-control-de-acceso-facial\/","title":{"rendered":"Gu\u00eda de Compra | Control de Acceso Facial"},"content":{"rendered":"\t\t<div data-elementor-type=\"wp-page\" data-elementor-id=\"65739\" class=\"elementor elementor-65739\" data-elementor-settings=\"{&quot;ha_cmc_init_switcher&quot;:&quot;no&quot;}\" data-elementor-post-type=\"page\">\n\t\t\t\t\t\t<section class=\"elementor-section elementor-top-section elementor-element elementor-element-b0462f7 elementor-section-boxed elementor-section-height-default elementor-section-height-default\" data-id=\"b0462f7\" data-element_type=\"section\" data-e-type=\"section\" data-settings=\"{&quot;background_background&quot;:&quot;classic&quot;}\">\n\t\t\t\t\t\t<div class=\"elementor-container elementor-column-gap-default\">\n\t\t\t\t\t<div class=\"elementor-column elementor-col-50 elementor-top-column elementor-element elementor-element-8d34a71\" data-id=\"8d34a71\" data-element_type=\"column\" data-e-type=\"column\">\n\t\t\t<div class=\"elementor-widget-wrap elementor-element-populated\">\n\t\t\t\t\t\t<div class=\"elementor-element elementor-element-e20649b elementor-widget elementor-widget-image\" data-id=\"e20649b\" data-element_type=\"widget\" data-e-type=\"widget\" data-widget_type=\"image.default\">\n\t\t\t\t\t\t\t\t\t\t\t\t\t\t\t\t<a href=\"https:\/\/veridas.com\/\">\n\t\t\t\t\t\t\t<img fetchpriority=\"high\" decoding=\"async\" width=\"592\" height=\"131\" src=\"https:\/\/veridas.com\/wp-content\/uploads\/2024\/04\/VERIDAS-logo-azul-coral-rgb-592x131-1-1.png\" class=\"attachment-large size-large wp-image-76923\" alt=\"Logo de Veridas\" srcset=\"https:\/\/veridas.com\/wp-content\/uploads\/2024\/04\/VERIDAS-logo-azul-coral-rgb-592x131-1-1.png 592w, https:\/\/veridas.com\/wp-content\/uploads\/2024\/04\/VERIDAS-logo-azul-coral-rgb-592x131-1-1-300x66.png 300w\" sizes=\"(max-width: 592px) 100vw, 592px\" \/>\t\t\t\t\t\t\t\t<\/a>\n\t\t\t\t\t\t\t\t\t\t\t\t\t\t\t<\/div>\n\t\t\t\t\t<\/div>\n\t\t<\/div>\n\t\t\t\t<div class=\"elementor-column elementor-col-50 elementor-top-column elementor-element elementor-element-c319a35 elementor-hidden-mobile\" data-id=\"c319a35\" data-element_type=\"column\" data-e-type=\"column\">\n\t\t\t<div class=\"elementor-widget-wrap\">\n\t\t\t\t\t\t\t<\/div>\n\t\t<\/div>\n\t\t\t\t\t<\/div>\n\t\t<\/section>\n\t\t<div class=\"elementor-element elementor-element-1563bfc elementor-hidden-mobile e-flex e-con-boxed e-con e-parent\" data-id=\"1563bfc\" data-element_type=\"container\" data-e-type=\"container\" data-settings=\"{&quot;background_background&quot;:&quot;classic&quot;}\">\n\t\t\t\t\t<div class=\"e-con-inner\">\n\t\t<div class=\"elementor-element elementor-element-f661194 e-con-full e-flex e-con e-child\" data-id=\"f661194\" data-element_type=\"container\" data-e-type=\"container\">\n\t\t\t\t<div class=\"elementor-element elementor-element-4083d21 elementor-widget elementor-widget-heading\" data-id=\"4083d21\" data-element_type=\"widget\" data-e-type=\"widget\" data-widget_type=\"heading.default\">\n\t\t\t\t\t<h1 class=\"elementor-heading-title elementor-size-default\">Gu\u00eda de Compra <span style=\"font-weight: 400;color: #ff7777\">\/<\/span> <br><b>Control de Acceso Facial<\/b><\/h1>\t\t\t\t<\/div>\n\t\t\t\t<div class=\"elementor-element elementor-element-8ed6cf3 elementor-widget elementor-widget-heading\" data-id=\"8ed6cf3\" data-element_type=\"widget\" data-e-type=\"widget\" data-widget_type=\"heading.default\">\n\t\t\t\t\t<p class=\"elementor-heading-title elementor-size-default\">Garantizar la seguridad f\u00edsica de una empresa u organizaci\u00f3n nunca ha sido tan importante. Con los m\u00e9todos tradicionales de control de accesos sometidos a un escrutinio cada vez mayor por su ineficacia y susceptibilidad a las infracciones, ha llegado el momento de explorar el futuro del control de accesos. <\/p>\t\t\t\t<\/div>\n\t\t\t\t<div class=\"elementor-element elementor-element-377c0b7 elementor-widget elementor-widget-image\" data-id=\"377c0b7\" data-element_type=\"widget\" data-e-type=\"widget\" data-widget_type=\"image.default\">\n\t\t\t\t\t\t\t\t\t\t\t\t\t\t\t<img decoding=\"async\" width=\"800\" height=\"450\" src=\"https:\/\/veridas.com\/wp-content\/uploads\/2023\/11\/guia-compra-acceso-facial.jpg\" class=\"attachment-large size-large wp-image-65878\" alt=\"guia compra acceso facial\" srcset=\"https:\/\/veridas.com\/wp-content\/uploads\/2023\/11\/guia-compra-acceso-facial.jpg 960w, https:\/\/veridas.com\/wp-content\/uploads\/2023\/11\/guia-compra-acceso-facial-300x169.jpg 300w, https:\/\/veridas.com\/wp-content\/uploads\/2023\/11\/guia-compra-acceso-facial-768x432.jpg 768w\" sizes=\"(max-width: 800px) 100vw, 800px\" \/>\t\t\t\t\t\t\t\t\t\t\t\t\t\t\t<\/div>\n\t\t\t\t<\/div>\n\t\t<div class=\"elementor-element elementor-element-11864b1 e-con-full e-flex e-con e-child\" data-id=\"11864b1\" data-element_type=\"container\" data-e-type=\"container\">\n\t\t\t\t<div class=\"elementor-element elementor-element-a6fb0dc elementor-widget elementor-widget-heading\" data-id=\"a6fb0dc\" data-element_type=\"widget\" data-e-type=\"widget\" data-widget_type=\"heading.default\">\n\t\t\t\t\t<h2 class=\"elementor-heading-title elementor-size-default\">Toma una mejor decisi\u00f3n de compra<\/h2>\t\t\t\t<\/div>\n\t\t\t\t<div class=\"elementor-element elementor-element-80c930c elementor-widget elementor-widget-html\" data-id=\"80c930c\" data-element_type=\"widget\" data-e-type=\"widget\" data-widget_type=\"html.default\">\n\t\t\t\t\t<script charset=\"utf-8\" type=\"text\/javascript\" src=\"\/\/js.hsforms.net\/forms\/embed\/v2.js\"><\/script>\n<script>\n  hbspt.forms.create({\n    region: \"na1\",\n    portalId: \"19918211\",\n    formId: \"f73f0902-ce7f-467a-9460-04637bfa6e5f\"\n  });\n<\/script>\t\t\t\t<\/div>\n\t\t\t\t<\/div>\n\t\t\t\t\t<\/div>\n\t\t\t\t<\/div>\n\t\t<div class=\"elementor-element elementor-element-f5a09da elementor-hidden-desktop elementor-hidden-tablet e-flex e-con-boxed e-con e-parent\" data-id=\"f5a09da\" data-element_type=\"container\" data-e-type=\"container\" data-settings=\"{&quot;background_background&quot;:&quot;classic&quot;}\">\n\t\t\t\t\t<div class=\"e-con-inner\">\n\t\t<div class=\"elementor-element elementor-element-2326b6b e-con-full e-flex e-con e-child\" data-id=\"2326b6b\" data-element_type=\"container\" data-e-type=\"container\">\n\t\t\t\t<div class=\"elementor-element elementor-element-14e4d38 elementor-widget-mobile__width-initial elementor-widget elementor-widget-heading\" data-id=\"14e4d38\" data-element_type=\"widget\" data-e-type=\"widget\" data-widget_type=\"heading.default\">\n\t\t\t\t\t<h1 class=\"elementor-heading-title elementor-size-default\">Gu\u00eda de Compra <span style=\"font-weight: 400;color: #ff7777\">\/<\/span> <br><b>Control de Acceso Facial<\/b><\/h1>\t\t\t\t<\/div>\n\t\t\t\t<div class=\"elementor-element elementor-element-ff2ee39 elementor-widget elementor-widget-heading\" data-id=\"ff2ee39\" data-element_type=\"widget\" data-e-type=\"widget\" data-widget_type=\"heading.default\">\n\t\t\t\t\t<p class=\"elementor-heading-title elementor-size-default\">Garantizar la seguridad f\u00edsica de una empresa u organizaci\u00f3n nunca ha sido tan importante. Con los m\u00e9todos tradicionales de control de accesos sometidos a un escrutinio cada vez mayor por su ineficacia y susceptibilidad a las infracciones, ha llegado el momento de explorar el futuro del control de accesos. <\/p>\t\t\t\t<\/div>\n\t\t\t\t<div class=\"elementor-element elementor-element-859224d elementor-widget elementor-widget-image\" data-id=\"859224d\" data-element_type=\"widget\" data-e-type=\"widget\" data-widget_type=\"image.default\">\n\t\t\t\t\t\t\t\t\t\t\t\t\t\t\t<img decoding=\"async\" width=\"800\" height=\"450\" src=\"https:\/\/veridas.com\/wp-content\/uploads\/2023\/11\/guia-compra-acceso-facial.jpg\" class=\"attachment-large size-large wp-image-65878\" alt=\"guia compra acceso facial\" srcset=\"https:\/\/veridas.com\/wp-content\/uploads\/2023\/11\/guia-compra-acceso-facial.jpg 960w, https:\/\/veridas.com\/wp-content\/uploads\/2023\/11\/guia-compra-acceso-facial-300x169.jpg 300w, https:\/\/veridas.com\/wp-content\/uploads\/2023\/11\/guia-compra-acceso-facial-768x432.jpg 768w\" sizes=\"(max-width: 800px) 100vw, 800px\" \/>\t\t\t\t\t\t\t\t\t\t\t\t\t\t\t<\/div>\n\t\t<div class=\"elementor-element elementor-element-4d16ce6 e-flex e-con-boxed e-con e-child\" data-id=\"4d16ce6\" data-element_type=\"container\" data-e-type=\"container\">\n\t\t\t\t\t<div class=\"e-con-inner\">\n\t\t\t\t<div class=\"elementor-element elementor-element-a4ff3ad elementor-widget elementor-widget-heading\" data-id=\"a4ff3ad\" data-element_type=\"widget\" data-e-type=\"widget\" data-widget_type=\"heading.default\">\n\t\t\t\t\t<h2 class=\"elementor-heading-title elementor-size-default\">Toma una mejor decisi\u00f3n de compra<\/h2>\t\t\t\t<\/div>\n\t\t\t\t<div class=\"elementor-element elementor-element-094d7dc elementor-widget elementor-widget-html\" data-id=\"094d7dc\" data-element_type=\"widget\" data-e-type=\"widget\" data-widget_type=\"html.default\">\n\t\t\t\t\t<script charset=\"utf-8\" type=\"text\/javascript\" src=\"\/\/js.hsforms.net\/forms\/embed\/v2.js\"><\/script>\n<script>\n  hbspt.forms.create({\n    region: \"na1\",\n    portalId: \"19918211\",\n    formId: \"f73f0902-ce7f-467a-9460-04637bfa6e5f\"\n  });\n<\/script>\t\t\t\t<\/div>\n\t\t\t\t\t<\/div>\n\t\t\t\t<\/div>\n\t\t\t\t<\/div>\n\t\t\t\t\t<\/div>\n\t\t\t\t<\/div>\n\t\t<div class=\"elementor-element elementor-element-fef325a e-con-full e-flex e-con e-parent\" data-id=\"fef325a\" data-element_type=\"container\" data-e-type=\"container\" data-settings=\"{&quot;background_background&quot;:&quot;classic&quot;}\">\n\t\t<div class=\"elementor-element elementor-element-0a8ffec e-con-full e-flex e-con e-child\" data-id=\"0a8ffec\" data-element_type=\"container\" data-e-type=\"container\">\n\t\t\t\t<div class=\"elementor-element elementor-element-cc672c7 elementor-widget elementor-widget-text-editor\" data-id=\"cc672c7\" data-element_type=\"widget\" data-e-type=\"widget\" data-widget_type=\"text-editor.default\">\n\t\t\t\t\t\t\t\t\t\u00a9 VERIDAS 2026. Todos los derechos reservados.\t\t\t\t\t\t\t\t<\/div>\n\t\t\t\t<\/div>\n\t\t<div class=\"elementor-element elementor-element-6697514 e-flex e-con-boxed e-con e-child\" data-id=\"6697514\" data-element_type=\"container\" data-e-type=\"container\">\n\t\t\t\t\t<div class=\"e-con-inner\">\n\t\t\t\t<div class=\"elementor-element elementor-element-75547bb elementor-widget elementor-widget-text-editor\" data-id=\"75547bb\" data-element_type=\"widget\" data-e-type=\"widget\" data-widget_type=\"text-editor.default\">\n\t\t\t\t\t\t\t\t\t<p><a href=\"https:\/\/veridas.com\/es\/politica-privacidad\/\" target=\"_blank\" rel=\"noopener\">Pol\u00edtica de Privacidad y Aviso Legal\u00a0<\/a> |\u00a0 <a href=\"https:\/\/veridas.com\/es\/politica-cookies\/\">Pol\u00edtica de Cookies<\/a>\u00a0 |\u00a0 <a href=\"https:\/\/veridas.com\/es\/politica-seguridad-informacion\/\">Seguridad de la informaci\u00f3n |\u00a0 <\/a><a href=\"https:\/\/veridas.com\/es\/politica-del-sistema-interno-de-informacion\/\" target=\"_blank\" rel=\"noopener\">Pol\u00edtica del Sistema Interno de Informaci\u00f3n<\/a><a href=\"https:\/\/veridas.com\/es\/politica-seguridad-informacion\/\"> |\u00a0 <\/a><a href=\"https:\/\/veridas.com\/es\/politica-de-calidad\/\">Pol\u00edtica de Calidad<\/a><a href=\"https:\/\/veridas.com\/es\/politica-seguridad-informacion\/\">\u00a0 |\u00a0 <\/a><a href=\"https:\/\/veridas.com\/es\/subvenciones-ayudas\/\">Subvenciones y ayudas<\/a><\/p>\t\t\t\t\t\t\t\t<\/div>\n\t\t\t\t\t<\/div>\n\t\t\t\t<\/div>\n\t\t\t\t<\/div>\n\t\t\t\t<\/div>\n\t\t","protected":false},"excerpt":{"rendered":"<p>Navega en el vasto paisaje de soluciones de autenticaci\u00f3n biom\u00e9trica por voz. Descubre los factores clave que debes considerar al elegir un proveedor. <\/p>\n","protected":false},"author":47,"featured_media":65878,"parent":0,"menu_order":0,"comment_status":"closed","ping_status":"closed","template":"elementor_canvas","format":[291],"meta":{"_acf_changed":false,"inline_featured_image":false,"footnotes":""},"country":[],"resource":[293],"topic":[],"industry":[],"solution":[266],"class_list":["post-65739","page","type-page","status-publish","has-post-thumbnail","hentry","resource-yes","format-guia","solution-control-de-acceso-facial"],"acf":[],"yoast_head":"<!-- This site is optimized with the Yoast SEO plugin v27.0 - https:\/\/yoast.com\/product\/yoast-seo-wordpress\/ -->\n<title>Gu\u00eda de Compra | Control de Acceso Facial &#8226; Veridas<\/title>\n<meta name=\"robots\" content=\"index, follow, max-snippet:-1, max-image-preview:large, max-video-preview:-1\" \/>\n<link rel=\"canonical\" href=\"https:\/\/veridas.com\/es\/descarga-guia-de-compra-control-de-acceso-facial\/\" \/>\n<meta property=\"og:locale\" content=\"es_ES\" \/>\n<meta property=\"og:type\" content=\"article\" \/>\n<meta property=\"og:title\" content=\"Gu\u00eda de Compra | Control de Acceso Facial &#8226; Veridas\" \/>\n<meta property=\"og:description\" content=\"Navega en el vasto paisaje de soluciones de autenticaci\u00f3n biom\u00e9trica por voz. Descubre los factores clave que debes considerar al elegir un proveedor.\" \/>\n<meta property=\"og:url\" content=\"https:\/\/veridas.com\/es\/descarga-guia-de-compra-control-de-acceso-facial\/\" \/>\n<meta property=\"og:site_name\" content=\"Veridas\" \/>\n<meta property=\"article:modified_time\" content=\"2024-02-16T09:28:21+00:00\" \/>\n<meta property=\"og:image\" content=\"https:\/\/www.veridas.com\/wp-content\/uploads\/2023\/11\/guia-compra-acceso-facial.jpg\" \/>\n\t<meta property=\"og:image:width\" content=\"960\" \/>\n\t<meta property=\"og:image:height\" content=\"540\" \/>\n\t<meta property=\"og:image:type\" content=\"image\/jpeg\" \/>\n<meta name=\"twitter:card\" content=\"summary_large_image\" \/>\n<meta name=\"twitter:site\" content=\"@VeridasOfficial\" \/>\n<meta name=\"twitter:label1\" content=\"Tiempo de lectura\" \/>\n\t<meta name=\"twitter:data1\" content=\"4 minutos\" \/>\n<script type=\"application\/ld+json\" class=\"yoast-schema-graph\">{\"@context\":\"https:\/\/schema.org\",\"@graph\":[{\"@type\":\"WebPage\",\"@id\":\"https:\/\/veridas.com\/es\/descarga-guia-de-compra-control-de-acceso-facial\/\",\"url\":\"https:\/\/veridas.com\/es\/descarga-guia-de-compra-control-de-acceso-facial\/\",\"name\":\"Gu\u00eda de Compra | Control de Acceso Facial &#8226; Veridas\",\"isPartOf\":{\"@id\":\"https:\/\/veridas.com\/es\/pt\/#website\"},\"primaryImageOfPage\":{\"@id\":\"https:\/\/veridas.com\/es\/descarga-guia-de-compra-control-de-acceso-facial\/#primaryimage\"},\"image\":{\"@id\":\"https:\/\/veridas.com\/es\/descarga-guia-de-compra-control-de-acceso-facial\/#primaryimage\"},\"thumbnailUrl\":\"https:\/\/veridas.com\/wp-content\/uploads\/2023\/11\/guia-compra-acceso-facial.jpg\",\"datePublished\":\"2023-11-20T10:50:53+00:00\",\"dateModified\":\"2024-02-16T09:28:21+00:00\",\"breadcrumb\":{\"@id\":\"https:\/\/veridas.com\/es\/descarga-guia-de-compra-control-de-acceso-facial\/#breadcrumb\"},\"inLanguage\":\"es\",\"potentialAction\":[{\"@type\":\"ReadAction\",\"target\":[\"https:\/\/veridas.com\/es\/descarga-guia-de-compra-control-de-acceso-facial\/\"]}]},{\"@type\":\"ImageObject\",\"inLanguage\":\"es\",\"@id\":\"https:\/\/veridas.com\/es\/descarga-guia-de-compra-control-de-acceso-facial\/#primaryimage\",\"url\":\"https:\/\/veridas.com\/wp-content\/uploads\/2023\/11\/guia-compra-acceso-facial.jpg\",\"contentUrl\":\"https:\/\/veridas.com\/wp-content\/uploads\/2023\/11\/guia-compra-acceso-facial.jpg\",\"width\":960,\"height\":540,\"caption\":\"guia compra acceso facial\"},{\"@type\":\"BreadcrumbList\",\"@id\":\"https:\/\/veridas.com\/es\/descarga-guia-de-compra-control-de-acceso-facial\/#breadcrumb\",\"itemListElement\":[{\"@type\":\"ListItem\",\"position\":1,\"name\":\"Home\",\"item\":\"https:\/\/veridas.com\/es\/la-plataforma-de-verificacion-de-identidad-idv-que-ofrece-prevencion-de-fraude-real\/\"},{\"@type\":\"ListItem\",\"position\":2,\"name\":\"Gu\u00eda de Compra | Control de Acceso Facial\"}]},{\"@type\":\"WebSite\",\"@id\":\"https:\/\/veridas.com\/es\/pt\/#website\",\"url\":\"https:\/\/veridas.com\/es\/pt\/\",\"name\":\"Veridas\",\"description\":\"Just be you\",\"publisher\":{\"@id\":\"https:\/\/veridas.com\/es\/pt\/#organization\"},\"potentialAction\":[{\"@type\":\"SearchAction\",\"target\":{\"@type\":\"EntryPoint\",\"urlTemplate\":\"https:\/\/veridas.com\/es\/pt\/?s={search_term_string}\"},\"query-input\":{\"@type\":\"PropertyValueSpecification\",\"valueRequired\":true,\"valueName\":\"search_term_string\"}}],\"inLanguage\":\"es\"},{\"@type\":\"Organization\",\"@id\":\"https:\/\/veridas.com\/es\/pt\/#organization\",\"name\":\"Veridas\",\"url\":\"https:\/\/veridas.com\/es\/pt\/\",\"logo\":{\"@type\":\"ImageObject\",\"inLanguage\":\"es\",\"@id\":\"https:\/\/veridas.com\/es\/pt\/#\/schema\/logo\/image\/\",\"url\":\"https:\/\/veridas.com\/wp-content\/uploads\/2021\/09\/logo-veridas-calidad.png\",\"contentUrl\":\"https:\/\/veridas.com\/wp-content\/uploads\/2021\/09\/logo-veridas-calidad.png\",\"width\":2048,\"height\":1076,\"caption\":\"Veridas\"},\"image\":{\"@id\":\"https:\/\/veridas.com\/es\/pt\/#\/schema\/logo\/image\/\"},\"sameAs\":[\"https:\/\/x.com\/VeridasOfficial\",\"https:\/\/es.linkedin.com\/company\/veridas\",\"https:\/\/www.instagram.com\/veridas.life\/\",\"https:\/\/www.youtube.com\/@VeridasOfficial\"]}]}<\/script>\n<!-- \/ Yoast SEO plugin. -->","yoast_head_json":{"title":"Gu\u00eda de Compra | Control de Acceso Facial &#8226; Veridas","robots":{"index":"index","follow":"follow","max-snippet":"max-snippet:-1","max-image-preview":"max-image-preview:large","max-video-preview":"max-video-preview:-1"},"canonical":"https:\/\/veridas.com\/es\/descarga-guia-de-compra-control-de-acceso-facial\/","og_locale":"es_ES","og_type":"article","og_title":"Gu\u00eda de Compra | Control de Acceso Facial &#8226; Veridas","og_description":"Navega en el vasto paisaje de soluciones de autenticaci\u00f3n biom\u00e9trica por voz. Descubre los factores clave que debes considerar al elegir un proveedor.","og_url":"https:\/\/veridas.com\/es\/descarga-guia-de-compra-control-de-acceso-facial\/","og_site_name":"Veridas","article_modified_time":"2024-02-16T09:28:21+00:00","og_image":[{"width":960,"height":540,"url":"https:\/\/www.veridas.com\/wp-content\/uploads\/2023\/11\/guia-compra-acceso-facial.jpg","type":"image\/jpeg"}],"twitter_card":"summary_large_image","twitter_site":"@VeridasOfficial","twitter_misc":{"Tiempo de lectura":"4 minutos"},"schema":{"@context":"https:\/\/schema.org","@graph":[{"@type":"WebPage","@id":"https:\/\/veridas.com\/es\/descarga-guia-de-compra-control-de-acceso-facial\/","url":"https:\/\/veridas.com\/es\/descarga-guia-de-compra-control-de-acceso-facial\/","name":"Gu\u00eda de Compra | Control de Acceso Facial &#8226; Veridas","isPartOf":{"@id":"https:\/\/veridas.com\/es\/pt\/#website"},"primaryImageOfPage":{"@id":"https:\/\/veridas.com\/es\/descarga-guia-de-compra-control-de-acceso-facial\/#primaryimage"},"image":{"@id":"https:\/\/veridas.com\/es\/descarga-guia-de-compra-control-de-acceso-facial\/#primaryimage"},"thumbnailUrl":"https:\/\/veridas.com\/wp-content\/uploads\/2023\/11\/guia-compra-acceso-facial.jpg","datePublished":"2023-11-20T10:50:53+00:00","dateModified":"2024-02-16T09:28:21+00:00","breadcrumb":{"@id":"https:\/\/veridas.com\/es\/descarga-guia-de-compra-control-de-acceso-facial\/#breadcrumb"},"inLanguage":"es","potentialAction":[{"@type":"ReadAction","target":["https:\/\/veridas.com\/es\/descarga-guia-de-compra-control-de-acceso-facial\/"]}]},{"@type":"ImageObject","inLanguage":"es","@id":"https:\/\/veridas.com\/es\/descarga-guia-de-compra-control-de-acceso-facial\/#primaryimage","url":"https:\/\/veridas.com\/wp-content\/uploads\/2023\/11\/guia-compra-acceso-facial.jpg","contentUrl":"https:\/\/veridas.com\/wp-content\/uploads\/2023\/11\/guia-compra-acceso-facial.jpg","width":960,"height":540,"caption":"guia compra acceso facial"},{"@type":"BreadcrumbList","@id":"https:\/\/veridas.com\/es\/descarga-guia-de-compra-control-de-acceso-facial\/#breadcrumb","itemListElement":[{"@type":"ListItem","position":1,"name":"Home","item":"https:\/\/veridas.com\/es\/la-plataforma-de-verificacion-de-identidad-idv-que-ofrece-prevencion-de-fraude-real\/"},{"@type":"ListItem","position":2,"name":"Gu\u00eda de Compra | Control de Acceso Facial"}]},{"@type":"WebSite","@id":"https:\/\/veridas.com\/es\/pt\/#website","url":"https:\/\/veridas.com\/es\/pt\/","name":"Veridas","description":"Just be you","publisher":{"@id":"https:\/\/veridas.com\/es\/pt\/#organization"},"potentialAction":[{"@type":"SearchAction","target":{"@type":"EntryPoint","urlTemplate":"https:\/\/veridas.com\/es\/pt\/?s={search_term_string}"},"query-input":{"@type":"PropertyValueSpecification","valueRequired":true,"valueName":"search_term_string"}}],"inLanguage":"es"},{"@type":"Organization","@id":"https:\/\/veridas.com\/es\/pt\/#organization","name":"Veridas","url":"https:\/\/veridas.com\/es\/pt\/","logo":{"@type":"ImageObject","inLanguage":"es","@id":"https:\/\/veridas.com\/es\/pt\/#\/schema\/logo\/image\/","url":"https:\/\/veridas.com\/wp-content\/uploads\/2021\/09\/logo-veridas-calidad.png","contentUrl":"https:\/\/veridas.com\/wp-content\/uploads\/2021\/09\/logo-veridas-calidad.png","width":2048,"height":1076,"caption":"Veridas"},"image":{"@id":"https:\/\/veridas.com\/es\/pt\/#\/schema\/logo\/image\/"},"sameAs":["https:\/\/x.com\/VeridasOfficial","https:\/\/es.linkedin.com\/company\/veridas","https:\/\/www.instagram.com\/veridas.life\/","https:\/\/www.youtube.com\/@VeridasOfficial"]}]}},"_links":{"self":[{"href":"https:\/\/veridas.com\/es\/wp-json\/wp\/v2\/pages\/65739","targetHints":{"allow":["GET"]}}],"collection":[{"href":"https:\/\/veridas.com\/es\/wp-json\/wp\/v2\/pages"}],"about":[{"href":"https:\/\/veridas.com\/es\/wp-json\/wp\/v2\/types\/page"}],"author":[{"embeddable":true,"href":"https:\/\/veridas.com\/es\/wp-json\/wp\/v2\/users\/47"}],"replies":[{"embeddable":true,"href":"https:\/\/veridas.com\/es\/wp-json\/wp\/v2\/comments?post=65739"}],"version-history":[{"count":10,"href":"https:\/\/veridas.com\/es\/wp-json\/wp\/v2\/pages\/65739\/revisions"}],"predecessor-version":[{"id":71750,"href":"https:\/\/veridas.com\/es\/wp-json\/wp\/v2\/pages\/65739\/revisions\/71750"}],"wp:featuredmedia":[{"embeddable":true,"href":"https:\/\/veridas.com\/es\/wp-json\/wp\/v2\/media\/65878"}],"wp:attachment":[{"href":"https:\/\/veridas.com\/es\/wp-json\/wp\/v2\/media?parent=65739"}],"wp:term":[{"taxonomy":"country","embeddable":true,"href":"https:\/\/veridas.com\/es\/wp-json\/wp\/v2\/country?post=65739"},{"taxonomy":"resource","embeddable":true,"href":"https:\/\/veridas.com\/es\/wp-json\/wp\/v2\/resource?post=65739"},{"taxonomy":"format","embeddable":true,"href":"https:\/\/veridas.com\/es\/wp-json\/wp\/v2\/format?post=65739"},{"taxonomy":"topic","embeddable":true,"href":"https:\/\/veridas.com\/es\/wp-json\/wp\/v2\/topic?post=65739"},{"taxonomy":"industry","embeddable":true,"href":"https:\/\/veridas.com\/es\/wp-json\/wp\/v2\/industry?post=65739"},{"taxonomy":"solution","embeddable":true,"href":"https:\/\/veridas.com\/es\/wp-json\/wp\/v2\/solution?post=65739"}],"curies":[{"name":"wp","href":"https:\/\/api.w.org\/{rel}","templated":true}]}}