{"id":8306,"date":"2021-09-02T06:27:29","date_gmt":"2021-09-02T06:27:29","guid":{"rendered":"https:\/\/veridas.com\/?page_id=8306"},"modified":"2023-05-17T15:45:06","modified_gmt":"2023-05-17T15:45:06","slug":"ebook-identidad-biometria-e-ia","status":"publish","type":"page","link":"https:\/\/veridas.com\/es\/ebook-identidad-biometria-e-ia\/","title":{"rendered":"eBook \u00abIdentidad, Biometr\u00eda e IA\u00bb"},"content":{"rendered":"\t\t<div data-elementor-type=\"wp-page\" data-elementor-id=\"8306\" class=\"elementor elementor-8306\" data-elementor-settings=\"{&quot;ha_cmc_init_switcher&quot;:&quot;no&quot;}\" data-elementor-post-type=\"page\">\n\t\t\t\t\t\t<section class=\"elementor-section elementor-top-section elementor-element elementor-element-153b9ec elementor-section-boxed elementor-section-height-default elementor-section-height-default\" data-id=\"153b9ec\" data-element_type=\"section\" data-e-type=\"section\">\n\t\t\t\t\t\t<div class=\"elementor-container elementor-column-gap-default\">\n\t\t\t\t\t<div class=\"elementor-column elementor-col-50 elementor-top-column elementor-element elementor-element-354c7f1\" data-id=\"354c7f1\" data-element_type=\"column\" data-e-type=\"column\">\n\t\t\t<div class=\"elementor-widget-wrap elementor-element-populated\">\n\t\t\t\t\t\t<div class=\"elementor-element elementor-element-55d482e elementor-widget elementor-widget-image\" data-id=\"55d482e\" data-element_type=\"widget\" data-e-type=\"widget\" data-widget_type=\"image.default\">\n\t\t\t\t\t\t\t\t\t\t\t\t\t\t\t\t<a href=\"https:\/\/veridas.com\/\">\n\t\t\t\t\t\t\t<img fetchpriority=\"high\" decoding=\"async\" width=\"592\" height=\"131\" src=\"https:\/\/veridas.com\/wp-content\/uploads\/2024\/04\/VERIDAS-logo-azul-coral-rgb-592x131-1-1.png\" class=\"attachment-large size-large wp-image-76923\" alt=\"Logo de Veridas\" srcset=\"https:\/\/veridas.com\/wp-content\/uploads\/2024\/04\/VERIDAS-logo-azul-coral-rgb-592x131-1-1.png 592w, https:\/\/veridas.com\/wp-content\/uploads\/2024\/04\/VERIDAS-logo-azul-coral-rgb-592x131-1-1-300x66.png 300w\" sizes=\"(max-width: 592px) 100vw, 592px\" \/>\t\t\t\t\t\t\t\t<\/a>\n\t\t\t\t\t\t\t\t\t\t\t\t\t\t\t<\/div>\n\t\t\t\t\t<\/div>\n\t\t<\/div>\n\t\t\t\t<div class=\"elementor-column elementor-col-50 elementor-top-column elementor-element elementor-element-e7cf570\" data-id=\"e7cf570\" data-element_type=\"column\" data-e-type=\"column\">\n\t\t\t<div class=\"elementor-widget-wrap\">\n\t\t\t\t\t\t\t<\/div>\n\t\t<\/div>\n\t\t\t\t\t<\/div>\n\t\t<\/section>\n\t\t\t\t<section class=\"elementor-section elementor-top-section elementor-element elementor-element-5a7fe3f elementor-section-full_width elementor-section-height-default elementor-section-height-default\" data-id=\"5a7fe3f\" data-element_type=\"section\" data-e-type=\"section\" data-settings=\"{&quot;background_background&quot;:&quot;classic&quot;}\">\n\t\t\t\t\t\t<div class=\"elementor-container elementor-column-gap-default\">\n\t\t\t\t\t<div class=\"elementor-column elementor-col-100 elementor-top-column elementor-element elementor-element-3b606e4\" data-id=\"3b606e4\" data-element_type=\"column\" data-e-type=\"column\">\n\t\t\t<div class=\"elementor-widget-wrap elementor-element-populated\">\n\t\t\t\t\t\t<section class=\"elementor-section elementor-inner-section elementor-element elementor-element-da2e997 elementor-section-boxed elementor-section-height-default elementor-section-height-default\" data-id=\"da2e997\" data-element_type=\"section\" data-e-type=\"section\">\n\t\t\t\t\t\t<div class=\"elementor-container elementor-column-gap-default\">\n\t\t\t\t\t<div class=\"elementor-column elementor-col-100 elementor-inner-column elementor-element elementor-element-8b5822d\" data-id=\"8b5822d\" data-element_type=\"column\" data-e-type=\"column\">\n\t\t\t<div class=\"elementor-widget-wrap elementor-element-populated\">\n\t\t\t\t\t\t<div class=\"elementor-element elementor-element-050558a elementor-widget elementor-widget-spacer\" data-id=\"050558a\" data-element_type=\"widget\" data-e-type=\"widget\" data-widget_type=\"spacer.default\">\n\t\t\t\t\t\t\t<div class=\"elementor-spacer\">\n\t\t\t<div class=\"elementor-spacer-inner\"><\/div>\n\t\t<\/div>\n\t\t\t\t\t\t<\/div>\n\t\t\t\t<div class=\"elementor-element elementor-element-bfb0ac6 elementor-widget elementor-widget-heading\" data-id=\"bfb0ac6\" data-element_type=\"widget\" data-e-type=\"widget\" data-widget_type=\"heading.default\">\n\t\t\t\t\t<h1 class=\"elementor-heading-title elementor-size-default\">eBook \/ \"Identidad, biometr\u00eda e IA\"<\/h1>\t\t\t\t<\/div>\n\t\t\t\t<div class=\"elementor-element elementor-element-32fe891 elementor-widget__width-initial elementor-widget elementor-widget-text-editor\" data-id=\"32fe891\" data-element_type=\"widget\" data-e-type=\"widget\" data-widget_type=\"text-editor.default\">\n\t\t\t\t\t\t\t\t\t<p style=\"text-align: center;\">\u00c9tica, mitos y realidades.<\/p>\t\t\t\t\t\t\t\t<\/div>\n\t\t\t\t<div class=\"elementor-element elementor-element-276d355 elementor-widget elementor-widget-spacer\" data-id=\"276d355\" data-element_type=\"widget\" data-e-type=\"widget\" data-widget_type=\"spacer.default\">\n\t\t\t\t\t\t\t<div class=\"elementor-spacer\">\n\t\t\t<div class=\"elementor-spacer-inner\"><\/div>\n\t\t<\/div>\n\t\t\t\t\t\t<\/div>\n\t\t\t\t\t<\/div>\n\t\t<\/div>\n\t\t\t\t\t<\/div>\n\t\t<\/section>\n\t\t\t\t\t<\/div>\n\t\t<\/div>\n\t\t\t\t\t<\/div>\n\t\t<\/section>\n\t\t\t\t<section class=\"elementor-section elementor-top-section elementor-element elementor-element-2e41b60b elementor-reverse-tablet elementor-reverse-mobile elementor-section-boxed elementor-section-height-default elementor-section-height-default\" data-id=\"2e41b60b\" data-element_type=\"section\" data-e-type=\"section\">\n\t\t\t\t\t\t<div class=\"elementor-container elementor-column-gap-no\">\n\t\t\t\t\t<div class=\"elementor-column elementor-col-50 elementor-top-column elementor-element elementor-element-596107d2\" data-id=\"596107d2\" data-element_type=\"column\" data-e-type=\"column\">\n\t\t\t<div class=\"elementor-widget-wrap elementor-element-populated\">\n\t\t\t\t\t\t<div class=\"elementor-element elementor-element-417637c1 elementor-widget elementor-widget-spacer\" data-id=\"417637c1\" data-element_type=\"widget\" data-e-type=\"widget\" data-widget_type=\"spacer.default\">\n\t\t\t\t\t\t\t<div class=\"elementor-spacer\">\n\t\t\t<div class=\"elementor-spacer-inner\"><\/div>\n\t\t<\/div>\n\t\t\t\t\t\t<\/div>\n\t\t\t\t<div class=\"elementor-element elementor-element-34acfd0 elementor-widget elementor-widget-image\" data-id=\"34acfd0\" data-element_type=\"widget\" data-e-type=\"widget\" data-widget_type=\"image.default\">\n\t\t\t\t\t\t\t\t\t\t\t\t\t\t\t<img decoding=\"async\" width=\"768\" height=\"1077\" src=\"https:\/\/veridas.com\/wp-content\/uploads\/2023\/05\/identidad-biometria-preview-e1684338290892-768x1077.png\" class=\"attachment-medium_large size-medium_large wp-image-54988\" alt=\"\" srcset=\"https:\/\/veridas.com\/wp-content\/uploads\/2023\/05\/identidad-biometria-preview-e1684338290892-768x1077.png 768w, https:\/\/veridas.com\/wp-content\/uploads\/2023\/05\/identidad-biometria-preview-e1684338290892-214x300.png 214w, https:\/\/veridas.com\/wp-content\/uploads\/2023\/05\/identidad-biometria-preview-e1684338290892-730x1024.png 730w, https:\/\/veridas.com\/wp-content\/uploads\/2023\/05\/identidad-biometria-preview-e1684338290892.png 1060w\" sizes=\"(max-width: 768px) 100vw, 768px\" \/>\t\t\t\t\t\t\t\t\t\t\t\t\t\t\t<\/div>\n\t\t\t\t<section class=\"elementor-section elementor-inner-section elementor-element elementor-element-52dbff5a elementor-section-boxed elementor-section-height-default elementor-section-height-default\" data-id=\"52dbff5a\" data-element_type=\"section\" data-e-type=\"section\">\n\t\t\t\t\t\t\t<div class=\"elementor-background-overlay\"><\/div>\n\t\t\t\t\t\t\t<div class=\"elementor-container elementor-column-gap-default\">\n\t\t\t\t\t<div class=\"elementor-column elementor-col-100 elementor-inner-column elementor-element elementor-element-62336c16\" data-id=\"62336c16\" data-element_type=\"column\" data-e-type=\"column\">\n\t\t\t<div class=\"elementor-widget-wrap elementor-element-populated\">\n\t\t\t\t\t\t<div class=\"elementor-element elementor-element-23a9c0b2 elementor-widget elementor-widget-text-editor\" data-id=\"23a9c0b2\" data-element_type=\"widget\" data-e-type=\"widget\" data-widget_type=\"text-editor.default\">\n\t\t\t\t\t\t\t\t\t<p>La\u00a0<strong>tecnolog\u00eda biom\u00e9trica<\/strong>\u00a0permite pasar de la presunci\u00f3n a la certeza, y eso es la base para una transformaci\u00f3n digital plena.<\/p><p>En el siguiente ebook descubrir\u00e1s c\u00f3mo\u00a0<strong>la situaci\u00f3n actual de protecci\u00f3n de nuestros datos es insegura<\/strong>\u00a0(filtraci\u00f3n de millones de contrase\u00f1as y datos personales de Facebook, el juego online de menores, blanqueo de capitales, usurpaci\u00f3n de la identidad digital, etc.) y c\u00f3mo<strong>\u00a0la biometr\u00eda es la mejor herramienta<\/strong>\u00a0de la que disponemos las personas (la \u00fanica inherente) para ejercer nuestra<strong>\u00a0Identidad Real<\/strong>\u00a0y para que las Administraciones y empresas puedan llevar a cabo la\u00a0<strong>Transformaci\u00f3n Digital segura, privada y confiable<\/strong>.<\/p><p>Autores:\u00a0<strong>Eduardo Azanza<\/strong>\u00a0(CEO de Veridas) y\u00a0<strong>Leire Arbona<\/strong>\u00a0(Directora del Departamento Legal y Cumplimiento).<\/p>\t\t\t\t\t\t\t\t<\/div>\n\t\t\t\t<div class=\"elementor-element elementor-element-63b3d4e5 elementor-align-center elementor-hidden-desktop elementor-hidden-tablet elementor-widget elementor-widget-button\" data-id=\"63b3d4e5\" data-element_type=\"widget\" data-e-type=\"widget\" data-widget_type=\"button.default\">\n\t\t\t\t\t\t\t\t\t\t<a class=\"elementor-button elementor-button-link elementor-size-md\" href=\"#clm-form\">\n\t\t\t\t\t\t<span class=\"elementor-button-content-wrapper\">\n\t\t\t\t\t\t<span class=\"elementor-button-icon\">\n\t\t\t\t<svg aria-hidden=\"true\" class=\"e-font-icon-svg e-far-arrow-alt-circle-down\" viewBox=\"0 0 512 512\" xmlns=\"http:\/\/www.w3.org\/2000\/svg\"><path d=\"M256 8C119 8 8 119 8 256s111 248 248 248 248-111 248-248S393 8 256 8zm0 448c-110.5 0-200-89.5-200-200S145.5 56 256 56s200 89.5 200 200-89.5 200-200 200zm-32-316v116h-67c-10.7 0-16 12.9-8.5 20.5l99 99c4.7 4.7 12.3 4.7 17 0l99-99c7.6-7.6 2.2-20.5-8.5-20.5h-67V140c0-6.6-5.4-12-12-12h-40c-6.6 0-12 5.4-12 12z\"><\/path><\/svg>\t\t\t<\/span>\n\t\t\t\t\t\t\t\t\t<span class=\"elementor-button-text\">descarga el ebook<\/span>\n\t\t\t\t\t<\/span>\n\t\t\t\t\t<\/a>\n\t\t\t\t\t\t\t\t<\/div>\n\t\t\t\t\t<\/div>\n\t\t<\/div>\n\t\t\t\t\t<\/div>\n\t\t<\/section>\n\t\t\t\t\t<\/div>\n\t\t<\/div>\n\t\t\t\t<div class=\"elementor-column elementor-col-50 elementor-top-column elementor-element elementor-element-585ff2f5\" data-id=\"585ff2f5\" data-element_type=\"column\" data-e-type=\"column\" id=\"clm-form\">\n\t\t\t<div class=\"elementor-widget-wrap elementor-element-populated\">\n\t\t\t\t\t\t<section class=\"elementor-section elementor-inner-section elementor-element elementor-element-688254ff elementor-section-boxed elementor-section-height-default elementor-section-height-default\" data-id=\"688254ff\" data-element_type=\"section\" data-e-type=\"section\">\n\t\t\t\t\t\t\t<div class=\"elementor-background-overlay\"><\/div>\n\t\t\t\t\t\t\t<div class=\"elementor-container elementor-column-gap-default\">\n\t\t\t\t\t<div class=\"elementor-column elementor-col-100 elementor-inner-column elementor-element elementor-element-4396203f elementor-invisible\" data-id=\"4396203f\" data-element_type=\"column\" data-e-type=\"column\" data-settings=\"{&quot;motion_fx_motion_fx_scrolling&quot;:&quot;yes&quot;,&quot;motion_fx_translateY_effect&quot;:&quot;yes&quot;,&quot;motion_fx_translateY_direction&quot;:&quot;negative&quot;,&quot;motion_fx_translateY_affectedRange&quot;:{&quot;unit&quot;:&quot;%&quot;,&quot;size&quot;:&quot;&quot;,&quot;sizes&quot;:{&quot;start&quot;:40,&quot;end&quot;:95}},&quot;motion_fx_devices&quot;:[&quot;desktop&quot;],&quot;animation&quot;:&quot;slideInUp&quot;,&quot;motion_fx_translateY_speed&quot;:{&quot;unit&quot;:&quot;px&quot;,&quot;size&quot;:4,&quot;sizes&quot;:[]}}\">\n\t\t\t<div class=\"elementor-widget-wrap elementor-element-populated\">\n\t\t\t\t\t\t<div class=\"elementor-element elementor-element-6fee0c9f elementor-widget elementor-widget-heading\" data-id=\"6fee0c9f\" data-element_type=\"widget\" data-e-type=\"widget\" data-widget_type=\"heading.default\">\n\t\t\t\t\t<h2 class=\"elementor-heading-title elementor-size-default\">Descarga el ebook gratis<\/h2>\t\t\t\t<\/div>\n\t\t\t\t<div class=\"elementor-element elementor-element-efaa6ae elementor-widget elementor-widget-html\" data-id=\"efaa6ae\" data-element_type=\"widget\" data-e-type=\"widget\" data-widget_type=\"html.default\">\n\t\t\t\t\t<!--[if lte IE 8]>\r\n<script charset=\"utf-8\" type=\"text\/javascript\" src=\"\/\/js.hsforms.net\/forms\/v2-legacy.js\"><\/script>\r\n<![endif]-->\r\n<script charset=\"utf-8\" type=\"text\/javascript\" src=\"\/\/js.hsforms.net\/forms\/v2.js\"><\/script>\r\n<script>\r\n  hbspt.forms.create({\r\n\tregion: \"na1\",\r\n\tportalId: \"19918211\",\r\n\tformId: \"824dff49-7cf9-4026-9684-88f2d5875d71\"\r\n});\r\n<\/script>\t\t\t\t<\/div>\n\t\t\t\t\t<\/div>\n\t\t<\/div>\n\t\t\t\t\t<\/div>\n\t\t<\/section>\n\t\t\t\t\t<\/div>\n\t\t<\/div>\n\t\t\t\t\t<\/div>\n\t\t<\/section>\n\t\t\t\t<section class=\"elementor-section elementor-top-section elementor-element elementor-element-4e0c89c elementor-section-full_width elementor-section-height-default elementor-section-height-default\" data-id=\"4e0c89c\" data-element_type=\"section\" data-e-type=\"section\" data-settings=\"{&quot;background_background&quot;:&quot;classic&quot;}\">\n\t\t\t\t\t\t\t<div class=\"elementor-background-overlay\"><\/div>\n\t\t\t\t\t\t\t<div class=\"elementor-container elementor-column-gap-default\">\n\t\t\t\t\t<div class=\"elementor-column elementor-col-50 elementor-top-column elementor-element elementor-element-6d7b6f5\" data-id=\"6d7b6f5\" data-element_type=\"column\" data-e-type=\"column\">\n\t\t\t<div class=\"elementor-widget-wrap elementor-element-populated\">\n\t\t\t\t\t\t<div class=\"elementor-element elementor-element-9d31397 elementor-widget elementor-widget-text-editor\" data-id=\"9d31397\" data-element_type=\"widget\" data-e-type=\"widget\" data-widget_type=\"text-editor.default\">\n\t\t\t\t\t\t\t\t\t\u00a9 VERIDAS 2026. Todos los derechos reservados.\t\t\t\t\t\t\t\t<\/div>\n\t\t\t\t\t<\/div>\n\t\t<\/div>\n\t\t\t\t<div class=\"elementor-column elementor-col-50 elementor-top-column elementor-element elementor-element-0ddb4ff\" data-id=\"0ddb4ff\" data-element_type=\"column\" data-e-type=\"column\">\n\t\t\t<div class=\"elementor-widget-wrap elementor-element-populated\">\n\t\t\t\t\t\t<div class=\"elementor-element elementor-element-e34244e elementor-widget elementor-widget-text-editor\" data-id=\"e34244e\" data-element_type=\"widget\" data-e-type=\"widget\" data-widget_type=\"text-editor.default\">\n\t\t\t\t\t\t\t\t\t<a style=\"color: white;\" href=\"\/politica-privacidad\/\">Pol\u00edtica de Privacidad y Aviso Legal<\/a> | <a style=\"color: white;\" href=\"https:\/\/veridas.com\/politica-cookies\">Pol\u00edtica de Cookies<\/a> | <a style=\"color: white;\"  href=\"https:\/\/veridas.com\/politica-seguridad-informacion\">Seguridad de la informaci\u00f3n<\/a>\t\t\t\t\t\t\t\t<\/div>\n\t\t\t\t\t<\/div>\n\t\t<\/div>\n\t\t\t\t\t<\/div>\n\t\t<\/section>\n\t\t\t\t<\/div>\n\t\t","protected":false},"excerpt":{"rendered":"<p>eBook \/ \u00abIdentidad, biometr\u00eda e IA\u00bb \u00c9tica, mitos y realidades. La\u00a0tecnolog\u00eda biom\u00e9trica\u00a0permite pasar de la presunci\u00f3n a la certeza, y eso es la base para una transformaci\u00f3n digital plena. En el siguiente ebook descubrir\u00e1s c\u00f3mo\u00a0la situaci\u00f3n actual de protecci\u00f3n de nuestros datos es insegura\u00a0(filtraci\u00f3n de millones de contrase\u00f1as y datos personales de Facebook, el juego [&hellip;]<\/p>\n","protected":false},"author":4,"featured_media":2457,"parent":0,"menu_order":0,"comment_status":"closed","ping_status":"closed","template":"elementor_canvas","format":[],"meta":{"_acf_changed":false,"inline_featured_image":false,"footnotes":""},"country":[],"resource":[],"topic":[],"industry":[],"solution":[],"class_list":["post-8306","page","type-page","status-publish","has-post-thumbnail","hentry"],"acf":[],"yoast_head":"<!-- This site is optimized with the Yoast SEO plugin v27.0 - https:\/\/yoast.com\/product\/yoast-seo-wordpress\/ -->\n<title>eBook &quot;Identidad, Biometr\u00eda e IA&quot; &#8226; Veridas<\/title>\n<meta name=\"robots\" content=\"index, follow, max-snippet:-1, max-image-preview:large, max-video-preview:-1\" \/>\n<link rel=\"canonical\" href=\"https:\/\/veridas.com\/es\/ebook-identidad-biometria-e-ia\/\" \/>\n<meta property=\"og:locale\" content=\"es_ES\" \/>\n<meta property=\"og:type\" content=\"article\" \/>\n<meta property=\"og:title\" content=\"eBook &quot;Identidad, Biometr\u00eda e IA&quot; &#8226; Veridas\" \/>\n<meta property=\"og:description\" content=\"eBook \/ \u00abIdentidad, biometr\u00eda e IA\u00bb \u00c9tica, mitos y realidades. La\u00a0tecnolog\u00eda biom\u00e9trica\u00a0permite pasar de la presunci\u00f3n a la certeza, y eso es la base para una transformaci\u00f3n digital plena. En el siguiente ebook descubrir\u00e1s c\u00f3mo\u00a0la situaci\u00f3n actual de protecci\u00f3n de nuestros datos es insegura\u00a0(filtraci\u00f3n de millones de contrase\u00f1as y datos personales de Facebook, el juego [&hellip;]\" \/>\n<meta property=\"og:url\" content=\"https:\/\/veridas.com\/es\/ebook-identidad-biometria-e-ia\/\" \/>\n<meta property=\"og:site_name\" content=\"Veridas\" \/>\n<meta property=\"article:modified_time\" content=\"2023-05-17T15:45:06+00:00\" \/>\n<meta property=\"og:image\" content=\"https:\/\/veridas.com\/wp-content\/uploads\/2021\/08\/eBook-Identidad-BIometria-e-IA-Post.jpg\" \/>\n\t<meta property=\"og:image:width\" content=\"1920\" \/>\n\t<meta property=\"og:image:height\" content=\"551\" \/>\n\t<meta property=\"og:image:type\" content=\"image\/jpeg\" \/>\n<meta name=\"twitter:card\" content=\"summary_large_image\" \/>\n<meta name=\"twitter:site\" content=\"@VeridasOfficial\" \/>\n<meta name=\"twitter:label1\" content=\"Tiempo de lectura\" \/>\n\t<meta name=\"twitter:data1\" content=\"1 minuto\" \/>\n<script type=\"application\/ld+json\" class=\"yoast-schema-graph\">{\"@context\":\"https:\/\/schema.org\",\"@graph\":[{\"@type\":\"WebPage\",\"@id\":\"https:\/\/veridas.com\/es\/ebook-identidad-biometria-e-ia\/\",\"url\":\"https:\/\/veridas.com\/es\/ebook-identidad-biometria-e-ia\/\",\"name\":\"eBook \\\"Identidad, Biometr\u00eda e IA\\\" &#8226; Veridas\",\"isPartOf\":{\"@id\":\"https:\/\/veridas.com\/es\/pt\/#website\"},\"primaryImageOfPage\":{\"@id\":\"https:\/\/veridas.com\/es\/ebook-identidad-biometria-e-ia\/#primaryimage\"},\"image\":{\"@id\":\"https:\/\/veridas.com\/es\/ebook-identidad-biometria-e-ia\/#primaryimage\"},\"thumbnailUrl\":\"https:\/\/veridas.com\/wp-content\/uploads\/2021\/08\/eBook-Identidad-BIometria-e-IA-Post.jpg\",\"datePublished\":\"2021-09-02T06:27:29+00:00\",\"dateModified\":\"2023-05-17T15:45:06+00:00\",\"breadcrumb\":{\"@id\":\"https:\/\/veridas.com\/es\/ebook-identidad-biometria-e-ia\/#breadcrumb\"},\"inLanguage\":\"es\",\"potentialAction\":[{\"@type\":\"ReadAction\",\"target\":[\"https:\/\/veridas.com\/es\/ebook-identidad-biometria-e-ia\/\"]}]},{\"@type\":\"ImageObject\",\"inLanguage\":\"es\",\"@id\":\"https:\/\/veridas.com\/es\/ebook-identidad-biometria-e-ia\/#primaryimage\",\"url\":\"https:\/\/veridas.com\/wp-content\/uploads\/2021\/08\/eBook-Identidad-BIometria-e-IA-Post.jpg\",\"contentUrl\":\"https:\/\/veridas.com\/wp-content\/uploads\/2021\/08\/eBook-Identidad-BIometria-e-IA-Post.jpg\",\"width\":1920,\"height\":551,\"caption\":\"Veridas \u00b7 eBook Identidad BIometria e IA\"},{\"@type\":\"BreadcrumbList\",\"@id\":\"https:\/\/veridas.com\/es\/ebook-identidad-biometria-e-ia\/#breadcrumb\",\"itemListElement\":[{\"@type\":\"ListItem\",\"position\":1,\"name\":\"Home\",\"item\":\"https:\/\/veridas.com\/es\/la-plataforma-de-verificacion-de-identidad-idv-que-ofrece-prevencion-de-fraude-real\/\"},{\"@type\":\"ListItem\",\"position\":2,\"name\":\"eBook &#8220;Identidad, Biometr\u00eda e IA&#8221;\"}]},{\"@type\":\"WebSite\",\"@id\":\"https:\/\/veridas.com\/es\/pt\/#website\",\"url\":\"https:\/\/veridas.com\/es\/pt\/\",\"name\":\"Veridas\",\"description\":\"Just be you\",\"publisher\":{\"@id\":\"https:\/\/veridas.com\/es\/pt\/#organization\"},\"potentialAction\":[{\"@type\":\"SearchAction\",\"target\":{\"@type\":\"EntryPoint\",\"urlTemplate\":\"https:\/\/veridas.com\/es\/pt\/?s={search_term_string}\"},\"query-input\":{\"@type\":\"PropertyValueSpecification\",\"valueRequired\":true,\"valueName\":\"search_term_string\"}}],\"inLanguage\":\"es\"},{\"@type\":\"Organization\",\"@id\":\"https:\/\/veridas.com\/es\/pt\/#organization\",\"name\":\"Veridas\",\"url\":\"https:\/\/veridas.com\/es\/pt\/\",\"logo\":{\"@type\":\"ImageObject\",\"inLanguage\":\"es\",\"@id\":\"https:\/\/veridas.com\/es\/pt\/#\/schema\/logo\/image\/\",\"url\":\"https:\/\/veridas.com\/wp-content\/uploads\/2021\/09\/logo-veridas-calidad.png\",\"contentUrl\":\"https:\/\/veridas.com\/wp-content\/uploads\/2021\/09\/logo-veridas-calidad.png\",\"width\":2048,\"height\":1076,\"caption\":\"Veridas\"},\"image\":{\"@id\":\"https:\/\/veridas.com\/es\/pt\/#\/schema\/logo\/image\/\"},\"sameAs\":[\"https:\/\/x.com\/VeridasOfficial\",\"https:\/\/es.linkedin.com\/company\/veridas\",\"https:\/\/www.instagram.com\/veridas.life\/\",\"https:\/\/www.youtube.com\/@VeridasOfficial\"]}]}<\/script>\n<!-- \/ Yoast SEO plugin. -->","yoast_head_json":{"title":"eBook \"Identidad, Biometr\u00eda e IA\" &#8226; Veridas","robots":{"index":"index","follow":"follow","max-snippet":"max-snippet:-1","max-image-preview":"max-image-preview:large","max-video-preview":"max-video-preview:-1"},"canonical":"https:\/\/veridas.com\/es\/ebook-identidad-biometria-e-ia\/","og_locale":"es_ES","og_type":"article","og_title":"eBook \"Identidad, Biometr\u00eda e IA\" &#8226; Veridas","og_description":"eBook \/ \u00abIdentidad, biometr\u00eda e IA\u00bb \u00c9tica, mitos y realidades. La\u00a0tecnolog\u00eda biom\u00e9trica\u00a0permite pasar de la presunci\u00f3n a la certeza, y eso es la base para una transformaci\u00f3n digital plena. En el siguiente ebook descubrir\u00e1s c\u00f3mo\u00a0la situaci\u00f3n actual de protecci\u00f3n de nuestros datos es insegura\u00a0(filtraci\u00f3n de millones de contrase\u00f1as y datos personales de Facebook, el juego [&hellip;]","og_url":"https:\/\/veridas.com\/es\/ebook-identidad-biometria-e-ia\/","og_site_name":"Veridas","article_modified_time":"2023-05-17T15:45:06+00:00","og_image":[{"width":1920,"height":551,"url":"https:\/\/veridas.com\/wp-content\/uploads\/2021\/08\/eBook-Identidad-BIometria-e-IA-Post.jpg","type":"image\/jpeg"}],"twitter_card":"summary_large_image","twitter_site":"@VeridasOfficial","twitter_misc":{"Tiempo de lectura":"1 minuto"},"schema":{"@context":"https:\/\/schema.org","@graph":[{"@type":"WebPage","@id":"https:\/\/veridas.com\/es\/ebook-identidad-biometria-e-ia\/","url":"https:\/\/veridas.com\/es\/ebook-identidad-biometria-e-ia\/","name":"eBook \"Identidad, Biometr\u00eda e IA\" &#8226; Veridas","isPartOf":{"@id":"https:\/\/veridas.com\/es\/pt\/#website"},"primaryImageOfPage":{"@id":"https:\/\/veridas.com\/es\/ebook-identidad-biometria-e-ia\/#primaryimage"},"image":{"@id":"https:\/\/veridas.com\/es\/ebook-identidad-biometria-e-ia\/#primaryimage"},"thumbnailUrl":"https:\/\/veridas.com\/wp-content\/uploads\/2021\/08\/eBook-Identidad-BIometria-e-IA-Post.jpg","datePublished":"2021-09-02T06:27:29+00:00","dateModified":"2023-05-17T15:45:06+00:00","breadcrumb":{"@id":"https:\/\/veridas.com\/es\/ebook-identidad-biometria-e-ia\/#breadcrumb"},"inLanguage":"es","potentialAction":[{"@type":"ReadAction","target":["https:\/\/veridas.com\/es\/ebook-identidad-biometria-e-ia\/"]}]},{"@type":"ImageObject","inLanguage":"es","@id":"https:\/\/veridas.com\/es\/ebook-identidad-biometria-e-ia\/#primaryimage","url":"https:\/\/veridas.com\/wp-content\/uploads\/2021\/08\/eBook-Identidad-BIometria-e-IA-Post.jpg","contentUrl":"https:\/\/veridas.com\/wp-content\/uploads\/2021\/08\/eBook-Identidad-BIometria-e-IA-Post.jpg","width":1920,"height":551,"caption":"Veridas \u00b7 eBook Identidad BIometria e IA"},{"@type":"BreadcrumbList","@id":"https:\/\/veridas.com\/es\/ebook-identidad-biometria-e-ia\/#breadcrumb","itemListElement":[{"@type":"ListItem","position":1,"name":"Home","item":"https:\/\/veridas.com\/es\/la-plataforma-de-verificacion-de-identidad-idv-que-ofrece-prevencion-de-fraude-real\/"},{"@type":"ListItem","position":2,"name":"eBook &#8220;Identidad, Biometr\u00eda e IA&#8221;"}]},{"@type":"WebSite","@id":"https:\/\/veridas.com\/es\/pt\/#website","url":"https:\/\/veridas.com\/es\/pt\/","name":"Veridas","description":"Just be you","publisher":{"@id":"https:\/\/veridas.com\/es\/pt\/#organization"},"potentialAction":[{"@type":"SearchAction","target":{"@type":"EntryPoint","urlTemplate":"https:\/\/veridas.com\/es\/pt\/?s={search_term_string}"},"query-input":{"@type":"PropertyValueSpecification","valueRequired":true,"valueName":"search_term_string"}}],"inLanguage":"es"},{"@type":"Organization","@id":"https:\/\/veridas.com\/es\/pt\/#organization","name":"Veridas","url":"https:\/\/veridas.com\/es\/pt\/","logo":{"@type":"ImageObject","inLanguage":"es","@id":"https:\/\/veridas.com\/es\/pt\/#\/schema\/logo\/image\/","url":"https:\/\/veridas.com\/wp-content\/uploads\/2021\/09\/logo-veridas-calidad.png","contentUrl":"https:\/\/veridas.com\/wp-content\/uploads\/2021\/09\/logo-veridas-calidad.png","width":2048,"height":1076,"caption":"Veridas"},"image":{"@id":"https:\/\/veridas.com\/es\/pt\/#\/schema\/logo\/image\/"},"sameAs":["https:\/\/x.com\/VeridasOfficial","https:\/\/es.linkedin.com\/company\/veridas","https:\/\/www.instagram.com\/veridas.life\/","https:\/\/www.youtube.com\/@VeridasOfficial"]}]}},"_links":{"self":[{"href":"https:\/\/veridas.com\/es\/wp-json\/wp\/v2\/pages\/8306","targetHints":{"allow":["GET"]}}],"collection":[{"href":"https:\/\/veridas.com\/es\/wp-json\/wp\/v2\/pages"}],"about":[{"href":"https:\/\/veridas.com\/es\/wp-json\/wp\/v2\/types\/page"}],"author":[{"embeddable":true,"href":"https:\/\/veridas.com\/es\/wp-json\/wp\/v2\/users\/4"}],"replies":[{"embeddable":true,"href":"https:\/\/veridas.com\/es\/wp-json\/wp\/v2\/comments?post=8306"}],"version-history":[{"count":9,"href":"https:\/\/veridas.com\/es\/wp-json\/wp\/v2\/pages\/8306\/revisions"}],"predecessor-version":[{"id":54992,"href":"https:\/\/veridas.com\/es\/wp-json\/wp\/v2\/pages\/8306\/revisions\/54992"}],"wp:featuredmedia":[{"embeddable":true,"href":"https:\/\/veridas.com\/es\/wp-json\/wp\/v2\/media\/2457"}],"wp:attachment":[{"href":"https:\/\/veridas.com\/es\/wp-json\/wp\/v2\/media?parent=8306"}],"wp:term":[{"taxonomy":"country","embeddable":true,"href":"https:\/\/veridas.com\/es\/wp-json\/wp\/v2\/country?post=8306"},{"taxonomy":"resource","embeddable":true,"href":"https:\/\/veridas.com\/es\/wp-json\/wp\/v2\/resource?post=8306"},{"taxonomy":"format","embeddable":true,"href":"https:\/\/veridas.com\/es\/wp-json\/wp\/v2\/format?post=8306"},{"taxonomy":"topic","embeddable":true,"href":"https:\/\/veridas.com\/es\/wp-json\/wp\/v2\/topic?post=8306"},{"taxonomy":"industry","embeddable":true,"href":"https:\/\/veridas.com\/es\/wp-json\/wp\/v2\/industry?post=8306"},{"taxonomy":"solution","embeddable":true,"href":"https:\/\/veridas.com\/es\/wp-json\/wp\/v2\/solution?post=8306"}],"curies":[{"name":"wp","href":"https:\/\/api.w.org\/{rel}","templated":true}]}}