{"id":97949,"date":"2025-05-27T10:44:47","date_gmt":"2025-05-27T10:44:47","guid":{"rendered":"https:\/\/veridas.com\/?page_id=97949"},"modified":"2025-05-27T11:18:38","modified_gmt":"2025-05-27T11:18:38","slug":"ebook-identidad-digital","status":"publish","type":"page","link":"https:\/\/veridas.com\/es\/ebook-identidad-digital\/","title":{"rendered":"Ebook | Identidad Digital en las Administraciones P\u00fablicas"},"content":{"rendered":"\t\t<div data-elementor-type=\"wp-page\" data-elementor-id=\"97949\" class=\"elementor elementor-97949 elementor-97948\" data-elementor-settings=\"{&quot;ha_cmc_init_switcher&quot;:&quot;no&quot;}\" data-elementor-post-type=\"page\">\n\t\t\t\t\t\t<section class=\"elementor-section elementor-top-section elementor-element elementor-element-153b9ec elementor-section-boxed elementor-section-height-default elementor-section-height-default\" data-id=\"153b9ec\" data-element_type=\"section\" data-e-type=\"section\">\n\t\t\t\t\t\t<div class=\"elementor-container elementor-column-gap-default\">\n\t\t\t\t\t<div class=\"elementor-column elementor-col-50 elementor-top-column elementor-element elementor-element-354c7f1\" data-id=\"354c7f1\" data-element_type=\"column\" data-e-type=\"column\">\n\t\t\t<div class=\"elementor-widget-wrap elementor-element-populated\">\n\t\t\t\t\t\t<div class=\"elementor-element elementor-element-55d482e elementor-widget elementor-widget-image\" data-id=\"55d482e\" data-element_type=\"widget\" data-e-type=\"widget\" data-widget_type=\"image.default\">\n\t\t\t\t\t\t\t\t\t\t\t\t\t\t\t\t<a href=\"https:\/\/veridas.com\/\">\n\t\t\t\t\t\t\t<img fetchpriority=\"high\" decoding=\"async\" width=\"592\" height=\"131\" src=\"https:\/\/veridas.com\/wp-content\/uploads\/2024\/04\/VERIDAS-logo-azul-coral-rgb-592x131-1-1.png\" class=\"attachment-large size-large wp-image-76923\" alt=\"Logo de Veridas\" srcset=\"https:\/\/veridas.com\/wp-content\/uploads\/2024\/04\/VERIDAS-logo-azul-coral-rgb-592x131-1-1.png 592w, https:\/\/veridas.com\/wp-content\/uploads\/2024\/04\/VERIDAS-logo-azul-coral-rgb-592x131-1-1-300x66.png 300w\" sizes=\"(max-width: 592px) 100vw, 592px\" \/>\t\t\t\t\t\t\t\t<\/a>\n\t\t\t\t\t\t\t\t\t\t\t\t\t\t\t<\/div>\n\t\t\t\t\t<\/div>\n\t\t<\/div>\n\t\t\t\t<div class=\"elementor-column elementor-col-50 elementor-top-column elementor-element elementor-element-e7cf570 elementor-hidden-mobile\" data-id=\"e7cf570\" data-element_type=\"column\" data-e-type=\"column\">\n\t\t\t<div class=\"elementor-widget-wrap\">\n\t\t\t\t\t\t\t<\/div>\n\t\t<\/div>\n\t\t\t\t\t<\/div>\n\t\t<\/section>\n\t\t\t\t<section class=\"elementor-section elementor-top-section elementor-element elementor-element-5a7fe3f elementor-section-full_width elementor-section-height-default elementor-section-height-default\" data-id=\"5a7fe3f\" data-element_type=\"section\" data-e-type=\"section\" data-settings=\"{&quot;background_background&quot;:&quot;classic&quot;}\">\n\t\t\t\t\t\t<div class=\"elementor-container elementor-column-gap-default\">\n\t\t\t\t\t<div class=\"elementor-column elementor-col-100 elementor-top-column elementor-element elementor-element-3b606e4\" data-id=\"3b606e4\" data-element_type=\"column\" data-e-type=\"column\">\n\t\t\t<div class=\"elementor-widget-wrap elementor-element-populated\">\n\t\t\t\t\t\t<section class=\"elementor-section elementor-inner-section elementor-element elementor-element-da2e997 elementor-section-boxed elementor-section-height-default elementor-section-height-default\" data-id=\"da2e997\" data-element_type=\"section\" data-e-type=\"section\">\n\t\t\t\t\t\t<div class=\"elementor-container elementor-column-gap-default\">\n\t\t\t\t\t<div class=\"elementor-column elementor-col-100 elementor-inner-column elementor-element elementor-element-8b5822d\" data-id=\"8b5822d\" data-element_type=\"column\" data-e-type=\"column\">\n\t\t\t<div class=\"elementor-widget-wrap elementor-element-populated\">\n\t\t\t\t\t\t<div class=\"elementor-element elementor-element-bfb0ac6 elementor-widget elementor-widget-heading\" data-id=\"bfb0ac6\" data-element_type=\"widget\" data-e-type=\"widget\" data-widget_type=\"heading.default\">\n\t\t\t\t\t<h1 class=\"elementor-heading-title elementor-size-default\">eBook | Identidad Digital y Administraciones P\u00fablicas<\/h1>\t\t\t\t<\/div>\n\t\t\t\t\t<\/div>\n\t\t<\/div>\n\t\t\t\t\t<\/div>\n\t\t<\/section>\n\t\t\t\t\t<\/div>\n\t\t<\/div>\n\t\t\t\t\t<\/div>\n\t\t<\/section>\n\t\t\t\t<section class=\"elementor-section elementor-top-section elementor-element elementor-element-2e41b60b elementor-reverse-tablet elementor-reverse-mobile elementor-section-boxed elementor-section-height-default elementor-section-height-default\" data-id=\"2e41b60b\" data-element_type=\"section\" data-e-type=\"section\">\n\t\t\t\t\t\t<div class=\"elementor-container elementor-column-gap-extended\">\n\t\t\t\t\t<div class=\"elementor-column elementor-col-50 elementor-top-column elementor-element elementor-element-596107d2\" data-id=\"596107d2\" data-element_type=\"column\" data-e-type=\"column\">\n\t\t\t<div class=\"elementor-widget-wrap elementor-element-populated\">\n\t\t\t\t\t\t<div class=\"elementor-element elementor-element-34acfd0 elementor-widget elementor-widget-image\" data-id=\"34acfd0\" data-element_type=\"widget\" data-e-type=\"widget\" data-widget_type=\"image.default\">\n\t\t\t\t\t\t\t\t\t\t\t\t\t\t\t<img decoding=\"async\" width=\"768\" height=\"439\" src=\"https:\/\/veridas.com\/wp-content\/uploads\/2025\/05\/ebook-identidad-digital-768x439.jpg\" class=\"attachment-medium_large size-medium_large wp-image-97951\" alt=\"ebook identidad digital\" srcset=\"https:\/\/veridas.com\/wp-content\/uploads\/2025\/05\/ebook-identidad-digital-768x439.jpg 768w, https:\/\/veridas.com\/wp-content\/uploads\/2025\/05\/ebook-identidad-digital-300x172.jpg 300w, https:\/\/veridas.com\/wp-content\/uploads\/2025\/05\/ebook-identidad-digital-1024x585.jpg 1024w, https:\/\/veridas.com\/wp-content\/uploads\/2025\/05\/ebook-identidad-digital.jpg 1200w\" sizes=\"(max-width: 768px) 100vw, 768px\" \/>\t\t\t\t\t\t\t\t\t\t\t\t\t\t\t<\/div>\n\t\t\t\t<section class=\"elementor-section elementor-inner-section elementor-element elementor-element-52dbff5a elementor-section-boxed elementor-section-height-default elementor-section-height-default\" data-id=\"52dbff5a\" data-element_type=\"section\" data-e-type=\"section\">\n\t\t\t\t\t\t\t<div class=\"elementor-background-overlay\"><\/div>\n\t\t\t\t\t\t\t<div class=\"elementor-container elementor-column-gap-default\">\n\t\t\t\t\t<div class=\"elementor-column elementor-col-100 elementor-inner-column elementor-element elementor-element-62336c16\" data-id=\"62336c16\" data-element_type=\"column\" data-e-type=\"column\">\n\t\t\t<div class=\"elementor-widget-wrap elementor-element-populated\">\n\t\t\t\t\t\t<div class=\"elementor-element elementor-element-23a9c0b2 elementor-widget elementor-widget-text-editor\" data-id=\"23a9c0b2\" data-element_type=\"widget\" data-e-type=\"widget\" data-widget_type=\"text-editor.default\">\n\t\t\t\t\t\t\t\t\t<h2>C\u00f3mo hacer que lo digital funcione para todos<\/h2><p><span style=\"font-weight: 400;\">Las Administraciones P\u00fablicas han digitalizado sus tr\u00e1mites, pero \u00bfrealmente los ciudadanos los usan? En este ebook descubrir\u00e1s c\u00f3mo la identidad digital \u2014segura, f\u00e1cil y sin fricciones\u2014 puede transformar la relaci\u00f3n entre ciudadanos, empleados p\u00fablicos y servicios p\u00fablicos.<\/span><\/p><h3>\ud83d\udd0d \u00bfQu\u00e9 aprender\u00e1s?<\/h3><ul><li style=\"font-weight: 400;\" aria-level=\"1\"><span style=\"font-weight: 400;\">Qu\u00e9 es la <\/span><b>digitalizaci\u00f3n real<\/b><span style=\"font-weight: 400;\">: accesible, eficiente y sin barreras.<\/span><\/li><li style=\"font-weight: 400;\" aria-level=\"1\"><span style=\"font-weight: 400;\">C\u00f3mo pasar del DNI a la <\/span><b>identidad digital ampliada<\/b><span style=\"font-weight: 400;\">.<\/span><\/li><li style=\"font-weight: 400;\" aria-level=\"1\"><span style=\"font-weight: 400;\">Qu\u00e9 rol juega la <\/span><b>biometr\u00eda moderna<\/b><span style=\"font-weight: 400;\"> (RBRs) en una identidad segura.<\/span><\/li><li style=\"font-weight: 400;\" aria-level=\"1\"><span style=\"font-weight: 400;\">C\u00f3mo luchar contra el <\/span><b>fraude de identidad<\/b><span style=\"font-weight: 400;\"> sin complicar al ciudadano.<\/span><\/li><li style=\"font-weight: 400;\" aria-level=\"1\"><span style=\"font-weight: 400;\">Casos reales ya implantados en <\/span><b>Navarra, Italia, M\u00e9xico y m\u00e1s<\/b><span style=\"font-weight: 400;\">.<\/span><\/li><\/ul><p>\u00a0<\/p><h3>\ud83d\udc64 Dirigido a:<\/h3><p><span style=\"font-weight: 400;\">Responsables de transformaci\u00f3n digital, CIOs, equipos de innovaci\u00f3n, empleados p\u00fablicos y consultores del sector p\u00fablico.<\/span><\/p>\t\t\t\t\t\t\t\t<\/div>\n\t\t\t\t\t<\/div>\n\t\t<\/div>\n\t\t\t\t\t<\/div>\n\t\t<\/section>\n\t\t\t\t\t<\/div>\n\t\t<\/div>\n\t\t\t\t<div class=\"elementor-column elementor-col-50 elementor-top-column elementor-element elementor-element-585ff2f5\" data-id=\"585ff2f5\" data-element_type=\"column\" data-e-type=\"column\" id=\"clm-form\" data-settings=\"{&quot;animation&quot;:&quot;none&quot;}\">\n\t\t\t<div class=\"elementor-widget-wrap elementor-element-populated\">\n\t\t\t\t\t\t<section class=\"elementor-section elementor-inner-section elementor-element elementor-element-688254ff elementor-section-boxed elementor-section-height-default elementor-section-height-default\" data-id=\"688254ff\" data-element_type=\"section\" data-e-type=\"section\" data-settings=\"{&quot;animation&quot;:&quot;none&quot;}\">\n\t\t\t\t\t\t\t<div class=\"elementor-background-overlay\"><\/div>\n\t\t\t\t\t\t\t<div class=\"elementor-container elementor-column-gap-default\">\n\t\t\t\t\t<div class=\"elementor-column elementor-col-100 elementor-inner-column elementor-element elementor-element-4396203f\" data-id=\"4396203f\" data-element_type=\"column\" data-e-type=\"column\" data-settings=\"{&quot;animation&quot;:&quot;none&quot;,&quot;background_background&quot;:&quot;classic&quot;}\">\n\t\t\t<div class=\"elementor-widget-wrap elementor-element-populated\">\n\t\t\t\t\t\t<div class=\"elementor-element elementor-element-6fee0c9f elementor-widget elementor-widget-heading\" data-id=\"6fee0c9f\" data-element_type=\"widget\" data-e-type=\"widget\" data-widget_type=\"heading.default\">\n\t\t\t\t\t<h2 class=\"elementor-heading-title elementor-size-default\">Descarga el ebook gratis<\/h2>\t\t\t\t<\/div>\n\t\t\t\t<div class=\"elementor-element elementor-element-8ce54e8 elementor-widget elementor-widget-html\" data-id=\"8ce54e8\" data-element_type=\"widget\" data-e-type=\"widget\" data-widget_type=\"html.default\">\n\t\t\t\t\t<script charset=\"utf-8\" type=\"text\/javascript\" src=\"\/\/js-eu1.hsforms.net\/forms\/embed\/v2.js\"><\/script>\n<script>\n  hbspt.forms.create({\n    portalId: \"19918211\",\n    formId: \"e68cdf72-87c2-414a-98aa-d22d76ec6c92\",\n    region: \"eu1\"\n  });\n<\/script>\t\t\t\t<\/div>\n\t\t\t\t\t<\/div>\n\t\t<\/div>\n\t\t\t\t\t<\/div>\n\t\t<\/section>\n\t\t\t\t\t<\/div>\n\t\t<\/div>\n\t\t\t\t\t<\/div>\n\t\t<\/section>\n\t\t\t\t<section class=\"elementor-section elementor-top-section elementor-element elementor-element-4e0c89c elementor-section-full_width elementor-section-height-default elementor-section-height-default\" data-id=\"4e0c89c\" data-element_type=\"section\" data-e-type=\"section\" data-settings=\"{&quot;background_background&quot;:&quot;classic&quot;}\">\n\t\t\t\t\t\t\t<div class=\"elementor-background-overlay\"><\/div>\n\t\t\t\t\t\t\t<div class=\"elementor-container elementor-column-gap-default\">\n\t\t\t\t\t<div class=\"elementor-column elementor-col-50 elementor-top-column elementor-element elementor-element-6d7b6f5\" data-id=\"6d7b6f5\" data-element_type=\"column\" data-e-type=\"column\">\n\t\t\t<div class=\"elementor-widget-wrap elementor-element-populated\">\n\t\t\t\t\t\t<div class=\"elementor-element elementor-element-9d31397 elementor-widget elementor-widget-text-editor\" data-id=\"9d31397\" data-element_type=\"widget\" data-e-type=\"widget\" data-widget_type=\"text-editor.default\">\n\t\t\t\t\t\t\t\t\t\u00a9 VERIDAS 2026. Todos los derechos reservados.\t\t\t\t\t\t\t\t<\/div>\n\t\t\t\t\t<\/div>\n\t\t<\/div>\n\t\t\t\t<div class=\"elementor-column elementor-col-50 elementor-top-column elementor-element elementor-element-0ddb4ff\" data-id=\"0ddb4ff\" data-element_type=\"column\" data-e-type=\"column\">\n\t\t\t<div class=\"elementor-widget-wrap elementor-element-populated\">\n\t\t\t\t\t\t<div class=\"elementor-element elementor-element-e34244e elementor-widget elementor-widget-text-editor\" data-id=\"e34244e\" data-element_type=\"widget\" data-e-type=\"widget\" data-widget_type=\"text-editor.default\">\n\t\t\t\t\t\t\t\t\t<a style=\"color: white;\" href=\"\/politica-privacidad\/\">Pol\u00edtica de Privacidad y Aviso Legal<\/a> | <a style=\"color: white;\" href=\"https:\/\/veridas.com\/politica-cookies\">Pol\u00edtica de Cookies<\/a> | <a style=\"color: white;\"  href=\"https:\/\/veridas.com\/politica-seguridad-informacion\">Seguridad de la informaci\u00f3n<\/a>\t\t\t\t\t\t\t\t<\/div>\n\t\t\t\t\t<\/div>\n\t\t<\/div>\n\t\t\t\t\t<\/div>\n\t\t<\/section>\n\t\t\t\t<\/div>\n\t\t","protected":false},"excerpt":{"rendered":"<p>eBook \/ \u00abIdentidad, biometr\u00eda e IA\u00bb \u00c9tica, mitos y realidades. La\u00a0tecnolog\u00eda biom\u00e9trica\u00a0permite pasar de la presunci\u00f3n a la certeza, y eso es la base para una transformaci\u00f3n digital plena. En el siguiente ebook descubrir\u00e1s c\u00f3mo\u00a0la situaci\u00f3n actual de protecci\u00f3n de nuestros datos es insegura\u00a0(filtraci\u00f3n de millones de contrase\u00f1as y datos personales de Facebook, el juego [&hellip;]<\/p>\n","protected":false},"author":47,"featured_media":97951,"parent":0,"menu_order":0,"comment_status":"closed","ping_status":"closed","template":"elementor_canvas","format":[286],"meta":{"_acf_changed":false,"inline_featured_image":false,"footnotes":""},"country":[296],"resource":[293],"topic":[280,281],"industry":[274],"solution":[269],"class_list":["post-97949","page","type-page","status-publish","has-post-thumbnail","hentry","country-spain","resource-yes","format-ebook-es","topic-fraude","topic-identidad","industry-sector-publico","solution-verificacion-de-identidad"],"acf":[],"yoast_head":"<!-- This site is optimized with the Yoast SEO plugin v27.0 - https:\/\/yoast.com\/product\/yoast-seo-wordpress\/ -->\n<title>Ebook | Identidad Digital en las Administraciones P\u00fablicas &#8226; Veridas<\/title>\n<meta name=\"robots\" content=\"index, follow, max-snippet:-1, max-image-preview:large, max-video-preview:-1\" \/>\n<link rel=\"canonical\" href=\"https:\/\/veridas.com\/es\/ebook-identidad-digital\/\" \/>\n<meta property=\"og:locale\" content=\"es_ES\" \/>\n<meta property=\"og:type\" content=\"article\" \/>\n<meta property=\"og:title\" content=\"Ebook | Identidad Digital en las Administraciones P\u00fablicas &#8226; Veridas\" \/>\n<meta property=\"og:description\" content=\"eBook \/ \u00abIdentidad, biometr\u00eda e IA\u00bb \u00c9tica, mitos y realidades. La\u00a0tecnolog\u00eda biom\u00e9trica\u00a0permite pasar de la presunci\u00f3n a la certeza, y eso es la base para una transformaci\u00f3n digital plena. En el siguiente ebook descubrir\u00e1s c\u00f3mo\u00a0la situaci\u00f3n actual de protecci\u00f3n de nuestros datos es insegura\u00a0(filtraci\u00f3n de millones de contrase\u00f1as y datos personales de Facebook, el juego [&hellip;]\" \/>\n<meta property=\"og:url\" content=\"https:\/\/veridas.com\/es\/ebook-identidad-digital\/\" \/>\n<meta property=\"og:site_name\" content=\"Veridas\" \/>\n<meta property=\"article:modified_time\" content=\"2025-05-27T11:18:38+00:00\" \/>\n<meta property=\"og:image\" content=\"https:\/\/veridas.com\/wp-content\/uploads\/2025\/05\/ebook-identidad-digital.jpg\" \/>\n\t<meta property=\"og:image:width\" content=\"1200\" \/>\n\t<meta property=\"og:image:height\" content=\"686\" \/>\n\t<meta property=\"og:image:type\" content=\"image\/jpeg\" \/>\n<meta name=\"twitter:card\" content=\"summary_large_image\" \/>\n<meta name=\"twitter:site\" content=\"@VeridasOfficial\" \/>\n<meta name=\"twitter:label1\" content=\"Tiempo de lectura\" \/>\n\t<meta name=\"twitter:data1\" content=\"1 minuto\" \/>\n<script type=\"application\/ld+json\" class=\"yoast-schema-graph\">{\"@context\":\"https:\/\/schema.org\",\"@graph\":[{\"@type\":\"WebPage\",\"@id\":\"https:\/\/veridas.com\/es\/ebook-identidad-digital\/\",\"url\":\"https:\/\/veridas.com\/es\/ebook-identidad-digital\/\",\"name\":\"Ebook | Identidad Digital en las Administraciones P\u00fablicas &#8226; Veridas\",\"isPartOf\":{\"@id\":\"https:\/\/veridas.com\/es\/pt\/#website\"},\"primaryImageOfPage\":{\"@id\":\"https:\/\/veridas.com\/es\/ebook-identidad-digital\/#primaryimage\"},\"image\":{\"@id\":\"https:\/\/veridas.com\/es\/ebook-identidad-digital\/#primaryimage\"},\"thumbnailUrl\":\"https:\/\/veridas.com\/wp-content\/uploads\/2025\/05\/ebook-identidad-digital.jpg\",\"datePublished\":\"2025-05-27T10:44:47+00:00\",\"dateModified\":\"2025-05-27T11:18:38+00:00\",\"breadcrumb\":{\"@id\":\"https:\/\/veridas.com\/es\/ebook-identidad-digital\/#breadcrumb\"},\"inLanguage\":\"es\",\"potentialAction\":[{\"@type\":\"ReadAction\",\"target\":[\"https:\/\/veridas.com\/es\/ebook-identidad-digital\/\"]}]},{\"@type\":\"ImageObject\",\"inLanguage\":\"es\",\"@id\":\"https:\/\/veridas.com\/es\/ebook-identidad-digital\/#primaryimage\",\"url\":\"https:\/\/veridas.com\/wp-content\/uploads\/2025\/05\/ebook-identidad-digital.jpg\",\"contentUrl\":\"https:\/\/veridas.com\/wp-content\/uploads\/2025\/05\/ebook-identidad-digital.jpg\",\"width\":1200,\"height\":686,\"caption\":\"ebook identidad digital\"},{\"@type\":\"BreadcrumbList\",\"@id\":\"https:\/\/veridas.com\/es\/ebook-identidad-digital\/#breadcrumb\",\"itemListElement\":[{\"@type\":\"ListItem\",\"position\":1,\"name\":\"Home\",\"item\":\"https:\/\/veridas.com\/es\/la-plataforma-de-verificacion-de-identidad-idv-que-ofrece-prevencion-de-fraude-real\/\"},{\"@type\":\"ListItem\",\"position\":2,\"name\":\"Ebook | Identidad Digital en las Administraciones P\u00fablicas\"}]},{\"@type\":\"WebSite\",\"@id\":\"https:\/\/veridas.com\/es\/pt\/#website\",\"url\":\"https:\/\/veridas.com\/es\/pt\/\",\"name\":\"Veridas\",\"description\":\"Just be you\",\"publisher\":{\"@id\":\"https:\/\/veridas.com\/es\/pt\/#organization\"},\"potentialAction\":[{\"@type\":\"SearchAction\",\"target\":{\"@type\":\"EntryPoint\",\"urlTemplate\":\"https:\/\/veridas.com\/es\/pt\/?s={search_term_string}\"},\"query-input\":{\"@type\":\"PropertyValueSpecification\",\"valueRequired\":true,\"valueName\":\"search_term_string\"}}],\"inLanguage\":\"es\"},{\"@type\":\"Organization\",\"@id\":\"https:\/\/veridas.com\/es\/pt\/#organization\",\"name\":\"Veridas\",\"url\":\"https:\/\/veridas.com\/es\/pt\/\",\"logo\":{\"@type\":\"ImageObject\",\"inLanguage\":\"es\",\"@id\":\"https:\/\/veridas.com\/es\/pt\/#\/schema\/logo\/image\/\",\"url\":\"https:\/\/veridas.com\/wp-content\/uploads\/2021\/09\/logo-veridas-calidad.png\",\"contentUrl\":\"https:\/\/veridas.com\/wp-content\/uploads\/2021\/09\/logo-veridas-calidad.png\",\"width\":2048,\"height\":1076,\"caption\":\"Veridas\"},\"image\":{\"@id\":\"https:\/\/veridas.com\/es\/pt\/#\/schema\/logo\/image\/\"},\"sameAs\":[\"https:\/\/x.com\/VeridasOfficial\",\"https:\/\/es.linkedin.com\/company\/veridas\",\"https:\/\/www.instagram.com\/veridas.life\/\",\"https:\/\/www.youtube.com\/@VeridasOfficial\"]}]}<\/script>\n<!-- \/ Yoast SEO plugin. -->","yoast_head_json":{"title":"Ebook | Identidad Digital en las Administraciones P\u00fablicas &#8226; Veridas","robots":{"index":"index","follow":"follow","max-snippet":"max-snippet:-1","max-image-preview":"max-image-preview:large","max-video-preview":"max-video-preview:-1"},"canonical":"https:\/\/veridas.com\/es\/ebook-identidad-digital\/","og_locale":"es_ES","og_type":"article","og_title":"Ebook | Identidad Digital en las Administraciones P\u00fablicas &#8226; Veridas","og_description":"eBook \/ \u00abIdentidad, biometr\u00eda e IA\u00bb \u00c9tica, mitos y realidades. La\u00a0tecnolog\u00eda biom\u00e9trica\u00a0permite pasar de la presunci\u00f3n a la certeza, y eso es la base para una transformaci\u00f3n digital plena. En el siguiente ebook descubrir\u00e1s c\u00f3mo\u00a0la situaci\u00f3n actual de protecci\u00f3n de nuestros datos es insegura\u00a0(filtraci\u00f3n de millones de contrase\u00f1as y datos personales de Facebook, el juego [&hellip;]","og_url":"https:\/\/veridas.com\/es\/ebook-identidad-digital\/","og_site_name":"Veridas","article_modified_time":"2025-05-27T11:18:38+00:00","og_image":[{"width":1200,"height":686,"url":"https:\/\/veridas.com\/wp-content\/uploads\/2025\/05\/ebook-identidad-digital.jpg","type":"image\/jpeg"}],"twitter_card":"summary_large_image","twitter_site":"@VeridasOfficial","twitter_misc":{"Tiempo de lectura":"1 minuto"},"schema":{"@context":"https:\/\/schema.org","@graph":[{"@type":"WebPage","@id":"https:\/\/veridas.com\/es\/ebook-identidad-digital\/","url":"https:\/\/veridas.com\/es\/ebook-identidad-digital\/","name":"Ebook | Identidad Digital en las Administraciones P\u00fablicas &#8226; Veridas","isPartOf":{"@id":"https:\/\/veridas.com\/es\/pt\/#website"},"primaryImageOfPage":{"@id":"https:\/\/veridas.com\/es\/ebook-identidad-digital\/#primaryimage"},"image":{"@id":"https:\/\/veridas.com\/es\/ebook-identidad-digital\/#primaryimage"},"thumbnailUrl":"https:\/\/veridas.com\/wp-content\/uploads\/2025\/05\/ebook-identidad-digital.jpg","datePublished":"2025-05-27T10:44:47+00:00","dateModified":"2025-05-27T11:18:38+00:00","breadcrumb":{"@id":"https:\/\/veridas.com\/es\/ebook-identidad-digital\/#breadcrumb"},"inLanguage":"es","potentialAction":[{"@type":"ReadAction","target":["https:\/\/veridas.com\/es\/ebook-identidad-digital\/"]}]},{"@type":"ImageObject","inLanguage":"es","@id":"https:\/\/veridas.com\/es\/ebook-identidad-digital\/#primaryimage","url":"https:\/\/veridas.com\/wp-content\/uploads\/2025\/05\/ebook-identidad-digital.jpg","contentUrl":"https:\/\/veridas.com\/wp-content\/uploads\/2025\/05\/ebook-identidad-digital.jpg","width":1200,"height":686,"caption":"ebook identidad digital"},{"@type":"BreadcrumbList","@id":"https:\/\/veridas.com\/es\/ebook-identidad-digital\/#breadcrumb","itemListElement":[{"@type":"ListItem","position":1,"name":"Home","item":"https:\/\/veridas.com\/es\/la-plataforma-de-verificacion-de-identidad-idv-que-ofrece-prevencion-de-fraude-real\/"},{"@type":"ListItem","position":2,"name":"Ebook | Identidad Digital en las Administraciones P\u00fablicas"}]},{"@type":"WebSite","@id":"https:\/\/veridas.com\/es\/pt\/#website","url":"https:\/\/veridas.com\/es\/pt\/","name":"Veridas","description":"Just be you","publisher":{"@id":"https:\/\/veridas.com\/es\/pt\/#organization"},"potentialAction":[{"@type":"SearchAction","target":{"@type":"EntryPoint","urlTemplate":"https:\/\/veridas.com\/es\/pt\/?s={search_term_string}"},"query-input":{"@type":"PropertyValueSpecification","valueRequired":true,"valueName":"search_term_string"}}],"inLanguage":"es"},{"@type":"Organization","@id":"https:\/\/veridas.com\/es\/pt\/#organization","name":"Veridas","url":"https:\/\/veridas.com\/es\/pt\/","logo":{"@type":"ImageObject","inLanguage":"es","@id":"https:\/\/veridas.com\/es\/pt\/#\/schema\/logo\/image\/","url":"https:\/\/veridas.com\/wp-content\/uploads\/2021\/09\/logo-veridas-calidad.png","contentUrl":"https:\/\/veridas.com\/wp-content\/uploads\/2021\/09\/logo-veridas-calidad.png","width":2048,"height":1076,"caption":"Veridas"},"image":{"@id":"https:\/\/veridas.com\/es\/pt\/#\/schema\/logo\/image\/"},"sameAs":["https:\/\/x.com\/VeridasOfficial","https:\/\/es.linkedin.com\/company\/veridas","https:\/\/www.instagram.com\/veridas.life\/","https:\/\/www.youtube.com\/@VeridasOfficial"]}]}},"_links":{"self":[{"href":"https:\/\/veridas.com\/es\/wp-json\/wp\/v2\/pages\/97949","targetHints":{"allow":["GET"]}}],"collection":[{"href":"https:\/\/veridas.com\/es\/wp-json\/wp\/v2\/pages"}],"about":[{"href":"https:\/\/veridas.com\/es\/wp-json\/wp\/v2\/types\/page"}],"author":[{"embeddable":true,"href":"https:\/\/veridas.com\/es\/wp-json\/wp\/v2\/users\/47"}],"replies":[{"embeddable":true,"href":"https:\/\/veridas.com\/es\/wp-json\/wp\/v2\/comments?post=97949"}],"version-history":[{"count":10,"href":"https:\/\/veridas.com\/es\/wp-json\/wp\/v2\/pages\/97949\/revisions"}],"predecessor-version":[{"id":97982,"href":"https:\/\/veridas.com\/es\/wp-json\/wp\/v2\/pages\/97949\/revisions\/97982"}],"wp:featuredmedia":[{"embeddable":true,"href":"https:\/\/veridas.com\/es\/wp-json\/wp\/v2\/media\/97951"}],"wp:attachment":[{"href":"https:\/\/veridas.com\/es\/wp-json\/wp\/v2\/media?parent=97949"}],"wp:term":[{"taxonomy":"country","embeddable":true,"href":"https:\/\/veridas.com\/es\/wp-json\/wp\/v2\/country?post=97949"},{"taxonomy":"resource","embeddable":true,"href":"https:\/\/veridas.com\/es\/wp-json\/wp\/v2\/resource?post=97949"},{"taxonomy":"format","embeddable":true,"href":"https:\/\/veridas.com\/es\/wp-json\/wp\/v2\/format?post=97949"},{"taxonomy":"topic","embeddable":true,"href":"https:\/\/veridas.com\/es\/wp-json\/wp\/v2\/topic?post=97949"},{"taxonomy":"industry","embeddable":true,"href":"https:\/\/veridas.com\/es\/wp-json\/wp\/v2\/industry?post=97949"},{"taxonomy":"solution","embeddable":true,"href":"https:\/\/veridas.com\/es\/wp-json\/wp\/v2\/solution?post=97949"}],"curies":[{"name":"wp","href":"https:\/\/api.w.org\/{rel}","templated":true}]}}