{"id":98918,"date":"2025-07-03T14:14:50","date_gmt":"2025-07-03T14:14:50","guid":{"rendered":"https:\/\/veridas.com\/?page_id=98918"},"modified":"2025-07-03T14:52:14","modified_gmt":"2025-07-03T14:52:14","slug":"guia-de-compra-idv","status":"publish","type":"page","link":"https:\/\/veridas.com\/es\/guia-de-compra-idv\/","title":{"rendered":"Gu\u00eda de Compra | Plataforma de verificaci\u00f3n de identidad"},"content":{"rendered":"\t\t<div data-elementor-type=\"wp-page\" data-elementor-id=\"98918\" class=\"elementor elementor-98918 elementor-98884\" data-elementor-settings=\"{&quot;ha_cmc_init_switcher&quot;:&quot;no&quot;}\" data-elementor-post-type=\"page\">\n\t\t\t\t\t\t<section class=\"elementor-section elementor-top-section elementor-element elementor-element-0344c6d elementor-section-boxed elementor-section-height-default elementor-section-height-default\" data-id=\"0344c6d\" data-element_type=\"section\" data-e-type=\"section\" data-settings=\"{&quot;background_background&quot;:&quot;classic&quot;}\">\n\t\t\t\t\t\t<div class=\"elementor-container elementor-column-gap-default\">\n\t\t\t\t\t<div class=\"elementor-column elementor-col-50 elementor-top-column elementor-element elementor-element-a5c1544\" data-id=\"a5c1544\" data-element_type=\"column\" data-e-type=\"column\">\n\t\t\t<div class=\"elementor-widget-wrap elementor-element-populated\">\n\t\t\t\t\t\t<div class=\"elementor-element elementor-element-78c20bb elementor-widget elementor-widget-image\" data-id=\"78c20bb\" data-element_type=\"widget\" data-e-type=\"widget\" data-widget_type=\"image.default\">\n\t\t\t\t\t\t\t\t\t\t\t\t\t\t\t\t<a href=\"https:\/\/veridas.com\/\">\n\t\t\t\t\t\t\t<img fetchpriority=\"high\" decoding=\"async\" width=\"592\" height=\"131\" src=\"https:\/\/veridas.com\/wp-content\/uploads\/2024\/04\/VERIDAS-logo-azul-coral-rgb-592x131-1-1.png\" class=\"attachment-large size-large wp-image-76923\" alt=\"Logo de Veridas\" srcset=\"https:\/\/veridas.com\/wp-content\/uploads\/2024\/04\/VERIDAS-logo-azul-coral-rgb-592x131-1-1.png 592w, https:\/\/veridas.com\/wp-content\/uploads\/2024\/04\/VERIDAS-logo-azul-coral-rgb-592x131-1-1-300x66.png 300w\" sizes=\"(max-width: 592px) 100vw, 592px\" \/>\t\t\t\t\t\t\t\t<\/a>\n\t\t\t\t\t\t\t\t\t\t\t\t\t\t\t<\/div>\n\t\t\t\t\t<\/div>\n\t\t<\/div>\n\t\t\t\t<div class=\"elementor-column elementor-col-50 elementor-top-column elementor-element elementor-element-efd7d86 elementor-hidden-mobile\" data-id=\"efd7d86\" data-element_type=\"column\" data-e-type=\"column\">\n\t\t\t<div class=\"elementor-widget-wrap\">\n\t\t\t\t\t\t\t<\/div>\n\t\t<\/div>\n\t\t\t\t\t<\/div>\n\t\t<\/section>\n\t\t<div class=\"elementor-element elementor-element-b03dfbb elementor-hidden-mobile e-flex e-con-boxed e-con e-parent\" data-id=\"b03dfbb\" data-element_type=\"container\" data-e-type=\"container\" data-settings=\"{&quot;background_background&quot;:&quot;classic&quot;}\">\n\t\t\t\t\t<div class=\"e-con-inner\">\n\t\t<div class=\"elementor-element elementor-element-3b335c1 e-con-full e-flex e-con e-child\" data-id=\"3b335c1\" data-element_type=\"container\" data-e-type=\"container\">\n\t\t\t\t<div class=\"elementor-element elementor-element-946a6a3 elementor-widget-tablet__width-initial elementor-widget elementor-widget-heading\" data-id=\"946a6a3\" data-element_type=\"widget\" data-e-type=\"widget\" data-widget_type=\"heading.default\">\n\t\t\t\t\t<h1 class=\"elementor-heading-title elementor-size-default\">Gu\u00eda de Compra <span style=\"font-weight: 400;color: #ff7777\">\/<\/span><br><b>Plataforma de verificaci\u00f3n de identidad<\/b><\/h1>\t\t\t\t<\/div>\n\t\t\t\t<div class=\"elementor-element elementor-element-261e691 elementor-widget elementor-widget-heading\" data-id=\"261e691\" data-element_type=\"widget\" data-e-type=\"widget\" data-widget_type=\"heading.default\">\n\t\t\t\t\t<p class=\"elementor-heading-title elementor-size-default\">Esta gu\u00eda desglosa los componentes esenciales de una soluci\u00f3n de verificaci\u00f3n de identidad. Explica qu\u00e9 importa, por qu\u00e9 importa y qu\u00e9 suelen ofrecer las soluciones robustas. \n<br><br>\nPunt\u00faa a los proveedores en todas las \u00e1reas clave, desde el cumplimiento de normativas y la biometr\u00eda hasta la experiencia de usuario y la prevenci\u00f3n del fraude.\n<\/p>\t\t\t\t<\/div>\n\t\t\t\t<div class=\"elementor-element elementor-element-824dd06 elementor-widget elementor-widget-image\" data-id=\"824dd06\" data-element_type=\"widget\" data-e-type=\"widget\" data-widget_type=\"image.default\">\n\t\t\t\t\t\t\t\t\t\t\t\t\t\t\t<img decoding=\"async\" width=\"800\" height=\"555\" src=\"https:\/\/veridas.com\/wp-content\/uploads\/2025\/07\/Guia-de-Compra-Plataforma-Verificacion-de-Identidad-1024x710.jpg\" class=\"attachment-large size-large wp-image-98919\" alt=\"Guia de Compra Plataforma Verificacio\u0301n de Identidad\" srcset=\"https:\/\/veridas.com\/wp-content\/uploads\/2025\/07\/Guia-de-Compra-Plataforma-Verificacion-de-Identidad-1024x710.jpg 1024w, https:\/\/veridas.com\/wp-content\/uploads\/2025\/07\/Guia-de-Compra-Plataforma-Verificacion-de-Identidad-300x208.jpg 300w, https:\/\/veridas.com\/wp-content\/uploads\/2025\/07\/Guia-de-Compra-Plataforma-Verificacion-de-Identidad-768x532.jpg 768w, https:\/\/veridas.com\/wp-content\/uploads\/2025\/07\/Guia-de-Compra-Plataforma-Verificacion-de-Identidad-1536x1065.jpg 1536w, https:\/\/veridas.com\/wp-content\/uploads\/2025\/07\/Guia-de-Compra-Plataforma-Verificacion-de-Identidad.jpg 1982w\" sizes=\"(max-width: 800px) 100vw, 800px\" \/>\t\t\t\t\t\t\t\t\t\t\t\t\t\t\t<\/div>\n\t\t\t\t<\/div>\n\t\t<div class=\"elementor-element elementor-element-0f240d5 e-con-full e-flex e-con e-child\" data-id=\"0f240d5\" data-element_type=\"container\" data-e-type=\"container\">\n\t\t\t\t<div class=\"elementor-element elementor-element-82bd561 elementor-widget elementor-widget-heading\" data-id=\"82bd561\" data-element_type=\"widget\" data-e-type=\"widget\" data-widget_type=\"heading.default\">\n\t\t\t\t\t<h2 class=\"elementor-heading-title elementor-size-default\">Toma una mejor decisi\u00f3n de compra<\/h2>\t\t\t\t<\/div>\n\t\t\t\t<div class=\"elementor-element elementor-element-4b88b58 elementor-widget elementor-widget-html\" data-id=\"4b88b58\" data-element_type=\"widget\" data-e-type=\"widget\" data-widget_type=\"html.default\">\n\t\t\t\t\t<script charset=\"utf-8\" type=\"text\/javascript\" src=\"\/\/js.hsforms.net\/forms\/embed\/v2.js\"><\/script>\n<script>\n  hbspt.forms.create({\n    region: \"eu1\",\n    portalId: \"19918211\",\n    formId: \"1c2cc6ac-17b9-4da5-8677-a3ad59a4e310\"\n  });\n<\/script>\t\t\t\t<\/div>\n\t\t\t\t<\/div>\n\t\t\t\t\t<\/div>\n\t\t\t\t<\/div>\n\t\t<div class=\"elementor-element elementor-element-f015621 elementor-hidden-desktop elementor-hidden-tablet e-flex e-con-boxed e-con e-parent\" data-id=\"f015621\" data-element_type=\"container\" data-e-type=\"container\" data-settings=\"{&quot;background_background&quot;:&quot;classic&quot;}\">\n\t\t\t\t\t<div class=\"e-con-inner\">\n\t\t<div class=\"elementor-element elementor-element-9d4ddbb e-con-full e-flex e-con e-child\" data-id=\"9d4ddbb\" data-element_type=\"container\" data-e-type=\"container\">\n\t\t\t\t<div class=\"elementor-element elementor-element-60b04e1 elementor-widget elementor-widget-heading\" data-id=\"60b04e1\" data-element_type=\"widget\" data-e-type=\"widget\" data-widget_type=\"heading.default\">\n\t\t\t\t\t<h1 class=\"elementor-heading-title elementor-size-default\">Gu\u00eda de Compra <span style=\"font-weight: 400;color: #ff7777\">\/<\/span><br><b>Plataforma de verificaci\u00f3n de identidad<\/b><\/h1>\t\t\t\t<\/div>\n\t\t\t\t<div class=\"elementor-element elementor-element-62b9193 elementor-widget elementor-widget-heading\" data-id=\"62b9193\" data-element_type=\"widget\" data-e-type=\"widget\" data-widget_type=\"heading.default\">\n\t\t\t\t\t<p class=\"elementor-heading-title elementor-size-default\">Esta gu\u00eda desglosa los componentes esenciales de una soluci\u00f3n de verificaci\u00f3n de identidad. Explica qu\u00e9 importa, por qu\u00e9 importa y qu\u00e9 suelen ofrecer las soluciones robustas. \n<br><br>\nPunt\u00faa a los proveedores en todas las \u00e1reas clave, desde el cumplimiento de normativas y la biometr\u00eda hasta la experiencia de usuario y la prevenci\u00f3n del fraude.\n<\/p>\t\t\t\t<\/div>\n\t\t\t\t<div class=\"elementor-element elementor-element-0622c80 elementor-widget elementor-widget-image\" data-id=\"0622c80\" data-element_type=\"widget\" data-e-type=\"widget\" data-widget_type=\"image.default\">\n\t\t\t\t\t\t\t\t\t\t\t\t\t\t\t<img decoding=\"async\" width=\"800\" height=\"555\" src=\"https:\/\/veridas.com\/wp-content\/uploads\/2025\/07\/Guia-de-Compra-Plataforma-Verificacion-de-Identidad-1024x710.jpg\" class=\"attachment-large size-large wp-image-98919\" alt=\"Guia de Compra Plataforma Verificacio\u0301n de Identidad\" srcset=\"https:\/\/veridas.com\/wp-content\/uploads\/2025\/07\/Guia-de-Compra-Plataforma-Verificacion-de-Identidad-1024x710.jpg 1024w, https:\/\/veridas.com\/wp-content\/uploads\/2025\/07\/Guia-de-Compra-Plataforma-Verificacion-de-Identidad-300x208.jpg 300w, https:\/\/veridas.com\/wp-content\/uploads\/2025\/07\/Guia-de-Compra-Plataforma-Verificacion-de-Identidad-768x532.jpg 768w, https:\/\/veridas.com\/wp-content\/uploads\/2025\/07\/Guia-de-Compra-Plataforma-Verificacion-de-Identidad-1536x1065.jpg 1536w, https:\/\/veridas.com\/wp-content\/uploads\/2025\/07\/Guia-de-Compra-Plataforma-Verificacion-de-Identidad.jpg 1982w\" sizes=\"(max-width: 800px) 100vw, 800px\" \/>\t\t\t\t\t\t\t\t\t\t\t\t\t\t\t<\/div>\n\t\t<div class=\"elementor-element elementor-element-2b5f089 e-flex e-con-boxed e-con e-child\" data-id=\"2b5f089\" data-element_type=\"container\" data-e-type=\"container\">\n\t\t\t\t\t<div class=\"e-con-inner\">\n\t\t\t\t<div class=\"elementor-element elementor-element-23214a1 elementor-widget elementor-widget-heading\" data-id=\"23214a1\" data-element_type=\"widget\" data-e-type=\"widget\" data-widget_type=\"heading.default\">\n\t\t\t\t\t<h2 class=\"elementor-heading-title elementor-size-default\">Toma una mejor decisi\u00f3n de compra<\/h2>\t\t\t\t<\/div>\n\t\t\t\t<div class=\"elementor-element elementor-element-859e751 elementor-widget elementor-widget-html\" data-id=\"859e751\" data-element_type=\"widget\" data-e-type=\"widget\" data-widget_type=\"html.default\">\n\t\t\t\t\t<script charset=\"utf-8\" type=\"text\/javascript\" src=\"\/\/js.hsforms.net\/forms\/embed\/v2.js\"><\/script>\n<script>\n  hbspt.forms.create({\n    region: \"eu1\",\n    portalId: \"19918211\",\n    formId: \"1c2cc6ac-17b9-4da5-8677-a3ad59a4e310\"\n  });\n<\/script>\t\t\t\t<\/div>\n\t\t\t\t\t<\/div>\n\t\t\t\t<\/div>\n\t\t\t\t<\/div>\n\t\t\t\t\t<\/div>\n\t\t\t\t<\/div>\n\t\t\t\t<\/div>\n\t\t","protected":false},"excerpt":{"rendered":"<p>Gu\u00eda de Compra \/Plataforma de verificaci\u00f3n de identidad Esta gu\u00eda desglosa los componentes esenciales de una soluci\u00f3n de verificaci\u00f3n de identidad. Explica qu\u00e9 importa, por qu\u00e9 importa y qu\u00e9 suelen ofrecer las soluciones robustas. Punt\u00faa a los proveedores en todas las \u00e1reas clave, desde el cumplimiento de normativas y la biometr\u00eda hasta la experiencia de [&hellip;]<\/p>\n","protected":false},"author":47,"featured_media":98919,"parent":0,"menu_order":0,"comment_status":"closed","ping_status":"closed","template":"elementor_canvas","format":[291],"meta":{"_acf_changed":false,"inline_featured_image":false,"footnotes":""},"country":[],"resource":[293],"topic":[281],"industry":[],"solution":[269],"class_list":["post-98918","page","type-page","status-publish","has-post-thumbnail","hentry","resource-yes","format-guia","topic-identidad","solution-verificacion-de-identidad"],"acf":[],"yoast_head":"<!-- This site is optimized with the Yoast SEO plugin v27.0 - https:\/\/yoast.com\/product\/yoast-seo-wordpress\/ -->\n<title>Gu\u00eda de Compra | Plataforma de verificaci\u00f3n de identidad &#8226; Veridas<\/title>\n<meta name=\"robots\" content=\"index, follow, max-snippet:-1, max-image-preview:large, max-video-preview:-1\" \/>\n<link rel=\"canonical\" href=\"https:\/\/veridas.com\/es\/guia-de-compra-idv\/\" \/>\n<meta property=\"og:locale\" content=\"es_ES\" \/>\n<meta property=\"og:type\" content=\"article\" \/>\n<meta property=\"og:title\" content=\"Gu\u00eda de Compra | Plataforma de verificaci\u00f3n de identidad &#8226; Veridas\" \/>\n<meta property=\"og:description\" content=\"Gu\u00eda de Compra \/Plataforma de verificaci\u00f3n de identidad Esta gu\u00eda desglosa los componentes esenciales de una soluci\u00f3n de verificaci\u00f3n de identidad. Explica qu\u00e9 importa, por qu\u00e9 importa y qu\u00e9 suelen ofrecer las soluciones robustas. Punt\u00faa a los proveedores en todas las \u00e1reas clave, desde el cumplimiento de normativas y la biometr\u00eda hasta la experiencia de [&hellip;]\" \/>\n<meta property=\"og:url\" content=\"https:\/\/veridas.com\/es\/guia-de-compra-idv\/\" \/>\n<meta property=\"og:site_name\" content=\"Veridas\" \/>\n<meta property=\"article:modified_time\" content=\"2025-07-03T14:52:14+00:00\" \/>\n<meta property=\"og:image\" content=\"https:\/\/veridas.com\/wp-content\/uploads\/2025\/07\/Guia-de-Compra-Plataforma-Verificacion-de-Identidad.jpg\" \/>\n\t<meta property=\"og:image:width\" content=\"1982\" \/>\n\t<meta property=\"og:image:height\" content=\"1374\" \/>\n\t<meta property=\"og:image:type\" content=\"image\/jpeg\" \/>\n<meta name=\"twitter:card\" content=\"summary_large_image\" \/>\n<meta name=\"twitter:site\" content=\"@VeridasOfficial\" \/>\n<meta name=\"twitter:label1\" content=\"Tiempo de lectura\" \/>\n\t<meta name=\"twitter:data1\" content=\"1 minuto\" \/>\n<script type=\"application\/ld+json\" class=\"yoast-schema-graph\">{\"@context\":\"https:\/\/schema.org\",\"@graph\":[{\"@type\":\"WebPage\",\"@id\":\"https:\/\/veridas.com\/es\/guia-de-compra-idv\/\",\"url\":\"https:\/\/veridas.com\/es\/guia-de-compra-idv\/\",\"name\":\"Gu\u00eda de Compra | Plataforma de verificaci\u00f3n de identidad &#8226; Veridas\",\"isPartOf\":{\"@id\":\"https:\/\/veridas.com\/es\/pt\/#website\"},\"primaryImageOfPage\":{\"@id\":\"https:\/\/veridas.com\/es\/guia-de-compra-idv\/#primaryimage\"},\"image\":{\"@id\":\"https:\/\/veridas.com\/es\/guia-de-compra-idv\/#primaryimage\"},\"thumbnailUrl\":\"https:\/\/veridas.com\/wp-content\/uploads\/2025\/07\/Guia-de-Compra-Plataforma-Verificacion-de-Identidad.jpg\",\"datePublished\":\"2025-07-03T14:14:50+00:00\",\"dateModified\":\"2025-07-03T14:52:14+00:00\",\"breadcrumb\":{\"@id\":\"https:\/\/veridas.com\/es\/guia-de-compra-idv\/#breadcrumb\"},\"inLanguage\":\"es\",\"potentialAction\":[{\"@type\":\"ReadAction\",\"target\":[\"https:\/\/veridas.com\/es\/guia-de-compra-idv\/\"]}]},{\"@type\":\"ImageObject\",\"inLanguage\":\"es\",\"@id\":\"https:\/\/veridas.com\/es\/guia-de-compra-idv\/#primaryimage\",\"url\":\"https:\/\/veridas.com\/wp-content\/uploads\/2025\/07\/Guia-de-Compra-Plataforma-Verificacion-de-Identidad.jpg\",\"contentUrl\":\"https:\/\/veridas.com\/wp-content\/uploads\/2025\/07\/Guia-de-Compra-Plataforma-Verificacion-de-Identidad.jpg\",\"width\":1982,\"height\":1374,\"caption\":\"Guia de Compra Plataforma Verificacio\u0301n de Identidad\"},{\"@type\":\"BreadcrumbList\",\"@id\":\"https:\/\/veridas.com\/es\/guia-de-compra-idv\/#breadcrumb\",\"itemListElement\":[{\"@type\":\"ListItem\",\"position\":1,\"name\":\"Home\",\"item\":\"https:\/\/veridas.com\/es\/la-plataforma-de-verificacion-de-identidad-idv-que-ofrece-prevencion-de-fraude-real\/\"},{\"@type\":\"ListItem\",\"position\":2,\"name\":\"Gu\u00eda de Compra | Plataforma de verificaci\u00f3n de identidad\"}]},{\"@type\":\"WebSite\",\"@id\":\"https:\/\/veridas.com\/es\/pt\/#website\",\"url\":\"https:\/\/veridas.com\/es\/pt\/\",\"name\":\"Veridas\",\"description\":\"Just be you\",\"publisher\":{\"@id\":\"https:\/\/veridas.com\/es\/pt\/#organization\"},\"potentialAction\":[{\"@type\":\"SearchAction\",\"target\":{\"@type\":\"EntryPoint\",\"urlTemplate\":\"https:\/\/veridas.com\/es\/pt\/?s={search_term_string}\"},\"query-input\":{\"@type\":\"PropertyValueSpecification\",\"valueRequired\":true,\"valueName\":\"search_term_string\"}}],\"inLanguage\":\"es\"},{\"@type\":\"Organization\",\"@id\":\"https:\/\/veridas.com\/es\/pt\/#organization\",\"name\":\"Veridas\",\"url\":\"https:\/\/veridas.com\/es\/pt\/\",\"logo\":{\"@type\":\"ImageObject\",\"inLanguage\":\"es\",\"@id\":\"https:\/\/veridas.com\/es\/pt\/#\/schema\/logo\/image\/\",\"url\":\"https:\/\/veridas.com\/wp-content\/uploads\/2021\/09\/logo-veridas-calidad.png\",\"contentUrl\":\"https:\/\/veridas.com\/wp-content\/uploads\/2021\/09\/logo-veridas-calidad.png\",\"width\":2048,\"height\":1076,\"caption\":\"Veridas\"},\"image\":{\"@id\":\"https:\/\/veridas.com\/es\/pt\/#\/schema\/logo\/image\/\"},\"sameAs\":[\"https:\/\/x.com\/VeridasOfficial\",\"https:\/\/es.linkedin.com\/company\/veridas\",\"https:\/\/www.instagram.com\/veridas.life\/\",\"https:\/\/www.youtube.com\/@VeridasOfficial\"]}]}<\/script>\n<!-- \/ Yoast SEO plugin. -->","yoast_head_json":{"title":"Gu\u00eda de Compra | Plataforma de verificaci\u00f3n de identidad &#8226; Veridas","robots":{"index":"index","follow":"follow","max-snippet":"max-snippet:-1","max-image-preview":"max-image-preview:large","max-video-preview":"max-video-preview:-1"},"canonical":"https:\/\/veridas.com\/es\/guia-de-compra-idv\/","og_locale":"es_ES","og_type":"article","og_title":"Gu\u00eda de Compra | Plataforma de verificaci\u00f3n de identidad &#8226; Veridas","og_description":"Gu\u00eda de Compra \/Plataforma de verificaci\u00f3n de identidad Esta gu\u00eda desglosa los componentes esenciales de una soluci\u00f3n de verificaci\u00f3n de identidad. Explica qu\u00e9 importa, por qu\u00e9 importa y qu\u00e9 suelen ofrecer las soluciones robustas. Punt\u00faa a los proveedores en todas las \u00e1reas clave, desde el cumplimiento de normativas y la biometr\u00eda hasta la experiencia de [&hellip;]","og_url":"https:\/\/veridas.com\/es\/guia-de-compra-idv\/","og_site_name":"Veridas","article_modified_time":"2025-07-03T14:52:14+00:00","og_image":[{"width":1982,"height":1374,"url":"https:\/\/veridas.com\/wp-content\/uploads\/2025\/07\/Guia-de-Compra-Plataforma-Verificacion-de-Identidad.jpg","type":"image\/jpeg"}],"twitter_card":"summary_large_image","twitter_site":"@VeridasOfficial","twitter_misc":{"Tiempo de lectura":"1 minuto"},"schema":{"@context":"https:\/\/schema.org","@graph":[{"@type":"WebPage","@id":"https:\/\/veridas.com\/es\/guia-de-compra-idv\/","url":"https:\/\/veridas.com\/es\/guia-de-compra-idv\/","name":"Gu\u00eda de Compra | Plataforma de verificaci\u00f3n de identidad &#8226; Veridas","isPartOf":{"@id":"https:\/\/veridas.com\/es\/pt\/#website"},"primaryImageOfPage":{"@id":"https:\/\/veridas.com\/es\/guia-de-compra-idv\/#primaryimage"},"image":{"@id":"https:\/\/veridas.com\/es\/guia-de-compra-idv\/#primaryimage"},"thumbnailUrl":"https:\/\/veridas.com\/wp-content\/uploads\/2025\/07\/Guia-de-Compra-Plataforma-Verificacion-de-Identidad.jpg","datePublished":"2025-07-03T14:14:50+00:00","dateModified":"2025-07-03T14:52:14+00:00","breadcrumb":{"@id":"https:\/\/veridas.com\/es\/guia-de-compra-idv\/#breadcrumb"},"inLanguage":"es","potentialAction":[{"@type":"ReadAction","target":["https:\/\/veridas.com\/es\/guia-de-compra-idv\/"]}]},{"@type":"ImageObject","inLanguage":"es","@id":"https:\/\/veridas.com\/es\/guia-de-compra-idv\/#primaryimage","url":"https:\/\/veridas.com\/wp-content\/uploads\/2025\/07\/Guia-de-Compra-Plataforma-Verificacion-de-Identidad.jpg","contentUrl":"https:\/\/veridas.com\/wp-content\/uploads\/2025\/07\/Guia-de-Compra-Plataforma-Verificacion-de-Identidad.jpg","width":1982,"height":1374,"caption":"Guia de Compra Plataforma Verificacio\u0301n de Identidad"},{"@type":"BreadcrumbList","@id":"https:\/\/veridas.com\/es\/guia-de-compra-idv\/#breadcrumb","itemListElement":[{"@type":"ListItem","position":1,"name":"Home","item":"https:\/\/veridas.com\/es\/la-plataforma-de-verificacion-de-identidad-idv-que-ofrece-prevencion-de-fraude-real\/"},{"@type":"ListItem","position":2,"name":"Gu\u00eda de Compra | Plataforma de verificaci\u00f3n de identidad"}]},{"@type":"WebSite","@id":"https:\/\/veridas.com\/es\/pt\/#website","url":"https:\/\/veridas.com\/es\/pt\/","name":"Veridas","description":"Just be you","publisher":{"@id":"https:\/\/veridas.com\/es\/pt\/#organization"},"potentialAction":[{"@type":"SearchAction","target":{"@type":"EntryPoint","urlTemplate":"https:\/\/veridas.com\/es\/pt\/?s={search_term_string}"},"query-input":{"@type":"PropertyValueSpecification","valueRequired":true,"valueName":"search_term_string"}}],"inLanguage":"es"},{"@type":"Organization","@id":"https:\/\/veridas.com\/es\/pt\/#organization","name":"Veridas","url":"https:\/\/veridas.com\/es\/pt\/","logo":{"@type":"ImageObject","inLanguage":"es","@id":"https:\/\/veridas.com\/es\/pt\/#\/schema\/logo\/image\/","url":"https:\/\/veridas.com\/wp-content\/uploads\/2021\/09\/logo-veridas-calidad.png","contentUrl":"https:\/\/veridas.com\/wp-content\/uploads\/2021\/09\/logo-veridas-calidad.png","width":2048,"height":1076,"caption":"Veridas"},"image":{"@id":"https:\/\/veridas.com\/es\/pt\/#\/schema\/logo\/image\/"},"sameAs":["https:\/\/x.com\/VeridasOfficial","https:\/\/es.linkedin.com\/company\/veridas","https:\/\/www.instagram.com\/veridas.life\/","https:\/\/www.youtube.com\/@VeridasOfficial"]}]}},"_links":{"self":[{"href":"https:\/\/veridas.com\/es\/wp-json\/wp\/v2\/pages\/98918","targetHints":{"allow":["GET"]}}],"collection":[{"href":"https:\/\/veridas.com\/es\/wp-json\/wp\/v2\/pages"}],"about":[{"href":"https:\/\/veridas.com\/es\/wp-json\/wp\/v2\/types\/page"}],"author":[{"embeddable":true,"href":"https:\/\/veridas.com\/es\/wp-json\/wp\/v2\/users\/47"}],"replies":[{"embeddable":true,"href":"https:\/\/veridas.com\/es\/wp-json\/wp\/v2\/comments?post=98918"}],"version-history":[{"count":4,"href":"https:\/\/veridas.com\/es\/wp-json\/wp\/v2\/pages\/98918\/revisions"}],"predecessor-version":[{"id":98933,"href":"https:\/\/veridas.com\/es\/wp-json\/wp\/v2\/pages\/98918\/revisions\/98933"}],"wp:featuredmedia":[{"embeddable":true,"href":"https:\/\/veridas.com\/es\/wp-json\/wp\/v2\/media\/98919"}],"wp:attachment":[{"href":"https:\/\/veridas.com\/es\/wp-json\/wp\/v2\/media?parent=98918"}],"wp:term":[{"taxonomy":"country","embeddable":true,"href":"https:\/\/veridas.com\/es\/wp-json\/wp\/v2\/country?post=98918"},{"taxonomy":"resource","embeddable":true,"href":"https:\/\/veridas.com\/es\/wp-json\/wp\/v2\/resource?post=98918"},{"taxonomy":"format","embeddable":true,"href":"https:\/\/veridas.com\/es\/wp-json\/wp\/v2\/format?post=98918"},{"taxonomy":"topic","embeddable":true,"href":"https:\/\/veridas.com\/es\/wp-json\/wp\/v2\/topic?post=98918"},{"taxonomy":"industry","embeddable":true,"href":"https:\/\/veridas.com\/es\/wp-json\/wp\/v2\/industry?post=98918"},{"taxonomy":"solution","embeddable":true,"href":"https:\/\/veridas.com\/es\/wp-json\/wp\/v2\/solution?post=98918"}],"curies":[{"name":"wp","href":"https:\/\/api.w.org\/{rel}","templated":true}]}}