{"id":98925,"date":"2025-07-03T14:19:04","date_gmt":"2025-07-03T14:19:04","guid":{"rendered":"https:\/\/veridas.com\/?page_id=98925"},"modified":"2025-07-22T11:39:53","modified_gmt":"2025-07-22T11:39:53","slug":"gracias-descarga-idv","status":"publish","type":"page","link":"https:\/\/veridas.com\/es\/gracias-descarga-idv\/","title":{"rendered":"Gracias por descargar la gu\u00eda de compra de IDV"},"content":{"rendered":"\t\t<div data-elementor-type=\"wp-page\" data-elementor-id=\"98925\" class=\"elementor elementor-98925 elementor-98893\" data-elementor-settings=\"{&quot;ha_cmc_init_switcher&quot;:&quot;no&quot;}\" data-elementor-post-type=\"page\">\n\t\t\t\t\t\t<section class=\"elementor-section elementor-top-section elementor-element elementor-element-92e3bdf elementor-section-boxed elementor-section-height-default elementor-section-height-default\" data-id=\"92e3bdf\" data-element_type=\"section\" data-e-type=\"section\">\n\t\t\t\t\t\t<div class=\"elementor-container elementor-column-gap-default\">\n\t\t\t\t\t<div class=\"elementor-column elementor-col-50 elementor-top-column elementor-element elementor-element-9b4787e\" data-id=\"9b4787e\" data-element_type=\"column\" data-e-type=\"column\">\n\t\t\t<div class=\"elementor-widget-wrap elementor-element-populated\">\n\t\t\t\t\t\t<div class=\"elementor-element elementor-element-33ff287 elementor-widget elementor-widget-image\" data-id=\"33ff287\" data-element_type=\"widget\" data-e-type=\"widget\" data-widget_type=\"image.default\">\n\t\t\t\t\t\t\t\t\t\t\t\t\t\t\t\t<a href=\"https:\/\/veridas.com\/\">\n\t\t\t\t\t\t\t<img fetchpriority=\"high\" decoding=\"async\" width=\"592\" height=\"131\" src=\"https:\/\/veridas.com\/wp-content\/uploads\/2024\/04\/VERIDAS-logo-azul-coral-rgb-592x131-1-1.png\" class=\"attachment-large size-large wp-image-76923\" alt=\"Logo de Veridas\" srcset=\"https:\/\/veridas.com\/wp-content\/uploads\/2024\/04\/VERIDAS-logo-azul-coral-rgb-592x131-1-1.png 592w, https:\/\/veridas.com\/wp-content\/uploads\/2024\/04\/VERIDAS-logo-azul-coral-rgb-592x131-1-1-300x66.png 300w\" sizes=\"(max-width: 592px) 100vw, 592px\" \/>\t\t\t\t\t\t\t\t<\/a>\n\t\t\t\t\t\t\t\t\t\t\t\t\t\t\t<\/div>\n\t\t\t\t\t<\/div>\n\t\t<\/div>\n\t\t\t\t<div class=\"elementor-column elementor-col-50 elementor-top-column elementor-element elementor-element-d3df1ef elementor-hidden-desktop elementor-hidden-tablet\" data-id=\"d3df1ef\" data-element_type=\"column\" data-e-type=\"column\">\n\t\t\t<div class=\"elementor-widget-wrap\">\n\t\t\t\t\t\t\t<\/div>\n\t\t<\/div>\n\t\t\t\t\t<\/div>\n\t\t<\/section>\n\t\t<div class=\"elementor-element elementor-element-2cb5a5e e-flex e-con-boxed e-con e-parent\" data-id=\"2cb5a5e\" data-element_type=\"container\" data-e-type=\"container\" data-settings=\"{&quot;background_background&quot;:&quot;classic&quot;}\">\n\t\t\t\t\t<div class=\"e-con-inner\">\n\t\t<div class=\"elementor-element elementor-element-02b2e6c e-con-full e-flex e-con e-child\" data-id=\"02b2e6c\" data-element_type=\"container\" data-e-type=\"container\">\n\t\t\t\t<div class=\"elementor-element elementor-element-5cec60e elementor-widget elementor-widget-heading\" data-id=\"5cec60e\" data-element_type=\"widget\" data-e-type=\"widget\" data-widget_type=\"heading.default\">\n\t\t\t\t\t<h1 class=\"elementor-heading-title elementor-size-default\"><span style=\"font-weight: 400;color: #ff7777\">\/<\/span>Gracias<\/h1>\t\t\t\t<\/div>\n\t\t\t\t<div class=\"elementor-element elementor-element-cd4b5f2 elementor-widget elementor-widget-heading\" data-id=\"cd4b5f2\" data-element_type=\"widget\" data-e-type=\"widget\" data-widget_type=\"heading.default\">\n\t\t\t\t\t<p class=\"elementor-heading-title elementor-size-default\">Descarga lo que necesites para tomar una mejor decisi\u00f3n de compra.<\/p>\t\t\t\t<\/div>\n\t\t<div class=\"elementor-element elementor-element-dd069c6 e-con-full e-flex e-con e-child\" data-id=\"dd069c6\" data-element_type=\"container\" data-e-type=\"container\">\n\t\t<div class=\"elementor-element elementor-element-75b3f52 e-con-full e-flex e-con e-child\" data-id=\"75b3f52\" data-element_type=\"container\" data-e-type=\"container\">\n\t\t\t\t<div class=\"elementor-element elementor-element-3b58a19 elementor-widget elementor-widget-text-editor\" data-id=\"3b58a19\" data-element_type=\"widget\" data-e-type=\"widget\" data-widget_type=\"text-editor.default\">\n\t\t\t\t\t\t\t\t\t<p>Tu gu\u00eda para elegir el partner de identidad adecuado.<\/p>\t\t\t\t\t\t\t\t<\/div>\n\t\t\t\t<div class=\"elementor-element elementor-element-25d27f0 elementor-mobile-align-center elementor-widget__width-inherit elementor-widget elementor-widget-button\" data-id=\"25d27f0\" data-element_type=\"widget\" data-e-type=\"widget\" data-widget_type=\"button.default\">\n\t\t\t\t\t\t\t\t\t\t<a class=\"elementor-button elementor-button-link elementor-size-md\" href=\"https:\/\/veridas.com\/docs\/%5BESP%5D%20IDV%20Buyers%20Guide%202025.pdf\" target=\"_blank\">\n\t\t\t\t\t\t<span class=\"elementor-button-content-wrapper\">\n\t\t\t\t\t\t\t\t\t<span class=\"elementor-button-text\">Gu\u00eda de Compra<\/span>\n\t\t\t\t\t<\/span>\n\t\t\t\t\t<\/a>\n\t\t\t\t\t\t\t\t<\/div>\n\t\t\t\t<\/div>\n\t\t<div class=\"elementor-element elementor-element-5c2615e e-con-full e-flex e-con e-child\" data-id=\"5c2615e\" data-element_type=\"container\" data-e-type=\"container\">\n\t\t\t\t<div class=\"elementor-element elementor-element-4d05ba9 elementor-widget elementor-widget-text-editor\" data-id=\"4d05ba9\" data-element_type=\"widget\" data-e-type=\"widget\" data-widget_type=\"text-editor.default\">\n\t\t\t\t\t\t\t\t\t<p>Eval\u00faa los partners en funci\u00f3n de los criterios que importan.<\/p>\t\t\t\t\t\t\t\t<\/div>\n\t\t\t\t<div class=\"elementor-element elementor-element-71b084a elementor-mobile-align-center elementor-widget__width-inherit elementor-widget elementor-widget-button\" data-id=\"71b084a\" data-element_type=\"widget\" data-e-type=\"widget\" data-widget_type=\"button.default\">\n\t\t\t\t\t\t\t\t\t\t<a class=\"elementor-button elementor-button-link elementor-size-md\" href=\"https:\/\/veridas.com\/docs\/Veridas%20Plantilla%20de%20Evaluaci%C3%B3n%20IDV%20%28ESP%29.xlsx\" target=\"_blank\">\n\t\t\t\t\t\t<span class=\"elementor-button-content-wrapper\">\n\t\t\t\t\t\t\t\t\t<span class=\"elementor-button-text\">Plantilla de evaluaci\u00f3n<\/span>\n\t\t\t\t\t<\/span>\n\t\t\t\t\t<\/a>\n\t\t\t\t\t\t\t\t<\/div>\n\t\t\t\t<\/div>\n\t\t\t\t<\/div>\n\t\t\t\t<\/div>\n\t\t<div class=\"elementor-element elementor-element-ab9bad1 e-con-full e-flex e-con e-child\" data-id=\"ab9bad1\" data-element_type=\"container\" data-e-type=\"container\">\n\t\t\t\t<div class=\"elementor-element elementor-element-14991d2 elementor-widget elementor-widget-image\" data-id=\"14991d2\" data-element_type=\"widget\" data-e-type=\"widget\" data-widget_type=\"image.default\">\n\t\t\t\t\t\t\t\t\t\t\t\t\t\t\t<img decoding=\"async\" width=\"800\" height=\"555\" src=\"https:\/\/veridas.com\/wp-content\/uploads\/2025\/07\/Guia-de-Compra-Plataforma-Verificacion-de-Identidad-1024x710.jpg\" class=\"attachment-large size-large wp-image-98919\" alt=\"Guia de Compra Plataforma Verificacio\u0301n de Identidad\" srcset=\"https:\/\/veridas.com\/wp-content\/uploads\/2025\/07\/Guia-de-Compra-Plataforma-Verificacion-de-Identidad-1024x710.jpg 1024w, https:\/\/veridas.com\/wp-content\/uploads\/2025\/07\/Guia-de-Compra-Plataforma-Verificacion-de-Identidad-300x208.jpg 300w, https:\/\/veridas.com\/wp-content\/uploads\/2025\/07\/Guia-de-Compra-Plataforma-Verificacion-de-Identidad-768x532.jpg 768w, https:\/\/veridas.com\/wp-content\/uploads\/2025\/07\/Guia-de-Compra-Plataforma-Verificacion-de-Identidad-1536x1065.jpg 1536w, https:\/\/veridas.com\/wp-content\/uploads\/2025\/07\/Guia-de-Compra-Plataforma-Verificacion-de-Identidad.jpg 1982w\" sizes=\"(max-width: 800px) 100vw, 800px\" \/>\t\t\t\t\t\t\t\t\t\t\t\t\t\t\t<\/div>\n\t\t\t\t<\/div>\n\t\t\t\t\t<\/div>\n\t\t\t\t<\/div>\n\t\t\t\t<\/div>\n\t\t","protected":false},"excerpt":{"rendered":"<p>\/Gracias Descarga lo que necesites para tomar una mejor decisi\u00f3n de compra. Tu gu\u00eda para elegir el partner de identidad adecuado. Gu\u00eda de Compra Eval\u00faa los partners en funci\u00f3n de los criterios que importan. Plantilla de evaluaci\u00f3n<\/p>\n","protected":false},"author":47,"featured_media":98919,"parent":0,"menu_order":0,"comment_status":"closed","ping_status":"closed","template":"elementor_canvas","format":[],"meta":{"_acf_changed":false,"inline_featured_image":false,"footnotes":""},"country":[],"resource":[],"topic":[],"industry":[],"solution":[],"class_list":["post-98925","page","type-page","status-publish","has-post-thumbnail","hentry"],"acf":[],"yoast_head":"<!-- This site is optimized with the Yoast SEO plugin v27.0 - https:\/\/yoast.com\/product\/yoast-seo-wordpress\/ -->\n<title>Gracias por descargar la gu\u00eda de compra de IDV &#8226; Veridas<\/title>\n<meta name=\"robots\" content=\"index, follow, max-snippet:-1, max-image-preview:large, max-video-preview:-1\" \/>\n<link rel=\"canonical\" href=\"https:\/\/veridas.com\/es\/gracias-descarga-idv\/\" \/>\n<meta property=\"og:locale\" content=\"es_ES\" \/>\n<meta property=\"og:type\" content=\"article\" \/>\n<meta property=\"og:title\" content=\"Gracias por descargar la gu\u00eda de compra de IDV &#8226; Veridas\" \/>\n<meta property=\"og:description\" content=\"\/Gracias Descarga lo que necesites para tomar una mejor decisi\u00f3n de compra. Tu gu\u00eda para elegir el partner de identidad adecuado. Gu\u00eda de Compra Eval\u00faa los partners en funci\u00f3n de los criterios que importan. Plantilla de evaluaci\u00f3n\" \/>\n<meta property=\"og:url\" content=\"https:\/\/veridas.com\/es\/gracias-descarga-idv\/\" \/>\n<meta property=\"og:site_name\" content=\"Veridas\" \/>\n<meta property=\"article:modified_time\" content=\"2025-07-22T11:39:53+00:00\" \/>\n<meta property=\"og:image\" content=\"https:\/\/veridas.com\/wp-content\/uploads\/2025\/07\/Guia-de-Compra-Plataforma-Verificacion-de-Identidad.jpg\" \/>\n\t<meta property=\"og:image:width\" content=\"1982\" \/>\n\t<meta property=\"og:image:height\" content=\"1374\" \/>\n\t<meta property=\"og:image:type\" content=\"image\/jpeg\" \/>\n<meta name=\"twitter:card\" content=\"summary_large_image\" \/>\n<meta name=\"twitter:site\" content=\"@VeridasOfficial\" \/>\n<script type=\"application\/ld+json\" class=\"yoast-schema-graph\">{\"@context\":\"https:\/\/schema.org\",\"@graph\":[{\"@type\":\"WebPage\",\"@id\":\"https:\/\/veridas.com\/es\/gracias-descarga-idv\/\",\"url\":\"https:\/\/veridas.com\/es\/gracias-descarga-idv\/\",\"name\":\"Gracias por descargar la gu\u00eda de compra de IDV &#8226; Veridas\",\"isPartOf\":{\"@id\":\"https:\/\/veridas.com\/es\/pt\/#website\"},\"primaryImageOfPage\":{\"@id\":\"https:\/\/veridas.com\/es\/gracias-descarga-idv\/#primaryimage\"},\"image\":{\"@id\":\"https:\/\/veridas.com\/es\/gracias-descarga-idv\/#primaryimage\"},\"thumbnailUrl\":\"https:\/\/veridas.com\/wp-content\/uploads\/2025\/07\/Guia-de-Compra-Plataforma-Verificacion-de-Identidad.jpg\",\"datePublished\":\"2025-07-03T14:19:04+00:00\",\"dateModified\":\"2025-07-22T11:39:53+00:00\",\"breadcrumb\":{\"@id\":\"https:\/\/veridas.com\/es\/gracias-descarga-idv\/#breadcrumb\"},\"inLanguage\":\"es\",\"potentialAction\":[{\"@type\":\"ReadAction\",\"target\":[\"https:\/\/veridas.com\/es\/gracias-descarga-idv\/\"]}]},{\"@type\":\"ImageObject\",\"inLanguage\":\"es\",\"@id\":\"https:\/\/veridas.com\/es\/gracias-descarga-idv\/#primaryimage\",\"url\":\"https:\/\/veridas.com\/wp-content\/uploads\/2025\/07\/Guia-de-Compra-Plataforma-Verificacion-de-Identidad.jpg\",\"contentUrl\":\"https:\/\/veridas.com\/wp-content\/uploads\/2025\/07\/Guia-de-Compra-Plataforma-Verificacion-de-Identidad.jpg\",\"width\":1982,\"height\":1374,\"caption\":\"Guia de Compra Plataforma Verificacio\u0301n de Identidad\"},{\"@type\":\"BreadcrumbList\",\"@id\":\"https:\/\/veridas.com\/es\/gracias-descarga-idv\/#breadcrumb\",\"itemListElement\":[{\"@type\":\"ListItem\",\"position\":1,\"name\":\"Home\",\"item\":\"https:\/\/veridas.com\/es\/la-plataforma-de-verificacion-de-identidad-idv-que-ofrece-prevencion-de-fraude-real\/\"},{\"@type\":\"ListItem\",\"position\":2,\"name\":\"Gracias por descargar la gu\u00eda de compra de IDV\"}]},{\"@type\":\"WebSite\",\"@id\":\"https:\/\/veridas.com\/es\/pt\/#website\",\"url\":\"https:\/\/veridas.com\/es\/pt\/\",\"name\":\"Veridas\",\"description\":\"Just be you\",\"publisher\":{\"@id\":\"https:\/\/veridas.com\/es\/pt\/#organization\"},\"potentialAction\":[{\"@type\":\"SearchAction\",\"target\":{\"@type\":\"EntryPoint\",\"urlTemplate\":\"https:\/\/veridas.com\/es\/pt\/?s={search_term_string}\"},\"query-input\":{\"@type\":\"PropertyValueSpecification\",\"valueRequired\":true,\"valueName\":\"search_term_string\"}}],\"inLanguage\":\"es\"},{\"@type\":\"Organization\",\"@id\":\"https:\/\/veridas.com\/es\/pt\/#organization\",\"name\":\"Veridas\",\"url\":\"https:\/\/veridas.com\/es\/pt\/\",\"logo\":{\"@type\":\"ImageObject\",\"inLanguage\":\"es\",\"@id\":\"https:\/\/veridas.com\/es\/pt\/#\/schema\/logo\/image\/\",\"url\":\"https:\/\/veridas.com\/wp-content\/uploads\/2021\/09\/logo-veridas-calidad.png\",\"contentUrl\":\"https:\/\/veridas.com\/wp-content\/uploads\/2021\/09\/logo-veridas-calidad.png\",\"width\":2048,\"height\":1076,\"caption\":\"Veridas\"},\"image\":{\"@id\":\"https:\/\/veridas.com\/es\/pt\/#\/schema\/logo\/image\/\"},\"sameAs\":[\"https:\/\/x.com\/VeridasOfficial\",\"https:\/\/es.linkedin.com\/company\/veridas\",\"https:\/\/www.instagram.com\/veridas.life\/\",\"https:\/\/www.youtube.com\/@VeridasOfficial\"]}]}<\/script>\n<!-- \/ Yoast SEO plugin. -->","yoast_head_json":{"title":"Gracias por descargar la gu\u00eda de compra de IDV &#8226; Veridas","robots":{"index":"index","follow":"follow","max-snippet":"max-snippet:-1","max-image-preview":"max-image-preview:large","max-video-preview":"max-video-preview:-1"},"canonical":"https:\/\/veridas.com\/es\/gracias-descarga-idv\/","og_locale":"es_ES","og_type":"article","og_title":"Gracias por descargar la gu\u00eda de compra de IDV &#8226; Veridas","og_description":"\/Gracias Descarga lo que necesites para tomar una mejor decisi\u00f3n de compra. Tu gu\u00eda para elegir el partner de identidad adecuado. Gu\u00eda de Compra Eval\u00faa los partners en funci\u00f3n de los criterios que importan. Plantilla de evaluaci\u00f3n","og_url":"https:\/\/veridas.com\/es\/gracias-descarga-idv\/","og_site_name":"Veridas","article_modified_time":"2025-07-22T11:39:53+00:00","og_image":[{"width":1982,"height":1374,"url":"https:\/\/veridas.com\/wp-content\/uploads\/2025\/07\/Guia-de-Compra-Plataforma-Verificacion-de-Identidad.jpg","type":"image\/jpeg"}],"twitter_card":"summary_large_image","twitter_site":"@VeridasOfficial","schema":{"@context":"https:\/\/schema.org","@graph":[{"@type":"WebPage","@id":"https:\/\/veridas.com\/es\/gracias-descarga-idv\/","url":"https:\/\/veridas.com\/es\/gracias-descarga-idv\/","name":"Gracias por descargar la gu\u00eda de compra de IDV &#8226; Veridas","isPartOf":{"@id":"https:\/\/veridas.com\/es\/pt\/#website"},"primaryImageOfPage":{"@id":"https:\/\/veridas.com\/es\/gracias-descarga-idv\/#primaryimage"},"image":{"@id":"https:\/\/veridas.com\/es\/gracias-descarga-idv\/#primaryimage"},"thumbnailUrl":"https:\/\/veridas.com\/wp-content\/uploads\/2025\/07\/Guia-de-Compra-Plataforma-Verificacion-de-Identidad.jpg","datePublished":"2025-07-03T14:19:04+00:00","dateModified":"2025-07-22T11:39:53+00:00","breadcrumb":{"@id":"https:\/\/veridas.com\/es\/gracias-descarga-idv\/#breadcrumb"},"inLanguage":"es","potentialAction":[{"@type":"ReadAction","target":["https:\/\/veridas.com\/es\/gracias-descarga-idv\/"]}]},{"@type":"ImageObject","inLanguage":"es","@id":"https:\/\/veridas.com\/es\/gracias-descarga-idv\/#primaryimage","url":"https:\/\/veridas.com\/wp-content\/uploads\/2025\/07\/Guia-de-Compra-Plataforma-Verificacion-de-Identidad.jpg","contentUrl":"https:\/\/veridas.com\/wp-content\/uploads\/2025\/07\/Guia-de-Compra-Plataforma-Verificacion-de-Identidad.jpg","width":1982,"height":1374,"caption":"Guia de Compra Plataforma Verificacio\u0301n de Identidad"},{"@type":"BreadcrumbList","@id":"https:\/\/veridas.com\/es\/gracias-descarga-idv\/#breadcrumb","itemListElement":[{"@type":"ListItem","position":1,"name":"Home","item":"https:\/\/veridas.com\/es\/la-plataforma-de-verificacion-de-identidad-idv-que-ofrece-prevencion-de-fraude-real\/"},{"@type":"ListItem","position":2,"name":"Gracias por descargar la gu\u00eda de compra de IDV"}]},{"@type":"WebSite","@id":"https:\/\/veridas.com\/es\/pt\/#website","url":"https:\/\/veridas.com\/es\/pt\/","name":"Veridas","description":"Just be you","publisher":{"@id":"https:\/\/veridas.com\/es\/pt\/#organization"},"potentialAction":[{"@type":"SearchAction","target":{"@type":"EntryPoint","urlTemplate":"https:\/\/veridas.com\/es\/pt\/?s={search_term_string}"},"query-input":{"@type":"PropertyValueSpecification","valueRequired":true,"valueName":"search_term_string"}}],"inLanguage":"es"},{"@type":"Organization","@id":"https:\/\/veridas.com\/es\/pt\/#organization","name":"Veridas","url":"https:\/\/veridas.com\/es\/pt\/","logo":{"@type":"ImageObject","inLanguage":"es","@id":"https:\/\/veridas.com\/es\/pt\/#\/schema\/logo\/image\/","url":"https:\/\/veridas.com\/wp-content\/uploads\/2021\/09\/logo-veridas-calidad.png","contentUrl":"https:\/\/veridas.com\/wp-content\/uploads\/2021\/09\/logo-veridas-calidad.png","width":2048,"height":1076,"caption":"Veridas"},"image":{"@id":"https:\/\/veridas.com\/es\/pt\/#\/schema\/logo\/image\/"},"sameAs":["https:\/\/x.com\/VeridasOfficial","https:\/\/es.linkedin.com\/company\/veridas","https:\/\/www.instagram.com\/veridas.life\/","https:\/\/www.youtube.com\/@VeridasOfficial"]}]}},"_links":{"self":[{"href":"https:\/\/veridas.com\/es\/wp-json\/wp\/v2\/pages\/98925","targetHints":{"allow":["GET"]}}],"collection":[{"href":"https:\/\/veridas.com\/es\/wp-json\/wp\/v2\/pages"}],"about":[{"href":"https:\/\/veridas.com\/es\/wp-json\/wp\/v2\/types\/page"}],"author":[{"embeddable":true,"href":"https:\/\/veridas.com\/es\/wp-json\/wp\/v2\/users\/47"}],"replies":[{"embeddable":true,"href":"https:\/\/veridas.com\/es\/wp-json\/wp\/v2\/comments?post=98925"}],"version-history":[{"count":10,"href":"https:\/\/veridas.com\/es\/wp-json\/wp\/v2\/pages\/98925\/revisions"}],"predecessor-version":[{"id":99840,"href":"https:\/\/veridas.com\/es\/wp-json\/wp\/v2\/pages\/98925\/revisions\/99840"}],"wp:featuredmedia":[{"embeddable":true,"href":"https:\/\/veridas.com\/es\/wp-json\/wp\/v2\/media\/98919"}],"wp:attachment":[{"href":"https:\/\/veridas.com\/es\/wp-json\/wp\/v2\/media?parent=98925"}],"wp:term":[{"taxonomy":"country","embeddable":true,"href":"https:\/\/veridas.com\/es\/wp-json\/wp\/v2\/country?post=98925"},{"taxonomy":"resource","embeddable":true,"href":"https:\/\/veridas.com\/es\/wp-json\/wp\/v2\/resource?post=98925"},{"taxonomy":"format","embeddable":true,"href":"https:\/\/veridas.com\/es\/wp-json\/wp\/v2\/format?post=98925"},{"taxonomy":"topic","embeddable":true,"href":"https:\/\/veridas.com\/es\/wp-json\/wp\/v2\/topic?post=98925"},{"taxonomy":"industry","embeddable":true,"href":"https:\/\/veridas.com\/es\/wp-json\/wp\/v2\/industry?post=98925"},{"taxonomy":"solution","embeddable":true,"href":"https:\/\/veridas.com\/es\/wp-json\/wp\/v2\/solution?post=98925"}],"curies":[{"name":"wp","href":"https:\/\/api.w.org\/{rel}","templated":true}]}}