{"id":104199,"date":"2025-11-18T10:56:11","date_gmt":"2025-11-18T10:56:11","guid":{"rendered":"https:\/\/veridas.com\/?page_id=104199"},"modified":"2025-11-18T10:58:03","modified_gmt":"2025-11-18T10:58:03","slug":"rapporto-frode-identita-2025","status":"publish","type":"page","link":"https:\/\/veridas.com\/it\/rapporto-frode-identita-2025\/","title":{"rendered":"Rapporto sulla frode d&#8217;identit\u00e0 Veridas 2025"},"content":{"rendered":"\t\t<div data-elementor-type=\"wp-page\" data-elementor-id=\"104199\" class=\"elementor elementor-104199\" data-elementor-settings=\"{&quot;ha_cmc_init_switcher&quot;:&quot;no&quot;}\" data-elementor-post-type=\"page\">\n\t\t\t\t\t\t<section class=\"elementor-section elementor-top-section elementor-element elementor-element-b14570b elementor-section-boxed elementor-section-height-default elementor-section-height-default\" data-id=\"b14570b\" data-element_type=\"section\" data-e-type=\"section\" data-settings=\"{&quot;background_background&quot;:&quot;classic&quot;}\">\n\t\t\t\t\t\t<div class=\"elementor-container elementor-column-gap-default\">\n\t\t\t\t\t<div class=\"elementor-column elementor-col-50 elementor-top-column elementor-element elementor-element-c2ae986\" data-id=\"c2ae986\" data-element_type=\"column\" data-e-type=\"column\">\n\t\t\t<div class=\"elementor-widget-wrap elementor-element-populated\">\n\t\t\t\t\t\t<div class=\"elementor-element elementor-element-2d2ff0b elementor-widget elementor-widget-image\" data-id=\"2d2ff0b\" data-element_type=\"widget\" data-e-type=\"widget\" data-widget_type=\"image.default\">\n\t\t\t\t\t\t\t\t\t\t\t\t\t\t\t\t<a href=\"https:\/\/veridas.com\/it\/\">\n\t\t\t\t\t\t\t<img fetchpriority=\"high\" decoding=\"async\" width=\"592\" height=\"131\" src=\"https:\/\/veridas.com\/wp-content\/uploads\/2024\/04\/VERIDAS-logo-azul-coral-rgb-592x131-1-1.png\" class=\"attachment-large size-large wp-image-92247\" alt=\"ID Finance Logo\" srcset=\"https:\/\/veridas.com\/wp-content\/uploads\/2024\/04\/VERIDAS-logo-azul-coral-rgb-592x131-1-1.png 592w, https:\/\/veridas.com\/wp-content\/uploads\/2024\/04\/VERIDAS-logo-azul-coral-rgb-592x131-1-1-300x66.png 300w\" sizes=\"(max-width: 592px) 100vw, 592px\" \/>\t\t\t\t\t\t\t\t<\/a>\n\t\t\t\t\t\t\t\t\t\t\t\t\t\t\t<\/div>\n\t\t\t\t\t<\/div>\n\t\t<\/div>\n\t\t\t\t<div class=\"elementor-column elementor-col-50 elementor-top-column elementor-element elementor-element-ae68148 elementor-hidden-mobile\" data-id=\"ae68148\" data-element_type=\"column\" data-e-type=\"column\">\n\t\t\t<div class=\"elementor-widget-wrap\">\n\t\t\t\t\t\t\t<\/div>\n\t\t<\/div>\n\t\t\t\t\t<\/div>\n\t\t<\/section>\n\t\t<div class=\"elementor-element elementor-element-6676c15 e-flex e-con-boxed e-con e-parent\" data-id=\"6676c15\" data-element_type=\"container\" data-e-type=\"container\" data-settings=\"{&quot;background_background&quot;:&quot;classic&quot;}\">\n\t\t\t\t\t<div class=\"e-con-inner\">\n\t\t<div class=\"elementor-element elementor-element-2f3f7c8 e-con-full e-flex e-con e-child\" data-id=\"2f3f7c8\" data-element_type=\"container\" data-e-type=\"container\">\n\t\t\t\t<div class=\"elementor-element elementor-element-dd48f32 elementor-widget-tablet__width-initial elementor-widget elementor-widget-heading\" data-id=\"dd48f32\" data-element_type=\"widget\" data-e-type=\"widget\" data-widget_type=\"heading.default\">\n\t\t\t\t\t<h1 class=\"elementor-heading-title elementor-size-default\"><span style=\"font-weight: 400;color: #ff7777\">\/<\/span><b>Report su frode d'identit\u00e0 2025<\/b><\/h1>\t\t\t\t<\/div>\n\t\t\t\t<\/div>\n\t\t\t\t\t<\/div>\n\t\t\t\t<\/div>\n\t\t<div class=\"elementor-element elementor-element-96a57c8 e-flex e-con-boxed e-con e-parent\" data-id=\"96a57c8\" data-element_type=\"container\" data-e-type=\"container\" data-settings=\"{&quot;background_background&quot;:&quot;classic&quot;}\">\n\t\t\t\t\t<div class=\"e-con-inner\">\n\t\t<div class=\"elementor-element elementor-element-7fe187d e-con-full e-flex e-con e-child\" data-id=\"7fe187d\" data-element_type=\"container\" data-e-type=\"container\">\n\t\t\t\t<div class=\"elementor-element elementor-element-02c0ff8 elementor-widget elementor-widget-image\" data-id=\"02c0ff8\" data-element_type=\"widget\" data-e-type=\"widget\" data-widget_type=\"image.default\">\n\t\t\t\t\t\t\t\t\t\t\t\t\t\t\t<img decoding=\"async\" width=\"800\" height=\"524\" src=\"https:\/\/veridas.com\/wp-content\/uploads\/2025\/11\/Fraude-Identita-1024x671.webp\" class=\"attachment-large size-large wp-image-105590\" alt=\"Fraude Identita\" srcset=\"https:\/\/veridas.com\/wp-content\/uploads\/2025\/11\/Fraude-Identita-1024x671.webp 1024w, https:\/\/veridas.com\/wp-content\/uploads\/2025\/11\/Fraude-Identita-300x197.webp 300w, https:\/\/veridas.com\/wp-content\/uploads\/2025\/11\/Fraude-Identita-768x503.webp 768w, https:\/\/veridas.com\/wp-content\/uploads\/2025\/11\/Fraude-Identita-1536x1007.webp 1536w, https:\/\/veridas.com\/wp-content\/uploads\/2025\/11\/Fraude-Identita.webp 1562w\" sizes=\"(max-width: 800px) 100vw, 800px\" \/>\t\t\t\t\t\t\t\t\t\t\t\t\t\t\t<\/div>\n\t\t\t\t<div class=\"elementor-element elementor-element-6bdf77a elementor-widget elementor-widget-heading\" data-id=\"6bdf77a\" data-element_type=\"widget\" data-e-type=\"widget\" data-widget_type=\"heading.default\">\n\t\t\t\t\t<p class=\"elementor-heading-title elementor-size-default\">Questo rapporto esplora le attuali tendenze nella frode d'identit\u00e0, i casi pi\u00f9 comuni e pericolosi e le soluzioni tecnologiche che aiutano a combattere questa crescente minaccia.<\/p>\t\t\t\t<\/div>\n\t\t\t\t<\/div>\n\t\t<div class=\"elementor-element elementor-element-818eb3d e-con-full e-flex e-con e-child\" data-id=\"818eb3d\" data-element_type=\"container\" data-e-type=\"container\" id=\"download\" data-settings=\"{&quot;background_background&quot;:&quot;classic&quot;}\">\n\t\t\t\t<div class=\"elementor-element elementor-element-5d75d16 elementor-widget elementor-widget-heading\" data-id=\"5d75d16\" data-element_type=\"widget\" data-e-type=\"widget\" data-widget_type=\"heading.default\">\n\t\t\t\t\t<h2 class=\"elementor-heading-title elementor-size-default\">Compila il modulo e scarica il rapporto<\/h2>\t\t\t\t<\/div>\n\t\t\t\t<div class=\"elementor-element elementor-element-a9c0ace elementor-widget elementor-widget-html\" data-id=\"a9c0ace\" data-element_type=\"widget\" data-e-type=\"widget\" data-widget_type=\"html.default\">\n\t\t\t\t\t<script charset=\"utf-8\" type=\"text\/javascript\" src=\"\/\/js-eu1.hsforms.net\/forms\/embed\/v2.js\"><\/script>\n<script>\n  hbspt.forms.create({\n    portalId: \"19918211\",\n    formId: \"270e078a-a8b4-4ed4-9eaf-00bb192f4980\",\n    region: \"eu1\"\n  });\n<\/script>\t\t\t\t<\/div>\n\t\t\t\t<\/div>\n\t\t\t\t\t<\/div>\n\t\t\t\t<\/div>\n\t\t\t\t<\/div>\n\t\t","protected":false},"excerpt":{"rendered":"<p>Questo rapporto esplora le attuali tendenze nella frode d&#8217;identit\u00e0, i casi pi\u00f9 comuni e pericolosi e le soluzioni tecnologiche che aiutano a combattere questa crescente minaccia.<\/p>\n","protected":false},"author":47,"featured_media":105590,"parent":0,"menu_order":0,"comment_status":"closed","ping_status":"closed","template":"elementor_canvas","format":[],"meta":{"_acf_changed":false,"inline_featured_image":false,"footnotes":""},"country":[368],"resource":[],"topic":[],"industry":[],"solution":[],"class_list":["post-104199","page","type-page","status-publish","has-post-thumbnail","hentry","country-italy"],"acf":[],"yoast_head":"<!-- This site is optimized with the Yoast SEO plugin v27.0 - https:\/\/yoast.com\/product\/yoast-seo-wordpress\/ -->\n<title>Rapporto sulla frode d&#039;identit\u00e0 | Veridas 2025<\/title>\n<meta name=\"description\" content=\"Questo rapporto esplora le attuali tendenze nella frode d&#039;identit\u00e0, i casi pi\u00f9 comuni e pericolosi e le soluzioni tecnologiche che aiutano a combattere questa crescente minaccia.\" \/>\n<meta name=\"robots\" content=\"index, follow, max-snippet:-1, max-image-preview:large, max-video-preview:-1\" \/>\n<link rel=\"canonical\" href=\"https:\/\/veridas.com\/it\/rapporto-frode-identita-2025\/\" \/>\n<meta property=\"og:locale\" content=\"it_IT\" \/>\n<meta property=\"og:type\" content=\"article\" \/>\n<meta property=\"og:title\" content=\"Rapporto sulla frode d&#039;identit\u00e0 | Veridas 2025\" \/>\n<meta property=\"og:description\" content=\"Questo rapporto esplora le attuali tendenze nella frode d&#039;identit\u00e0, i casi pi\u00f9 comuni e pericolosi e le soluzioni tecnologiche che aiutano a combattere questa crescente minaccia.\" \/>\n<meta property=\"og:url\" content=\"https:\/\/veridas.com\/it\/rapporto-frode-identita-2025\/\" \/>\n<meta property=\"og:site_name\" content=\"Veridas\" \/>\n<meta property=\"article:modified_time\" content=\"2025-11-18T10:58:03+00:00\" \/>\n<meta property=\"og:image\" content=\"https:\/\/veridas.com\/wp-content\/uploads\/2025\/11\/Fraude-Identita.webp\" \/>\n\t<meta property=\"og:image:width\" content=\"1562\" \/>\n\t<meta property=\"og:image:height\" content=\"1024\" \/>\n\t<meta property=\"og:image:type\" content=\"image\/webp\" \/>\n<meta name=\"twitter:card\" content=\"summary_large_image\" \/>\n<meta name=\"twitter:site\" content=\"@VeridasOfficial\" \/>\n<script type=\"application\/ld+json\" class=\"yoast-schema-graph\">{\"@context\":\"https:\/\/schema.org\",\"@graph\":[{\"@type\":\"WebPage\",\"@id\":\"https:\/\/veridas.com\/it\/rapporto-frode-identita-2025\/\",\"url\":\"https:\/\/veridas.com\/it\/rapporto-frode-identita-2025\/\",\"name\":\"Rapporto sulla frode d'identit\u00e0 | Veridas 2025\",\"isPartOf\":{\"@id\":\"https:\/\/veridas.com\/it\/pt\/#website\"},\"primaryImageOfPage\":{\"@id\":\"https:\/\/veridas.com\/it\/rapporto-frode-identita-2025\/#primaryimage\"},\"image\":{\"@id\":\"https:\/\/veridas.com\/it\/rapporto-frode-identita-2025\/#primaryimage\"},\"thumbnailUrl\":\"https:\/\/veridas.com\/wp-content\/uploads\/2025\/11\/Fraude-Identita.webp\",\"datePublished\":\"2025-11-18T10:56:11+00:00\",\"dateModified\":\"2025-11-18T10:58:03+00:00\",\"description\":\"Questo rapporto esplora le attuali tendenze nella frode d'identit\u00e0, i casi pi\u00f9 comuni e pericolosi e le soluzioni tecnologiche che aiutano a combattere questa crescente minaccia.\",\"breadcrumb\":{\"@id\":\"https:\/\/veridas.com\/it\/rapporto-frode-identita-2025\/#breadcrumb\"},\"inLanguage\":\"it-IT\",\"potentialAction\":[{\"@type\":\"ReadAction\",\"target\":[\"https:\/\/veridas.com\/it\/rapporto-frode-identita-2025\/\"]}]},{\"@type\":\"ImageObject\",\"inLanguage\":\"it-IT\",\"@id\":\"https:\/\/veridas.com\/it\/rapporto-frode-identita-2025\/#primaryimage\",\"url\":\"https:\/\/veridas.com\/wp-content\/uploads\/2025\/11\/Fraude-Identita.webp\",\"contentUrl\":\"https:\/\/veridas.com\/wp-content\/uploads\/2025\/11\/Fraude-Identita.webp\",\"width\":1562,\"height\":1024,\"caption\":\"Fraude Identita\"},{\"@type\":\"BreadcrumbList\",\"@id\":\"https:\/\/veridas.com\/it\/rapporto-frode-identita-2025\/#breadcrumb\",\"itemListElement\":[{\"@type\":\"ListItem\",\"position\":1,\"name\":\"Home\",\"item\":\"https:\/\/veridas.com\/it\/\"},{\"@type\":\"ListItem\",\"position\":2,\"name\":\"Rapporto sulla frode d&#8217;identit\u00e0 Veridas 2025\"}]},{\"@type\":\"WebSite\",\"@id\":\"https:\/\/veridas.com\/it\/pt\/#website\",\"url\":\"https:\/\/veridas.com\/it\/pt\/\",\"name\":\"Veridas\",\"description\":\"Just be you\",\"publisher\":{\"@id\":\"https:\/\/veridas.com\/it\/pt\/#organization\"},\"potentialAction\":[{\"@type\":\"SearchAction\",\"target\":{\"@type\":\"EntryPoint\",\"urlTemplate\":\"https:\/\/veridas.com\/it\/pt\/?s={search_term_string}\"},\"query-input\":{\"@type\":\"PropertyValueSpecification\",\"valueRequired\":true,\"valueName\":\"search_term_string\"}}],\"inLanguage\":\"it-IT\"},{\"@type\":\"Organization\",\"@id\":\"https:\/\/veridas.com\/it\/pt\/#organization\",\"name\":\"Veridas\",\"url\":\"https:\/\/veridas.com\/it\/pt\/\",\"logo\":{\"@type\":\"ImageObject\",\"inLanguage\":\"it-IT\",\"@id\":\"https:\/\/veridas.com\/it\/pt\/#\/schema\/logo\/image\/\",\"url\":\"https:\/\/veridas.com\/wp-content\/uploads\/2021\/09\/logo-veridas-calidad.png\",\"contentUrl\":\"https:\/\/veridas.com\/wp-content\/uploads\/2021\/09\/logo-veridas-calidad.png\",\"width\":2048,\"height\":1076,\"caption\":\"Veridas\"},\"image\":{\"@id\":\"https:\/\/veridas.com\/it\/pt\/#\/schema\/logo\/image\/\"},\"sameAs\":[\"https:\/\/x.com\/VeridasOfficial\",\"https:\/\/es.linkedin.com\/company\/veridas\",\"https:\/\/www.instagram.com\/veridas.life\/\",\"https:\/\/www.youtube.com\/@VeridasOfficial\"]}]}<\/script>\n<!-- \/ Yoast SEO plugin. -->","yoast_head_json":{"title":"Rapporto sulla frode d'identit\u00e0 | Veridas 2025","description":"Questo rapporto esplora le attuali tendenze nella frode d'identit\u00e0, i casi pi\u00f9 comuni e pericolosi e le soluzioni tecnologiche che aiutano a combattere questa crescente minaccia.","robots":{"index":"index","follow":"follow","max-snippet":"max-snippet:-1","max-image-preview":"max-image-preview:large","max-video-preview":"max-video-preview:-1"},"canonical":"https:\/\/veridas.com\/it\/rapporto-frode-identita-2025\/","og_locale":"it_IT","og_type":"article","og_title":"Rapporto sulla frode d'identit\u00e0 | Veridas 2025","og_description":"Questo rapporto esplora le attuali tendenze nella frode d'identit\u00e0, i casi pi\u00f9 comuni e pericolosi e le soluzioni tecnologiche che aiutano a combattere questa crescente minaccia.","og_url":"https:\/\/veridas.com\/it\/rapporto-frode-identita-2025\/","og_site_name":"Veridas","article_modified_time":"2025-11-18T10:58:03+00:00","og_image":[{"width":1562,"height":1024,"url":"https:\/\/veridas.com\/wp-content\/uploads\/2025\/11\/Fraude-Identita.webp","type":"image\/webp"}],"twitter_card":"summary_large_image","twitter_site":"@VeridasOfficial","schema":{"@context":"https:\/\/schema.org","@graph":[{"@type":"WebPage","@id":"https:\/\/veridas.com\/it\/rapporto-frode-identita-2025\/","url":"https:\/\/veridas.com\/it\/rapporto-frode-identita-2025\/","name":"Rapporto sulla frode d'identit\u00e0 | Veridas 2025","isPartOf":{"@id":"https:\/\/veridas.com\/it\/pt\/#website"},"primaryImageOfPage":{"@id":"https:\/\/veridas.com\/it\/rapporto-frode-identita-2025\/#primaryimage"},"image":{"@id":"https:\/\/veridas.com\/it\/rapporto-frode-identita-2025\/#primaryimage"},"thumbnailUrl":"https:\/\/veridas.com\/wp-content\/uploads\/2025\/11\/Fraude-Identita.webp","datePublished":"2025-11-18T10:56:11+00:00","dateModified":"2025-11-18T10:58:03+00:00","description":"Questo rapporto esplora le attuali tendenze nella frode d'identit\u00e0, i casi pi\u00f9 comuni e pericolosi e le soluzioni tecnologiche che aiutano a combattere questa crescente minaccia.","breadcrumb":{"@id":"https:\/\/veridas.com\/it\/rapporto-frode-identita-2025\/#breadcrumb"},"inLanguage":"it-IT","potentialAction":[{"@type":"ReadAction","target":["https:\/\/veridas.com\/it\/rapporto-frode-identita-2025\/"]}]},{"@type":"ImageObject","inLanguage":"it-IT","@id":"https:\/\/veridas.com\/it\/rapporto-frode-identita-2025\/#primaryimage","url":"https:\/\/veridas.com\/wp-content\/uploads\/2025\/11\/Fraude-Identita.webp","contentUrl":"https:\/\/veridas.com\/wp-content\/uploads\/2025\/11\/Fraude-Identita.webp","width":1562,"height":1024,"caption":"Fraude Identita"},{"@type":"BreadcrumbList","@id":"https:\/\/veridas.com\/it\/rapporto-frode-identita-2025\/#breadcrumb","itemListElement":[{"@type":"ListItem","position":1,"name":"Home","item":"https:\/\/veridas.com\/it\/"},{"@type":"ListItem","position":2,"name":"Rapporto sulla frode d&#8217;identit\u00e0 Veridas 2025"}]},{"@type":"WebSite","@id":"https:\/\/veridas.com\/it\/pt\/#website","url":"https:\/\/veridas.com\/it\/pt\/","name":"Veridas","description":"Just be you","publisher":{"@id":"https:\/\/veridas.com\/it\/pt\/#organization"},"potentialAction":[{"@type":"SearchAction","target":{"@type":"EntryPoint","urlTemplate":"https:\/\/veridas.com\/it\/pt\/?s={search_term_string}"},"query-input":{"@type":"PropertyValueSpecification","valueRequired":true,"valueName":"search_term_string"}}],"inLanguage":"it-IT"},{"@type":"Organization","@id":"https:\/\/veridas.com\/it\/pt\/#organization","name":"Veridas","url":"https:\/\/veridas.com\/it\/pt\/","logo":{"@type":"ImageObject","inLanguage":"it-IT","@id":"https:\/\/veridas.com\/it\/pt\/#\/schema\/logo\/image\/","url":"https:\/\/veridas.com\/wp-content\/uploads\/2021\/09\/logo-veridas-calidad.png","contentUrl":"https:\/\/veridas.com\/wp-content\/uploads\/2021\/09\/logo-veridas-calidad.png","width":2048,"height":1076,"caption":"Veridas"},"image":{"@id":"https:\/\/veridas.com\/it\/pt\/#\/schema\/logo\/image\/"},"sameAs":["https:\/\/x.com\/VeridasOfficial","https:\/\/es.linkedin.com\/company\/veridas","https:\/\/www.instagram.com\/veridas.life\/","https:\/\/www.youtube.com\/@VeridasOfficial"]}]}},"_links":{"self":[{"href":"https:\/\/veridas.com\/it\/wp-json\/wp\/v2\/pages\/104199","targetHints":{"allow":["GET"]}}],"collection":[{"href":"https:\/\/veridas.com\/it\/wp-json\/wp\/v2\/pages"}],"about":[{"href":"https:\/\/veridas.com\/it\/wp-json\/wp\/v2\/types\/page"}],"author":[{"embeddable":true,"href":"https:\/\/veridas.com\/it\/wp-json\/wp\/v2\/users\/47"}],"replies":[{"embeddable":true,"href":"https:\/\/veridas.com\/it\/wp-json\/wp\/v2\/comments?post=104199"}],"version-history":[{"count":11,"href":"https:\/\/veridas.com\/it\/wp-json\/wp\/v2\/pages\/104199\/revisions"}],"predecessor-version":[{"id":105599,"href":"https:\/\/veridas.com\/it\/wp-json\/wp\/v2\/pages\/104199\/revisions\/105599"}],"wp:featuredmedia":[{"embeddable":true,"href":"https:\/\/veridas.com\/it\/wp-json\/wp\/v2\/media\/105590"}],"wp:attachment":[{"href":"https:\/\/veridas.com\/it\/wp-json\/wp\/v2\/media?parent=104199"}],"wp:term":[{"taxonomy":"country","embeddable":true,"href":"https:\/\/veridas.com\/it\/wp-json\/wp\/v2\/country?post=104199"},{"taxonomy":"resource","embeddable":true,"href":"https:\/\/veridas.com\/it\/wp-json\/wp\/v2\/resource?post=104199"},{"taxonomy":"format","embeddable":true,"href":"https:\/\/veridas.com\/it\/wp-json\/wp\/v2\/format?post=104199"},{"taxonomy":"topic","embeddable":true,"href":"https:\/\/veridas.com\/it\/wp-json\/wp\/v2\/topic?post=104199"},{"taxonomy":"industry","embeddable":true,"href":"https:\/\/veridas.com\/it\/wp-json\/wp\/v2\/industry?post=104199"},{"taxonomy":"solution","embeddable":true,"href":"https:\/\/veridas.com\/it\/wp-json\/wp\/v2\/solution?post=104199"}],"curies":[{"name":"wp","href":"https:\/\/api.w.org\/{rel}","templated":true}]}}