{"id":108267,"date":"2026-03-09T14:09:51","date_gmt":"2026-03-09T14:09:51","guid":{"rendered":"https:\/\/veridas.com\/?page_id=108267"},"modified":"2026-03-09T14:34:04","modified_gmt":"2026-03-09T14:34:04","slug":"igaming-ebook","status":"publish","type":"page","link":"https:\/\/veridas.com\/it\/igaming-ebook\/","title":{"rendered":"iGaming Ebook \u2013 Manuale di Sopravvivenza di Veridas"},"content":{"rendered":"\t\t<div data-elementor-type=\"wp-page\" data-elementor-id=\"108267\" class=\"elementor elementor-108267 elementor-104198\" data-elementor-settings=\"{&quot;ha_cmc_init_switcher&quot;:&quot;no&quot;}\" data-elementor-post-type=\"page\">\n\t\t\t\t<div class=\"elementor-element elementor-element-6676c15 e-flex e-con-boxed e-con e-parent\" data-id=\"6676c15\" data-element_type=\"container\" data-e-type=\"container\" data-settings=\"{&quot;background_background&quot;:&quot;classic&quot;}\">\n\t\t\t\t\t<div class=\"e-con-inner\">\n\t\t<div class=\"elementor-element elementor-element-2f3f7c8 e-con-full e-flex e-con e-child\" data-id=\"2f3f7c8\" data-element_type=\"container\" data-e-type=\"container\">\n\t\t\t\t<div class=\"elementor-element elementor-element-dd48f32 elementor-widget-tablet__width-initial elementor-widget elementor-widget-heading\" data-id=\"dd48f32\" data-element_type=\"widget\" data-e-type=\"widget\" data-widget_type=\"heading.default\">\n\t\t\t\t\t<h1 class=\"elementor-heading-title elementor-size-default\"><b>iGaming<\/b> <span style=\"font-weight: 400;color: #ff7777\">\/<\/span> Manuale di sopravvivenza nel nuovo ecosistema<\/h1>\t\t\t\t<\/div>\n\t\t\t\t<\/div>\n\t\t\t\t\t<\/div>\n\t\t\t\t<\/div>\n\t\t<div class=\"elementor-element elementor-element-96a57c8 e-flex e-con-boxed e-con e-parent\" data-id=\"96a57c8\" data-element_type=\"container\" data-e-type=\"container\" data-settings=\"{&quot;background_background&quot;:&quot;classic&quot;}\">\n\t\t\t\t\t<div class=\"e-con-inner\">\n\t\t<div class=\"elementor-element elementor-element-7fe187d e-con-full e-flex e-con e-child\" data-id=\"7fe187d\" data-element_type=\"container\" data-e-type=\"container\">\n\t\t\t\t<div class=\"elementor-element elementor-element-02c0ff8 elementor-widget elementor-widget-image\" data-id=\"02c0ff8\" data-element_type=\"widget\" data-e-type=\"widget\" data-widget_type=\"image.default\">\n\t\t\t\t\t\t\t\t\t\t\t\t\t\t\t<img fetchpriority=\"high\" decoding=\"async\" width=\"800\" height=\"526\" src=\"https:\/\/veridas.com\/wp-content\/uploads\/2026\/03\/iGaming-Ebook-\u2013-Manuale-di-Sopravvivenza-di-Veridas-1024x673.jpg\" class=\"attachment-large size-large wp-image-108269\" alt=\"Ebook iGaming \u2013 Manual de Sobreviv\u00eancia da Veridas\" srcset=\"https:\/\/veridas.com\/wp-content\/uploads\/2026\/03\/iGaming-Ebook-\u2013-Manuale-di-Sopravvivenza-di-Veridas-1024x673.jpg 1024w, https:\/\/veridas.com\/wp-content\/uploads\/2026\/03\/iGaming-Ebook-\u2013-Manuale-di-Sopravvivenza-di-Veridas-300x197.jpg 300w, https:\/\/veridas.com\/wp-content\/uploads\/2026\/03\/iGaming-Ebook-\u2013-Manuale-di-Sopravvivenza-di-Veridas-768x505.jpg 768w, https:\/\/veridas.com\/wp-content\/uploads\/2026\/03\/iGaming-Ebook-\u2013-Manuale-di-Sopravvivenza-di-Veridas-1536x1009.jpg 1536w, https:\/\/veridas.com\/wp-content\/uploads\/2026\/03\/iGaming-Ebook-\u2013-Manuale-di-Sopravvivenza-di-Veridas.jpg 2000w\" sizes=\"(max-width: 800px) 100vw, 800px\" \/>\t\t\t\t\t\t\t\t\t\t\t\t\t\t\t<\/div>\n\t\t\t\t<div class=\"elementor-element elementor-element-6bdf77a elementor-widget elementor-widget-heading\" data-id=\"6bdf77a\" data-element_type=\"widget\" data-e-type=\"widget\" data-widget_type=\"heading.default\">\n\t\t\t\t\t<p class=\"elementor-heading-title elementor-size-default\">Come scalare il business e rispettare normative sempre pi\u00f9 stringenti senza introdurre barriere che compromettano l'esperienza dell'utente?<br><br>Il settore dell'iGaming ha cessato di essere un'industria di nicchia per diventare la forza dominante dell'intrattenimento globale.<br><br>Ci\u00f2 che solo un decennio fa era percepito come un settore sospetto o fortemente limitato, oggi opera all'interno di solidi quadri normativi che ricercano un equilibrio delicato: proteggere il giocatore, garantire la certezza del diritto per l'operatore e promuovere un mercato competitivo.<br><br>Tuttavia, questa forte crescita ha portato con s\u00e9 un paradosso tecnologico. Man mano che le piattaforme diventano pi\u00f9 accessibili e i mercati si globalizzano, i punti di accesso per le frodi si espandono.<br><br><b>Scarica l'ebook e scopri come sopravvivere nel nuovo ecosistema iGaming.<\/b>\n<\/p>\t\t\t\t<\/div>\n\t\t\t\t<\/div>\n\t\t<div class=\"elementor-element elementor-element-818eb3d e-con-full e-flex e-con e-child\" data-id=\"818eb3d\" data-element_type=\"container\" data-e-type=\"container\" id=\"download\" data-settings=\"{&quot;background_background&quot;:&quot;classic&quot;}\">\n\t\t\t\t<div class=\"elementor-element elementor-element-5d75d16 elementor-widget elementor-widget-heading\" data-id=\"5d75d16\" data-element_type=\"widget\" data-e-type=\"widget\" data-widget_type=\"heading.default\">\n\t\t\t\t\t<h2 class=\"elementor-heading-title elementor-size-default\">Compila il modulo e scarica l'ebook<\/h2>\t\t\t\t<\/div>\n\t\t\t\t<div class=\"elementor-element elementor-element-a9c0ace elementor-widget elementor-widget-html\" data-id=\"a9c0ace\" data-element_type=\"widget\" data-e-type=\"widget\" data-widget_type=\"html.default\">\n\t\t\t\t\t<script charset=\"utf-8\" type=\"text\/javascript\" src=\"\/\/js-eu1.hsforms.net\/forms\/embed\/v2.js\"><\/script>\n<script>\n  hbspt.forms.create({\n    portalId: \"19918211\",\n    formId: \"dd4201ee-2fd3-47c0-900c-caba4a9991c0\",\n    region: \"eu1\"\n  });\n<\/script>\t\t\t\t<\/div>\n\t\t\t\t<\/div>\n\t\t\t\t\t<\/div>\n\t\t\t\t<\/div>\n\t\t\t\t<\/div>\n\t\t","protected":false},"excerpt":{"rendered":"<p>iGaming \/ Manuale di sopravvivenza nel nuovo ecosistema Come scalare il business e rispettare normative sempre pi\u00f9 stringenti senza introdurre barriere che compromettano l&#8217;esperienza dell&#8217;utente? Il settore dell&#8217;iGaming ha cessato di essere un&#8217;industria di nicchia per diventare la forza dominante dell&#8217;intrattenimento globale. Ci\u00f2 che solo un decennio fa era percepito come un settore sospetto o [&hellip;]<\/p>\n","protected":false},"author":47,"featured_media":108269,"parent":0,"menu_order":0,"comment_status":"closed","ping_status":"closed","template":"","format":[400],"meta":{"_acf_changed":false,"inline_featured_image":false,"footnotes":""},"country":[368],"resource":[293],"topic":[402],"industry":[410],"solution":[422],"class_list":["post-108267","page","type-page","status-publish","has-post-thumbnail","hentry","country-italy","resource-yes","format-ebook-it","topic-identita-it","industry-igaming-it","solution-verifica-dellidentita-it"],"acf":[],"yoast_head":"<!-- This site is optimized with the Yoast SEO plugin v27.0 - https:\/\/yoast.com\/product\/yoast-seo-wordpress\/ -->\n<title>iGaming Ebook \u2013 Manuale di Sopravvivenza di Veridas &#8226; Veridas<\/title>\n<meta name=\"description\" content=\"Como escalar o neg\u00f3cio e cumprir regulamenta\u00e7\u00f5es cada vez mais rigorosas sem criar barreiras que destruam a experi\u00eancia do usu\u00e1rio?\" \/>\n<meta name=\"robots\" content=\"index, follow, max-snippet:-1, max-image-preview:large, max-video-preview:-1\" \/>\n<link rel=\"canonical\" href=\"https:\/\/veridas.com\/it\/igaming-ebook\/\" \/>\n<meta property=\"og:locale\" content=\"it_IT\" \/>\n<meta property=\"og:type\" content=\"article\" \/>\n<meta property=\"og:title\" content=\"iGaming Ebook \u2013 Manuale di Sopravvivenza di Veridas &#8226; Veridas\" \/>\n<meta property=\"og:description\" content=\"Como escalar o neg\u00f3cio e cumprir regulamenta\u00e7\u00f5es cada vez mais rigorosas sem criar barreiras que destruam a experi\u00eancia do usu\u00e1rio?\" \/>\n<meta property=\"og:url\" content=\"https:\/\/veridas.com\/it\/igaming-ebook\/\" \/>\n<meta property=\"og:site_name\" content=\"Veridas\" \/>\n<meta property=\"article:modified_time\" content=\"2026-03-09T14:34:04+00:00\" \/>\n<meta property=\"og:image\" content=\"https:\/\/veridas.com\/wp-content\/uploads\/2026\/03\/iGaming-Ebook-\u2013-Manuale-di-Sopravvivenza-di-Veridas.jpg\" \/>\n\t<meta property=\"og:image:width\" content=\"2000\" \/>\n\t<meta property=\"og:image:height\" content=\"1314\" \/>\n\t<meta property=\"og:image:type\" content=\"image\/jpeg\" \/>\n<meta name=\"twitter:card\" content=\"summary_large_image\" \/>\n<meta name=\"twitter:site\" content=\"@VeridasOfficial\" \/>\n<meta name=\"twitter:label1\" content=\"Tempo di lettura stimato\" \/>\n\t<meta name=\"twitter:data1\" content=\"1 minuto\" \/>\n<script type=\"application\/ld+json\" class=\"yoast-schema-graph\">{\"@context\":\"https:\/\/schema.org\",\"@graph\":[{\"@type\":\"WebPage\",\"@id\":\"https:\/\/veridas.com\/it\/igaming-ebook\/\",\"url\":\"https:\/\/veridas.com\/it\/igaming-ebook\/\",\"name\":\"iGaming Ebook \u2013 Manuale di Sopravvivenza di Veridas &#8226; Veridas\",\"isPartOf\":{\"@id\":\"https:\/\/veridas.com\/it\/pt\/#website\"},\"primaryImageOfPage\":{\"@id\":\"https:\/\/veridas.com\/it\/igaming-ebook\/#primaryimage\"},\"image\":{\"@id\":\"https:\/\/veridas.com\/it\/igaming-ebook\/#primaryimage\"},\"thumbnailUrl\":\"https:\/\/veridas.com\/wp-content\/uploads\/2026\/03\/iGaming-Ebook-\u2013-Manuale-di-Sopravvivenza-di-Veridas.jpg\",\"datePublished\":\"2026-03-09T14:09:51+00:00\",\"dateModified\":\"2026-03-09T14:34:04+00:00\",\"description\":\"Como escalar o neg\u00f3cio e cumprir regulamenta\u00e7\u00f5es cada vez mais rigorosas sem criar barreiras que destruam a experi\u00eancia do usu\u00e1rio?\",\"breadcrumb\":{\"@id\":\"https:\/\/veridas.com\/it\/igaming-ebook\/#breadcrumb\"},\"inLanguage\":\"it-IT\",\"potentialAction\":[{\"@type\":\"ReadAction\",\"target\":[\"https:\/\/veridas.com\/it\/igaming-ebook\/\"]}]},{\"@type\":\"ImageObject\",\"inLanguage\":\"it-IT\",\"@id\":\"https:\/\/veridas.com\/it\/igaming-ebook\/#primaryimage\",\"url\":\"https:\/\/veridas.com\/wp-content\/uploads\/2026\/03\/iGaming-Ebook-\u2013-Manuale-di-Sopravvivenza-di-Veridas.jpg\",\"contentUrl\":\"https:\/\/veridas.com\/wp-content\/uploads\/2026\/03\/iGaming-Ebook-\u2013-Manuale-di-Sopravvivenza-di-Veridas.jpg\",\"width\":2000,\"height\":1314,\"caption\":\"Ebook iGaming \u2013 Manual de Sobreviv\u00eancia da Veridas\"},{\"@type\":\"BreadcrumbList\",\"@id\":\"https:\/\/veridas.com\/it\/igaming-ebook\/#breadcrumb\",\"itemListElement\":[{\"@type\":\"ListItem\",\"position\":1,\"name\":\"Home\",\"item\":\"https:\/\/veridas.com\/it\/\"},{\"@type\":\"ListItem\",\"position\":2,\"name\":\"iGaming Ebook \u2013 Manuale di Sopravvivenza di Veridas\"}]},{\"@type\":\"WebSite\",\"@id\":\"https:\/\/veridas.com\/it\/pt\/#website\",\"url\":\"https:\/\/veridas.com\/it\/pt\/\",\"name\":\"Veridas\",\"description\":\"Just be you\",\"publisher\":{\"@id\":\"https:\/\/veridas.com\/it\/pt\/#organization\"},\"potentialAction\":[{\"@type\":\"SearchAction\",\"target\":{\"@type\":\"EntryPoint\",\"urlTemplate\":\"https:\/\/veridas.com\/it\/pt\/?s={search_term_string}\"},\"query-input\":{\"@type\":\"PropertyValueSpecification\",\"valueRequired\":true,\"valueName\":\"search_term_string\"}}],\"inLanguage\":\"it-IT\"},{\"@type\":\"Organization\",\"@id\":\"https:\/\/veridas.com\/it\/pt\/#organization\",\"name\":\"Veridas\",\"url\":\"https:\/\/veridas.com\/it\/pt\/\",\"logo\":{\"@type\":\"ImageObject\",\"inLanguage\":\"it-IT\",\"@id\":\"https:\/\/veridas.com\/it\/pt\/#\/schema\/logo\/image\/\",\"url\":\"https:\/\/veridas.com\/wp-content\/uploads\/2021\/09\/logo-veridas-calidad.png\",\"contentUrl\":\"https:\/\/veridas.com\/wp-content\/uploads\/2021\/09\/logo-veridas-calidad.png\",\"width\":2048,\"height\":1076,\"caption\":\"Veridas\"},\"image\":{\"@id\":\"https:\/\/veridas.com\/it\/pt\/#\/schema\/logo\/image\/\"},\"sameAs\":[\"https:\/\/x.com\/VeridasOfficial\",\"https:\/\/es.linkedin.com\/company\/veridas\",\"https:\/\/www.instagram.com\/veridas.life\/\",\"https:\/\/www.youtube.com\/@VeridasOfficial\"]}]}<\/script>\n<!-- \/ Yoast SEO plugin. -->","yoast_head_json":{"title":"iGaming Ebook \u2013 Manuale di Sopravvivenza di Veridas &#8226; Veridas","description":"Como escalar o neg\u00f3cio e cumprir regulamenta\u00e7\u00f5es cada vez mais rigorosas sem criar barreiras que destruam a experi\u00eancia do usu\u00e1rio?","robots":{"index":"index","follow":"follow","max-snippet":"max-snippet:-1","max-image-preview":"max-image-preview:large","max-video-preview":"max-video-preview:-1"},"canonical":"https:\/\/veridas.com\/it\/igaming-ebook\/","og_locale":"it_IT","og_type":"article","og_title":"iGaming Ebook \u2013 Manuale di Sopravvivenza di Veridas &#8226; Veridas","og_description":"Como escalar o neg\u00f3cio e cumprir regulamenta\u00e7\u00f5es cada vez mais rigorosas sem criar barreiras que destruam a experi\u00eancia do usu\u00e1rio?","og_url":"https:\/\/veridas.com\/it\/igaming-ebook\/","og_site_name":"Veridas","article_modified_time":"2026-03-09T14:34:04+00:00","og_image":[{"width":2000,"height":1314,"url":"https:\/\/veridas.com\/wp-content\/uploads\/2026\/03\/iGaming-Ebook-\u2013-Manuale-di-Sopravvivenza-di-Veridas.jpg","type":"image\/jpeg"}],"twitter_card":"summary_large_image","twitter_site":"@VeridasOfficial","twitter_misc":{"Tempo di lettura stimato":"1 minuto"},"schema":{"@context":"https:\/\/schema.org","@graph":[{"@type":"WebPage","@id":"https:\/\/veridas.com\/it\/igaming-ebook\/","url":"https:\/\/veridas.com\/it\/igaming-ebook\/","name":"iGaming Ebook \u2013 Manuale di Sopravvivenza di Veridas &#8226; Veridas","isPartOf":{"@id":"https:\/\/veridas.com\/it\/pt\/#website"},"primaryImageOfPage":{"@id":"https:\/\/veridas.com\/it\/igaming-ebook\/#primaryimage"},"image":{"@id":"https:\/\/veridas.com\/it\/igaming-ebook\/#primaryimage"},"thumbnailUrl":"https:\/\/veridas.com\/wp-content\/uploads\/2026\/03\/iGaming-Ebook-\u2013-Manuale-di-Sopravvivenza-di-Veridas.jpg","datePublished":"2026-03-09T14:09:51+00:00","dateModified":"2026-03-09T14:34:04+00:00","description":"Como escalar o neg\u00f3cio e cumprir regulamenta\u00e7\u00f5es cada vez mais rigorosas sem criar barreiras que destruam a experi\u00eancia do usu\u00e1rio?","breadcrumb":{"@id":"https:\/\/veridas.com\/it\/igaming-ebook\/#breadcrumb"},"inLanguage":"it-IT","potentialAction":[{"@type":"ReadAction","target":["https:\/\/veridas.com\/it\/igaming-ebook\/"]}]},{"@type":"ImageObject","inLanguage":"it-IT","@id":"https:\/\/veridas.com\/it\/igaming-ebook\/#primaryimage","url":"https:\/\/veridas.com\/wp-content\/uploads\/2026\/03\/iGaming-Ebook-\u2013-Manuale-di-Sopravvivenza-di-Veridas.jpg","contentUrl":"https:\/\/veridas.com\/wp-content\/uploads\/2026\/03\/iGaming-Ebook-\u2013-Manuale-di-Sopravvivenza-di-Veridas.jpg","width":2000,"height":1314,"caption":"Ebook iGaming \u2013 Manual de Sobreviv\u00eancia da Veridas"},{"@type":"BreadcrumbList","@id":"https:\/\/veridas.com\/it\/igaming-ebook\/#breadcrumb","itemListElement":[{"@type":"ListItem","position":1,"name":"Home","item":"https:\/\/veridas.com\/it\/"},{"@type":"ListItem","position":2,"name":"iGaming Ebook \u2013 Manuale di Sopravvivenza di Veridas"}]},{"@type":"WebSite","@id":"https:\/\/veridas.com\/it\/pt\/#website","url":"https:\/\/veridas.com\/it\/pt\/","name":"Veridas","description":"Just be you","publisher":{"@id":"https:\/\/veridas.com\/it\/pt\/#organization"},"potentialAction":[{"@type":"SearchAction","target":{"@type":"EntryPoint","urlTemplate":"https:\/\/veridas.com\/it\/pt\/?s={search_term_string}"},"query-input":{"@type":"PropertyValueSpecification","valueRequired":true,"valueName":"search_term_string"}}],"inLanguage":"it-IT"},{"@type":"Organization","@id":"https:\/\/veridas.com\/it\/pt\/#organization","name":"Veridas","url":"https:\/\/veridas.com\/it\/pt\/","logo":{"@type":"ImageObject","inLanguage":"it-IT","@id":"https:\/\/veridas.com\/it\/pt\/#\/schema\/logo\/image\/","url":"https:\/\/veridas.com\/wp-content\/uploads\/2021\/09\/logo-veridas-calidad.png","contentUrl":"https:\/\/veridas.com\/wp-content\/uploads\/2021\/09\/logo-veridas-calidad.png","width":2048,"height":1076,"caption":"Veridas"},"image":{"@id":"https:\/\/veridas.com\/it\/pt\/#\/schema\/logo\/image\/"},"sameAs":["https:\/\/x.com\/VeridasOfficial","https:\/\/es.linkedin.com\/company\/veridas","https:\/\/www.instagram.com\/veridas.life\/","https:\/\/www.youtube.com\/@VeridasOfficial"]}]}},"_links":{"self":[{"href":"https:\/\/veridas.com\/it\/wp-json\/wp\/v2\/pages\/108267","targetHints":{"allow":["GET"]}}],"collection":[{"href":"https:\/\/veridas.com\/it\/wp-json\/wp\/v2\/pages"}],"about":[{"href":"https:\/\/veridas.com\/it\/wp-json\/wp\/v2\/types\/page"}],"author":[{"embeddable":true,"href":"https:\/\/veridas.com\/it\/wp-json\/wp\/v2\/users\/47"}],"replies":[{"embeddable":true,"href":"https:\/\/veridas.com\/it\/wp-json\/wp\/v2\/comments?post=108267"}],"version-history":[{"count":31,"href":"https:\/\/veridas.com\/it\/wp-json\/wp\/v2\/pages\/108267\/revisions"}],"predecessor-version":[{"id":108308,"href":"https:\/\/veridas.com\/it\/wp-json\/wp\/v2\/pages\/108267\/revisions\/108308"}],"wp:featuredmedia":[{"embeddable":true,"href":"https:\/\/veridas.com\/it\/wp-json\/wp\/v2\/media\/108269"}],"wp:attachment":[{"href":"https:\/\/veridas.com\/it\/wp-json\/wp\/v2\/media?parent=108267"}],"wp:term":[{"taxonomy":"country","embeddable":true,"href":"https:\/\/veridas.com\/it\/wp-json\/wp\/v2\/country?post=108267"},{"taxonomy":"resource","embeddable":true,"href":"https:\/\/veridas.com\/it\/wp-json\/wp\/v2\/resource?post=108267"},{"taxonomy":"format","embeddable":true,"href":"https:\/\/veridas.com\/it\/wp-json\/wp\/v2\/format?post=108267"},{"taxonomy":"topic","embeddable":true,"href":"https:\/\/veridas.com\/it\/wp-json\/wp\/v2\/topic?post=108267"},{"taxonomy":"industry","embeddable":true,"href":"https:\/\/veridas.com\/it\/wp-json\/wp\/v2\/industry?post=108267"},{"taxonomy":"solution","embeddable":true,"href":"https:\/\/veridas.com\/it\/wp-json\/wp\/v2\/solution?post=108267"}],"curies":[{"name":"wp","href":"https:\/\/api.w.org\/{rel}","templated":true}]}}